{"id":10101,"date":"2025-12-28T23:42:01","date_gmt":"2025-12-28T22:42:01","guid":{"rendered":"https:\/\/buechertanz.de\/?page_id=10101"},"modified":"2026-01-02T00:08:18","modified_gmt":"2026-01-01T23:08:18","slug":"gelesen-dezember-2025","status":"publish","type":"page","link":"https:\/\/buechertanz.de\/?page_id=10101","title":{"rendered":"Gelesen Dezember 2025"},"content":{"rendered":"\n<p class=\"has-drop-cap has-small-font-size\">Im&nbsp;<strong>Dezember 2025<\/strong>&nbsp;habe ich&nbsp;<strong>elf B\u00fccher\/eBooks<\/strong>&nbsp;mit insgesamt<strong>&nbsp;3.455 Seiten<\/strong>&nbsp;gelesen:<\/p>\n\n\n\n<p class=\"has-small-font-size\"><br>\u2013 Ein Manuskript (PDF)<br>\u2013 Drei Rezensionsexemplare (drei Prints)<br>\u2013 Sieben selbst gekaufte B\u00fccher (ein Print, sechs eBooks)<br><br>Ein herzlicher Dank geht an die Autorinnen Emily Walton, Shanaya Lane und Anne Stern und auch ein gro\u00dfes Dankesch\u00f6n an den Heyne Verlag und den Piper Verlag f\u00fcr die Zusendung und Bereitstellung der Rezensionsexemplare. <br>Au\u00dferdem m\u00f6chte ich mich bei der Autorin bedanken, die mir vertrauensvoll ihr Manuskript geschickt hat. <br>Es war ein ganz wunderbarer Lesemonat, mit dem ich sehr zufrieden bin. Danke f\u00fcr die wunderbaren Geschichten.<\/p>\n\n\n\n<p class=\"has-small-font-size\">Viel Spa\u00df beim Schm\u00f6kern, eure<\/p>\n\n\n\n<figure class=\"wp-block-image size-large is-resized\"><img loading=\"lazy\" decoding=\"async\" width=\"1024\" height=\"404\" src=\"https:\/\/buechertanz.de\/wp-content\/uploads\/2024\/06\/Unterschrift-1024x404.jpg\" alt=\"\" class=\"wp-image-7473\" style=\"width:171px;height:auto\" srcset=\"https:\/\/buechertanz.de\/wp-content\/uploads\/2024\/06\/Unterschrift-1024x404.jpg 1024w, https:\/\/buechertanz.de\/wp-content\/uploads\/2024\/06\/Unterschrift-300x118.jpg 300w, https:\/\/buechertanz.de\/wp-content\/uploads\/2024\/06\/Unterschrift-768x303.jpg 768w, https:\/\/buechertanz.de\/wp-content\/uploads\/2024\/06\/Unterschrift.jpg 1500w\" sizes=\"auto, (max-width: 1024px) 100vw, 1024px\" \/><\/figure>\n\n\n\n<p class=\"has-text-align-center\">_ _ _ <\/p>\n\n\n<div class=\"wp-block-image\">\n<figure class=\"aligncenter size-full is-resized\"><img loading=\"lazy\" decoding=\"async\" width=\"565\" height=\"713\" src=\"https:\/\/buechertanz.de\/wp-content\/uploads\/2025\/12\/12-Dezember_02_komp.jpg\" alt=\"\" class=\"wp-image-10126\" style=\"width:380px;height:auto\" srcset=\"https:\/\/buechertanz.de\/wp-content\/uploads\/2025\/12\/12-Dezember_02_komp.jpg 565w, https:\/\/buechertanz.de\/wp-content\/uploads\/2025\/12\/12-Dezember_02_komp-238x300.jpg 238w\" sizes=\"auto, (max-width: 565px) 100vw, 565px\" \/><\/figure><\/div>\n\n\n<p class=\"has-text-align-center\">_ _ _ <\/p>\n\n\n\n<div class=\"wp-block-media-text is-vertically-aligned-center\" style=\"grid-template-columns:25% auto\"><figure class=\"wp-block-media-text__media\"><img loading=\"lazy\" decoding=\"async\" width=\"281\" height=\"445\" src=\"https:\/\/buechertanz.de\/wp-content\/uploads\/2025\/11\/90-Die-Welt-in-unseren-Haenden.jpg\" alt=\"\" class=\"wp-image-9931 size-full\" srcset=\"https:\/\/buechertanz.de\/wp-content\/uploads\/2025\/11\/90-Die-Welt-in-unseren-Haenden.jpg 281w, https:\/\/buechertanz.de\/wp-content\/uploads\/2025\/11\/90-Die-Welt-in-unseren-Haenden-189x300.jpg 189w\" sizes=\"auto, (max-width: 281px) 100vw, 281px\" \/><\/figure><div class=\"wp-block-media-text__content\">\n<p class=\"has-small-font-size\"><em>Rezensionsexemplar<\/em> (Print)<br><br>Der Lesemonat Dezember 2025 startete mit einem Buch, das ich das letzte Mal gesehen hatte, als es noch ein Manuskript war und ich es im September 2024 testlesen durfte: <strong><em><a href=\"https:\/\/buechertanz.de\/?p=9947\" target=\"_blank\" rel=\"noreferrer noopener\">&#8222;Die Welt in unseren H\u00e4nden&#8220; <\/a><\/em><\/strong>von Emily Walton. <br>Wenn ihr gut recherchierte, atmosph\u00e4risch dichte und emotional packende Geschichte liebt, ist dieses Buch eine absolute Leseempfehlung f\u00fcr euch. Die Mischung aus Abenteuer, Liebe und tiefgehenden menschlichen Schicksalen macht diesen Roman f\u00fcr mich zu einem absoluten Jahreshighlight.&nbsp;Sehr lesenswert.<\/p>\n<\/div><\/div>\n\n\n\n<p class=\"has-text-align-center\">_ _ _ <\/p>\n\n\n\n<div class=\"wp-block-media-text has-media-on-the-right is-vertically-aligned-center\" style=\"grid-template-columns:auto 25%\"><div class=\"wp-block-media-text__content\">\n<p class=\"has-small-font-size\"><em>Rezensionsexemplar<\/em> (Print)<br><br>Weiter ging es mit einem Buch, das weit au\u00dferhalb meiner Lese-Komfortzone liegt: <strong><em><a href=\"https:\/\/buechertanz.de\/?p=9964\" target=\"_blank\" rel=\"noreferrer noopener\">&#8222;Die beharrliche Stille der Seele&#8220;<\/a> <\/em><\/strong>von Shanaya Lane. Ein Buch, in dem es um Missbrauch geht. <br>Die zentrale Botschaft, die ich aus diesem ber\u00fchrenden Buch mitnehme, ist, dass man sich nach solch schrecklichen Erlebnissen nicht verstecken darf, sondern sich seinen \u00c4ngsten stellen und zeigen muss, dass man da ist und sich nicht unterkriegen l\u00e4sst.<br>Deshalb gibt es eine absolute Leseempfehlung f\u00fcr dieses emotional herausfordernde, aber auch hoffnungsvolle Buch. <\/p>\n<\/div><figure class=\"wp-block-media-text__media\"><img loading=\"lazy\" decoding=\"async\" width=\"279\" height=\"445\" src=\"https:\/\/buechertanz.de\/wp-content\/uploads\/2025\/12\/91-Die-beharrliche-Stille-der-Seele.jpg\" alt=\"\" class=\"wp-image-9957 size-full\" srcset=\"https:\/\/buechertanz.de\/wp-content\/uploads\/2025\/12\/91-Die-beharrliche-Stille-der-Seele.jpg 279w, https:\/\/buechertanz.de\/wp-content\/uploads\/2025\/12\/91-Die-beharrliche-Stille-der-Seele-188x300.jpg 188w\" sizes=\"auto, (max-width: 279px) 100vw, 279px\" \/><\/figure><\/div>\n\n\n\n<p class=\"has-text-align-center\">_ _ _ <\/p>\n\n\n\n<div class=\"wp-block-media-text is-vertically-aligned-center\" style=\"grid-template-columns:25% auto\"><figure class=\"wp-block-media-text__media\"><img loading=\"lazy\" decoding=\"async\" width=\"302\" height=\"445\" src=\"https:\/\/buechertanz.de\/wp-content\/uploads\/2025\/12\/92-Die-Kinder-der-Hansens-Geschenk-des-Loslassens.jpg\" alt=\"\" class=\"wp-image-9980 size-full\" srcset=\"https:\/\/buechertanz.de\/wp-content\/uploads\/2025\/12\/92-Die-Kinder-der-Hansens-Geschenk-des-Loslassens.jpg 302w, https:\/\/buechertanz.de\/wp-content\/uploads\/2025\/12\/92-Die-Kinder-der-Hansens-Geschenk-des-Loslassens-204x300.jpg 204w\" sizes=\"auto, (max-width: 302px) 100vw, 302px\" \/><\/figure><div class=\"wp-block-media-text__content\">\n<p class=\"has-small-font-size\"><em>Selbst gekauft<\/em> (eBook)<br><br>Es folgte ein Band einer absoluten Lieblingsbuchreihe: <strong><em>&#8222;Die Kinder der Hansens &#8211; Geschenk des Loslassens&#8220; <\/em><\/strong>von Ellin Carsta.<br>Auch dieser achte Band konnte mich wieder bestens unterhalten und ich tauchte v\u00f6llig in die Geschichte und die Zeit ab.<br>Auch wenn ich so oft dachte &#8222;Lies langsam&#8230;!&#8220; &#8211; es ging einfach nicht. Teilweise wurde es so spannend und nervenaufreibend, dass ich den Reader einfach nicht aus den H\u00e4nden legen konnte.<br>Und ja: Wieder sind mir die Hansens ein weiteres St\u00fcck mehr ans Herz gewachsen&nbsp;<\/p>\n<\/div><\/div>\n\n\n\n<p class=\"has-text-align-center\">_ _ _ <\/p>\n\n\n\n<div class=\"wp-block-media-text has-media-on-the-right is-vertically-aligned-center\" style=\"grid-template-columns:auto 25%\"><div class=\"wp-block-media-text__content\">\n<p class=\"has-small-font-size\"><em>Manuskript <\/em>(PDF)<br><br>Ich durfte wieder ein Manuskript testlesen. Es ist immer wieder eine gro\u00dfe Ehre und ich bedanke mich bei der Autorin f\u00fcr das gro\u00dfe Vertrauen.<br>Nat\u00fcrlich werde ich hier nichts weiter verraten &#8230;<\/p>\n<\/div><figure class=\"wp-block-media-text__media\"><img loading=\"lazy\" decoding=\"async\" width=\"684\" height=\"1024\" src=\"https:\/\/buechertanz.de\/wp-content\/uploads\/2025\/03\/16-Geheim-684x1024.jpg\" alt=\"\" class=\"wp-image-8629 size-full\" srcset=\"https:\/\/buechertanz.de\/wp-content\/uploads\/2025\/03\/16-Geheim-684x1024.jpg 684w, https:\/\/buechertanz.de\/wp-content\/uploads\/2025\/03\/16-Geheim-200x300.jpg 200w, https:\/\/buechertanz.de\/wp-content\/uploads\/2025\/03\/16-Geheim-768x1150.jpg 768w, https:\/\/buechertanz.de\/wp-content\/uploads\/2025\/03\/16-Geheim.jpg 946w\" sizes=\"auto, (max-width: 684px) 100vw, 684px\" \/><\/figure><\/div>\n\n\n\n<p class=\"has-text-align-center\">_ _ _ <\/p>\n\n\n\n<div class=\"wp-block-media-text is-vertically-aligned-center\" style=\"grid-template-columns:25% auto\"><figure class=\"wp-block-media-text__media\"><img loading=\"lazy\" decoding=\"async\" width=\"292\" height=\"445\" src=\"https:\/\/buechertanz.de\/wp-content\/uploads\/2025\/12\/94-Die-Nordsee-Schwestern-Das-Vermaechtnis.jpg\" alt=\"\" class=\"wp-image-9992 size-full\" srcset=\"https:\/\/buechertanz.de\/wp-content\/uploads\/2025\/12\/94-Die-Nordsee-Schwestern-Das-Vermaechtnis.jpg 292w, https:\/\/buechertanz.de\/wp-content\/uploads\/2025\/12\/94-Die-Nordsee-Schwestern-Das-Vermaechtnis-197x300.jpg 197w\" sizes=\"auto, (max-width: 292px) 100vw, 292px\" \/><\/figure><div class=\"wp-block-media-text__content\">\n<p class=\"has-small-font-size\"><em>Selbst gekauft <\/em>(eBook)<br><br>Ich hatte Lust gedanklich an die Nordsee zu reisen. Mit <strong><em><a href=\"https:\/\/buechertanz.de\/?p=9998\" target=\"_blank\" rel=\"noreferrer noopener\">\u201eDie Nordseeschwestern \u2013 Das Verm\u00e4chtnis\u201c<\/a><\/em>&nbsp;<\/strong>von Hannah Hope war das m\u00f6glich und ich von diesem emotionalen und atmosph\u00e4rischen Reihen-Auftakt einfach nur begeistert. Sehr lesenswert! <\/p>\n<\/div><\/div>\n\n\n\n<p class=\"has-text-align-center\">_ _ _ <\/p>\n\n\n\n<div class=\"wp-block-media-text has-media-on-the-right is-vertically-aligned-center\" style=\"grid-template-columns:auto 25%\"><div class=\"wp-block-media-text__content\">\n<p class=\"has-small-font-size\"><em>Selbst gekauft <\/em>(eBook)<br><br>Da mich der erste Band so begeistert hat, musste ich einfach direkt den zweiten Band lesen: <strong><em><a href=\"https:\/\/buechertanz.de\/?p=10020\" target=\"_blank\" rel=\"noreferrer noopener\">&#8222;Die Nordseeschwestern &#8211; Das Versprechen&#8220;<\/a> <\/em><\/strong>von Hannah Hope.<br>Dieses Buch m\u00f6chte ich allen Lesern und Leserinnen empfehlen, die emotionale Familiengeschichten und die wundersch\u00f6ne Nordsee-Kulisse lieben. Hannah Hope hat mich wieder einmal absolut mit ihrer Geschichte \u00fcberzeugt und ich bin schon sehr gespannt auf die weiteren B\u00fccher von ihr. Sehr lesenswert.<\/p>\n<\/div><figure class=\"wp-block-media-text__media\"><img loading=\"lazy\" decoding=\"async\" width=\"311\" height=\"466\" src=\"https:\/\/buechertanz.de\/wp-content\/uploads\/2025\/12\/95-Die-Nordseeschwestern-Das-Versprechen.jpg\" alt=\"\" class=\"wp-image-10012 size-full\" srcset=\"https:\/\/buechertanz.de\/wp-content\/uploads\/2025\/12\/95-Die-Nordseeschwestern-Das-Versprechen.jpg 311w, https:\/\/buechertanz.de\/wp-content\/uploads\/2025\/12\/95-Die-Nordseeschwestern-Das-Versprechen-200x300.jpg 200w\" sizes=\"auto, (max-width: 311px) 100vw, 311px\" \/><\/figure><\/div>\n\n\n\n<p class=\"has-text-align-center\">_ _ _ <\/p>\n\n\n\n<div class=\"wp-block-media-text is-vertically-aligned-center\" style=\"grid-template-columns:25% auto\"><figure class=\"wp-block-media-text__media\"><img loading=\"lazy\" decoding=\"async\" width=\"302\" height=\"445\" src=\"https:\/\/buechertanz.de\/wp-content\/uploads\/2025\/12\/96-Glimmende-Himmel.jpg\" alt=\"\" class=\"wp-image-10032 size-full\" srcset=\"https:\/\/buechertanz.de\/wp-content\/uploads\/2025\/12\/96-Glimmende-Himmel.jpg 302w, https:\/\/buechertanz.de\/wp-content\/uploads\/2025\/12\/96-Glimmende-Himmel-204x300.jpg 204w\" sizes=\"auto, (max-width: 302px) 100vw, 302px\" \/><\/figure><div class=\"wp-block-media-text__content\">\n<p class=\"has-small-font-size\"><em>Selbst gekauft <\/em>(eBook)<br><br><em><strong><a href=\"https:\/\/buechertanz.de\/?p=10049\" target=\"_blank\" rel=\"noreferrer noopener\">\u201eDie Fasern der Welt \u2013 Glimmende Himmel\u201c<\/a><\/strong><\/em> von Lia Scott&nbsp;ist eine absolut gelungene Fortsetzung, die mich tief ber\u00fchrt hat. Ein historischer Roman mit Tiefgang, einer starken Frauenfigur und einer Prise Sozialkritik. Ich bleibe tief bewegt zur\u00fcck und bin schon ganz gespannt, wie es im dritten Band weitergehen wird. Sehr lesenswert!<\/p>\n<\/div><\/div>\n\n\n\n<p class=\"has-text-align-center\">_ _ _ <\/p>\n\n\n\n<div class=\"wp-block-media-text has-media-on-the-right is-vertically-aligned-center\" style=\"grid-template-columns:auto 25%\"><div class=\"wp-block-media-text__content\">\n<p class=\"has-small-font-size\"><em>Selbst gekauft <\/em>(Print)<br><br>Das Buch <em><strong>&#8222;Baden erlesen! F\u00fcr Literaturfreunde und Bibliophile&#8220; <\/strong><\/em>von Bernhard Hampp war ein Spontankauf in der Buchhandlung.<br>Besonders beeindruckt hat mich an diesem Buch die Mischung aus neuen Entdeckungen und vertrauten Highlights. Obwohl ich in der Region lebe, war mir nicht bewusst, in was f\u00fcr einer reichen Literaturgegend ich zu Hause bin. Nun habe ich eine lange Liste neuer Ausflugsziele zu pr\u00e4chtigen Bibliotheken und urigen Buchcaf\u00e9s. Sehr lesenswert!<\/p>\n<\/div><figure class=\"wp-block-media-text__media\"><img loading=\"lazy\" decoding=\"async\" width=\"301\" height=\"425\" src=\"https:\/\/buechertanz.de\/wp-content\/uploads\/2025\/12\/97-Baden-erlesen-Fuer-Literaturfreunde-und-Bibliophile.jpg\" alt=\"\" class=\"wp-image-10056 size-full\" srcset=\"https:\/\/buechertanz.de\/wp-content\/uploads\/2025\/12\/97-Baden-erlesen-Fuer-Literaturfreunde-und-Bibliophile.jpg 301w, https:\/\/buechertanz.de\/wp-content\/uploads\/2025\/12\/97-Baden-erlesen-Fuer-Literaturfreunde-und-Bibliophile-212x300.jpg 212w\" sizes=\"auto, (max-width: 301px) 100vw, 301px\" \/><\/figure><\/div>\n\n\n\n<p class=\"has-text-align-center\">_ _ _ <\/p>\n\n\n\n<div class=\"wp-block-media-text is-vertically-aligned-center\" style=\"grid-template-columns:25% auto\"><figure class=\"wp-block-media-text__media\"><img loading=\"lazy\" decoding=\"async\" width=\"297\" height=\"445\" src=\"https:\/\/buechertanz.de\/wp-content\/uploads\/2025\/12\/98-Das-Schneeflockenmaedchen.jpg\" alt=\"\" class=\"wp-image-10060 size-full\" srcset=\"https:\/\/buechertanz.de\/wp-content\/uploads\/2025\/12\/98-Das-Schneeflockenmaedchen.jpg 297w, https:\/\/buechertanz.de\/wp-content\/uploads\/2025\/12\/98-Das-Schneeflockenmaedchen-200x300.jpg 200w\" sizes=\"auto, (max-width: 297px) 100vw, 297px\" \/><\/figure><div class=\"wp-block-media-text__content\">\n<p class=\"has-small-font-size\"><em>Selbst gekauft <\/em>(eBook)<br><br>Das Buch<a href=\"https:\/\/buechertanz.de\/?p=10068\" target=\"_blank\" rel=\"noreferrer noopener\">&nbsp;<em><strong>\u201eDas Schneeflockenm\u00e4dchen\u201c<\/strong><\/em><\/a><em>&nbsp;<\/em>von Mara Andeck habe ich mit einem wunderbaren Gef\u00fchl beendet und m\u00f6chte dieses Buch jedem ans Herz legen, der eine zu Herzen gehende Weihnachtsgeschichte sucht und dabei den Zauber der M\u00e4rchen neu entdecken m\u00f6chte. Eine perfekte Lekt\u00fcre f\u00fcr kalte Winterabende. Sehr lesenswert!<\/p>\n<\/div><\/div>\n\n\n\n<p class=\"has-text-align-center\">_ _ _ <\/p>\n\n\n\n<div class=\"wp-block-media-text has-media-on-the-right is-vertically-aligned-center\" style=\"grid-template-columns:auto 25%\"><div class=\"wp-block-media-text__content\">\n<p class=\"has-small-font-size\"><em>Selbst gekauft <\/em>(eBook)<br><br>Das Buch <strong><em><a href=\"https:\/\/buechertanz.de\/?p=10084\" target=\"_blank\" rel=\"noreferrer noopener\">\u201eDas Wunder der Tannenb\u00e4ume\u201c<\/a><\/em><\/strong> von Claudia Romes hat meine (Vor)freude auf Weihnachten geweckt.<br>Au\u00dferdem erinnert die Leser und Leserinnen daran, worum es an den Festtagen eigentlich geht: Zusammenhalt, N\u00e4chstenliebe und kleine Wunder in dunklen Zeiten. Wunderbar!<\/p>\n<\/div><figure class=\"wp-block-media-text__media\"><img loading=\"lazy\" decoding=\"async\" width=\"316\" height=\"522\" src=\"https:\/\/buechertanz.de\/wp-content\/uploads\/2025\/12\/99-Das-Wunder-der-Tannenbaeume.jpg\" alt=\"\" class=\"wp-image-10078 size-full\" srcset=\"https:\/\/buechertanz.de\/wp-content\/uploads\/2025\/12\/99-Das-Wunder-der-Tannenbaeume.jpg 316w, https:\/\/buechertanz.de\/wp-content\/uploads\/2025\/12\/99-Das-Wunder-der-Tannenbaeume-182x300.jpg 182w\" sizes=\"auto, (max-width: 316px) 100vw, 316px\" \/><\/figure><\/div>\n\n\n\n<p class=\"has-text-align-center\">_ _ _ <\/p>\n\n\n\n<div class=\"wp-block-media-text is-vertically-aligned-center\" style=\"grid-template-columns:25% auto\"><figure class=\"wp-block-media-text__media\"><img loading=\"lazy\" decoding=\"async\" width=\"292\" height=\"466\" src=\"https:\/\/buechertanz.de\/wp-content\/uploads\/2025\/12\/100-Die-weisse-Nacht.jpg\" alt=\"\" class=\"wp-image-10093 size-full\" srcset=\"https:\/\/buechertanz.de\/wp-content\/uploads\/2025\/12\/100-Die-weisse-Nacht.jpg 292w, https:\/\/buechertanz.de\/wp-content\/uploads\/2025\/12\/100-Die-weisse-Nacht-188x300.jpg 188w\" sizes=\"auto, (max-width: 292px) 100vw, 292px\" \/><\/figure><div class=\"wp-block-media-text__content\">\n<p class=\"has-small-font-size\"><em>Rezensionsexemplar<\/em> (Print)<br><br>Den Abschluss des Lesemonats und gleichzeitig des Lesejahrs bildete das Buch <strong><em><a href=\"https:\/\/buechertanz.de\/?p=10100\" target=\"_blank\" rel=\"noreferrer noopener\">&#8222;Die wei\u00dfe Nacht &#8211; Der erste Fall f\u00fcr Lou &amp; K\u00f6nig&#8220;<\/a> <\/em><\/strong>von Anne Stern.<br>Meine Rezension geht am offiziellen Erscheinungstag online.<\/p>\n<\/div><\/div>\n\n\n\n<p class=\"has-text-align-center\">_ _ _ <\/p>\n","protected":false},"excerpt":{"rendered":"<p>Im&nbsp;Dezember 2025&nbsp;habe ich&nbsp;elf B\u00fccher\/eBooks&nbsp;mit insgesamt&nbsp;3.455 Seiten&nbsp;gelesen: \u2013 Ein Manuskript (PDF)\u2013 Drei Rezensionsexemplare (drei Prints)\u2013 Sieben selbst gekaufte B\u00fccher (ein Print, sechs eBooks) Ein herzlicher Dank geht an die Autorinnen Emily Walton, Shanaya Lane und Anne Stern und auch ein gro\u00dfes Dankesch\u00f6n an den Heyne Verlag und den Piper Verlag f\u00fcr die Zusendung und Bereitstellung der &hellip; <a href=\"https:\/\/buechertanz.de\/?page_id=10101\" class=\"more-link\"><span class=\"screen-reader-text\">Gelesen Dezember 2025<\/span> weiterlesen<\/a><\/p>\n","protected":false},"author":2,"featured_media":0,"parent":0,"menu_order":0,"comment_status":"open","ping_status":"closed","template":"","meta":{"footnotes":""},"class_list":["post-10101","page","type-page","status-publish","hentry"],"_links":{"self":[{"href":"https:\/\/buechertanz.de\/index.php?rest_route=\/wp\/v2\/pages\/10101","targetHints":{"allow":["GET"]}}],"collection":[{"href":"https:\/\/buechertanz.de\/index.php?rest_route=\/wp\/v2\/pages"}],"about":[{"href":"https:\/\/buechertanz.de\/index.php?rest_route=\/wp\/v2\/types\/page"}],"author":[{"embeddable":true,"href":"https:\/\/buechertanz.de\/index.php?rest_route=\/wp\/v2\/users\/2"}],"replies":[{"embeddable":true,"href":"https:\/\/buechertanz.de\/index.php?rest_route=%2Fwp%2Fv2%2Fcomments&post=10101"}],"version-history":[{"count":7,"href":"https:\/\/buechertanz.de\/index.php?rest_route=\/wp\/v2\/pages\/10101\/revisions"}],"predecessor-version":[{"id":10174,"href":"https:\/\/buechertanz.de\/index.php?rest_route=\/wp\/v2\/pages\/10101\/revisions\/10174"}],"wp:attachment":[{"href":"https:\/\/buechertanz.de\/index.php?rest_route=%2Fwp%2Fv2%2Fmedia&parent=10101"}],"curies":[{"name":"wp","href":"https:\/\/api.w.org\/{rel}","templated":true}]}}