{"id":10102,"date":"2025-12-28T23:42:02","date_gmt":"2025-12-28T22:42:02","guid":{"rendered":"https:\/\/buechertanz.de\/?page_id=10102"},"modified":"2026-01-12T11:17:06","modified_gmt":"2026-01-12T10:17:06","slug":"neuzugaenge-dezember-2025","status":"publish","type":"page","link":"https:\/\/buechertanz.de\/?page_id=10102","title":{"rendered":"Neuzug\u00e4nge Dezember 2025"},"content":{"rendered":"\n<p class=\"has-drop-cap has-small-font-size\">Im&nbsp;<strong>Dezember 2025<\/strong>&nbsp;sind insgesamt&nbsp;<strong>21 B\u00fccher\/ebooks<\/strong>&nbsp;hier eingezogen:<\/p>\n\n\n\n<p class=\"has-small-font-size\"><br>\u2013 Drei Rezensionsexemplare (drei Prints)<br>\u2013 Zwei Manuskripte (ein PDF, ein eBook)<br>\u2013 Zwei B\u00fccher aus zweiter Hand<br>\u2013 14 selbst gekaufte B\u00fccher (drei Prints, elf eBooks)<br><br>Herzlichen Dank an Shanaya Lane, Harald Gritzner, Anne Stern und an den Piper Verlag f\u00fcr die Rezensionsexemplare. Au\u00dferdem bedanke ich mich bei zwei Autorinnen, die mir vertrauensvoll ihre Manuskripte zugesendet haben, damit ich diese testlesen kann. <br> <br>Die eBooks <em>&#8222;Monas Augen &#8211; Eine Reise zu den sch\u00f6nsten Kunstwerken unserer Zeit&#8220; <\/em>von Thomas Schlesser und <em>&#8222;Die Berghebamme &#8211; Zeit der Kinder&#8220;<\/em> habe ich mir gekauft, nachdem ich die untere Grafik fertiggestellt habe. Deshalb sind dort diese eBooks nicht zu sehen. <br>Falls es schon ausf\u00fchrlichen Rezensionen gibt, gelangt ihr mit einem Klick auf den Titel dorthin.<br>Ich freue mich schon auf viele gem\u00fctliche Lesestunden und w\u00fcnsche euch viel Spa\u00df beim St\u00f6bern!<\/p>\n\n\n\n<p class=\"has-small-font-size\">Eure<\/p>\n\n\n\n<figure class=\"wp-block-image size-large is-resized\"><img loading=\"lazy\" decoding=\"async\" width=\"1024\" height=\"404\" src=\"https:\/\/buechertanz.de\/wp-content\/uploads\/2024\/06\/Unterschrift-1024x404.jpg\" alt=\"\" class=\"wp-image-7473\" style=\"width:161px;height:auto\" srcset=\"https:\/\/buechertanz.de\/wp-content\/uploads\/2024\/06\/Unterschrift-1024x404.jpg 1024w, https:\/\/buechertanz.de\/wp-content\/uploads\/2024\/06\/Unterschrift-300x118.jpg 300w, https:\/\/buechertanz.de\/wp-content\/uploads\/2024\/06\/Unterschrift-768x303.jpg 768w, https:\/\/buechertanz.de\/wp-content\/uploads\/2024\/06\/Unterschrift.jpg 1500w\" sizes=\"auto, (max-width: 1024px) 100vw, 1024px\" \/><\/figure>\n\n\n\n<p class=\"has-text-align-center\">_ _ _ <\/p>\n\n\n\n<p class=\"has-drop-cap has-small-font-size\"><strong><strong>Rezensionsexemplare\/ Geschenke\/ Second Hand:<\/strong><\/strong><\/p>\n\n\n<div class=\"wp-block-image\">\n<figure class=\"aligncenter size-large is-resized\"><img loading=\"lazy\" decoding=\"async\" width=\"820\" height=\"1024\" src=\"https:\/\/buechertanz.de\/wp-content\/uploads\/2025\/12\/12-Dezember-Rezensionsexemplare-Second-Hand_komp-820x1024.jpg\" alt=\"\" class=\"wp-image-10131\" style=\"width:342px;height:auto\" srcset=\"https:\/\/buechertanz.de\/wp-content\/uploads\/2025\/12\/12-Dezember-Rezensionsexemplare-Second-Hand_komp-820x1024.jpg 820w, https:\/\/buechertanz.de\/wp-content\/uploads\/2025\/12\/12-Dezember-Rezensionsexemplare-Second-Hand_komp-240x300.jpg 240w, https:\/\/buechertanz.de\/wp-content\/uploads\/2025\/12\/12-Dezember-Rezensionsexemplare-Second-Hand_komp-768x959.jpg 768w, https:\/\/buechertanz.de\/wp-content\/uploads\/2025\/12\/12-Dezember-Rezensionsexemplare-Second-Hand_komp.jpg 844w\" sizes=\"auto, (max-width: 820px) 100vw, 820px\" \/><\/figure><\/div>\n\n\n<ul class=\"wp-block-list\">\n<li class=\"has-small-font-size\"><strong>Shanaya Lane:<br><\/strong><em><a href=\"https:\/\/buechertanz.de\/?p=9964\" target=\"_blank\" rel=\"noreferrer noopener\">&#8222;Die beharrliche Stille der Seele&#8220;<\/a><\/em> (Print)<\/li>\n\n\n\n<li class=\"has-small-font-size\"><strong>Harald Gritzner:<\/strong><br><em><a href=\"https:\/\/buechertanz.de\/?p=9814\" target=\"_blank\" rel=\"noreferrer noopener\">&#8222;Agatha &#8211; Im Schatten des Freiburger M\u00fcnsters&#8220;<\/a> <\/em>(Print)<\/li>\n\n\n\n<li class=\"has-small-font-size\"><strong>Anne Stern:<\/strong><br><em><a href=\"https:\/\/buechertanz.de\/?p=10100\" target=\"_blank\" rel=\"noreferrer noopener\">&#8222;Die wei\u00dfe Nacht &#8211; Der erste Fall f\u00fcr Lou &amp; K\u00f6nig&#8220;<\/a><\/em> (Print)<\/li>\n\n\n\n<li class=\"has-small-font-size\"><strong>???<\/strong><br><em>Manuskript von Autorin <\/em>(PDF)<\/li>\n\n\n\n<li class=\"has-small-font-size\"><strong>???<\/strong><br><em>Manuskript von Autorin <\/em>(eBook)<\/li>\n\n\n\n<li class=\"has-small-font-size\"><strong>Sabine Wei\u00df:<\/strong><br><em>&#8222;Die Feinde der Hansetochter&#8220; <\/em>(Print)<\/li>\n\n\n\n<li class=\"has-small-font-size\"><strong>Philip Rock:<\/strong><br><em>&#8222;Abingdon Hall &#8211; Der letzte Sommer&#8220; <\/em>(Print)<\/li>\n<\/ul>\n\n\n\n<p class=\"has-text-align-center\">_ _ _ <\/p>\n\n\n\n<p class=\"has-drop-cap has-small-font-size\"><strong>Selbstgekaufte B\u00fccher\/ eBooks:<\/strong><\/p>\n\n\n<div class=\"wp-block-image\">\n<figure class=\"aligncenter size-full is-resized\"><img loading=\"lazy\" decoding=\"async\" width=\"576\" height=\"719\" src=\"https:\/\/buechertanz.de\/wp-content\/uploads\/2025\/12\/12-Dezember-Selbstgekauft_komp.jpg\" alt=\"\" class=\"wp-image-10132\" style=\"width:338px;height:auto\" srcset=\"https:\/\/buechertanz.de\/wp-content\/uploads\/2025\/12\/12-Dezember-Selbstgekauft_komp.jpg 576w, https:\/\/buechertanz.de\/wp-content\/uploads\/2025\/12\/12-Dezember-Selbstgekauft_komp-240x300.jpg 240w\" sizes=\"auto, (max-width: 576px) 100vw, 576px\" \/><\/figure><\/div>\n\n\n<ul class=\"wp-block-list\">\n<li class=\"has-small-font-size\"><strong>Sina Beerwald:<\/strong><br><em>&#8222;Die Syltschwestern &#8211; St\u00fcrmische Tage&#8220; <\/em>(eBook)<\/li>\n\n\n\n<li class=\"has-small-font-size\"><strong>Kristina Hortenbach:<\/strong><br><em>&#8222;Als im Hotel Messmer der Tee ausging&#8220; <\/em>(eBook)<\/li>\n\n\n\n<li class=\"has-small-font-size\"><strong>Marika Neitz:<\/strong><br><em>&#8222;Das Forsthaus&#8220; <\/em>(eBook)<\/li>\n\n\n\n<li class=\"has-small-font-size\"><strong>Mara Andeck:<\/strong><br><em><a href=\"https:\/\/buechertanz.de\/?p=10068\" target=\"_blank\" rel=\"noreferrer noopener\">&#8222;Das Schneeflockenm\u00e4dchen&#8220;<\/a> <\/em>(eBook)<\/li>\n\n\n\n<li class=\"has-small-font-size\"><strong>Kaleb Erdmann:<\/strong><br><em>&#8222;Die Ausweichschule&#8220; <\/em>(eBook)<\/li>\n\n\n\n<li class=\"has-small-font-size\"><strong>Lia Scott:<\/strong><br><em><a href=\"https:\/\/buechertanz.de\/?p=10049\" target=\"_blank\" rel=\"noreferrer noopener\">&#8222;Die Fasern der Welt &#8211; Glimmende Himmel&#8220;<\/a> <\/em>(eBook)<\/li>\n\n\n\n<li class=\"has-small-font-size\"><strong>Bernhard Hampp:<\/strong><br><em>&#8222;Baden erlesen! <em>F\u00fcr Literaturfreunde und Bibliophile<\/em>&#8220; <\/em>(Print)<\/li>\n\n\n\n<li class=\"has-small-font-size\"><strong>Hanna Aden:<\/strong><br><em>&#8222;Die Kryptografin &#8211; F\u00fcr Tr\u00e4ume braucht man Mut&#8220; <\/em>(Print)<\/li>\n\n\n\n<li class=\"has-small-font-size\"><strong>Marion Johanning:<\/strong><br><em>&#8222;Die honigs\u00fc\u00dfen H\u00e4nde&#8220; <\/em>(eBook)<\/li>\n\n\n\n<li class=\"has-small-font-size\"><strong>Hannah Hope:<\/strong><br><em><a href=\"https:\/\/buechertanz.de\/?p=10208\" target=\"_blank\" rel=\"noreferrer noopener\">&#8222;Die Chemie der Liebe&#8220;<\/a> <\/em>(eBook)<\/li>\n\n\n\n<li class=\"has-small-font-size\"><strong>Katharina Fuchs:<\/strong><br><em>&#8222;Der Traum vom Leben&#8220; <\/em>(eBook)<\/li>\n\n\n\n<li class=\"has-small-font-size\"><strong>Elke Becker:<\/strong><br><em>&#8222;Die Erfinderin der Freiheit&#8220; <\/em>(eBook)<\/li>\n\n\n\n<li class=\"has-small-font-size\"><strong>Thomas Schlesser:<\/strong><br><em>&#8222;Monas Augen &#8211; Eine Reise zu den sch\u00f6nsten Kunstwerken unserer Zeit&#8220; <\/em>(eBook) -&gt; Nicht auf dem Bild zu sehen<\/li>\n\n\n\n<li class=\"has-small-font-size\"><strong>Linda Winterberg:<\/strong><br><em>&#8222;Die Berghebamme &#8211; Zeit der Kinder&#8220;<\/em><\/li>\n<\/ul>\n\n\n\n<p class=\"has-text-align-center\">_ _ _ <\/p>\n","protected":false},"excerpt":{"rendered":"<p>Im&nbsp;Dezember 2025&nbsp;sind insgesamt&nbsp;21 B\u00fccher\/ebooks&nbsp;hier eingezogen: \u2013 Drei Rezensionsexemplare (drei Prints)\u2013 Zwei Manuskripte (ein PDF, ein eBook)\u2013 Zwei B\u00fccher aus zweiter Hand\u2013 14 selbst gekaufte B\u00fccher (drei Prints, elf eBooks) Herzlichen Dank an Shanaya Lane, Harald Gritzner, Anne Stern und an den Piper Verlag f\u00fcr die Rezensionsexemplare. Au\u00dferdem bedanke ich mich bei zwei Autorinnen, die mir &hellip; <a href=\"https:\/\/buechertanz.de\/?page_id=10102\" class=\"more-link\"><span class=\"screen-reader-text\">Neuzug\u00e4nge Dezember 2025<\/span> weiterlesen<\/a><\/p>\n","protected":false},"author":2,"featured_media":0,"parent":0,"menu_order":0,"comment_status":"open","ping_status":"closed","template":"","meta":{"footnotes":""},"class_list":["post-10102","page","type-page","status-publish","hentry"],"_links":{"self":[{"href":"https:\/\/buechertanz.de\/index.php?rest_route=\/wp\/v2\/pages\/10102","targetHints":{"allow":["GET"]}}],"collection":[{"href":"https:\/\/buechertanz.de\/index.php?rest_route=\/wp\/v2\/pages"}],"about":[{"href":"https:\/\/buechertanz.de\/index.php?rest_route=\/wp\/v2\/types\/page"}],"author":[{"embeddable":true,"href":"https:\/\/buechertanz.de\/index.php?rest_route=\/wp\/v2\/users\/2"}],"replies":[{"embeddable":true,"href":"https:\/\/buechertanz.de\/index.php?rest_route=%2Fwp%2Fv2%2Fcomments&post=10102"}],"version-history":[{"count":11,"href":"https:\/\/buechertanz.de\/index.php?rest_route=\/wp\/v2\/pages\/10102\/revisions"}],"predecessor-version":[{"id":10215,"href":"https:\/\/buechertanz.de\/index.php?rest_route=\/wp\/v2\/pages\/10102\/revisions\/10215"}],"wp:attachment":[{"href":"https:\/\/buechertanz.de\/index.php?rest_route=%2Fwp%2Fv2%2Fmedia&parent=10102"}],"curies":[{"name":"wp","href":"https:\/\/api.w.org\/{rel}","templated":true}]}}