{"id":1030,"date":"2020-01-01T20:19:28","date_gmt":"2020-01-01T19:19:28","guid":{"rendered":"http:\/\/buechertanz.de\/?page_id=1030"},"modified":"2023-05-09T19:23:10","modified_gmt":"2023-05-09T18:23:10","slug":"mein-buecherregal","status":"publish","type":"page","link":"https:\/\/buechertanz.de\/?page_id=1030","title":{"rendered":"Mein B\u00fccherregal"},"content":{"rendered":"<div class=\"wp-block-image\">\n<figure class=\"aligncenter is-resized\"><img loading=\"lazy\" decoding=\"async\" src=\"https:\/\/buechertanz.de\/wp-content\/uploads\/2020\/01\/IMG_20190217_124701353-2-1024x768.jpg\" alt=\"\" class=\"wp-image-1093\" width=\"356\" height=\"267\" srcset=\"https:\/\/buechertanz.de\/wp-content\/uploads\/2020\/01\/IMG_20190217_124701353-2-1024x768.jpg 1024w, https:\/\/buechertanz.de\/wp-content\/uploads\/2020\/01\/IMG_20190217_124701353-2-300x225.jpg 300w, https:\/\/buechertanz.de\/wp-content\/uploads\/2020\/01\/IMG_20190217_124701353-2-768x576.jpg 768w\" sizes=\"auto, (max-width: 356px) 100vw, 356px\" \/><\/figure><\/div>\n\n\n<p class=\"has-small-font-size\">Willkommen in meinem virtuellen B\u00fccherregal. Unter diesem Link findet ihr alles, was in meinem B\u00fccherregal so passiert: <br><br>&#8211; Eine <a rel=\"noreferrer noopener\" href=\"https:\/\/buechertanz.de\/?page_id=137\" target=\"_blank\">\u00dcbersicht meiner gelesenen B\u00fccher<\/a><br>&#8211; <a rel=\"noreferrer noopener\" href=\"https:\/\/buechertanz.de\/?page_id=435\" target=\"_blank\">Meine Lesemonate<\/a> (unterteilt nach Jahren, dann Monate)<br>und<br>&#8211; <a rel=\"noreferrer noopener\" href=\"https:\/\/buechertanz.de\/?page_id=129\" target=\"_blank\">Meine Neuzug\u00e4nge<\/a> (unterteilt nach Jahren, dann Monaten).<br><br>Viel Spa\u00df beim St\u00f6bern, eure<\/p>\n\n\n\n<figure class=\"wp-block-image size-large is-resized\"><img loading=\"lazy\" decoding=\"async\" src=\"https:\/\/buechertanz.de\/wp-content\/uploads\/2022\/06\/Unterschrift-1024x404.jpg\" alt=\"\" class=\"wp-image-3355\" width=\"131\" height=\"51\" srcset=\"https:\/\/buechertanz.de\/wp-content\/uploads\/2022\/06\/Unterschrift-1024x404.jpg 1024w, https:\/\/buechertanz.de\/wp-content\/uploads\/2022\/06\/Unterschrift-300x118.jpg 300w, https:\/\/buechertanz.de\/wp-content\/uploads\/2022\/06\/Unterschrift-768x303.jpg 768w, https:\/\/buechertanz.de\/wp-content\/uploads\/2022\/06\/Unterschrift.jpg 1500w\" sizes=\"auto, (max-width: 131px) 100vw, 131px\" \/><\/figure>\n\n\n<div class=\"wp-block-image is-style-rounded\">\n<figure class=\"aligncenter is-resized\"><img loading=\"lazy\" decoding=\"async\" src=\"https:\/\/buechertanz.de\/wp-content\/uploads\/2019\/03\/Blume-2.png\" alt=\"\" class=\"wp-image-364\" width=\"132\" height=\"153\" srcset=\"https:\/\/buechertanz.de\/wp-content\/uploads\/2019\/03\/Blume-2.png 264w, https:\/\/buechertanz.de\/wp-content\/uploads\/2019\/03\/Blume-2-260x300.png 260w\" sizes=\"auto, (max-width: 132px) 100vw, 132px\" \/><\/figure><\/div>","protected":false},"excerpt":{"rendered":"<p>Willkommen in meinem virtuellen B\u00fccherregal. Unter diesem Link findet ihr alles, was in meinem B\u00fccherregal so passiert: &#8211; Eine \u00dcbersicht meiner gelesenen B\u00fccher&#8211; Meine Lesemonate (unterteilt nach Jahren, dann Monate)und&#8211; Meine Neuzug\u00e4nge (unterteilt nach Jahren, dann Monaten). Viel Spa\u00df beim St\u00f6bern, eure<\/p>\n","protected":false},"author":2,"featured_media":0,"parent":0,"menu_order":0,"comment_status":"open","ping_status":"closed","template":"","meta":{"footnotes":""},"class_list":["post-1030","page","type-page","status-publish","hentry"],"_links":{"self":[{"href":"https:\/\/buechertanz.de\/index.php?rest_route=\/wp\/v2\/pages\/1030","targetHints":{"allow":["GET"]}}],"collection":[{"href":"https:\/\/buechertanz.de\/index.php?rest_route=\/wp\/v2\/pages"}],"about":[{"href":"https:\/\/buechertanz.de\/index.php?rest_route=\/wp\/v2\/types\/page"}],"author":[{"embeddable":true,"href":"https:\/\/buechertanz.de\/index.php?rest_route=\/wp\/v2\/users\/2"}],"replies":[{"embeddable":true,"href":"https:\/\/buechertanz.de\/index.php?rest_route=%2Fwp%2Fv2%2Fcomments&post=1030"}],"version-history":[{"count":8,"href":"https:\/\/buechertanz.de\/index.php?rest_route=\/wp\/v2\/pages\/1030\/revisions"}],"predecessor-version":[{"id":5013,"href":"https:\/\/buechertanz.de\/index.php?rest_route=\/wp\/v2\/pages\/1030\/revisions\/5013"}],"wp:attachment":[{"href":"https:\/\/buechertanz.de\/index.php?rest_route=%2Fwp%2Fv2%2Fmedia&parent=1030"}],"curies":[{"name":"wp","href":"https:\/\/api.w.org\/{rel}","templated":true}]}}