{"id":10325,"date":"2026-01-30T11:10:13","date_gmt":"2026-01-30T10:10:13","guid":{"rendered":"https:\/\/buechertanz.de\/?page_id=10325"},"modified":"2026-02-28T16:06:17","modified_gmt":"2026-02-28T15:06:17","slug":"gelesen-januar-2026","status":"publish","type":"page","link":"https:\/\/buechertanz.de\/?page_id=10325","title":{"rendered":"Gelesen Januar 2026"},"content":{"rendered":"\n<p class=\"has-drop-cap has-small-font-size\">Im&nbsp;<strong>Januar 2026<\/strong>&nbsp;habe ich&nbsp;<strong>neun B\u00fccher\/eBooks<\/strong>&nbsp;mit insgesamt<strong>&nbsp;3.194 Seiten<\/strong>&nbsp;gelesen:<br><br><\/p>\n\n\n\n<div class=\"wp-block-media-text is-vertically-aligned-center\" style=\"grid-template-columns:44% auto\"><figure class=\"wp-block-media-text__media\"><img loading=\"lazy\" decoding=\"async\" width=\"576\" height=\"718\" src=\"https:\/\/buechertanz.de\/wp-content\/uploads\/2026\/01\/01-Januar_komp.jpg\" alt=\"\" class=\"wp-image-10335 size-full\" srcset=\"https:\/\/buechertanz.de\/wp-content\/uploads\/2026\/01\/01-Januar_komp.jpg 576w, https:\/\/buechertanz.de\/wp-content\/uploads\/2026\/01\/01-Januar_komp-241x300.jpg 241w\" sizes=\"auto, (max-width: 576px) 100vw, 576px\" \/><\/figure><div class=\"wp-block-media-text__content\">\n<p class=\"has-small-font-size\">\u2013 Ein Manuskript (eBook)<br>\u2013 Zwei Rezensionsexemplare (eBooks)<br>\u2013 Ein Geschenk (Print)<br>\u2013 F\u00fcnf selbst gekaufte B\u00fccher (zwei Prints, drei eBooks)<\/p>\n<\/div><\/div>\n\n\n\n<p class=\"has-small-font-size\">Ein herzlicher Dank geht an die Autorin Alexandra Scherer f\u00fcr die Zusendung und Bereitstellung der B\u00fccher als Rezensionsexemplare und an die Autorin Johanna von Wild f\u00fcr das Geschenk. <br>Au\u00dferdem m\u00f6chte ich mich bei der Autorin bedanken, die mir vertrauensvoll ihr Manuskript f\u00fcr einen ersten Leseeindruck geschickt hat.<br>Es war ein ganz wunderbarer und sehr abwechslungsreicher Lesemonat, mit dem ich sehr zufrieden bin. Danke f\u00fcr die wunderbaren Geschichten.<\/p>\n\n\n\n<p class=\"has-small-font-size\">Viel Spa\u00df beim Schm\u00f6kern, eure<\/p>\n\n\n\n<figure class=\"wp-block-image size-large is-resized\"><img loading=\"lazy\" decoding=\"async\" width=\"1024\" height=\"404\" src=\"https:\/\/buechertanz.de\/wp-content\/uploads\/2024\/06\/Unterschrift-1024x404.jpg\" alt=\"\" class=\"wp-image-7473\" style=\"width:237px;height:auto\" srcset=\"https:\/\/buechertanz.de\/wp-content\/uploads\/2024\/06\/Unterschrift-1024x404.jpg 1024w, https:\/\/buechertanz.de\/wp-content\/uploads\/2024\/06\/Unterschrift-300x118.jpg 300w, https:\/\/buechertanz.de\/wp-content\/uploads\/2024\/06\/Unterschrift-768x303.jpg 768w, https:\/\/buechertanz.de\/wp-content\/uploads\/2024\/06\/Unterschrift.jpg 1500w\" sizes=\"auto, (max-width: 1024px) 100vw, 1024px\" \/><\/figure>\n\n\n\n<p class=\"has-text-align-center\">_ _ _<\/p>\n\n\n\n<div class=\"wp-block-media-text is-vertically-aligned-center\" style=\"grid-template-columns:25% auto\"><figure class=\"wp-block-media-text__media\"><img loading=\"lazy\" decoding=\"async\" width=\"684\" height=\"1024\" src=\"https:\/\/buechertanz.de\/wp-content\/uploads\/2025\/12\/01-Manuskript-684x1024.jpg\" alt=\"\" class=\"wp-image-10149 size-full\" srcset=\"https:\/\/buechertanz.de\/wp-content\/uploads\/2025\/12\/01-Manuskript-684x1024.jpg 684w, https:\/\/buechertanz.de\/wp-content\/uploads\/2025\/12\/01-Manuskript-200x300.jpg 200w, https:\/\/buechertanz.de\/wp-content\/uploads\/2025\/12\/01-Manuskript-768x1150.jpg 768w, https:\/\/buechertanz.de\/wp-content\/uploads\/2025\/12\/01-Manuskript.jpg 946w\" sizes=\"auto, (max-width: 684px) 100vw, 684px\" \/><\/figure><div class=\"wp-block-media-text__content\">\n<p class=\"has-small-font-size\"><em>Manuskript<\/em> (eBook)<br><br>Das Lesejahr und der neue Lesemonat begann mit einem Manuskript, das mir die Autorin vertrauensvoll zugesendet hat. <br>Ich darf noch nicht viel dazu erz\u00e4hlen &#8211; bin aber sehr begeistert. Da k\u00f6nnt ihr euch auf einen tollen historischen Roman freuen. <\/p>\n<\/div><\/div>\n\n\n\n<p class=\"has-text-align-center\">_ _ _ <\/p>\n\n\n\n<div class=\"wp-block-media-text has-media-on-the-right is-vertically-aligned-center\" style=\"grid-template-columns:auto 25%\"><div class=\"wp-block-media-text__content\">\n<p class=\"has-small-font-size\"><em>Selbst gekauft<\/em> (Print)<br><br>Weiter ging es mit dem Buch <strong><em><a href=\"https:\/\/buechertanz.de\/?p=10192\" target=\"_blank\" rel=\"noreferrer noopener\">&#8222;Lindt &amp; Spr\u00fcngli &#8211; Zwei Rivalen, ein Traum&#8220;<\/a> <\/em><\/strong>von Lisa Graf. Nachdem mich der erste Band, den ich vor etwa einem Jahr gelesen habe, nicht zu hundert Prozent \u00fcberzeugt hat \u2026 tat dies nun der zweite Band.<br>Gro\u00dfe Emotionen, spannende Entwicklungen und endlich viel mehr Schokolade! Es ist ein absolut gelungener zweiter Teil, der mich bestens unterhalten hat. Ich kann das Buch definitiv weiterempfehlen und freue mich jetzt schon riesig auf das gro\u00dfe Finale der Trilogie, das im Herbst 2026 erscheinen wird. <\/p>\n<\/div><figure class=\"wp-block-media-text__media\"><img loading=\"lazy\" decoding=\"async\" width=\"305\" height=\"466\" src=\"https:\/\/buechertanz.de\/wp-content\/uploads\/2026\/01\/02-Lindt-Spruengli-Zwei-Rivalen-ein-Traum.jpg\" alt=\"\" class=\"wp-image-10177 size-full\" srcset=\"https:\/\/buechertanz.de\/wp-content\/uploads\/2026\/01\/02-Lindt-Spruengli-Zwei-Rivalen-ein-Traum.jpg 305w, https:\/\/buechertanz.de\/wp-content\/uploads\/2026\/01\/02-Lindt-Spruengli-Zwei-Rivalen-ein-Traum-196x300.jpg 196w\" sizes=\"auto, (max-width: 305px) 100vw, 305px\" \/><\/figure><\/div>\n\n\n\n<p class=\"has-text-align-center\">_ _ _ <\/p>\n\n\n\n<div class=\"wp-block-media-text is-vertically-aligned-center\" style=\"grid-template-columns:25% auto\"><figure class=\"wp-block-media-text__media\"><img loading=\"lazy\" decoding=\"async\" width=\"311\" height=\"466\" src=\"https:\/\/buechertanz.de\/wp-content\/uploads\/2026\/01\/03-Die-Chemie-der-Liebe.jpg\" alt=\"\" class=\"wp-image-10202 size-full\" srcset=\"https:\/\/buechertanz.de\/wp-content\/uploads\/2026\/01\/03-Die-Chemie-der-Liebe.jpg 311w, https:\/\/buechertanz.de\/wp-content\/uploads\/2026\/01\/03-Die-Chemie-der-Liebe-200x300.jpg 200w\" sizes=\"auto, (max-width: 311px) 100vw, 311px\" \/><\/figure><div class=\"wp-block-media-text__content\">\n<p class=\"has-small-font-size\"><em>Selbst gekauft<\/em> (eBook)<br><br>Es folgte das eBook <strong><em><a href=\"https:\/\/buechertanz.de\/?p=10208\" target=\"_blank\" rel=\"noreferrer noopener\">&#8222;Die Chemie der Liebe&#8220;<\/a> <\/em><\/strong>von Hannah Hope. Dieser wunderbare Roman ist f\u00fcr mich mehr als nur ein Roman. Es ist ein Pl\u00e4doyer f\u00fcr den Mut, f\u00fcr seine Tr\u00e4ume zu k\u00e4mpfen, eine Erinnerung an die Kraft der Vergebung und die Erkenntnis, dass Liebe tats\u00e4chlich eine ganz eigene, unbezwingbare Chemie besitzt. Ich bin wirklich gl\u00fccklich, Chiara und Rosa auf ihrem Weg begleitet zu haben. Absolut empfehlenswert!<\/p>\n<\/div><\/div>\n\n\n\n<p class=\"has-text-align-center\">_ _ _ <\/p>\n\n\n\n<div class=\"wp-block-media-text has-media-on-the-right is-vertically-aligned-center\" style=\"grid-template-columns:auto 25%\"><div class=\"wp-block-media-text__content\">\n<p class=\"has-small-font-size\"><em>Selbst gekauft<\/em> (Print)<br><br>Das Buch <strong><em><a href=\"https:\/\/buechertanz.de\/?p=10223\" target=\"_blank\" rel=\"noreferrer noopener\">&#8222;Leas Spuren&#8220;<\/a> <\/em><\/strong>von Bettina Storks lag nun einige Jahre auf dem Stapel der ungelesenen B\u00fccher. Nun habe ich es gelesen &#8211; und bin einfach nur tief ber\u00fchrt.<br>Bettina Storks verbindet akribische historische Recherche mit einer tief bewegenden Familiengeschichte. Wer B\u00fccher liebt, die Herz und Verstand gleicherma\u00dfen fordern und die zeigen, wie sehr unsere Gegenwart in der Vergangenheit verwurzelt ist, wird dieses Buch nicht mehr aus den H\u00e4nden legen k\u00f6nnen. Absolut empfehlenswert!<\/p>\n<\/div><figure class=\"wp-block-media-text__media\"><img loading=\"lazy\" decoding=\"async\" width=\"283\" height=\"445\" src=\"https:\/\/buechertanz.de\/wp-content\/uploads\/2026\/01\/04-Leas-Spuren.jpg\" alt=\"\" class=\"wp-image-10218 size-full\" srcset=\"https:\/\/buechertanz.de\/wp-content\/uploads\/2026\/01\/04-Leas-Spuren.jpg 283w, https:\/\/buechertanz.de\/wp-content\/uploads\/2026\/01\/04-Leas-Spuren-191x300.jpg 191w\" sizes=\"auto, (max-width: 283px) 100vw, 283px\" \/><\/figure><\/div>\n\n\n\n<p class=\"has-text-align-center\">_ _ _ <\/p>\n\n\n\n<div class=\"wp-block-media-text is-vertically-aligned-center\" style=\"grid-template-columns:25% auto\"><figure class=\"wp-block-media-text__media\"><img loading=\"lazy\" decoding=\"async\" width=\"326\" height=\"522\" src=\"https:\/\/buechertanz.de\/wp-content\/uploads\/2026\/01\/05-Haus-im-Nebel.jpg\" alt=\"\" class=\"wp-image-10233 size-full\" srcset=\"https:\/\/buechertanz.de\/wp-content\/uploads\/2026\/01\/05-Haus-im-Nebel.jpg 326w, https:\/\/buechertanz.de\/wp-content\/uploads\/2026\/01\/05-Haus-im-Nebel-187x300.jpg 187w\" sizes=\"auto, (max-width: 326px) 100vw, 326px\" \/><\/figure><div class=\"wp-block-media-text__content\">\n<p class=\"has-small-font-size\"><em>Rezensionsexemplar<\/em> (eBook)<br><br>Das eBook&nbsp;<em><strong><a href=\"https:\/\/buechertanz.de\/?p=10242\" target=\"_blank\" rel=\"noreferrer noopener\">\u201eHaus im Nebel\u201c<\/a><\/strong><\/em>&nbsp;von Alexandra Scherer, das ich freundlicherweise als kostenloses Rezensionsexemplar erhalten habe, war f\u00fcr mich ein gelungener Blick \u00fcber den sprichw\u00f6rtlichen Tellerrand. Wer spannende Lekt\u00fcre liebt und bereit ist, sich auf eine mystische, dichte Atmosph\u00e4re einzulassen, dem kann ich diesen Roman nur w\u00e4rmstens empfehlen. F\u00fcr mich war es eine bereichernde Erfahrung au\u00dferhalb meiner Komfortzone. Sehr lesenswert!<\/p>\n<\/div><\/div>\n\n\n\n<p class=\"has-text-align-center\">_ _ _ <\/p>\n\n\n\n<div class=\"wp-block-media-text has-media-on-the-right is-vertically-aligned-center\" style=\"grid-template-columns:auto 25%\"><div class=\"wp-block-media-text__content\">\n<p class=\"has-small-font-size\"><em>Rezensionsexemplar<\/em> (eBook)<br><br>Ich musste einfach direkt den zweiten Band der &#8222;Kathy O\u2019Banion Mystery &#8211; Reihe\u201c von Alexandra Scherer lesen: <strong><em><a href=\"https:\/\/buechertanz.de\/?p=10259\" target=\"_blank\" rel=\"noreferrer noopener\">&#8222;Haus im Schnee&#8220;<\/a><\/em><\/strong> &#8211; das ich ebenfalls freundlicherweise als Rezensionsexemplar erhalten habe.<br>Dieser Band ist eine noch intensivere Fortsetzung einer absolut faszinierenden Reihe. W\u00e4hrend&nbsp;<em>\u201eHaus im Nebel\u201c<\/em>&nbsp;mit dem Unbekannten spielte, konfrontiert dieser Mystery-Roman mit einer fast greifbaren Dunkelheit. Die Mischung aus Fiktion, Kathys Gabe und der historischen Schwere erzeugt eine Sogwirkung, der ich mich kaum entziehen konnte. Eine atmosph\u00e4risch dichte Geistergeschichte, die noch lange nachhallt. Sehr lesenswert!<\/p>\n<\/div><figure class=\"wp-block-media-text__media\"><img loading=\"lazy\" decoding=\"async\" width=\"293\" height=\"445\" src=\"https:\/\/buechertanz.de\/wp-content\/uploads\/2026\/01\/06-Haus-im-Schnee.jpg\" alt=\"\" class=\"wp-image-10253 size-full\" srcset=\"https:\/\/buechertanz.de\/wp-content\/uploads\/2026\/01\/06-Haus-im-Schnee.jpg 293w, https:\/\/buechertanz.de\/wp-content\/uploads\/2026\/01\/06-Haus-im-Schnee-198x300.jpg 198w\" sizes=\"auto, (max-width: 293px) 100vw, 293px\" \/><\/figure><\/div>\n\n\n\n<p class=\"has-text-align-center\">_ _ _ <\/p>\n\n\n\n<div class=\"wp-block-media-text is-vertically-aligned-center\" style=\"grid-template-columns:25% auto\"><figure class=\"wp-block-media-text__media\"><img loading=\"lazy\" decoding=\"async\" width=\"299\" height=\"466\" src=\"https:\/\/buechertanz.de\/wp-content\/uploads\/2026\/01\/07-Der-Pfeiler-der-Gerechtigkeit.jpg\" alt=\"\" class=\"wp-image-10268 size-full\" srcset=\"https:\/\/buechertanz.de\/wp-content\/uploads\/2026\/01\/07-Der-Pfeiler-der-Gerechtigkeit.jpg 299w, https:\/\/buechertanz.de\/wp-content\/uploads\/2026\/01\/07-Der-Pfeiler-der-Gerechtigkeit-192x300.jpg 192w\" sizes=\"auto, (max-width: 299px) 100vw, 299px\" \/><\/figure><div class=\"wp-block-media-text__content\">\n<p class=\"has-small-font-size\"><em>Geschenk<\/em> (Print)<br><br>Das Buch <strong><em><a href=\"https:\/\/buechertanz.de\/?p=10274\" target=\"_blank\" rel=\"noreferrer noopener\">&#8222;Der Pfeiler der Gerechtigkeit&#8220;<\/a> <\/em><\/strong>von Johanna von Wild habe ich von der Autorin im November 2025 als Geschenk erhalten. Herzlichen Dank. <br>&nbsp;In meinem pers\u00f6nlichen Ranking steht dieses Buch von Johanna von Wild ganz weit oben, auch wenn ich bisher alle B\u00fccher der Autorin gleicherma\u00dfen liebe. Es ist die perfekte Mischung aus akribischer Recherche, handwerklicher Detailverliebtheit und packender Action. Ich kann dieses Buch jedem ans Herz legen, der gerne gut recherchierte und gleichzeitig hochgradig unterhaltsame historische Romane liest. Sehr lesenswert!<\/p>\n<\/div><\/div>\n\n\n\n<p class=\"has-text-align-center\">_ _ _ <\/p>\n\n\n\n<div class=\"wp-block-media-text has-media-on-the-right is-vertically-aligned-center\" style=\"grid-template-columns:auto 25%\"><div class=\"wp-block-media-text__content\">\n<p class=\"has-small-font-size\"><em>Selbst gekauft <\/em>(eBook)<br><br>Nachdem mich der Autor Toni Garber auf sein neues Buch <strong><em><a href=\"https:\/\/buechertanz.de\/?p=10290\" target=\"_blank\" rel=\"noreferrer noopener\">&#8222;Codename Herzsto\u00df&#8220;<\/a> <\/em><\/strong>aufmerksam gemacht hat, habe ich es mir spontan als eBook gekauft.<br>Das Buch ist ein hochspannender Politthriller, der durch seine Struktur und seine beklemmende Authentizit\u00e4t besticht. Er nimmt ein dunkles Kapitel der Geschichte und spinnt daraus ein Netz aus L\u00fcgen und Verrat. Eine absolute Empfehlung f\u00fcr&nbsp;alle Leserinnen und Leser, die Lust auf ein spannendes, intelligentes und atmosph\u00e4risch dichtes Buch haben. Toni Garber hat mit mir definitiv eine neue Leserin gewonnen!<\/p>\n<\/div><figure class=\"wp-block-media-text__media\"><img loading=\"lazy\" decoding=\"async\" width=\"326\" height=\"522\" src=\"https:\/\/buechertanz.de\/wp-content\/uploads\/2026\/01\/08-Codename-Herzstoss.jpg\" alt=\"\" class=\"wp-image-10282 size-full\" srcset=\"https:\/\/buechertanz.de\/wp-content\/uploads\/2026\/01\/08-Codename-Herzstoss.jpg 326w, https:\/\/buechertanz.de\/wp-content\/uploads\/2026\/01\/08-Codename-Herzstoss-187x300.jpg 187w\" sizes=\"auto, (max-width: 326px) 100vw, 326px\" \/><\/figure><\/div>\n\n\n\n<p class=\"has-text-align-center\">_ _ _ <\/p>\n\n\n\n<div class=\"wp-block-media-text is-vertically-aligned-center\" style=\"grid-template-columns:25% auto\"><figure class=\"wp-block-media-text__media\"><img loading=\"lazy\" decoding=\"async\" width=\"279\" height=\"445\" src=\"https:\/\/buechertanz.de\/wp-content\/uploads\/2026\/01\/09-Pflegefrei-Meine-Reise-durch-Suedamerika.jpg\" alt=\"\" class=\"wp-image-10310 size-full\" srcset=\"https:\/\/buechertanz.de\/wp-content\/uploads\/2026\/01\/09-Pflegefrei-Meine-Reise-durch-Suedamerika.jpg 279w, https:\/\/buechertanz.de\/wp-content\/uploads\/2026\/01\/09-Pflegefrei-Meine-Reise-durch-Suedamerika-188x300.jpg 188w\" sizes=\"auto, (max-width: 279px) 100vw, 279px\" \/><\/figure><div class=\"wp-block-media-text__content\">\n<p class=\"has-small-font-size\"><em>Selbst gekauft <\/em>(eBook)<br><br>Den wunderbaren Abschluss des ersten Lesemonats im neuen Jahr bildete das eBook <strong><em><a href=\"https:\/\/buechertanz.de\/?p=10317\" target=\"_blank\" rel=\"noreferrer noopener\">&#8222;Pflegefrei &#8211; Meine Reise durch S\u00fcdamerika&#8220;<\/a> <\/em><\/strong>von Dominic Armbruster.<br>Dieser Reisebericht hat mir ein neues Genre er\u00f6ffnet, mich v\u00f6llig \u00fcberrascht und mich mit seiner ehrlichen Art tief ber\u00fchrt. Gleichzeitig ist es ein Pl\u00e4doyer f\u00fcr den Mut, die eigenen Grenzen zu verschieben. Wer eine Geschichte sucht, die den Kopf ausschaltet und das Herz \u00f6ffnet, sollte dieses Buch unbedingt lesen. Sehr empfehlenswert!<\/p>\n<\/div><\/div>\n\n\n\n<p class=\"has-text-align-center\">_ _ _ <\/p>\n","protected":false},"excerpt":{"rendered":"<p>Im&nbsp;Januar 2026&nbsp;habe ich&nbsp;neun B\u00fccher\/eBooks&nbsp;mit insgesamt&nbsp;3.194 Seiten&nbsp;gelesen: \u2013 Ein Manuskript (eBook)\u2013 Zwei Rezensionsexemplare (eBooks)\u2013 Ein Geschenk (Print)\u2013 F\u00fcnf selbst gekaufte B\u00fccher (zwei Prints, drei eBooks) Ein herzlicher Dank geht an die Autorin Alexandra Scherer f\u00fcr die Zusendung und Bereitstellung der B\u00fccher als Rezensionsexemplare und an die Autorin Johanna von Wild f\u00fcr das Geschenk. Au\u00dferdem m\u00f6chte ich &hellip; <a href=\"https:\/\/buechertanz.de\/?page_id=10325\" class=\"more-link\"><span class=\"screen-reader-text\">Gelesen Januar 2026<\/span> weiterlesen<\/a><\/p>\n","protected":false},"author":2,"featured_media":0,"parent":0,"menu_order":0,"comment_status":"open","ping_status":"closed","template":"","meta":{"footnotes":""},"class_list":["post-10325","page","type-page","status-publish","hentry"],"_links":{"self":[{"href":"https:\/\/buechertanz.de\/index.php?rest_route=\/wp\/v2\/pages\/10325","targetHints":{"allow":["GET"]}}],"collection":[{"href":"https:\/\/buechertanz.de\/index.php?rest_route=\/wp\/v2\/pages"}],"about":[{"href":"https:\/\/buechertanz.de\/index.php?rest_route=\/wp\/v2\/types\/page"}],"author":[{"embeddable":true,"href":"https:\/\/buechertanz.de\/index.php?rest_route=\/wp\/v2\/users\/2"}],"replies":[{"embeddable":true,"href":"https:\/\/buechertanz.de\/index.php?rest_route=%2Fwp%2Fv2%2Fcomments&post=10325"}],"version-history":[{"count":4,"href":"https:\/\/buechertanz.de\/index.php?rest_route=\/wp\/v2\/pages\/10325\/revisions"}],"predecessor-version":[{"id":10496,"href":"https:\/\/buechertanz.de\/index.php?rest_route=\/wp\/v2\/pages\/10325\/revisions\/10496"}],"wp:attachment":[{"href":"https:\/\/buechertanz.de\/index.php?rest_route=%2Fwp%2Fv2%2Fmedia&parent=10325"}],"curies":[{"name":"wp","href":"https:\/\/api.w.org\/{rel}","templated":true}]}}