{"id":10338,"date":"2026-01-30T22:01:05","date_gmt":"2026-01-30T21:01:05","guid":{"rendered":"https:\/\/buechertanz.de\/?page_id=10338"},"modified":"2026-02-28T16:07:44","modified_gmt":"2026-02-28T15:07:44","slug":"neuzugaenge-januar-2026","status":"publish","type":"page","link":"https:\/\/buechertanz.de\/?page_id=10338","title":{"rendered":"Neuzug\u00e4nge Januar 2026"},"content":{"rendered":"\n<p class=\"has-drop-cap has-small-font-size\">Im\u00a0<strong>Januar 2026<\/strong>\u00a0sind insgesamt\u00a0<strong>20 B\u00fccher\/ebooks<\/strong>\u00a0hier eingezogen:<br><br><\/p>\n\n\n\n<div class=\"wp-block-media-text is-vertically-aligned-center\" style=\"grid-template-columns:41% auto\"><figure class=\"wp-block-media-text__media\"><img loading=\"lazy\" decoding=\"async\" width=\"819\" height=\"1024\" src=\"https:\/\/buechertanz.de\/wp-content\/uploads\/2026\/02\/01-Januar_komplett_komp-819x1024.jpg\" alt=\"\" class=\"wp-image-10497 size-full\" srcset=\"https:\/\/buechertanz.de\/wp-content\/uploads\/2026\/02\/01-Januar_komplett_komp-819x1024.jpg 819w, https:\/\/buechertanz.de\/wp-content\/uploads\/2026\/02\/01-Januar_komplett_komp-240x300.jpg 240w, https:\/\/buechertanz.de\/wp-content\/uploads\/2026\/02\/01-Januar_komplett_komp-768x960.jpg 768w, https:\/\/buechertanz.de\/wp-content\/uploads\/2026\/02\/01-Januar_komplett_komp.jpg 856w\" sizes=\"auto, (max-width: 819px) 100vw, 819px\" \/><\/figure><div class=\"wp-block-media-text__content\">\n<p class=\"has-small-font-size\">\u2013 Drei Rezensionsexemplare (ein Print, zwei eBooks)<br>\u2013 Ein Buch aus zweiter Hand<br>\u2013 16 selbst gekaufte B\u00fccher (drei Prints, dreizehn eBooks)<\/p>\n<\/div><\/div>\n\n\n\n<p class=\"has-small-font-size\">Herzlichen Dank an die Autorinnen Alexandra Scherer und Anna Thaler, sowie an die Droemer-Knaur Verlagsgruppe f\u00fcr die Vermittlung, Bereitstellung und Zusendung der Rezensionsexemplare. <br>Falls es schon ausf\u00fchrlichen Rezensionen gibt, gelangt ihr mit einem Klick auf den Titel dorthin.<br>Ich freue mich schon auf viele gem\u00fctliche Lesestunden und w\u00fcnsche euch viel Spa\u00df beim St\u00f6bern!<\/p>\n\n\n\n<p class=\"has-small-font-size\">Eure<\/p>\n\n\n\n<figure class=\"wp-block-image size-large is-resized\"><img loading=\"lazy\" decoding=\"async\" width=\"1024\" height=\"404\" src=\"https:\/\/buechertanz.de\/wp-content\/uploads\/2024\/06\/Unterschrift-1024x404.jpg\" alt=\"\" class=\"wp-image-7473\" style=\"width:189px;height:auto\" srcset=\"https:\/\/buechertanz.de\/wp-content\/uploads\/2024\/06\/Unterschrift-1024x404.jpg 1024w, https:\/\/buechertanz.de\/wp-content\/uploads\/2024\/06\/Unterschrift-300x118.jpg 300w, https:\/\/buechertanz.de\/wp-content\/uploads\/2024\/06\/Unterschrift-768x303.jpg 768w, https:\/\/buechertanz.de\/wp-content\/uploads\/2024\/06\/Unterschrift.jpg 1500w\" sizes=\"auto, (max-width: 1024px) 100vw, 1024px\" \/><\/figure>\n\n\n\n<p class=\"has-text-align-center\">_ _ _ <\/p>\n\n\n\n<p class=\"has-small-font-size\"><strong><strong>Rezensionsexemplare\/ Geschenke\/ Second Hand:<\/strong><\/strong><\/p>\n\n\n<div class=\"wp-block-image\">\n<figure class=\"aligncenter size-large is-resized\"><img loading=\"lazy\" decoding=\"async\" width=\"820\" height=\"1024\" src=\"https:\/\/buechertanz.de\/wp-content\/uploads\/2026\/01\/01-Januar-Rezensionsexemplare_Buecher-aus-zweiter-Hand_komp-820x1024.jpg\" alt=\"\" class=\"wp-image-10365\" style=\"width:360px\" srcset=\"https:\/\/buechertanz.de\/wp-content\/uploads\/2026\/01\/01-Januar-Rezensionsexemplare_Buecher-aus-zweiter-Hand_komp-820x1024.jpg 820w, https:\/\/buechertanz.de\/wp-content\/uploads\/2026\/01\/01-Januar-Rezensionsexemplare_Buecher-aus-zweiter-Hand_komp-240x300.jpg 240w, https:\/\/buechertanz.de\/wp-content\/uploads\/2026\/01\/01-Januar-Rezensionsexemplare_Buecher-aus-zweiter-Hand_komp-768x960.jpg 768w, https:\/\/buechertanz.de\/wp-content\/uploads\/2026\/01\/01-Januar-Rezensionsexemplare_Buecher-aus-zweiter-Hand_komp.jpg 882w\" sizes=\"auto, (max-width: 820px) 100vw, 820px\" \/><\/figure><\/div>\n\n\n<ul class=\"wp-block-list\">\n<li class=\"has-small-font-size\"><strong>Alexandra Scherer:<\/strong><br><em><a href=\"https:\/\/buechertanz.de\/?p=10242\" target=\"_blank\" rel=\"noreferrer noopener\">&#8222;Haus am See&#8220;<\/a><\/em> (eBook) &amp; <a href=\"https:\/\/buechertanz.de\/?p=10259\" target=\"_blank\" rel=\"noreferrer noopener\">&#8222;<em>Haus im Schnee&#8220;<\/em><\/a> (eBook)<\/li>\n\n\n\n<li class=\"has-small-font-size\"><strong>Anna Thaler:<\/strong><br><em><a href=\"https:\/\/buechertanz.de\/?p=10375\" target=\"_blank\" rel=\"noreferrer noopener\">&#8222;Die Papiersch\u00f6pferin&#8220;<\/a><\/em> (Print)<\/li>\n\n\n\n<li class=\"has-small-font-size\"><strong>Leslie Maitland:<\/strong><br><em>&#8222;Liebe ist st\u00e4rker als die Zeit&#8220; <\/em>(Print)<\/li>\n<\/ul>\n\n\n\n<p class=\"has-text-align-center\">_ _ _ <\/p>\n\n\n\n<p class=\"has-small-font-size\">S<strong>elbstgekaufte B\u00fccher\/ eBooks:<\/strong><\/p>\n\n\n<div class=\"wp-block-image\">\n<figure class=\"aligncenter size-full is-resized\"><img loading=\"lazy\" decoding=\"async\" width=\"588\" height=\"735\" src=\"https:\/\/buechertanz.de\/wp-content\/uploads\/2026\/01\/01-Januar_Selbst_gekauft_komp.jpg\" alt=\"\" class=\"wp-image-10366\" style=\"width:360px\" srcset=\"https:\/\/buechertanz.de\/wp-content\/uploads\/2026\/01\/01-Januar_Selbst_gekauft_komp.jpg 588w, https:\/\/buechertanz.de\/wp-content\/uploads\/2026\/01\/01-Januar_Selbst_gekauft_komp-240x300.jpg 240w\" sizes=\"auto, (max-width: 588px) 100vw, 588px\" \/><\/figure><\/div>\n\n\n<ul class=\"wp-block-list\">\n<li class=\"has-small-font-size\"><strong>Beate Maly:<\/strong><br><em>&#8222;Die Tr\u00fcmmerschule &#8211; Jahre der Kinder&#8220; <\/em>(eBook)<\/li>\n\n\n\n<li class=\"has-small-font-size\"><strong>Iris Krumbiegel:<\/strong><br><em>&#8222;Das Erbe der L\u00f6wenthals &#8211; Der Hoffnung verbunden&#8220; <\/em>(eBook)<\/li>\n\n\n\n<li class=\"has-small-font-size\"><strong>Audrey Burges:<\/strong><br><em>&#8222;Das Wunder der kleinen Dinge&#8220; <\/em>(eBook)<\/li>\n\n\n\n<li class=\"has-small-font-size\"><strong>J<strong>\u00f8<\/strong>rn Precht:<\/strong><br><em>&#8222;Die Jungfrau von Orleans&#8220; <\/em>(eBook)<\/li>\n\n\n\n<li class=\"has-small-font-size\"><strong>Veronika Rusch:<\/strong><br><em>&#8222;Die Bahnhofsmission &#8211; Eines Menschenleben&#8220;<\/em> (Print)<\/li>\n\n\n\n<li class=\"has-small-font-size\"><strong>Beate Sauer:<\/strong><em><br>&#8222;Das Haus in Charlottenburg&#8220; <\/em>(eBook)<\/li>\n\n\n\n<li class=\"has-small-font-size\"><strong>Toni Garber:<\/strong><br><em><a href=\"https:\/\/buechertanz.de\/?p=10290\" target=\"_blank\" rel=\"noreferrer noopener\">&#8222;Codename Herzsto\u00df&#8220;<\/a> <\/em>(eBook)<\/li>\n\n\n\n<li class=\"has-small-font-size\"><strong>Karin Lindberg:<\/strong><br>&#8222;Die Lemberg-Saga &#8211; B\u00f6hmische Hoffnung&#8220; (eBook) &amp; <em>&#8222;Die Lindberg-Saga &#8211; B\u00f6hmische Schicksalstage&#8220;<\/em> (eBook)<\/li>\n\n\n\n<li class=\"has-small-font-size\"><strong>Sabrina Qunaj:<\/strong><br>&#8222;Das Schicksal der Drachenkrone&#8220; (eBook) &amp; <em>&#8222;Das Erbe der Drachenkrone&#8220;<\/em> (eBook)<\/li>\n\n\n\n<li class=\"has-small-font-size\"><strong>Dominic Armbruster:<\/strong><br><em><a href=\"https:\/\/buechertanz.de\/?p=10317\" target=\"_blank\" rel=\"noreferrer noopener\">&#8222;Pflegefrei &#8211; Meine Reise durch S\u00fcdamerika&#8220;<\/a> <\/em>(eBook)<\/li>\n\n\n\n<li class=\"has-small-font-size\"><strong>Richard Kirshenbaum:<\/strong><br><em>&#8222;Rouge &#8211; Rivalinnen der Sch\u00f6nheit&#8220; <\/em>(eBook)<\/li>\n\n\n\n<li class=\"has-small-font-size\"><strong>Clara Bachmann:<\/strong><br><em>&#8222;Ein gutes Ende&#8220; <\/em>(Print)<\/li>\n\n\n\n<li class=\"has-small-font-size\"><strong>Ursula Niehaus:<\/strong><br><em>&#8222;Die Stadt\u00e4rztin&#8220; <\/em>(eBook)<\/li>\n\n\n\n<li class=\"has-small-font-size\"><strong>Angela Ochel:<\/strong><br><em><a href=\"https:\/\/buechertanz.de\/?p=10419\" target=\"_blank\" rel=\"noreferrer noopener\">&#8222;Kein b\u00f6ses Wort: In Paris&#8220;<\/a> <\/em>(eBook)<\/li>\n<\/ul>\n\n\n\n<p class=\"has-text-align-center\">_ _ _ <\/p>\n","protected":false},"excerpt":{"rendered":"<p>Im\u00a0Januar 2026\u00a0sind insgesamt\u00a020 B\u00fccher\/ebooks\u00a0hier eingezogen: \u2013 Drei Rezensionsexemplare (ein Print, zwei eBooks)\u2013 Ein Buch aus zweiter Hand\u2013 16 selbst gekaufte B\u00fccher (drei Prints, dreizehn eBooks) Herzlichen Dank an die Autorinnen Alexandra Scherer und Anna Thaler, sowie an die Droemer-Knaur Verlagsgruppe f\u00fcr die Vermittlung, Bereitstellung und Zusendung der Rezensionsexemplare. Falls es schon ausf\u00fchrlichen Rezensionen gibt, gelangt &hellip; <a href=\"https:\/\/buechertanz.de\/?page_id=10338\" class=\"more-link\"><span class=\"screen-reader-text\">Neuzug\u00e4nge Januar 2026<\/span> weiterlesen<\/a><\/p>\n","protected":false},"author":2,"featured_media":0,"parent":0,"menu_order":0,"comment_status":"open","ping_status":"closed","template":"","meta":{"footnotes":""},"class_list":["post-10338","page","type-page","status-publish","hentry"],"_links":{"self":[{"href":"https:\/\/buechertanz.de\/index.php?rest_route=\/wp\/v2\/pages\/10338","targetHints":{"allow":["GET"]}}],"collection":[{"href":"https:\/\/buechertanz.de\/index.php?rest_route=\/wp\/v2\/pages"}],"about":[{"href":"https:\/\/buechertanz.de\/index.php?rest_route=\/wp\/v2\/types\/page"}],"author":[{"embeddable":true,"href":"https:\/\/buechertanz.de\/index.php?rest_route=\/wp\/v2\/users\/2"}],"replies":[{"embeddable":true,"href":"https:\/\/buechertanz.de\/index.php?rest_route=%2Fwp%2Fv2%2Fcomments&post=10338"}],"version-history":[{"count":10,"href":"https:\/\/buechertanz.de\/index.php?rest_route=\/wp\/v2\/pages\/10338\/revisions"}],"predecessor-version":[{"id":10499,"href":"https:\/\/buechertanz.de\/index.php?rest_route=\/wp\/v2\/pages\/10338\/revisions\/10499"}],"wp:attachment":[{"href":"https:\/\/buechertanz.de\/index.php?rest_route=%2Fwp%2Fv2%2Fmedia&parent=10338"}],"curies":[{"name":"wp","href":"https:\/\/api.w.org\/{rel}","templated":true}]}}