{"id":10457,"date":"2026-02-27T10:42:50","date_gmt":"2026-02-27T09:42:50","guid":{"rendered":"https:\/\/buechertanz.de\/?page_id=10457"},"modified":"2026-02-28T16:03:29","modified_gmt":"2026-02-28T15:03:29","slug":"gelesen-februar-2026","status":"publish","type":"page","link":"https:\/\/buechertanz.de\/?page_id=10457","title":{"rendered":"Gelesen Februar 2026"},"content":{"rendered":"\n<p class=\"has-drop-cap has-small-font-size\">Im\u00a0<strong>Februar 2026<\/strong>\u00a0habe ich\u00a0<strong>neun B\u00fccher\/eBooks<\/strong>\u00a0mit insgesamt<strong>\u00a03.299 Seiten<\/strong>\u00a0gelesen:<br><br><\/p>\n\n\n\n<div class=\"wp-block-media-text is-vertically-aligned-center\" style=\"grid-template-columns:45% auto\"><figure class=\"wp-block-media-text__media\"><img loading=\"lazy\" decoding=\"async\" width=\"633\" height=\"788\" src=\"https:\/\/buechertanz.de\/wp-content\/uploads\/2026\/02\/02-Februar_komp.jpg\" alt=\"\" class=\"wp-image-10466 size-full\" srcset=\"https:\/\/buechertanz.de\/wp-content\/uploads\/2026\/02\/02-Februar_komp.jpg 633w, https:\/\/buechertanz.de\/wp-content\/uploads\/2026\/02\/02-Februar_komp-241x300.jpg 241w\" sizes=\"auto, (max-width: 633px) 100vw, 633px\" \/><\/figure><div class=\"wp-block-media-text__content\">\n<p class=\"has-small-font-size\">\u2013 Zwei Rezensionsexemplare (Prints)<br>\u2013 Ein Geschenk (Print)<br>\u2013 Vier selbst gekaufte B\u00fccher\/eBooks (zwei Prints, zwei eBooks)<br>\u2013 Ein Online-eBook aus der App &#8222;readfy&#8220;<br>\u2013 Ein Buch aus zweiter Hand<\/p>\n<\/div><\/div>\n\n\n\n<p class=\"has-small-font-size\">Ein herzlicher Dank geht an den Droemer-Knaur Verlag und an die Autorinnen Anna Thaler und Clara Langenbach f\u00fcr die Zusendung und Bereitstellung der beiden B\u00fccher als Rezensionsexemplare und an die Autorin Johanna von Wild f\u00fcr das Geschenk.<br>Es war ein ganz wunderbarer und sehr abwechslungsreicher Lesemonat, mit dem ich sehr zufrieden bin. Danke f\u00fcr die wunderbaren Geschichten.<\/p>\n\n\n\n<p class=\"has-small-font-size\">Viel Spa\u00df beim Schm\u00f6kern, eure<\/p>\n\n\n\n<figure class=\"wp-block-image size-large is-resized\"><img loading=\"lazy\" decoding=\"async\" width=\"1024\" height=\"404\" src=\"https:\/\/buechertanz.de\/wp-content\/uploads\/2024\/06\/Unterschrift-1024x404.jpg\" alt=\"\" class=\"wp-image-7473\" style=\"width:163px;height:auto\" srcset=\"https:\/\/buechertanz.de\/wp-content\/uploads\/2024\/06\/Unterschrift-1024x404.jpg 1024w, https:\/\/buechertanz.de\/wp-content\/uploads\/2024\/06\/Unterschrift-300x118.jpg 300w, https:\/\/buechertanz.de\/wp-content\/uploads\/2024\/06\/Unterschrift-768x303.jpg 768w, https:\/\/buechertanz.de\/wp-content\/uploads\/2024\/06\/Unterschrift.jpg 1500w\" sizes=\"auto, (max-width: 1024px) 100vw, 1024px\" \/><\/figure>\n\n\n\n<p class=\"has-text-align-center\">_ _ _<\/p>\n\n\n\n<div class=\"wp-block-media-text is-vertically-aligned-center\" style=\"grid-template-columns:25% auto\"><figure class=\"wp-block-media-text__media\"><img loading=\"lazy\" decoding=\"async\" width=\"293\" height=\"445\" src=\"https:\/\/buechertanz.de\/wp-content\/uploads\/2026\/01\/10-Die-Papierschoepferin.jpg\" alt=\"\" class=\"wp-image-10362 size-full\" srcset=\"https:\/\/buechertanz.de\/wp-content\/uploads\/2026\/01\/10-Die-Papierschoepferin.jpg 293w, https:\/\/buechertanz.de\/wp-content\/uploads\/2026\/01\/10-Die-Papierschoepferin-198x300.jpg 198w\" sizes=\"auto, (max-width: 293px) 100vw, 293px\" \/><\/figure><div class=\"wp-block-media-text__content\">\n<p class=\"has-small-font-size\"><em>Rezensionsexemplar (Print)<br><\/em><br>Der Lesemonat Februar 2026 startete historisch mit <strong><em><a href=\"https:\/\/buechertanz.de\/?p=10375\" target=\"_blank\" rel=\"noreferrer noopener\">&#8222;Die Papiersch\u00f6pferin&#8220;<\/a> <\/em><\/strong>von Anna Thaler. Dieses Buch habe ich freundlicherweise vom Knaur Verlag als Rezensionsexemplar erhalten &#8211; herzlichen Dank daf\u00fcr.<br>Anna Thaler versteht es meisterhaft, eine tief bewegende Familiengeschichte mit den spannenden Anf\u00e4ngen einer technischen Revolution zu verweben. Dieser historische Roman hat mich in eine andere Welt und Zeit versetzt und mir gleichzeitig viel neues Wissen vermittelt. Sehr lesenswert! <\/p>\n<\/div><\/div>\n\n\n\n<p class=\"has-text-align-center\">_ _ _ <\/p>\n\n\n\n<div class=\"wp-block-media-text has-media-on-the-right is-vertically-aligned-center\" style=\"grid-template-columns:auto 25%\"><div class=\"wp-block-media-text__content\">\n<p class=\"has-small-font-size\"><em>Online-eBook<\/em><br><br>Im Februar 2026 habe ich mir die App &#8222;readfy&#8220; installiert. In dieser App kann man gratis eBooks lesen, allerdings in der kostenlosen Version mit Werbeunterbrechungen. M\u00f6chte man die B\u00fccher leihen (also herunterladen und ohne Werbeunterbrechung lesen) kostet es monatlich etwas.<br>Als erstes eBook habe ich <strong><em>&#8222;Schicksalsjahre im Schwarzwald &#8211; Ein nicht selbstbestimmtes Leben&#8220;<\/em><\/strong> von Erika Ebner gelesen &#8211; und bin zutiefst ber\u00fchrt. Es ist ein schmerzhaftes, aber wichtiges Buch \u00fcber eine Frau, die sich trotz der Grausamkeiten das Leben zur\u00fcckerobert hat. Sehr lesenswert.<\/p>\n<\/div><figure class=\"wp-block-media-text__media\"><img loading=\"lazy\" decoding=\"async\" width=\"294\" height=\"466\" src=\"https:\/\/buechertanz.de\/wp-content\/uploads\/2026\/02\/11-Schicksaljahre-im-Schwarzwald-Ein-nicht-selbstbestimmtes-Leben.jpg\" alt=\"\" class=\"wp-image-10384 size-full\" srcset=\"https:\/\/buechertanz.de\/wp-content\/uploads\/2026\/02\/11-Schicksaljahre-im-Schwarzwald-Ein-nicht-selbstbestimmtes-Leben.jpg 294w, https:\/\/buechertanz.de\/wp-content\/uploads\/2026\/02\/11-Schicksaljahre-im-Schwarzwald-Ein-nicht-selbstbestimmtes-Leben-189x300.jpg 189w\" sizes=\"auto, (max-width: 294px) 100vw, 294px\" \/><\/figure><\/div>\n\n\n\n<p class=\"has-text-align-center\">_ _ _ <\/p>\n\n\n\n<div class=\"wp-block-media-text is-vertically-aligned-center\" style=\"grid-template-columns:25% auto\"><figure class=\"wp-block-media-text__media\"><img loading=\"lazy\" decoding=\"async\" width=\"302\" height=\"445\" src=\"https:\/\/buechertanz.de\/wp-content\/uploads\/2026\/02\/12-Die-Falkenbach-Saga-Der-Pakt-der-Verraeter.jpg\" alt=\"\" class=\"wp-image-10386 size-full\" srcset=\"https:\/\/buechertanz.de\/wp-content\/uploads\/2026\/02\/12-Die-Falkenbach-Saga-Der-Pakt-der-Verraeter.jpg 302w, https:\/\/buechertanz.de\/wp-content\/uploads\/2026\/02\/12-Die-Falkenbach-Saga-Der-Pakt-der-Verraeter-204x300.jpg 204w\" sizes=\"auto, (max-width: 302px) 100vw, 302px\" \/><\/figure><div class=\"wp-block-media-text__content\">\n<p class=\"has-small-font-size\"><em>Selbst gekauft (eBook)<\/em><br><br>Weiter ging es mit dem dreizehnten Band einer absoluten Lieblingsreihe: <strong><em>&#8222;Die Falkenbach-Saga &#8211; Der Pakt der Verr\u00e4ter&#8220; <\/em><\/strong>von Ellin Carsta.<br>Wer noch z\u00f6gert, mit dieser fantastischen Reihe anzufangen, dem kann ich nur sagen: Traut euch! Die B\u00fccher sind nicht nur gleichbleibend spannend, sondern auch&nbsp;historisch unheimlich informativ und hervorragend recherchiert. Man lernt viel \u00fcber diese dunkle Epoche, ohne dass die Geschichte trocken wird. Ellin Carstas Schreibstil fesselt vom ersten Band an und l\u00e4sst auch nach 13 B\u00e4nden nicht nach. Ich liebe diese Saga und kann es kaum erwarten, wie es weitergeht! Ganz gro\u00dfe Leseempfehlung<br><br><\/p>\n<\/div><\/div>\n\n\n\n<p class=\"has-text-align-center\">_ _ _ <\/p>\n\n\n\n<div class=\"wp-block-media-text has-media-on-the-right is-vertically-aligned-center\" style=\"grid-template-columns:auto 25%\"><div class=\"wp-block-media-text__content\">\n<p class=\"has-small-font-size\"><em>Rezensionsexemplar <\/em>(Print)<br><br>Dieses Buch wollte ich eigentlich im Erscheinungsmonat November 2025 lesen &#8211; es gab allerdings Verz\u00f6gerungen. Jetzt habe ich es diesen Monat von der Autorin als signiertes Rezensionsexemplar erhalten, wof\u00fcr ich mich nochmals ganz herzlich bedanken m\u00f6chte.<br>Der Roman<em>&nbsp;<strong>\u201eIm Glanz der Freiheit\u201c<\/strong><\/em>&nbsp;von Clara Langenbach ist eine packende Reise in eine Zeit des Umbruchs. Es feiert Frauen, die sich trotz k\u00f6rperlicher und seelischer Narben nicht unterkriegen lassen, und zeigt, wie wichtig Freundschaft ist. Sehr lesenswert.&nbsp;<br><\/p>\n<\/div><figure class=\"wp-block-media-text__media\"><img loading=\"lazy\" decoding=\"async\" width=\"293\" height=\"445\" src=\"https:\/\/buechertanz.de\/wp-content\/uploads\/2026\/02\/13-Im-Glanz-der-Freiheit.jpg\" alt=\"\" class=\"wp-image-10390 size-full\" srcset=\"https:\/\/buechertanz.de\/wp-content\/uploads\/2026\/02\/13-Im-Glanz-der-Freiheit.jpg 293w, https:\/\/buechertanz.de\/wp-content\/uploads\/2026\/02\/13-Im-Glanz-der-Freiheit-198x300.jpg 198w\" sizes=\"auto, (max-width: 293px) 100vw, 293px\" \/><\/figure><\/div>\n\n\n\n<p class=\"has-text-align-center\">_ _ _ <\/p>\n\n\n\n<div class=\"wp-block-media-text is-vertically-aligned-center\" style=\"grid-template-columns:25% auto\"><figure class=\"wp-block-media-text__media\"><img loading=\"lazy\" decoding=\"async\" width=\"301\" height=\"466\" src=\"https:\/\/buechertanz.de\/wp-content\/uploads\/2026\/02\/14-Stay-away-from-Gretchen-Eine-unmoegliche-Liebe.jpg\" alt=\"\" class=\"wp-image-10407 size-full\" srcset=\"https:\/\/buechertanz.de\/wp-content\/uploads\/2026\/02\/14-Stay-away-from-Gretchen-Eine-unmoegliche-Liebe.jpg 301w, https:\/\/buechertanz.de\/wp-content\/uploads\/2026\/02\/14-Stay-away-from-Gretchen-Eine-unmoegliche-Liebe-194x300.jpg 194w\" sizes=\"auto, (max-width: 301px) 100vw, 301px\" \/><\/figure><div class=\"wp-block-media-text__content\">\n<p class=\"has-small-font-size\"><em>Buch aus zweiter Hand <\/em><br><br>Das Buch <strong><em>&#8222;Stay away from Gretchen &#8211; Eine unm\u00f6gliche Liebe&#8220; <\/em><\/strong>von Susanne Abel habe ich vor etwa zwei Jahren in einem \u00f6ffentlichen B\u00fccherschrank gefunden und jetzt endlich gelesen.<br>Susanne Abel hat ein Meisterwerk \u00fcber die Macht der Erinnerung und die Last ungeheilter Traumata geschrieben. Puuuh \u2026 was f\u00fcr eine absolut unvergessliche Geschichte und was f\u00fcr ein grandioses und mitrei\u00dfendes Leseerlebnis.<\/p>\n<\/div><\/div>\n\n\n\n<p class=\"has-text-align-center\">_ _ _ <\/p>\n\n\n\n<div class=\"wp-block-media-text has-media-on-the-right is-vertically-aligned-center\" style=\"grid-template-columns:auto 25%\"><div class=\"wp-block-media-text__content\">\n<p class=\"has-small-font-size\"><em>Selbst gekauft (eBook)<\/em><br><br>Das Buch <strong><em>&#8222;Kein b\u00f6ses Wort: in Paris&#8220; <\/em><\/strong>von Angela Ochel habe ich mir spontan gekauft und ich wollte die Geschichte auch direkt lesen. <br>W\u00e4hrend ich diese Geschichte&nbsp;gelesen habe, war es&nbsp;f\u00fcr mich, als liefe ein wundersch\u00f6ner Film in meinem Kopf ab. Angela Ochels Schreibstil ist so bildhaft und einf\u00fchlsam &#8211; diese Geschichte bleibt mit Sicherheit noch lange in meinem Leseherz. Ein Buch mit leisen und ber\u00fchrenden T\u00f6nen. Heilung beginnt oft dort, wo man es am wenigsten erwartet. Sehr lesenswert.&nbsp;<\/p>\n<\/div><figure class=\"wp-block-media-text__media\"><img loading=\"lazy\" decoding=\"async\" width=\"279\" height=\"445\" src=\"https:\/\/buechertanz.de\/wp-content\/uploads\/2026\/02\/15-Kein-boeses-Wort-in-Paris.jpg\" alt=\"\" class=\"wp-image-10411 size-full\" srcset=\"https:\/\/buechertanz.de\/wp-content\/uploads\/2026\/02\/15-Kein-boeses-Wort-in-Paris.jpg 279w, https:\/\/buechertanz.de\/wp-content\/uploads\/2026\/02\/15-Kein-boeses-Wort-in-Paris-188x300.jpg 188w\" sizes=\"auto, (max-width: 279px) 100vw, 279px\" \/><\/figure><\/div>\n\n\n\n<p class=\"has-text-align-center\">_ _ _ <\/p>\n\n\n\n<div class=\"wp-block-media-text is-vertically-aligned-center\" style=\"grid-template-columns:25% auto\"><figure class=\"wp-block-media-text__media\"><img loading=\"lazy\" decoding=\"async\" width=\"284\" height=\"445\" src=\"https:\/\/buechertanz.de\/wp-content\/uploads\/2026\/02\/16-Was-ich-nie-gesagt-habe-Gretchens-Schicksalsfamilie.jpg\" alt=\"\" class=\"wp-image-10430 size-full\" srcset=\"https:\/\/buechertanz.de\/wp-content\/uploads\/2026\/02\/16-Was-ich-nie-gesagt-habe-Gretchens-Schicksalsfamilie.jpg 284w, https:\/\/buechertanz.de\/wp-content\/uploads\/2026\/02\/16-Was-ich-nie-gesagt-habe-Gretchens-Schicksalsfamilie-191x300.jpg 191w\" sizes=\"auto, (max-width: 284px) 100vw, 284px\" \/><\/figure><div class=\"wp-block-media-text__content\">\n<p class=\"has-small-font-size\"><em>Selbst gekauft (Print)<\/em><br><br>Nachdem mich der erste Band der &#8222;Gretchen Reihe&#8220; von Susanne Abel so begeistert hat, musste ich einfach auch den zweiten Band lesen: <strong><em>&#8222;Was ich nie gesagt habe &#8211; Gretchens Schicksalsfamilie&#8220;.<\/em><\/strong><br>Ein absolut spannender und tief emotionaler Roman \u00fcber Liebe, Verlust und die Frage, was eine Familie im Kern zusammenh\u00e4lt. Eine absolute Leseempfehlung!<\/p>\n<\/div><\/div>\n\n\n\n<p class=\"has-text-align-center\">_ _ _ <\/p>\n\n\n\n<div class=\"wp-block-media-text has-media-on-the-right is-vertically-aligned-center\" style=\"grid-template-columns:auto 25%\"><div class=\"wp-block-media-text__content\">\n<p class=\"has-small-font-size\"><em>Selbst gekauft (Print)<\/em><br><br>Auf den Erscheinungstag von <strong><em>&#8222;Die Geister von Beelitz &#8211; Ein Fall f\u00fcr Leo Wechsler&#8220; <\/em><\/strong>habe ich richtig hin gefiebert. Ich liebe diese Buchreihe und freute mich sehr darauf, meinen Lieblingskommissar wieder zu treffen.<br>Dieser zehnte Band f\u00fcgt sich perfekt in die unterhaltsame Buchreihe ein, \u00fcberrascht durch seinen eher ungew\u00f6hnlichen Schauplatz und bietet von der ersten bis zur letzten Seite spannende Unterhaltung. Sehr sehr lesenswert. <\/p>\n<\/div><figure class=\"wp-block-media-text__media\"><img loading=\"lazy\" decoding=\"async\" width=\"284\" height=\"445\" src=\"https:\/\/buechertanz.de\/wp-content\/uploads\/2026\/02\/17-Die-Geister-von-Beelitz-Ein-Fall-fuer-Leo-Wechsler.jpg\" alt=\"\" class=\"wp-image-10434 size-full\" srcset=\"https:\/\/buechertanz.de\/wp-content\/uploads\/2026\/02\/17-Die-Geister-von-Beelitz-Ein-Fall-fuer-Leo-Wechsler.jpg 284w, https:\/\/buechertanz.de\/wp-content\/uploads\/2026\/02\/17-Die-Geister-von-Beelitz-Ein-Fall-fuer-Leo-Wechsler-191x300.jpg 191w\" sizes=\"auto, (max-width: 284px) 100vw, 284px\" \/><\/figure><\/div>\n\n\n\n<p class=\"has-text-align-center\">_ _ _ <\/p>\n\n\n\n<div class=\"wp-block-media-text is-vertically-aligned-center\" style=\"grid-template-columns:25% auto\"><figure class=\"wp-block-media-text__media\"><img loading=\"lazy\" decoding=\"async\" width=\"300\" height=\"466\" src=\"https:\/\/buechertanz.de\/wp-content\/uploads\/2026\/02\/18-Der-Getreue-des-Herzogs.jpg\" alt=\"\" class=\"wp-image-10440 size-full\" srcset=\"https:\/\/buechertanz.de\/wp-content\/uploads\/2026\/02\/18-Der-Getreue-des-Herzogs.jpg 300w, https:\/\/buechertanz.de\/wp-content\/uploads\/2026\/02\/18-Der-Getreue-des-Herzogs-193x300.jpg 193w\" sizes=\"auto, (max-width: 300px) 100vw, 300px\" \/><\/figure><div class=\"wp-block-media-text__content\">\n<p class=\"has-small-font-size\"><em>Geschenk (Print)<\/em><br><br>Das Buch <strong><em><a href=\"https:\/\/buechertanz.de\/?p=10447\" target=\"_blank\" rel=\"noreferrer noopener\">&#8222;Der Getreue des Herzogs&#8220;<\/a> <\/em><\/strong>von Johanna von Wild habe ich von der Autorin geschenkt bekommen &#8211; herzlichen Dank daf\u00fcr.<br>Dieser historische Roman hat mich emotional aufgew\u00fchlt auch historisch bereichert. Ich bin tief in die Geschichte W\u00fcrttembergs eingetaucht und habe einiges dazu gelernt. Ganz ganz gro\u00dfe Leseempfehlung.<\/p>\n<\/div><\/div>\n\n\n\n<p class=\"has-text-align-center\">_ _ _ <\/p>\n","protected":false},"excerpt":{"rendered":"<p>Im\u00a0Februar 2026\u00a0habe ich\u00a0neun B\u00fccher\/eBooks\u00a0mit insgesamt\u00a03.299 Seiten\u00a0gelesen: \u2013 Zwei Rezensionsexemplare (Prints)\u2013 Ein Geschenk (Print)\u2013 Vier selbst gekaufte B\u00fccher\/eBooks (zwei Prints, zwei eBooks)\u2013 Ein Online-eBook aus der App &#8222;readfy&#8220;\u2013 Ein Buch aus zweiter Hand Ein herzlicher Dank geht an den Droemer-Knaur Verlag und an die Autorinnen Anna Thaler und Clara Langenbach f\u00fcr die Zusendung und Bereitstellung der &hellip; <a href=\"https:\/\/buechertanz.de\/?page_id=10457\" class=\"more-link\"><span class=\"screen-reader-text\">Gelesen Februar 2026<\/span> weiterlesen<\/a><\/p>\n","protected":false},"author":2,"featured_media":0,"parent":0,"menu_order":0,"comment_status":"open","ping_status":"closed","template":"","meta":{"footnotes":""},"class_list":["post-10457","page","type-page","status-publish","hentry"],"_links":{"self":[{"href":"https:\/\/buechertanz.de\/index.php?rest_route=\/wp\/v2\/pages\/10457","targetHints":{"allow":["GET"]}}],"collection":[{"href":"https:\/\/buechertanz.de\/index.php?rest_route=\/wp\/v2\/pages"}],"about":[{"href":"https:\/\/buechertanz.de\/index.php?rest_route=\/wp\/v2\/types\/page"}],"author":[{"embeddable":true,"href":"https:\/\/buechertanz.de\/index.php?rest_route=\/wp\/v2\/users\/2"}],"replies":[{"embeddable":true,"href":"https:\/\/buechertanz.de\/index.php?rest_route=%2Fwp%2Fv2%2Fcomments&post=10457"}],"version-history":[{"count":5,"href":"https:\/\/buechertanz.de\/index.php?rest_route=\/wp\/v2\/pages\/10457\/revisions"}],"predecessor-version":[{"id":10493,"href":"https:\/\/buechertanz.de\/index.php?rest_route=\/wp\/v2\/pages\/10457\/revisions\/10493"}],"wp:attachment":[{"href":"https:\/\/buechertanz.de\/index.php?rest_route=%2Fwp%2Fv2%2Fmedia&parent=10457"}],"curies":[{"name":"wp","href":"https:\/\/api.w.org\/{rel}","templated":true}]}}