{"id":10469,"date":"2026-02-27T13:24:13","date_gmt":"2026-02-27T12:24:13","guid":{"rendered":"https:\/\/buechertanz.de\/?page_id=10469"},"modified":"2026-02-28T16:04:24","modified_gmt":"2026-02-28T15:04:24","slug":"neuzugaenge-februar-2026","status":"publish","type":"page","link":"https:\/\/buechertanz.de\/?page_id=10469","title":{"rendered":"Neuzug\u00e4nge Februar 2026"},"content":{"rendered":"\n<p class=\"has-drop-cap has-small-font-size\">Im&nbsp;<strong>Februar 2026<\/strong>&nbsp;sind insgesamt&nbsp;<strong>13 B\u00fccher\/ebooks<\/strong>&nbsp;hier eingezogen:<br><br><\/p>\n\n\n\n<div class=\"wp-block-media-text is-vertically-aligned-center\" style=\"grid-template-columns:41% auto\"><figure class=\"wp-block-media-text__media\"><img loading=\"lazy\" decoding=\"async\" width=\"759\" height=\"949\" src=\"https:\/\/buechertanz.de\/wp-content\/uploads\/2026\/02\/02-Januar_komplett_komp.jpg\" alt=\"\" class=\"wp-image-10484 size-full\" srcset=\"https:\/\/buechertanz.de\/wp-content\/uploads\/2026\/02\/02-Januar_komplett_komp.jpg 759w, https:\/\/buechertanz.de\/wp-content\/uploads\/2026\/02\/02-Januar_komplett_komp-240x300.jpg 240w\" sizes=\"auto, (max-width: 759px) 100vw, 759px\" \/><\/figure><div class=\"wp-block-media-text__content\">\n<p class=\"has-small-font-size\">\u2013 Ein Rezensionsexemplar (Print)<br>\u2013 Zwei Geschenke (Print)<br>\u2013 Zwei B\u00fccher aus zweiter Hand<br>\u2013 Acht selbst gekaufte B\u00fccher (vier Prints, vier eBooks)<\/p>\n<\/div><\/div>\n\n\n\n<p class=\"has-small-font-size\">Herzlichen Dank an die Autorin Clara Langenbach f\u00fcr die Zusendung des signierten Rezensionsexemplars und an Johanna von Wild f\u00fcr die beiden Geschenke.<br>Falls es schon ausf\u00fchrlichen Rezensionen gibt, gelangt ihr mit einem Klick auf den Titel dorthin.<br>Ich freue mich schon auf viele gem\u00fctliche Lesestunden und w\u00fcnsche euch viel Spa\u00df beim St\u00f6bern!<\/p>\n\n\n\n<p class=\"has-small-font-size\">Eure<\/p>\n\n\n\n<figure class=\"wp-block-image size-large is-resized\"><img loading=\"lazy\" decoding=\"async\" width=\"1024\" height=\"404\" src=\"https:\/\/buechertanz.de\/wp-content\/uploads\/2024\/06\/Unterschrift-1024x404.jpg\" alt=\"\" class=\"wp-image-7473\" style=\"width:164px;height:auto\" srcset=\"https:\/\/buechertanz.de\/wp-content\/uploads\/2024\/06\/Unterschrift-1024x404.jpg 1024w, https:\/\/buechertanz.de\/wp-content\/uploads\/2024\/06\/Unterschrift-300x118.jpg 300w, https:\/\/buechertanz.de\/wp-content\/uploads\/2024\/06\/Unterschrift-768x303.jpg 768w, https:\/\/buechertanz.de\/wp-content\/uploads\/2024\/06\/Unterschrift.jpg 1500w\" sizes=\"auto, (max-width: 1024px) 100vw, 1024px\" \/><\/figure>\n\n\n\n<p class=\"has-text-align-center\">_ _ _ <\/p>\n\n\n\n<p class=\"has-small-font-size\"><strong>Rezensionsexemplare\/ Geschenke\/ Second Hand:<\/strong><\/p>\n\n\n<div class=\"wp-block-image\">\n<figure class=\"aligncenter size-full is-resized\"><img loading=\"lazy\" decoding=\"async\" width=\"706\" height=\"883\" src=\"https:\/\/buechertanz.de\/wp-content\/uploads\/2026\/02\/02-Januar_Rezensionsexemplare_Geschenke_Buecher-aus-zweiter-Hand_komp.jpg\" alt=\"\" class=\"wp-image-10482\" style=\"width:320px;height:auto\" srcset=\"https:\/\/buechertanz.de\/wp-content\/uploads\/2026\/02\/02-Januar_Rezensionsexemplare_Geschenke_Buecher-aus-zweiter-Hand_komp.jpg 706w, https:\/\/buechertanz.de\/wp-content\/uploads\/2026\/02\/02-Januar_Rezensionsexemplare_Geschenke_Buecher-aus-zweiter-Hand_komp-240x300.jpg 240w\" sizes=\"auto, (max-width: 706px) 100vw, 706px\" \/><\/figure><\/div>\n\n\n<ul class=\"wp-block-list\">\n<li class=\"has-small-font-size\"><strong>Clara Langenbach:<br><\/strong><em><a href=\"https:\/\/buechertanz.de\/?p=10397\" target=\"_blank\" rel=\"noreferrer noopener\">&#8222;Im Glanz der Freiheit&#8220;<\/a><\/em> (Print)<\/li>\n\n\n\n<li class=\"has-small-font-size\"><strong>Johanna von Wild:<br><\/strong><em><a href=\"https:\/\/buechertanz.de\/?p=10447\" target=\"_blank\" rel=\"noreferrer noopener\">&#8222;Der Getreue des Herzogs&#8220;<\/a><\/em> (Print) &amp; <em>&#8222;Das Erbe derer von Thurn und Taxis&#8220;<\/em> (Print)<\/li>\n\n\n\n<li class=\"has-small-font-size\"><strong>Zelda Fitzgerald:<br><\/strong><em>&#8222;Himbeeren mit Sahne im Ritz&#8220;<\/em> (Print)<\/li>\n\n\n\n<li class=\"has-small-font-size\"><strong>Vanessa G\u00f6cking:<br><\/strong><em>&#8222;Die Sonne in dir&#8220;<\/em> (Print)<\/li>\n<\/ul>\n\n\n\n<p class=\"has-text-align-center\">_ _ _ <\/p>\n\n\n\n<p class=\"has-small-font-size\"><strong>Selbstgekaufte B\u00fccher\/ eBooks:<\/strong><\/p>\n\n\n<div class=\"wp-block-image\">\n<figure class=\"aligncenter size-full is-resized\"><img loading=\"lazy\" decoding=\"async\" width=\"680\" height=\"850\" src=\"https:\/\/buechertanz.de\/wp-content\/uploads\/2026\/02\/02-Januar_Selbst_gekauft_komp.jpg\" alt=\"\" class=\"wp-image-10483\" style=\"width:320px;height:auto\" srcset=\"https:\/\/buechertanz.de\/wp-content\/uploads\/2026\/02\/02-Januar_Selbst_gekauft_komp.jpg 680w, https:\/\/buechertanz.de\/wp-content\/uploads\/2026\/02\/02-Januar_Selbst_gekauft_komp-240x300.jpg 240w\" sizes=\"auto, (max-width: 680px) 100vw, 680px\" \/><\/figure><\/div>\n\n\n<ul class=\"wp-block-list\">\n<li class=\"has-small-font-size\"><strong>Ines Thorn:<\/strong><br><em>&#8222;Die Bilder unseres Lebens&#8220; <\/em>(eBook)<\/li>\n\n\n\n<li class=\"has-small-font-size\"><strong>Ellin Carsta:<\/strong><br><em>&#8222;Die Falkenbach-Saga &#8211; Der Pakt der Verr\u00e4ter&#8220; <\/em>(eBook)<\/li>\n\n\n\n<li class=\"has-small-font-size\"><strong>Sarah Lindberg:<\/strong><br><em>&#8222;Die Fabrikantinnen &#8211; Schwesternbande&#8220; <\/em>(eBook)<\/li>\n\n\n\n<li class=\"has-small-font-size\"><strong>Susanne Abel:<\/strong><br><em>&#8222;Was ich nie gesagt habe &#8211; Gretchens Schicksalsfamilie&#8220; <\/em>(Print) &amp; <em>&#8222;Du musst meine Hand fester halten, Nr. 104&#8220; <\/em>(Print)<\/li>\n\n\n\n<li class=\"has-small-font-size\"><strong>Johanna von Wild:<\/strong><br><em><a href=\"https:\/\/buechertanz.de\/?p=8075\" target=\"_blank\" rel=\"noreferrer noopener\">&#8222;Die Erleuchtung der Welt&#8220;<\/a> <\/em>(Print)<\/li>\n\n\n\n<li class=\"has-small-font-size\"><strong>Lotte R\u00f6mer:<\/strong><br><em>&#8222;Das mutige M\u00e4dchen&#8220; <\/em>(eBook)<br><\/li>\n<\/ul>\n\n\n\n<p class=\"has-text-align-center\">_ _ _ <\/p>\n","protected":false},"excerpt":{"rendered":"<p>Im&nbsp;Februar 2026&nbsp;sind insgesamt&nbsp;13 B\u00fccher\/ebooks&nbsp;hier eingezogen: \u2013 Ein Rezensionsexemplar (Print)\u2013 Zwei Geschenke (Print)\u2013 Zwei B\u00fccher aus zweiter Hand\u2013 Acht selbst gekaufte B\u00fccher (vier Prints, vier eBooks) Herzlichen Dank an die Autorin Clara Langenbach f\u00fcr die Zusendung des signierten Rezensionsexemplars und an Johanna von Wild f\u00fcr die beiden Geschenke.Falls es schon ausf\u00fchrlichen Rezensionen gibt, gelangt ihr mit &hellip; <a href=\"https:\/\/buechertanz.de\/?page_id=10469\" class=\"more-link\"><span class=\"screen-reader-text\">Neuzug\u00e4nge Februar 2026<\/span> weiterlesen<\/a><\/p>\n","protected":false},"author":2,"featured_media":0,"parent":0,"menu_order":0,"comment_status":"open","ping_status":"closed","template":"","meta":{"footnotes":""},"class_list":["post-10469","page","type-page","status-publish","hentry"],"_links":{"self":[{"href":"https:\/\/buechertanz.de\/index.php?rest_route=\/wp\/v2\/pages\/10469","targetHints":{"allow":["GET"]}}],"collection":[{"href":"https:\/\/buechertanz.de\/index.php?rest_route=\/wp\/v2\/pages"}],"about":[{"href":"https:\/\/buechertanz.de\/index.php?rest_route=\/wp\/v2\/types\/page"}],"author":[{"embeddable":true,"href":"https:\/\/buechertanz.de\/index.php?rest_route=\/wp\/v2\/users\/2"}],"replies":[{"embeddable":true,"href":"https:\/\/buechertanz.de\/index.php?rest_route=%2Fwp%2Fv2%2Fcomments&post=10469"}],"version-history":[{"count":9,"href":"https:\/\/buechertanz.de\/index.php?rest_route=\/wp\/v2\/pages\/10469\/revisions"}],"predecessor-version":[{"id":10494,"href":"https:\/\/buechertanz.de\/index.php?rest_route=\/wp\/v2\/pages\/10469\/revisions\/10494"}],"wp:attachment":[{"href":"https:\/\/buechertanz.de\/index.php?rest_route=%2Fwp%2Fv2%2Fmedia&parent=10469"}],"curies":[{"name":"wp","href":"https:\/\/api.w.org\/{rel}","templated":true}]}}