{"id":10617,"date":"2026-03-27T22:57:56","date_gmt":"2026-03-27T21:57:56","guid":{"rendered":"https:\/\/buechertanz.de\/?page_id=10617"},"modified":"2026-04-16T21:55:26","modified_gmt":"2026-04-16T20:55:26","slug":"neuzugaenge-maerz-2026","status":"publish","type":"page","link":"https:\/\/buechertanz.de\/?page_id=10617","title":{"rendered":"Neuzug\u00e4nge M\u00e4rz 2026"},"content":{"rendered":"\n<p class=\"has-drop-cap has-small-font-size\">Im&nbsp;<strong>M\u00e4rz 2026<\/strong>&nbsp;sind insgesamt&nbsp;<strong>zw\u00f6lf B\u00fccher\/ebooks<\/strong>&nbsp;hier eingezogen:<\/p>\n\n\n\n<p><\/p>\n\n\n\n<div class=\"wp-block-media-text is-vertically-aligned-center\" style=\"grid-template-columns:53% auto\"><figure class=\"wp-block-media-text__media\"><img loading=\"lazy\" decoding=\"async\" width=\"706\" height=\"883\" src=\"https:\/\/buechertanz.de\/wp-content\/uploads\/2026\/03\/03-Maerz_komplett_komp.jpg\" alt=\"\" class=\"wp-image-10634 size-full\" srcset=\"https:\/\/buechertanz.de\/wp-content\/uploads\/2026\/03\/03-Maerz_komplett_komp.jpg 706w, https:\/\/buechertanz.de\/wp-content\/uploads\/2026\/03\/03-Maerz_komplett_komp-240x300.jpg 240w\" sizes=\"auto, (max-width: 706px) 100vw, 706px\" \/><\/figure><div class=\"wp-block-media-text__content\">\n<ul class=\"wp-block-list\">\n<li class=\"has-small-font-size\">Zehn selbst gekaufte B\u00fccher &amp; eBooks (zwei eBooks, acht Prints)<\/li>\n\n\n\n<li class=\"has-small-font-size\">Ein Rezensionsexemplar (Print)<\/li>\n\n\n\n<li class=\"has-small-font-size\">Ein Buch aus zweiter Hand (Print)<\/li>\n<\/ul>\n<\/div><\/div>\n\n\n\n<p class=\"has-small-font-size\" style=\"font-style:normal;font-weight:600;text-decoration:underline\"><strong>Selbst gekaufte B\u00fccher\/ eBooks:<\/strong><\/p>\n\n\n\n<ul class=\"wp-block-list\">\n<li class=\"has-small-font-size\"><strong>Sabine Wei\u00df:<\/strong><br><em>&#8222;Der Schrein der K\u00f6nige&#8220;<\/em> (eBook)<\/li>\n\n\n\n<li class=\"has-small-font-size\"><strong>Gabriella Engelmann:<\/strong><br><em><a href=\"https:\/\/buechertanz.de\/?p=10551\" target=\"_blank\" rel=\"noreferrer noopener\">&#8222;Die B\u00fccherfrauen von Listland &#8211; Der Duft des Strandhafers&#8220;<\/a><\/em> (eBook)<\/li>\n\n\n\n<li class=\"has-small-font-size\"><strong>Caren Benedikt:<\/strong><br><em>&#8222;Grand Hotel Usedom &#8211; Tosende See&#8220;<\/em> (Print)<\/li>\n\n\n\n<li class=\"has-small-font-size\"><strong>Bettina Seidl:<\/strong><br><em><a href=\"https:\/\/buechertanz.de\/?p=10567\" target=\"_blank\" rel=\"noreferrer noopener\">&#8222;Im Jahr der Waldbl\u00fcte&#8220;<\/a><\/em> (Print)<\/li>\n\n\n\n<li class=\"has-small-font-size\"><strong>Priska Buchsbaum:<\/strong><br><em><a href=\"https:\/\/buechertanz.de\/?p=10679\" target=\"_blank\" rel=\"noreferrer noopener\">&#8222;Der Rosenhof&#8220;<\/a><\/em> (Print)<\/li>\n\n\n\n<li class=\"has-small-font-size\"><strong>Cristina Caboni:<\/strong><br><em><a href=\"https:\/\/buechertanz.de\/?p=10580\" target=\"_blank\" rel=\"noreferrer noopener\">&#8222;Das Leuchten von Ligurien&#8220;<\/a><\/em> (Print)<\/li>\n\n\n\n<li class=\"has-small-font-size\"><strong>Evie Woods:<\/strong><br><em>&#8222;Das Geheimnis des Geigenbauers&#8220;<\/em> (Print)<br><br>Diese B\u00fccher sind nicht auf dem Bild zu sehen:<\/li>\n<\/ul>\n\n\n\n<ul class=\"wp-block-list\">\n<li class=\"has-small-font-size\"><strong>Juliane Jensen:<\/strong><br><em>&#8222;Wir M\u00e4dchen vom Kiez&#8220;<\/em> (Print)<\/li>\n\n\n\n<li class=\"has-small-font-size\"><strong>Lea Stein:<\/strong><br><em>&#8222;Altes Leid &#8211; Ein Fall f\u00fcr Ida Rabe&#8220;<\/em> (Print)<\/li>\n\n\n\n<li class=\"has-small-font-size\"><strong>Matthias Gretzschel:<\/strong><br><em>&#8222;Hamburg &#8211; Kleine Stadtgeschichte&#8220;<\/em> (Print)<\/li>\n<\/ul>\n\n\n\n<p class=\"has-small-font-size\" style=\"text-decoration:underline\"><strong>Rezensionsexemplar &amp; Buch aus zweiter Hand:<\/strong><\/p>\n\n\n\n<ul class=\"wp-block-list\">\n<li class=\"has-small-font-size\"><strong>Johanna von Wild:<\/strong><br><em><a href=\"https:\/\/buechertanz.de\/?p=10515\" target=\"_blank\" rel=\"noreferrer noopener\">&#8222;Das Schicksal der Herzogin&#8220;<\/a><\/em> (Print)<\/li>\n\n\n\n<li class=\"has-small-font-size\"><strong>Amelia Carr:<\/strong><br><em>&#8222;Die Pilotin&#8220;<\/em> (Print)<\/li>\n<\/ul>\n\n\n\n<p class=\"has-small-font-size\">Herzlichen Dank an die Autorin Johanna von Wild f\u00fcr das signierte Rezensionsexemplar. <br>Ich freue mich auf viele gem\u00fctliche, unterhaltsame und spannende Lesestunden. Falls es auf meinem Blog schon eine Rezension gibt, gelangt ihr mit einem Klick auf den jeweiligen Titel direkt zur Rezension.<\/p>\n\n\n\n<p class=\"has-small-font-size\">Liebe Gr\u00fc\u00dfe, eure<\/p>\n\n\n\n<figure class=\"wp-block-image size-large is-resized\"><img loading=\"lazy\" decoding=\"async\" width=\"1024\" height=\"404\" src=\"https:\/\/buechertanz.de\/wp-content\/uploads\/2024\/06\/Unterschrift-1024x404.jpg\" alt=\"\" class=\"wp-image-7473\" style=\"width:201px;height:auto\" srcset=\"https:\/\/buechertanz.de\/wp-content\/uploads\/2024\/06\/Unterschrift-1024x404.jpg 1024w, https:\/\/buechertanz.de\/wp-content\/uploads\/2024\/06\/Unterschrift-300x118.jpg 300w, https:\/\/buechertanz.de\/wp-content\/uploads\/2024\/06\/Unterschrift-768x303.jpg 768w, https:\/\/buechertanz.de\/wp-content\/uploads\/2024\/06\/Unterschrift.jpg 1500w\" sizes=\"auto, (max-width: 1024px) 100vw, 1024px\" \/><\/figure>\n\n\n\n<p class=\"has-text-align-center\">_ _ _ <\/p>\n","protected":false},"excerpt":{"rendered":"<p>Im&nbsp;M\u00e4rz 2026&nbsp;sind insgesamt&nbsp;zw\u00f6lf B\u00fccher\/ebooks&nbsp;hier eingezogen: Selbst gekaufte B\u00fccher\/ eBooks: Rezensionsexemplar &amp; Buch aus zweiter Hand: Herzlichen Dank an die Autorin Johanna von Wild f\u00fcr das signierte Rezensionsexemplar. Ich freue mich auf viele gem\u00fctliche, unterhaltsame und spannende Lesestunden. Falls es auf meinem Blog schon eine Rezension gibt, gelangt ihr mit einem Klick auf den jeweiligen Titel &hellip; <a href=\"https:\/\/buechertanz.de\/?page_id=10617\" class=\"more-link\"><span class=\"screen-reader-text\">Neuzug\u00e4nge M\u00e4rz 2026<\/span> weiterlesen<\/a><\/p>\n","protected":false},"author":2,"featured_media":0,"parent":0,"menu_order":0,"comment_status":"open","ping_status":"closed","template":"","meta":{"footnotes":""},"class_list":["post-10617","page","type-page","status-publish","hentry"],"_links":{"self":[{"href":"https:\/\/buechertanz.de\/index.php?rest_route=\/wp\/v2\/pages\/10617","targetHints":{"allow":["GET"]}}],"collection":[{"href":"https:\/\/buechertanz.de\/index.php?rest_route=\/wp\/v2\/pages"}],"about":[{"href":"https:\/\/buechertanz.de\/index.php?rest_route=\/wp\/v2\/types\/page"}],"author":[{"embeddable":true,"href":"https:\/\/buechertanz.de\/index.php?rest_route=\/wp\/v2\/users\/2"}],"replies":[{"embeddable":true,"href":"https:\/\/buechertanz.de\/index.php?rest_route=%2Fwp%2Fv2%2Fcomments&post=10617"}],"version-history":[{"count":9,"href":"https:\/\/buechertanz.de\/index.php?rest_route=\/wp\/v2\/pages\/10617\/revisions"}],"predecessor-version":[{"id":10686,"href":"https:\/\/buechertanz.de\/index.php?rest_route=\/wp\/v2\/pages\/10617\/revisions\/10686"}],"wp:attachment":[{"href":"https:\/\/buechertanz.de\/index.php?rest_route=%2Fwp%2Fv2%2Fmedia&parent=10617"}],"curies":[{"name":"wp","href":"https:\/\/api.w.org\/{rel}","templated":true}]}}