{"id":1152,"date":"2020-03-01T16:35:32","date_gmt":"2020-03-01T15:35:32","guid":{"rendered":"http:\/\/buechertanz.de\/?page_id=1152"},"modified":"2023-01-04T13:50:28","modified_gmt":"2023-01-04T12:50:28","slug":"neuzugaenge-februar-2020","status":"publish","type":"page","link":"https:\/\/buechertanz.de\/?page_id=1152","title":{"rendered":"Neuzug\u00e4nge Februar 2020"},"content":{"rendered":"\n<p class=\"has-drop-cap has-small-font-size\">Im Februar 2020 sind 30 neue B\u00fccher eingezogen:<br>Zehn neue B\u00fccher, dreizehn B\u00fccher aus \u00f6ffentlichen B\u00fccherschr\u00e4nken, zwei B\u00fccher aus dem Antiquariat und f\u00fcnf B\u00fccher aus &#8218;zu verschenken Kisten&#8216;. <br><br>Falls es eine Rezension auf meinem Blog gibt, gelangt ihr mit einem Klick auf den Titel direkt bei der Rezension. <\/p>\n\n\n\n<p>_<\/p>\n\n\n<div class=\"wp-block-image\">\n<figure class=\"aligncenter is-resized\"><img loading=\"lazy\" decoding=\"async\" src=\"https:\/\/buechertanz.de\/wp-content\/uploads\/2020\/03\/02-Februar-neu-01-1024x768.jpg\" alt=\"\" class=\"wp-image-1167\" width=\"435\" height=\"326\" srcset=\"https:\/\/buechertanz.de\/wp-content\/uploads\/2020\/03\/02-Februar-neu-01-1024x768.jpg 1024w, https:\/\/buechertanz.de\/wp-content\/uploads\/2020\/03\/02-Februar-neu-01-300x225.jpg 300w, https:\/\/buechertanz.de\/wp-content\/uploads\/2020\/03\/02-Februar-neu-01-768x576.jpg 768w\" sizes=\"auto, (max-width: 435px) 100vw, 435px\" \/><\/figure><\/div>\n\n\n<p class=\"has-drop-cap has-text-align-left has-small-font-size\"><strong>Neue B\u00fccher\/ Gewinne:<\/strong><\/p>\n\n\n\n<p><\/p>\n\n\n\n<ul class=\"has-small-font-size wp-block-list\"><li>Titus M\u00fcller: <br><em>&#8222;Die Brillenmacherin&#8220;<\/em><\/li><li>Kimberley Wilkens: <br><em>&#8222;Das Haus am Leuchtturm&#8220;<\/em><\/li><li>Anja Baumheir:<br><em>&#8222;Kranichland&#8220;<\/em><\/li><li>Eowyn Ivey: <br><em>&#8222;Das Leuchten am Rand der Welt&#8220;<\/em><\/li><li>John Williams: <br><em>&#8222;Augustus&#8220;<\/em><\/li><li>Eva Stachniak: <br><em>&#8222;Die Zarin der Nacht&#8220;<\/em><\/li><li>Wolf Serno: <br><em>&#8222;Die Sieben Tods\u00fcnden&#8220;<\/em><\/li><li>Antonio Labo Antunes: <br><em>&#8222;Mitternacht zu sein ist nicht jedem gegeben&#8220;<\/em><\/li><li>Katja Kulin: <br><em>&#8222;Marlene Dietrich&#8220;<\/em><\/li><li>Eva V\u00f6ller: <br><em>&#8222;Tulpengold&#8220;<\/em><\/li><\/ul>\n\n\n\n<p>_<\/p>\n\n\n<div class=\"wp-block-image\">\n<figure class=\"aligncenter is-resized\"><img loading=\"lazy\" decoding=\"async\" src=\"https:\/\/buechertanz.de\/wp-content\/uploads\/2020\/03\/02-Februar-B\u00fccherschrank-1024x768.jpg\" alt=\"\" class=\"wp-image-1168\" width=\"437\" height=\"328\" srcset=\"https:\/\/buechertanz.de\/wp-content\/uploads\/2020\/03\/02-Februar-B\u00fccherschrank-1024x768.jpg 1024w, https:\/\/buechertanz.de\/wp-content\/uploads\/2020\/03\/02-Februar-B\u00fccherschrank-300x225.jpg 300w, https:\/\/buechertanz.de\/wp-content\/uploads\/2020\/03\/02-Februar-B\u00fccherschrank-768x576.jpg 768w\" sizes=\"auto, (max-width: 437px) 100vw, 437px\" \/><\/figure><\/div>\n\n\n<p class=\"has-drop-cap has-text-align-left has-small-font-size\"><strong>B\u00fccher aus \u00f6ffentlichen B\u00fccherschr\u00e4nken:<\/strong><\/p>\n\n\n\n<p><\/p>\n\n\n\n<ul class=\"has-small-font-size wp-block-list\"><li>Margaret Atwood: <br><em>&#8222;alias Grace&#8220;<\/em><\/li><li>Virginia Woolf: <br><em>&#8222;Mrs Dalloway&#8220;<\/em><\/li><li>D\u00f6rte Hansen: <br><em>&#8222;Altes Land&#8220;<\/em><\/li><li>Jan- Philipp Sentker: <br><em>&#8222;Drachenspiele&#8220;<\/em><\/li><li>Rafik Schami: <br><em>&#8222;Erz\u00e4hler der Nacht&#8220; und &#8222;Die Sehnsucht f\u00e4hrt schwarz&#8220;<\/em><\/li><li>Martin Walser: <br><em>&#8222;Das dreizehnte Kapitel&#8220;<\/em><\/li><li>Ana Veloso: <br><em>&#8222;Der Duft der Kaffeebl\u00fcte&#8220;<\/em><\/li><li>Asta Scheib: <br><em>&#8222;Das Sch\u00f6nste, was ich sah&#8220;<\/em><\/li><li>Hazel Gaynor: <br><em>&#8222;Noch bevor das Jahr zu Ende ist&#8220;<\/em><\/li><li>Hakan Nesser: <br><em>&#8222;Kim Novak badete nie im See von Genezareth&#8220;<\/em><\/li><li>Isabell Allende: <br><em>&#8222;Fortunas T\u00f6chter&#8220;<\/em><\/li><\/ul>\n\n\n\n<p>_<\/p>\n\n\n<div class=\"wp-block-image\">\n<figure class=\"aligncenter is-resized\"><img loading=\"lazy\" decoding=\"async\" src=\"https:\/\/buechertanz.de\/wp-content\/uploads\/2020\/03\/02-Februar-Antiquariat-01-e1583079379105-768x1024.jpg\" alt=\"\" class=\"wp-image-1170\" width=\"312\" height=\"416\" srcset=\"https:\/\/buechertanz.de\/wp-content\/uploads\/2020\/03\/02-Februar-Antiquariat-01-e1583079379105-768x1024.jpg 768w, https:\/\/buechertanz.de\/wp-content\/uploads\/2020\/03\/02-Februar-Antiquariat-01-e1583079379105-225x300.jpg 225w\" sizes=\"auto, (max-width: 312px) 100vw, 312px\" \/><\/figure><\/div>\n\n\n<p class=\"has-drop-cap has-text-align-left has-small-font-size\"><strong>B\u00fccher aus dem Antiquariat:<\/strong><\/p>\n\n\n\n<p><\/p>\n\n\n\n<ul class=\"has-small-font-size wp-block-list\"><li>Ulla Hahn: <br><em>&#8222;Aufbruch&#8220;<\/em><\/li><li>Petra Oelker: <br><em>&#8222;Die Br\u00fccke zwischen den Welten&#8220;<\/em><\/li><\/ul>\n\n\n\n<p>_<\/p>\n\n\n<div class=\"wp-block-image\">\n<figure class=\"aligncenter is-resized\"><img loading=\"lazy\" decoding=\"async\" src=\"https:\/\/buechertanz.de\/wp-content\/uploads\/2020\/03\/02-Februar-B\u00fccherkisten-02-e1583079242223-768x1024.jpg\" alt=\"\" class=\"wp-image-1169\" width=\"284\" height=\"378\" srcset=\"https:\/\/buechertanz.de\/wp-content\/uploads\/2020\/03\/02-Februar-B\u00fccherkisten-02-e1583079242223-768x1024.jpg 768w, https:\/\/buechertanz.de\/wp-content\/uploads\/2020\/03\/02-Februar-B\u00fccherkisten-02-e1583079242223-225x300.jpg 225w\" sizes=\"auto, (max-width: 284px) 100vw, 284px\" \/><\/figure><\/div>\n\n\n<p class=\"has-drop-cap has-text-align-left has-small-font-size\"><strong>B\u00fccher aus &#8218;zu verschenken Kisten&#8216;:<\/strong><\/p>\n\n\n\n<p><\/p>\n\n\n\n<ul class=\"has-small-font-size wp-block-list\"><li>Jo Baker: <br><em>&#8222;Longbourn&#8220;<\/em> (englische Ausgabe)<\/li><li>Rachel Joyce: <br><em>&#8222;The unlikely pilgrimage of Harold Fry&#8220;<\/em><\/li><li>John Connolly: <br><em>&#8222;Das Buch der verlorenen Dinge&#8220;<\/em><\/li><li>Laurence Hill: <br><em>&#8222;Ich habe einen Namen&#8220;<\/em><\/li><li>Umberto Eco: <br><em>&#8222;Die geheimnisvolle Flamme der K\u00f6nigin Loana&#8220;<\/em><\/li><\/ul>\n\n\n\n<p>_<\/p>\n\n\n<div class=\"wp-block-image\">\n<figure class=\"aligncenter\"><img loading=\"lazy\" decoding=\"async\" width=\"264\" height=\"305\" src=\"https:\/\/buechertanz.de\/wp-content\/uploads\/2019\/03\/Blume-1.png\" alt=\"\" class=\"wp-image-363\" srcset=\"https:\/\/buechertanz.de\/wp-content\/uploads\/2019\/03\/Blume-1.png 264w, https:\/\/buechertanz.de\/wp-content\/uploads\/2019\/03\/Blume-1-260x300.png 260w\" sizes=\"auto, (max-width: 264px) 100vw, 264px\" \/><\/figure><\/div>","protected":false},"excerpt":{"rendered":"<p>Im Februar 2020 sind 30 neue B\u00fccher eingezogen:Zehn neue B\u00fccher, dreizehn B\u00fccher aus \u00f6ffentlichen B\u00fccherschr\u00e4nken, zwei B\u00fccher aus dem Antiquariat und f\u00fcnf B\u00fccher aus &#8218;zu verschenken Kisten&#8216;. Falls es eine Rezension auf meinem Blog gibt, gelangt ihr mit einem Klick auf den Titel direkt bei der Rezension. _ Neue B\u00fccher\/ Gewinne: Titus M\u00fcller: &#8222;Die Brillenmacherin&#8220; &hellip; <a href=\"https:\/\/buechertanz.de\/?page_id=1152\" class=\"more-link\"><span class=\"screen-reader-text\">Neuzug\u00e4nge Februar 2020<\/span> weiterlesen<\/a><\/p>\n","protected":false},"author":2,"featured_media":0,"parent":0,"menu_order":0,"comment_status":"open","ping_status":"closed","template":"","meta":{"footnotes":""},"class_list":["post-1152","page","type-page","status-publish","hentry"],"_links":{"self":[{"href":"https:\/\/buechertanz.de\/index.php?rest_route=\/wp\/v2\/pages\/1152","targetHints":{"allow":["GET"]}}],"collection":[{"href":"https:\/\/buechertanz.de\/index.php?rest_route=\/wp\/v2\/pages"}],"about":[{"href":"https:\/\/buechertanz.de\/index.php?rest_route=\/wp\/v2\/types\/page"}],"author":[{"embeddable":true,"href":"https:\/\/buechertanz.de\/index.php?rest_route=\/wp\/v2\/users\/2"}],"replies":[{"embeddable":true,"href":"https:\/\/buechertanz.de\/index.php?rest_route=%2Fwp%2Fv2%2Fcomments&post=1152"}],"version-history":[{"count":10,"href":"https:\/\/buechertanz.de\/index.php?rest_route=\/wp\/v2\/pages\/1152\/revisions"}],"predecessor-version":[{"id":4244,"href":"https:\/\/buechertanz.de\/index.php?rest_route=\/wp\/v2\/pages\/1152\/revisions\/4244"}],"wp:attachment":[{"href":"https:\/\/buechertanz.de\/index.php?rest_route=%2Fwp%2Fv2%2Fmedia&parent=1152"}],"curies":[{"name":"wp","href":"https:\/\/api.w.org\/{rel}","templated":true}]}}