{"id":1153,"date":"2020-03-01T16:35:32","date_gmt":"2020-03-01T15:35:32","guid":{"rendered":"http:\/\/buechertanz.de\/?page_id=1153"},"modified":"2020-03-01T18:40:06","modified_gmt":"2020-03-01T17:40:06","slug":"gelesen-februar-2020","status":"publish","type":"page","link":"https:\/\/buechertanz.de\/?page_id=1153","title":{"rendered":"Gelesen Februar 2020"},"content":{"rendered":"\n<p class=\"has-small-font-size\">Hier seht ihr die B\u00fccher, die ich im Februar 2020 gelesen habe und ihr bekommt einen ersten Eindruck. Die ausf\u00fchrlichen Rezensionen folgen.<br>Falls es schon eine Rezension auf meinem Blog gibt, gelangt ihr mit einem Klick auf den Titel direkt bei der Rezension.<\/p>\n\n\n\n<div class=\"wp-block-image\"><figure class=\"aligncenter is-resized\"><img loading=\"lazy\" decoding=\"async\" src=\"https:\/\/buechertanz.de\/wp-content\/uploads\/2020\/03\/02-Februar-02-e1583077185973-768x1024.jpg\" alt=\"\" class=\"wp-image-1162\" width=\"410\" height=\"547\" srcset=\"https:\/\/buechertanz.de\/wp-content\/uploads\/2020\/03\/02-Februar-02-e1583077185973-768x1024.jpg 768w, https:\/\/buechertanz.de\/wp-content\/uploads\/2020\/03\/02-Februar-02-e1583077185973-225x300.jpg 225w\" sizes=\"auto, (max-width: 410px) 100vw, 410px\" \/><figcaption><em>Gelesene B\u00fccher Februar 2020:<\/em><br>&#8211; Vier B\u00fccher<br>&#8211; 1.510 Seiten<\/figcaption><\/figure><\/div>\n\n\n\n<p class=\"has-small-font-size\">_<\/p>\n\n\n\n<p class=\"has-small-font-size\"><strong>Marie Lamballe: \u201eCaf\u00e9 Engel &#8211; T\u00f6chter der Hoffnung\u201c<\/strong><br><strong>erschienen am 31. Januar 2020<br>L\u00fcbbe, ISBN:  978-3404179176 <br><\/strong><br><strong>Klappentext:<\/strong><br><em>\u201eWiesbaden, 1959. Hilde Koch, die neue Chefin des Caf\u00e9 Engel, k\u00e4mpft tapfer gegen einen Konkurrenten, der mit Tanzabenden immer mehr G\u00e4ste anlockt. Ihr Ehemann Jean-Jacques ist ihr dabei keine gro\u00dfe St\u00fctze, seit er seinen Traum vom eigenen Weingut wahrgemacht hat. Als der neue Konditor des Caf\u00e9s Hilde heftig umwirbt, wird ihre Ehe auf eine harte Probe gestellt. F\u00fcr Hildes Bruder Wilhelm er\u00f6ffnen sich derweil ganz neue Horizonte, denn die boomende Filmindustrie lockt mit verf\u00fchrerischen Angeboten &#8230; \u201c<br><\/em><br><strong>Meine Meinung:<\/strong><br>Dieser Teil hatte gute, aber leider auch sehr viele schwache Momente. Es konnte mich nicht ganz \u00fcberzeugen, viele Fragen offen bleiben und viele Charaktere mir doch teilweise sehr auf die Nerven gingen. Vieles wirkte mir zu sehr konstruiert.<\/p>\n\n\n\n<p>_<\/p>\n\n\n\n<p class=\"has-small-font-size\"><strong>Charlotte Jacobi: \u201eSturm \u00fcber der Villa am Elbstrand\u201c<\/strong><br><strong>erschienen 03. Februar 2020<\/strong><br><strong>Piper, ISBN: 978-3492315258 <br><\/strong><br><strong>Klappentext:<\/strong><br><em>\u201eDer Zweite Weltkrieg hat auch die Nielands und ihre engen Vertrauten nicht verschont. Noch viele Jahre sp\u00e4ter sp\u00fcrt die Familie die erlittenen Verluste. Die angehende Journalistin Isabel, Enkelin von Sofie Timmlein und Edith Nieland, macht bei ihren Recherchen zudem eine Entdeckung, die weitreichende Folgen f\u00fcr die Familie hat. Unterdessen wird Isabels Cousine Rosa Timmlein durch den Bau der Mauer von der Familie getrennt. Als \u00fcber Hamburg eine verheerende Sturmflut hereinbricht, ist ein weiteres Mal der starke Zusammenhalt der Familien Nieland und Timmlein gefragt.&#8220;<\/em><br><br><strong>Meine Meinung:<\/strong><br>Der dritte und damit letzte Teil der Geschichte rund um die Villa am Elbstrand hat mir au\u00dferordentlich gut gefallen. Das Lebensgef\u00fchl, welches zu dieser Zeit geherrscht hat, kam prima r\u00fcber und ich habe endlich mal in einem Roman die Beatles getroffen. Ein von Anfang bis Ende stimmungsvolles Buch, welches ich teilweise gar nicht mehr aus der Hand legen wollte. <br>Ich bin traurig, dass diese tolle Reihe nun zu Ende ist. <\/p>\n\n\n\n<p>_<\/p>\n\n\n\n<p style=\"text-align:left\" class=\"has-small-font-size\"><strong>Rosemarie Marschner: \u201eDas B\u00fccherzimmer\u201c<\/strong><br><strong>erschienen im November 2008<\/strong><br><strong>dtv, ISBN: 9783423210997<\/strong><br><br><br><strong>Klappentext:<\/strong><br><em>\u201eSie ist die beste Sch\u00fclerin, die der Dorfschullehrer je hatte. Aber das n\u00fctzt Marie nichts, denn sie ist ein >Bankert&lt;. Das uneheliche Kind einer Mutter, die kaum selbst genug zum Leben hat. Und so muss sich Marie mit vierzehn als Dienstm\u00e4dchen in der gro\u00dfen Stadt verdingen. Bei >gn\u00e4digen Herrschaften&lt;, die sich kaum die M\u00fche machen, sich ihren Namen zu merken.&#8220;<br><\/em><br><strong>Meine Meinung:<\/strong><br>Das Buch lag etwa drei Jahre auf meinem SuB. Es hat sich so sehr gelohnt, es endlich zu lesen. Eine ausgefeilte Sprache, die mich teilweise atemlos zur\u00fcck lies und eine Handlung, die mich atemlos machte. Unbedingt lesen. Dieses Buch muss ich einfach empfehlen. <br><\/p>\n\n\n\n<p>_<\/p>\n\n\n\n<p class=\"has-small-font-size\"><strong>Truman Capote: &#8222;Fr\u00fchst\u00fcck bei Tiffany&#8220;<\/strong><br><strong>erschienen 2007<\/strong><br><strong>S\u00fcddeutsche Zeitung Bibliothek, ISBN: 9783866155015<\/strong><br><br><br><strong>Klappentext:<\/strong><br><em>&#8222;Truman Capote ist der perfekteste Schriftsteller meiner Generation. Ich h\u00e4tte keine zwei W\u00f6rter in &#8222;Fr\u00fchst\u00fcck bei Tiffany&#8220; \u00e4ndern wollen (Norman Mailer)&#8220;<\/em><br><br><strong>Meine Meinung:<\/strong><br>Ich habe den Film nie wirklich von vorne bis hinten angeschaut, die Schlussszene ist mir aber gut im Kopf geblieben. <br>Zum Buch ist zu sagen: Ganz gro\u00dfe Literatur. Ein schmales Buch mit einem Inhalt, der mich innehalten lies. Sehr empfehlenswert! Ich werde mir demn\u00e4chst mal auf jeden Fall den Film anschauen. \ud83d\ude42<\/p>\n\n\n\n<p>_<\/p>\n\n\n\n<div class=\"wp-block-image\"><figure class=\"aligncenter is-resized\"><img loading=\"lazy\" decoding=\"async\" src=\"https:\/\/buechertanz.de\/wp-content\/uploads\/2019\/03\/Blume-4.png\" alt=\"\" class=\"wp-image-366\" width=\"197\" height=\"228\" srcset=\"https:\/\/buechertanz.de\/wp-content\/uploads\/2019\/03\/Blume-4.png 264w, https:\/\/buechertanz.de\/wp-content\/uploads\/2019\/03\/Blume-4-260x300.png 260w\" sizes=\"auto, (max-width: 197px) 100vw, 197px\" \/><\/figure><\/div>\n\n\n\n<p><br><\/p>\n","protected":false},"excerpt":{"rendered":"<p>Hier seht ihr die B\u00fccher, die ich im Februar 2020 gelesen habe und ihr bekommt einen ersten Eindruck. Die ausf\u00fchrlichen Rezensionen folgen.Falls es schon eine Rezension auf meinem Blog gibt, gelangt ihr mit einem Klick auf den Titel direkt bei der Rezension. _ Marie Lamballe: \u201eCaf\u00e9 Engel &#8211; T\u00f6chter der Hoffnung\u201cerschienen am 31. Januar 2020L\u00fcbbe, &hellip; <a href=\"https:\/\/buechertanz.de\/?page_id=1153\" class=\"more-link\"><span class=\"screen-reader-text\">Gelesen Februar 2020<\/span> weiterlesen<\/a><\/p>\n","protected":false},"author":2,"featured_media":0,"parent":0,"menu_order":0,"comment_status":"open","ping_status":"closed","template":"","meta":{"footnotes":""},"class_list":["post-1153","page","type-page","status-publish","hentry"],"_links":{"self":[{"href":"https:\/\/buechertanz.de\/index.php?rest_route=\/wp\/v2\/pages\/1153","targetHints":{"allow":["GET"]}}],"collection":[{"href":"https:\/\/buechertanz.de\/index.php?rest_route=\/wp\/v2\/pages"}],"about":[{"href":"https:\/\/buechertanz.de\/index.php?rest_route=\/wp\/v2\/types\/page"}],"author":[{"embeddable":true,"href":"https:\/\/buechertanz.de\/index.php?rest_route=\/wp\/v2\/users\/2"}],"replies":[{"embeddable":true,"href":"https:\/\/buechertanz.de\/index.php?rest_route=%2Fwp%2Fv2%2Fcomments&post=1153"}],"version-history":[{"count":4,"href":"https:\/\/buechertanz.de\/index.php?rest_route=\/wp\/v2\/pages\/1153\/revisions"}],"predecessor-version":[{"id":1179,"href":"https:\/\/buechertanz.de\/index.php?rest_route=\/wp\/v2\/pages\/1153\/revisions\/1179"}],"wp:attachment":[{"href":"https:\/\/buechertanz.de\/index.php?rest_route=%2Fwp%2Fv2%2Fmedia&parent=1153"}],"curies":[{"name":"wp","href":"https:\/\/api.w.org\/{rel}","templated":true}]}}