{"id":1186,"date":"2020-04-11T10:33:32","date_gmt":"2020-04-11T09:33:32","guid":{"rendered":"http:\/\/buechertanz.de\/?page_id=1186"},"modified":"2023-01-04T13:51:11","modified_gmt":"2023-01-04T12:51:11","slug":"neuzugaenge-maerz-2020","status":"publish","type":"page","link":"https:\/\/buechertanz.de\/?page_id=1186","title":{"rendered":"Neuzug\u00e4nge M\u00e4rz 2020"},"content":{"rendered":"\n<p class=\"has-drop-cap has-small-font-size\">Im M\u00e4rz 2020 sind 31 neue B\u00fccher eingezogen:<br>Elf neue B\u00fccher, neunzehn B\u00fccher aus \u00f6ffentlichen B\u00fccherschr\u00e4nken und ein Buch aus einer \u201azu verschenken Kiste\u2018.<br>Ich habe von diesen Neuzug\u00e4ngen bereits &#8222;Die Weinbergfrauen&#8220; von Brigitte Guggisberg, &#8222;Meine zauberhafte Buchhandlung am Ufer der Seine&#8220; von Rebecca Raisin und Teil 2  von &#8222;Hotel Inselblick&#8220; von Anke Petersen gelesen.<br>Falls es eine Rezension auf meinem Blog gibt, gelangt ihr mit einem Klick auf den Titel direkt bei der Rezension. <\/p>\n\n\n\n<p>_<\/p>\n\n\n<div class=\"wp-block-image\">\n<figure class=\"aligncenter is-resized\"><img loading=\"lazy\" decoding=\"async\" src=\"https:\/\/buechertanz.de\/wp-content\/uploads\/2020\/04\/03-M\u00e4rz-neu-02-1024x576.jpg\" alt=\"\" class=\"wp-image-1210\" width=\"522\" height=\"293\" srcset=\"https:\/\/buechertanz.de\/wp-content\/uploads\/2020\/04\/03-M\u00e4rz-neu-02-1024x576.jpg 1024w, https:\/\/buechertanz.de\/wp-content\/uploads\/2020\/04\/03-M\u00e4rz-neu-02-300x169.jpg 300w, https:\/\/buechertanz.de\/wp-content\/uploads\/2020\/04\/03-M\u00e4rz-neu-02-768x432.jpg 768w\" sizes=\"auto, (max-width: 522px) 100vw, 522px\" \/><\/figure><\/div>\n\n\n<p class=\"has-drop-cap has-text-align-left has-small-font-size\"><strong>Neue B\u00fccher:<\/strong><\/p>\n\n\n\n<p><\/p>\n\n\n\n<ul class=\"has-small-font-size wp-block-list\"><li>Brigitte Guggisberg: <br><em>&#8222;Die Weinbergfrauen&#8220;<\/em><\/li><li>Daniel Wolf: <br><em>&#8222;Im Zeichen des L\u00f6wen&#8220;<\/em><\/li><li>Barbara Ellermeier: <br><em>&#8222;Hans Scholl&#8220;<\/em><\/li><li>Jeffrey Archer: <br><em>&#8222;Berg der Legenden&#8220;<\/em><\/li><li>Jason Matthews: <br><em>&#8222;Red Sparrow&#8220;<\/em><\/li><li>Sebastian Fitzek: <br><em>&#8222;Flugangst 7A&#8220;<\/em><\/li><li>Andrea Bottlinger: <br><em>&#8222;Das Geheimnis der Papiermacherin&#8220;<\/em><\/li><li>Rebecca Raisin: <br><em>&#8222;Mein zauberhafter Buchladen am Ufer der Seine&#8220;<\/em><\/li><li>Anke Petersen: <br><em>&#8222;Hotel Inselblick &#8211; Wind der Gezeiten&#8220; und &#8222;Hotel Inselblick &#8211; St\u00fcrmische See&#8220;<\/em><\/li><li>Simone van der Klugt: <br><em>&#8222;Nachtblau&#8220;<\/em><\/li><\/ul>\n\n\n\n<p>_<\/p>\n\n\n<div class=\"wp-block-image\">\n<figure class=\"aligncenter\"><img loading=\"lazy\" decoding=\"async\" width=\"1024\" height=\"576\" src=\"https:\/\/buechertanz.de\/wp-content\/uploads\/2020\/04\/03-M\u00e4rz-B\u00fccherschrank-01-1024x576.jpg\" alt=\"\" class=\"wp-image-1211\" srcset=\"https:\/\/buechertanz.de\/wp-content\/uploads\/2020\/04\/03-M\u00e4rz-B\u00fccherschrank-01-1024x576.jpg 1024w, https:\/\/buechertanz.de\/wp-content\/uploads\/2020\/04\/03-M\u00e4rz-B\u00fccherschrank-01-300x169.jpg 300w, https:\/\/buechertanz.de\/wp-content\/uploads\/2020\/04\/03-M\u00e4rz-B\u00fccherschrank-01-768x432.jpg 768w\" sizes=\"auto, (max-width: 1024px) 100vw, 1024px\" \/><\/figure><\/div>\n\n\n<p class=\"has-drop-cap has-text-align-left has-small-font-size\"><strong>B\u00fccher aus \u00f6ffentlichen B\u00fccherschr\u00e4nken:<\/strong><\/p>\n\n\n\n<p><\/p>\n\n\n\n<ul class=\"has-small-font-size wp-block-list\"><li>Marie-Louise Fischer: <br><em>&#8222;Eine Liebe in Berlin&#8220;<\/em><\/li><li>Stefan F. Etgeton: <br><em>&#8222;Das Gl\u00fcck meines Bruders&#8220;<\/em><\/li><li>Greg Iles: <br><em>&#8222;Natchez Burning&#8220;<\/em><\/li><li>Philipp Roth: <br><em>&#8222;Das sterbende Tier&#8220;<\/em><\/li><li>Jean-Philippe Blondel: <br><em>&#8222;6Uhr41&#8220;<\/em><\/li><li>Judith W. Taschner: <br><em>&#8222;bleiben&#8220;<\/em><\/li><li>Elizabeth Strout: <br><em>&#8222;Alles ist m\u00f6glich&#8220;<\/em><\/li><li>Harold Nebenzal: <br><em>&#8222;Caf\u00e9 Berlin&#8220;<\/em><\/li><li>Fiona Davis: <br><em>&#8222;Wege ihrer Sehnsucht&#8220;<\/em><\/li><li>Heinrich H\u00f6hn: <br><em>&#8222;Alte Deutsche St\u00e4dte&#8220;<\/em><\/li><li>Marie Lamballe: <br><em>&#8222;Das tiefe Blau des Meeres&#8220;<\/em><\/li><li>Sue Monk Kidd: <br><em>&#8222;The invention of wings&#8220;<\/em><\/li><li>Albert Camus: <br><em>&#8222;Der erste Mensch&#8220;<\/em><\/li><li>Marlies Folkens: <br><em>&#8222;Inseltochter&#8220;<\/em><\/li><li>Jack Dann: <br><em>&#8222;Die Kathedrale der Erinnerung&#8220;<\/em><\/li><li>Paul Hermann: <br><em>&#8222;Das gro\u00dfe Buch der Entdeckungen&#8220;<\/em><\/li><li>Martin Suter: <br><em>&#8222;Allmen und der rosa Diamant&#8220; und &#8222;Allmen und die Erotik&#8220;<\/em><\/li><li>Marcia Willett: <br><em>&#8222;Das Spiel der Wellen&#8220;<\/em><\/li><\/ul>\n\n\n\n<p>_<\/p>\n\n\n<div class=\"wp-block-image\">\n<figure class=\"aligncenter is-resized\"><img loading=\"lazy\" decoding=\"async\" src=\"https:\/\/buechertanz.de\/wp-content\/uploads\/2020\/04\/20200322_190723-bear-644x1024.jpg\" alt=\"\" class=\"wp-image-1213\" width=\"280\" height=\"446\" srcset=\"https:\/\/buechertanz.de\/wp-content\/uploads\/2020\/04\/20200322_190723-bear-644x1024.jpg 644w, https:\/\/buechertanz.de\/wp-content\/uploads\/2020\/04\/20200322_190723-bear-189x300.jpg 189w, https:\/\/buechertanz.de\/wp-content\/uploads\/2020\/04\/20200322_190723-bear-768x1222.jpg 768w\" sizes=\"auto, (max-width: 280px) 100vw, 280px\" \/><\/figure><\/div>\n\n\n<p class=\"has-drop-cap has-small-font-size\"><strong>B\u00fccher aus \u201azu verschenken Kisten\u2018:<\/strong><\/p>\n\n\n\n<p><\/p>\n\n\n\n<ul class=\"has-small-font-size wp-block-list\"><li>Cornelia Funke: <br><em>&#8222;Reckless &#8211; Steinernes Fleisch&#8220;<\/em><\/li><\/ul>\n\n\n\n<p>_<\/p>\n\n\n<div class=\"wp-block-image\">\n<figure class=\"aligncenter is-resized\"><img loading=\"lazy\" decoding=\"async\" src=\"https:\/\/buechertanz.de\/wp-content\/uploads\/2019\/03\/Blume-5.png\" alt=\"\" class=\"wp-image-367\" width=\"222\" height=\"256\" srcset=\"https:\/\/buechertanz.de\/wp-content\/uploads\/2019\/03\/Blume-5.png 264w, https:\/\/buechertanz.de\/wp-content\/uploads\/2019\/03\/Blume-5-260x300.png 260w\" sizes=\"auto, (max-width: 222px) 100vw, 222px\" \/><\/figure><\/div>","protected":false},"excerpt":{"rendered":"<p>Im M\u00e4rz 2020 sind 31 neue B\u00fccher eingezogen:Elf neue B\u00fccher, neunzehn B\u00fccher aus \u00f6ffentlichen B\u00fccherschr\u00e4nken und ein Buch aus einer \u201azu verschenken Kiste\u2018.Ich habe von diesen Neuzug\u00e4ngen bereits &#8222;Die Weinbergfrauen&#8220; von Brigitte Guggisberg, &#8222;Meine zauberhafte Buchhandlung am Ufer der Seine&#8220; von Rebecca Raisin und Teil 2 von &#8222;Hotel Inselblick&#8220; von Anke Petersen gelesen.Falls es eine &hellip; <a href=\"https:\/\/buechertanz.de\/?page_id=1186\" class=\"more-link\"><span class=\"screen-reader-text\">Neuzug\u00e4nge M\u00e4rz 2020<\/span> weiterlesen<\/a><\/p>\n","protected":false},"author":2,"featured_media":0,"parent":0,"menu_order":0,"comment_status":"open","ping_status":"closed","template":"","meta":{"footnotes":""},"class_list":["post-1186","page","type-page","status-publish","hentry"],"_links":{"self":[{"href":"https:\/\/buechertanz.de\/index.php?rest_route=\/wp\/v2\/pages\/1186","targetHints":{"allow":["GET"]}}],"collection":[{"href":"https:\/\/buechertanz.de\/index.php?rest_route=\/wp\/v2\/pages"}],"about":[{"href":"https:\/\/buechertanz.de\/index.php?rest_route=\/wp\/v2\/types\/page"}],"author":[{"embeddable":true,"href":"https:\/\/buechertanz.de\/index.php?rest_route=\/wp\/v2\/users\/2"}],"replies":[{"embeddable":true,"href":"https:\/\/buechertanz.de\/index.php?rest_route=%2Fwp%2Fv2%2Fcomments&post=1186"}],"version-history":[{"count":8,"href":"https:\/\/buechertanz.de\/index.php?rest_route=\/wp\/v2\/pages\/1186\/revisions"}],"predecessor-version":[{"id":4245,"href":"https:\/\/buechertanz.de\/index.php?rest_route=\/wp\/v2\/pages\/1186\/revisions\/4245"}],"wp:attachment":[{"href":"https:\/\/buechertanz.de\/index.php?rest_route=%2Fwp%2Fv2%2Fmedia&parent=1186"}],"curies":[{"name":"wp","href":"https:\/\/api.w.org\/{rel}","templated":true}]}}