{"id":1187,"date":"2020-04-11T10:33:32","date_gmt":"2020-04-11T09:33:32","guid":{"rendered":"http:\/\/buechertanz.de\/?page_id=1187"},"modified":"2020-05-01T13:54:10","modified_gmt":"2020-05-01T12:54:10","slug":"gelesen-maerz-2020","status":"publish","type":"page","link":"https:\/\/buechertanz.de\/?page_id=1187","title":{"rendered":"Gelesen M\u00e4rz 2020"},"content":{"rendered":"\n<p class=\"has-drop-cap has-small-font-size\">Hier seht ihr die B\u00fccher, die ich im M\u00e4rz 2020 gelesen habe und ihr bekommt einen ersten Eindruck. Die ausf\u00fchrlichen Rezensionen folgen.<br>Falls es schon eine Rezension auf meinem Blog gibt, gelangt ihr mit einem Klick auf den Titel direkt bei der Rezension. <\/p>\n\n\n\n<div class=\"wp-block-image\"><figure class=\"aligncenter is-resized\"><img loading=\"lazy\" decoding=\"async\" src=\"https:\/\/buechertanz.de\/wp-content\/uploads\/2020\/04\/03-M\u00e4rz-bear-730x1024.jpg\" alt=\"\" class=\"wp-image-1198\" width=\"368\" height=\"515\" srcset=\"https:\/\/buechertanz.de\/wp-content\/uploads\/2020\/04\/03-M\u00e4rz-bear-730x1024.jpg 730w, https:\/\/buechertanz.de\/wp-content\/uploads\/2020\/04\/03-M\u00e4rz-bear-214x300.jpg 214w\" sizes=\"auto, (max-width: 368px) 100vw, 368px\" \/><figcaption><em>Gelesene B\u00fccher M\u00e4rz 2020:<\/em><br>&#8211; Vier B\u00fccher<br>&#8211; 1.714 Seiten<\/figcaption><\/figure><\/div>\n\n\n\n<p>_<\/p>\n\n\n\n<p class=\"has-small-font-size\"><strong>Ulf Schiewe: &#8222;Der Attent\u00e4ter&#8220;<\/strong><br><strong>erschienen am 27.November 2019<\/strong><br><strong>L\u00fcbbe, ISBN:978-3-404-17903-9 <\/strong><br><br><strong>Klappentext:<br><\/strong><em>&#8220; Juni 1914. Es ist die Woche, die alles entscheidet. Die Woche, in der sich drei junge Serben auf den Weg nach Sarajevo machen. Dort soll Franz Ferdinand, Thronfolger \u00d6sterreich-Ungarns, einem Milit\u00e4rman\u00f6ver beiwohnen \u2013 und sterben. Gavrilo Princip und seine Gef\u00e4hrten haben sich seit Monaten auf diesen Tag vorbereitet. Doch dem Geheimdienst sind Ger\u00fcchte zu Ohren gekommen, und Major Rudolf Markovic tut alles, um den Thronfolger zu retten und eine diplomatische Katastrophe zu vermeiden &#8230; &#8222;<\/em><br><br><strong>Meine Meinung:<\/strong><br>Ich bin ja echt lange um dieses Buch herum geschlichen. <br>Was bin ich froh, dass ich es gelesen habe. Leute&#8230; lest dieses Buch. Was f\u00fcr mich immer nur irgendwie eine Geschichtszahl war, wird hier so lebendig. Es folgt auf jeden Fall noch eine ausf\u00fchrliche Rezension.<\/p>\n\n\n\n<p>_<\/p>\n\n\n\n<p class=\"has-small-font-size\"><strong>Anke Petersen: &#8222;Hotel Inselblick &#8211; Wolken \u00fcber dem Meer&#8220;<\/strong><br><strong>erschienen am 02.Mai 2019<\/strong><br><strong>Knaur, ISBN:978-3-426-52277-6<\/strong><br><br><strong>Klappentext:<\/strong><br><em>&#8220; Ende des 19.\/Anfang des 20. Jahrhunderts &#8211; mit viel Nordsee-Zauber und Nostalgie.<br>Hamburg 1891. Der Kaufmann Wilhelm Stockmann beschlie\u00dft, das Leben in der Stadt aufzugeben und mit seiner Familie auf die Nordsee-Insel Amrum zu ziehen und dort ein Hotel zu er\u00f6ffnen. Besonders die \u00c4lteste seiner drei T\u00f6chter, Rieke, sieht dem Umzug mit gemischten Gef\u00fchlen entgegen, seine Frau Marta jedoch ist begeistert, hat sie doch schon immer davon getr\u00e4umt, ein eigenes Hotel zu f\u00fchren. Mit Begeisterung st\u00fcrzt sie sich in die neue Aufgabe, und auch Rieke lebt sich allm\u00e4hlich auf der sturmumtosten Insel ein und kn\u00fcpft erste zarte Bande zur m\u00e4nnlichen Bev\u00f6lkerung.<br>Doch dann schl\u00e4gt das Schicksal zu und macht alle Pl\u00e4ne zunichte \u2026&#8220; <\/em><br><br><strong>Meine Meinung:<\/strong><br>Der Anfang war irgendwie ein bisschen lang &#8211; bis die Familie dann mal endlich auf Amrum war&#8230; <br>Teilweise mochte ich das Buch nicht mehr aus den H\u00e4nden legen &#8211; so wundersch\u00f6n waren die Beschreibungen der Landschaft und so packend die Handlung. Ich habe nun ein neues Wunsch- Reiseziel&#8230;<br>Ein sehr vielversprechender Auftakt der Reihe.<\/p>\n\n\n\n<p>_<\/p>\n\n\n\n<p class=\"has-small-font-size\"><strong>Brigitte Guggisberg: &#8222;Die Weinbergfrauen&#8220;<\/strong><br><strong>erschienen am 09. M\u00e4rz 2020<\/strong><br><strong>Diana,  ISBN: 978-3-453-36045-7 <\/strong><br><br><strong>Klappentext:<\/strong><br><em>&#8222;Marlene hat ihre Ersparnisse an einen Betr\u00fcger verloren und ihren Ehemann an eine andere Frau. Mit knapp f\u00fcnfzig scheint ihr ganzes Leben in Tr\u00fcmmern zu liegen. <br>Sandrine wird bald vierzig. Jahrelang hat sie sich f\u00fcr ihren Job abgerackert, ohne die ersehnte Bef\u00f6rderung zu erhalten. Stattdessen steht nun alles, was sie erreicht hat, auf dem Spiel.<br>Valentina ist drei\u00dfig und verzweifelt an der Liebe. Ihr Herz geh\u00f6rt einem verheirateten Mann, doch der kann sich einfach nicht f\u00fcr sie entscheiden.&nbsp;<br>Auf einem Weingut im S\u00fcden von Deutschland begegnen sich die drei Frauen. Jede einzelne von ihnen braucht dringend eine zweite Chance. Doch die braucht der Winzer Hermann auch. Sein Gut steht kurz vor dem Konkurs. Wenn sie das Weingut retten wollen, m\u00fcssen sich die drei unterschiedlichen Frauen zusammenraufen.&#8220;<\/em><br><br><strong>Meine Meinung:<\/strong><br>Dieses Buch spielt in meiner Heimat: Im wundersch\u00f6nen Markgr\u00e4flerland. <br>Es ist ein nettes Buch f\u00fcr zwischendurch &#8211; ich konnte der Handlung gut folgen und auch die Charaktere waren sehr lebensnah beschrieben.<br>Allerdings st\u00f6rten mich Kleinigkeiten: Man spricht nicht von einer Trauben-Ernte, es ist die Lese. Und Istein liegt nicht genau in der Mitte zwischen Freiburg und Basel. Es liegt n\u00e4her an Basel, als an Freiburg. Aber das sind Kleinigkeiten, die mich als Markgr\u00e4flerin st\u00f6ren \ud83d\ude42 Es gibt Schlimmeres.<br>Ein sch\u00f6nes Buch zum Abschalten.<br><\/p>\n\n\n\n<p>_<\/p>\n\n\n\n<p class=\"has-small-font-size\"><strong>Rebecca Raisin: &#8222;Mein zauberhafter Buchladen am Ufer der Seine&#8220;<\/strong><br><strong>erschienen am 15. Februar 2019<\/strong><br><strong>Aufbau, ISBN: 978-3-7466-3445-6 <\/strong><\/p>\n\n\n\n<p class=\"has-small-font-size\"><strong>Klappentext:<br><\/strong><em>&#8222;Buchhandlungen sind magische Orte, an denen manch einer ganz neue Wege f\u00fcr sein Leben zu entdecken vermag. Das zumindest findet die junge Buchh\u00e4ndlerin Sarah. Doch ihr kleiner, aber feiner Laden in der amerikanischen Provinz ist alles andere als eine Goldgrube. Und eine L\u00f6sung f\u00fcr ihre komplizierte Beziehung zu ihrem Freund Ridge findet sie hier auch nicht. Als eine Freundin aus Frankreich sie bittet, f\u00fcr eine Weile ihren Buchladen am Ufer der Seine zu \u00fcbernehmen, z\u00f6gert Sarah nicht lange. Doch dort erwartet sie alles andere als la vie en rose, und Sarah muss erst die Geheimnisse der franz\u00f6sischen B\u00fccherfreunde verstehen, um den unvergleichlichen Zauber von Paris entdecken zu k\u00f6nnen.<br>Eine junge Buchh\u00e4ndlerin sucht ihr Gl\u00fcck in einem kleinen Buchladen in Paris \u2013 und findet die Liebe &#8230; &#8222;<\/em><br><br><strong>Meine Meinung:<\/strong><br>Ein sehr bezauberndes Buch \u00fcber eine Buchhandlung in Paris und eine junge Frau, die zu sich selbst findet. Sie befreit sich aus ihren selbstaufgelegten Fesseln und reist nach Paris.<br>Ich fand es so sch\u00f6n, wie liebevoll die Autorin \u00fcber B\u00fccher schreibt und auch \u00fcber die Stadt Paris. Toll fand ich auch, dass der Beruf der Buchh\u00e4ndlerin nicht romantisiert wird &#8211; es ist ein harter Job.<br>Ich konnte bei dieser Lekt\u00fcre voll und ganz abschalten. Eine ganz klare Leseempfehlung.<\/p>\n\n\n\n<p>_<\/p>\n\n\n\n<div class=\"wp-block-image\"><figure class=\"aligncenter is-resized\"><img loading=\"lazy\" decoding=\"async\" src=\"https:\/\/buechertanz.de\/wp-content\/uploads\/2019\/03\/Blume-4.png\" alt=\"\" class=\"wp-image-366\" width=\"215\" height=\"249\" srcset=\"https:\/\/buechertanz.de\/wp-content\/uploads\/2019\/03\/Blume-4.png 264w, https:\/\/buechertanz.de\/wp-content\/uploads\/2019\/03\/Blume-4-260x300.png 260w\" sizes=\"auto, (max-width: 215px) 100vw, 215px\" \/><\/figure><\/div>\n\n\n\n<p><\/p>\n\n\n\n<p class=\"has-small-font-size\"> <br><\/p>\n","protected":false},"excerpt":{"rendered":"<p>Hier seht ihr die B\u00fccher, die ich im M\u00e4rz 2020 gelesen habe und ihr bekommt einen ersten Eindruck. Die ausf\u00fchrlichen Rezensionen folgen.Falls es schon eine Rezension auf meinem Blog gibt, gelangt ihr mit einem Klick auf den Titel direkt bei der Rezension. _ Ulf Schiewe: &#8222;Der Attent\u00e4ter&#8220;erschienen am 27.November 2019L\u00fcbbe, ISBN:978-3-404-17903-9 Klappentext:&#8220; Juni 1914. Es &hellip; <a href=\"https:\/\/buechertanz.de\/?page_id=1187\" class=\"more-link\"><span class=\"screen-reader-text\">Gelesen M\u00e4rz 2020<\/span> weiterlesen<\/a><\/p>\n","protected":false},"author":2,"featured_media":0,"parent":0,"menu_order":0,"comment_status":"open","ping_status":"closed","template":"","meta":{"footnotes":""},"class_list":["post-1187","page","type-page","status-publish","hentry"],"_links":{"self":[{"href":"https:\/\/buechertanz.de\/index.php?rest_route=\/wp\/v2\/pages\/1187","targetHints":{"allow":["GET"]}}],"collection":[{"href":"https:\/\/buechertanz.de\/index.php?rest_route=\/wp\/v2\/pages"}],"about":[{"href":"https:\/\/buechertanz.de\/index.php?rest_route=\/wp\/v2\/types\/page"}],"author":[{"embeddable":true,"href":"https:\/\/buechertanz.de\/index.php?rest_route=\/wp\/v2\/users\/2"}],"replies":[{"embeddable":true,"href":"https:\/\/buechertanz.de\/index.php?rest_route=%2Fwp%2Fv2%2Fcomments&post=1187"}],"version-history":[{"count":5,"href":"https:\/\/buechertanz.de\/index.php?rest_route=\/wp\/v2\/pages\/1187\/revisions"}],"predecessor-version":[{"id":1277,"href":"https:\/\/buechertanz.de\/index.php?rest_route=\/wp\/v2\/pages\/1187\/revisions\/1277"}],"wp:attachment":[{"href":"https:\/\/buechertanz.de\/index.php?rest_route=%2Fwp%2Fv2%2Fmedia&parent=1187"}],"curies":[{"name":"wp","href":"https:\/\/api.w.org\/{rel}","templated":true}]}}