{"id":1247,"date":"2020-05-01T10:57:12","date_gmt":"2020-05-01T09:57:12","guid":{"rendered":"http:\/\/buechertanz.de\/?page_id=1247"},"modified":"2023-01-04T13:51:43","modified_gmt":"2023-01-04T12:51:43","slug":"neuzugaenge-april-2020","status":"publish","type":"page","link":"https:\/\/buechertanz.de\/?page_id=1247","title":{"rendered":"Neuzug\u00e4nge April 2020"},"content":{"rendered":"\n<p class=\"has-drop-cap has-small-font-size\">Im April 2020 sind 18 neue B\u00fccher eingezogen:<br>Neun neue B\u00fccher, f\u00fcnf B\u00fccher aus \u00f6ffentlichen B\u00fccherschr\u00e4nken zwei Geschenke und zwei Rezensionsexemplare fanden den Weg in mein B\u00fccherregal.<br>Ich habe von diesen Neuzug\u00e4ngen bereits \u201eGut Greifenau &#8211; Goldsturm&#8220;\u201c von Hanna Caspian, <a rel=\"noreferrer noopener\" href=\"https:\/\/buechertanz.de\/?p=1231\" target=\"_blank\">\u201eDie Schwestern vom Ku&#8217;damm &#8211; Tage der Hoffnung\u201c<\/a> von  Brigitte Riebe  und \u201e<a rel=\"noreferrer noopener\" href=\"https:\/\/buechertanz.de\/?p=1245\" target=\"_blank\">Das Grand Hotel &#8211; Die nach den Sternen greifen<\/a>\u201c von Caren Benedikt gelesen.<br>Falls es eine Rezension auf meinem Blog gibt, gelangt ihr mit einem Klick auf den Titel direkt bei der Rezension. <\/p>\n\n\n\n<p>_<\/p>\n\n\n<div class=\"wp-block-image\">\n<figure class=\"aligncenter is-resized\"><img loading=\"lazy\" decoding=\"async\" src=\"https:\/\/buechertanz.de\/wp-content\/uploads\/2020\/05\/04-April-neu-681x1024.jpg\" alt=\"\" class=\"wp-image-1264\" width=\"365\" height=\"548\" srcset=\"https:\/\/buechertanz.de\/wp-content\/uploads\/2020\/05\/04-April-neu-681x1024.jpg 681w, https:\/\/buechertanz.de\/wp-content\/uploads\/2020\/05\/04-April-neu-199x300.jpg 199w, https:\/\/buechertanz.de\/wp-content\/uploads\/2020\/05\/04-April-neu-768x1155.jpg 768w\" sizes=\"auto, (max-width: 365px) 100vw, 365px\" \/><\/figure><\/div>\n\n\n<p class=\"has-drop-cap has-text-align-left has-small-font-size\"><strong>Neue B\u00fccher:<\/strong><\/p>\n\n\n\n<p><\/p>\n\n\n\n<ul class=\"has-small-font-size wp-block-list\"><li>Hanna Caspian: <br><em>&#8222;Gut Greifenau &#8211; Goldsturm&#8220;<\/em><\/li><li>Sabine Wei\u00df: <br><em>&#8222;Der Chirurg und die Spielfrau&#8220;<\/em><\/li><li>Corina Bomann: <br><em>&#8222;Die Farben der Sch\u00f6nheit &#8211; Sophias Hoffnung&#8220;<\/em><\/li><li>Petra Durst-Benning: <br><em>&#8222;Die Fotografin &#8211; Die Welt von morgen&#8220;<\/em><\/li><li>Jana Vossen: <br><em>&#8222;F\u00fcr immer die Deine&#8220;<\/em><\/li><li>Richard Mason: <br><em>&#8222;Die geheimen Talente des Piet Barol&#8220;<\/em><\/li><li>Beatriz Williams: <br><em>&#8222;Im Herzen des Sturms&#8220;<\/em><\/li><li>Jonas Jonasson: <br><em>&#8222;M\u00f6rder Anders und seine Freunde nebst dem einen oder anderen Feind&#8220;<\/em><\/li><li>Stephen King: <br><em>&#8222;Es&#8220;<\/em><\/li><\/ul>\n\n\n\n<p>_<\/p>\n\n\n<div class=\"wp-block-image\">\n<figure class=\"aligncenter is-resized\"><img loading=\"lazy\" decoding=\"async\" src=\"https:\/\/buechertanz.de\/wp-content\/uploads\/2020\/05\/04-April-Rezensionsexemplare-662x1024.jpg\" alt=\"\" class=\"wp-image-1265\" width=\"414\" height=\"640\" srcset=\"https:\/\/buechertanz.de\/wp-content\/uploads\/2020\/05\/04-April-Rezensionsexemplare-662x1024.jpg 662w, https:\/\/buechertanz.de\/wp-content\/uploads\/2020\/05\/04-April-Rezensionsexemplare-194x300.jpg 194w, https:\/\/buechertanz.de\/wp-content\/uploads\/2020\/05\/04-April-Rezensionsexemplare-768x1188.jpg 768w\" sizes=\"auto, (max-width: 414px) 100vw, 414px\" \/><\/figure><\/div>\n\n\n<p class=\"has-drop-cap has-text-align-left has-small-font-size\"><strong>Rezensionsexemplare:<\/strong><\/p>\n\n\n\n<p><\/p>\n\n\n\n<ul class=\"has-small-font-size wp-block-list\"><li>Brigitte Riebe: <br><em><a rel=\"noreferrer noopener\" href=\"https:\/\/buechertanz.de\/?p=1231\" target=\"_blank\">&#8222;Die Schwestern vom Ku&#8217;damm &#8211; Tage der Hoffnung&#8220;<\/a><\/em><\/li><li>Caren Benedikt: <br><a rel=\"noreferrer noopener\" href=\"https:\/\/buechertanz.de\/?p=1245\" target=\"_blank\"><em>&#8222;Das Grand Hotel &#8211; Die nach den Sternen greifen&#8220;<\/em><\/a><\/li><\/ul>\n\n\n\n<p>_<\/p>\n\n\n<div class=\"wp-block-image\">\n<figure class=\"aligncenter is-resized\"><img loading=\"lazy\" decoding=\"async\" src=\"https:\/\/buechertanz.de\/wp-content\/uploads\/2020\/05\/04-April-Geschenke-1024x733.jpg\" alt=\"\" class=\"wp-image-1266\" width=\"544\" height=\"389\" srcset=\"https:\/\/buechertanz.de\/wp-content\/uploads\/2020\/05\/04-April-Geschenke-1024x733.jpg 1024w, https:\/\/buechertanz.de\/wp-content\/uploads\/2020\/05\/04-April-Geschenke-300x215.jpg 300w, https:\/\/buechertanz.de\/wp-content\/uploads\/2020\/05\/04-April-Geschenke-768x549.jpg 768w\" sizes=\"auto, (max-width: 544px) 100vw, 544px\" \/><\/figure><\/div>\n\n\n<p class=\"has-drop-cap has-text-align-left has-small-font-size\"><strong>Geschenke:<\/strong><\/p>\n\n\n\n<p><\/p>\n\n\n\n<ul class=\"has-small-font-size wp-block-list\"><li>Agnes Krup: <br><em><a rel=\"noreferrer noopener\" href=\"https:\/\/buechertanz.de\/?p=1324\" target=\"_blank\">&#8222;Mit der Flut&#8220;<\/a><\/em><\/li><li>Martha Sophie Marcus: <br><em>&#8222;Der Rabe und die G\u00f6ttin&#8220;<\/em><\/li><\/ul>\n\n\n\n<p>_<\/p>\n\n\n<div class=\"wp-block-image\">\n<figure class=\"aligncenter is-resized\"><img loading=\"lazy\" decoding=\"async\" src=\"https:\/\/buechertanz.de\/wp-content\/uploads\/2020\/05\/04-April-B\u00fccherschrank-1024x676.jpg\" alt=\"\" class=\"wp-image-1267\" width=\"542\" height=\"357\" srcset=\"https:\/\/buechertanz.de\/wp-content\/uploads\/2020\/05\/04-April-B\u00fccherschrank-1024x676.jpg 1024w, https:\/\/buechertanz.de\/wp-content\/uploads\/2020\/05\/04-April-B\u00fccherschrank-300x198.jpg 300w, https:\/\/buechertanz.de\/wp-content\/uploads\/2020\/05\/04-April-B\u00fccherschrank-768x507.jpg 768w\" sizes=\"auto, (max-width: 542px) 100vw, 542px\" \/><\/figure><\/div>\n\n\n<p class=\"has-drop-cap has-text-align-left has-small-font-size\"><strong>B\u00fccher aus \u00f6ffentlichen B\u00fccherschr\u00e4nken:<\/strong><\/p>\n\n\n\n<p><\/p>\n\n\n\n<ul class=\"has-small-font-size wp-block-list\"><li>Ines Thorn: <br><em>&#8222;Der Maler Gottes&#8220;<\/em><\/li><li>Maile Meloy: <br><em>&#8222;Bewahren Sie Ruhe&#8220;<\/em><\/li><li>Sophie Passmann: <br><em>&#8222;Alte weisse M\u00e4nner&#8220;<\/em><\/li><li>Elizabeth Gilbert: <br><em>&#8222;Das Wesen der Dinge und der Liebe&#8220;<\/em><\/li><li>Hakan Nesser: <br><em>&#8222;Die Lebenden und die Toten von Winsford&#8220;<\/em><\/li><\/ul>\n\n\n\n<p>_<\/p>\n\n\n<div class=\"wp-block-image\">\n<figure class=\"aligncenter is-resized\"><img loading=\"lazy\" decoding=\"async\" src=\"https:\/\/buechertanz.de\/wp-content\/uploads\/2019\/03\/Blume-5.png\" alt=\"\" class=\"wp-image-367\" width=\"182\" height=\"209\" srcset=\"https:\/\/buechertanz.de\/wp-content\/uploads\/2019\/03\/Blume-5.png 264w, https:\/\/buechertanz.de\/wp-content\/uploads\/2019\/03\/Blume-5-260x300.png 260w\" sizes=\"auto, (max-width: 182px) 100vw, 182px\" \/><\/figure><\/div>","protected":false},"excerpt":{"rendered":"<p>Im April 2020 sind 18 neue B\u00fccher eingezogen:Neun neue B\u00fccher, f\u00fcnf B\u00fccher aus \u00f6ffentlichen B\u00fccherschr\u00e4nken zwei Geschenke und zwei Rezensionsexemplare fanden den Weg in mein B\u00fccherregal.Ich habe von diesen Neuzug\u00e4ngen bereits \u201eGut Greifenau &#8211; Goldsturm&#8220;\u201c von Hanna Caspian, \u201eDie Schwestern vom Ku&#8217;damm &#8211; Tage der Hoffnung\u201c von Brigitte Riebe und \u201eDas Grand Hotel &#8211; Die &hellip; <a href=\"https:\/\/buechertanz.de\/?page_id=1247\" class=\"more-link\"><span class=\"screen-reader-text\">Neuzug\u00e4nge April 2020<\/span> weiterlesen<\/a><\/p>\n","protected":false},"author":2,"featured_media":0,"parent":0,"menu_order":0,"comment_status":"open","ping_status":"closed","template":"","meta":{"footnotes":""},"class_list":["post-1247","page","type-page","status-publish","hentry"],"_links":{"self":[{"href":"https:\/\/buechertanz.de\/index.php?rest_route=\/wp\/v2\/pages\/1247","targetHints":{"allow":["GET"]}}],"collection":[{"href":"https:\/\/buechertanz.de\/index.php?rest_route=\/wp\/v2\/pages"}],"about":[{"href":"https:\/\/buechertanz.de\/index.php?rest_route=\/wp\/v2\/types\/page"}],"author":[{"embeddable":true,"href":"https:\/\/buechertanz.de\/index.php?rest_route=\/wp\/v2\/users\/2"}],"replies":[{"embeddable":true,"href":"https:\/\/buechertanz.de\/index.php?rest_route=%2Fwp%2Fv2%2Fcomments&post=1247"}],"version-history":[{"count":10,"href":"https:\/\/buechertanz.de\/index.php?rest_route=\/wp\/v2\/pages\/1247\/revisions"}],"predecessor-version":[{"id":4246,"href":"https:\/\/buechertanz.de\/index.php?rest_route=\/wp\/v2\/pages\/1247\/revisions\/4246"}],"wp:attachment":[{"href":"https:\/\/buechertanz.de\/index.php?rest_route=%2Fwp%2Fv2%2Fmedia&parent=1247"}],"curies":[{"name":"wp","href":"https:\/\/api.w.org\/{rel}","templated":true}]}}