{"id":129,"date":"2019-03-03T14:28:56","date_gmt":"2019-03-03T13:28:56","guid":{"rendered":"http:\/\/buechertanz.de\/?page_id=129"},"modified":"2026-04-29T16:07:40","modified_gmt":"2026-04-29T15:07:40","slug":"frische-buecher","status":"publish","type":"page","link":"https:\/\/buechertanz.de\/?page_id=129","title":{"rendered":"Neuzug\u00e4nge"},"content":{"rendered":"\n<p class=\"has-drop-cap has-small-font-size\">Unter diesem Men\u00fcpunkt findet ihr, nach Monaten Jahren und Monaten sortiert, meine Neuzug\u00e4nge im B\u00fccherregal.<\/p>\n\n\n<div class=\"wp-block-image is-style-rounded\">\n<figure class=\"aligncenter is-resized\"><img loading=\"lazy\" decoding=\"async\" width=\"1024\" height=\"768\" src=\"https:\/\/buechertanz.de\/wp-content\/uploads\/2019\/08\/07-Juli-1024x768.jpg\" alt=\"\" class=\"wp-image-751\" style=\"width:484px;height:362px\" srcset=\"https:\/\/buechertanz.de\/wp-content\/uploads\/2019\/08\/07-Juli-1024x768.jpg 1024w, https:\/\/buechertanz.de\/wp-content\/uploads\/2019\/08\/07-Juli-300x225.jpg 300w, https:\/\/buechertanz.de\/wp-content\/uploads\/2019\/08\/07-Juli-768x576.jpg 768w\" sizes=\"auto, (max-width: 1024px) 100vw, 1024px\" \/><\/figure><\/div>\n\n\n<p class=\"has-text-align-center\">_ _ _ <\/p>\n\n\n\n<p class=\"has-text-align-center has-large-font-size\"><strong>2026 <\/strong><\/p>\n\n\n\n<p class=\"has-drop-cap has-small-font-size\">Hier findet ihr meine Neuzug\u00e4nge <strong>2026<\/strong> nach Monaten geordnet:<\/p>\n\n\n\n<p><\/p>\n\n\n\n<ul class=\"wp-block-list\">\n<li class=\"has-small-font-size\"><a href=\"https:\/\/buechertanz.de\/?page_id=10703\" target=\"_blank\" rel=\"noreferrer noopener\">Neuzug\u00e4nge April 2026<\/a><\/li>\n\n\n\n<li class=\"has-small-font-size\"><a href=\"https:\/\/buechertanz.de\/?page_id=10617\" target=\"_blank\" rel=\"noreferrer noopener\">Neuzug\u00e4nge M\u00e4rz 2026<\/a><\/li>\n\n\n\n<li class=\"has-small-font-size\"><a href=\"https:\/\/buechertanz.de\/?page_id=10469\" target=\"_blank\" rel=\"noreferrer noopener\">Neuzug\u00e4nge Februar 2026<\/a><\/li>\n\n\n\n<li class=\"has-small-font-size\"><a href=\"https:\/\/buechertanz.de\/?page_id=10338\" target=\"_blank\" rel=\"noreferrer noopener\">Neuzug\u00e4nge Januar 2026<\/a><\/li>\n<\/ul>\n\n\n\n<p class=\"has-text-align-center\">_ _ _ <\/p>\n\n\n\n<p class=\"has-text-align-center has-large-font-size\"><strong>2025<\/strong><\/p>\n\n\n\n<p class=\"has-drop-cap has-small-font-size\">Hier findet ihr meine Neuzug\u00e4nge<strong> 2025<\/strong> nach Monaten geordnet:<\/p>\n\n\n\n<p><\/p>\n\n\n\n<ul class=\"wp-block-list\">\n<li class=\"has-small-font-size\"><a href=\"https:\/\/buechertanz.de\/?page_id=10102\" target=\"_blank\" rel=\"noreferrer noopener\">Neuzug\u00e4nge Dezember 2025<\/a><\/li>\n\n\n\n<li class=\"has-small-font-size\"><a href=\"https:\/\/buechertanz.de\/?page_id=9904\" target=\"_blank\" rel=\"noreferrer noopener\">Neuzug\u00e4nge November 2025<\/a><\/li>\n\n\n\n<li class=\"has-small-font-size\"><a href=\"https:\/\/buechertanz.de\/?page_id=9656\" target=\"_blank\" rel=\"noreferrer noopener\">Neuzug\u00e4nge Oktober 2025<\/a><\/li>\n\n\n\n<li class=\"has-small-font-size\"><a href=\"https:\/\/buechertanz.de\/?page_id=9510\" target=\"_blank\" rel=\"noreferrer noopener\">Neuzug\u00e4nge September 2025<\/a><\/li>\n\n\n\n<li class=\"has-small-font-size\"><a href=\"https:\/\/buechertanz.de\/?page_id=9371\" target=\"_blank\" rel=\"noreferrer noopener\">Neuzug\u00e4nge August 2025<\/a><\/li>\n\n\n\n<li class=\"has-small-font-size\"><a href=\"https:\/\/buechertanz.de\/?page_id=9170\" target=\"_blank\" rel=\"noreferrer noopener\">Neuzug\u00e4nge Juli 2025<\/a><\/li>\n\n\n\n<li class=\"has-small-font-size\"><a href=\"https:\/\/buechertanz.de\/?page_id=8992\" target=\"_blank\" rel=\"noreferrer noopener\">Neuzug\u00e4nge Juni 2025<\/a><\/li>\n\n\n\n<li class=\"has-small-font-size\"><a href=\"https:\/\/buechertanz.de\/?page_id=8902\" target=\"_blank\" rel=\"noreferrer noopener\">Neuzug\u00e4nge Mai 2025<\/a><\/li>\n\n\n\n<li class=\"has-small-font-size\"><a href=\"https:\/\/buechertanz.de\/?page_id=8773\" target=\"_blank\" rel=\"noreferrer noopener\">Neuzug\u00e4nge April 2025<\/a><\/li>\n\n\n\n<li class=\"has-small-font-size\"><a href=\"https:\/\/buechertanz.de\/?page_id=8663\" target=\"_blank\" rel=\"noreferrer noopener\">Neuzug\u00e4nge M\u00e4rz 2025<\/a><\/li>\n\n\n\n<li class=\"has-small-font-size\"><a href=\"https:\/\/buechertanz.de\/?page_id=8535\" target=\"_blank\" rel=\"noreferrer noopener\">Neuzug\u00e4nge Februar 2025<\/a><\/li>\n\n\n\n<li class=\"has-small-font-size\"><a href=\"https:\/\/buechertanz.de\/?page_id=8394\" target=\"_blank\" rel=\"noreferrer noopener\">Neuzug\u00e4nge Januar 2025<\/a><\/li>\n<\/ul>\n\n\n\n<p class=\"has-text-align-center\">_ _ _ <\/p>\n\n\n\n<p class=\"has-text-align-center has-large-font-size\"><strong>2024 <\/strong><\/p>\n\n\n\n<p class=\"has-drop-cap has-small-font-size\">Hier findet ihr meine Neuzug\u00e4nge <strong>2024<\/strong> nach Monaten geordnet:<\/p>\n\n\n\n<p><\/p>\n\n\n\n<ul class=\"wp-block-list\">\n<li class=\"has-small-font-size\"><a href=\"https:\/\/buechertanz.de\/?page_id=8281\" target=\"_blank\" rel=\"noreferrer noopener\">Neuzug\u00e4nge Dezember 2024<\/a><\/li>\n\n\n\n<li class=\"has-small-font-size\"><a href=\"https:\/\/buechertanz.de\/?page_id=8178\" target=\"_blank\" rel=\"noreferrer noopener\">Neuzug\u00e4nge November 2024<\/a><\/li>\n\n\n\n<li class=\"has-small-font-size\"><a href=\"https:\/\/buechertanz.de\/?page_id=8089\" target=\"_blank\" rel=\"noreferrer noopener\">Neuzug\u00e4nge Oktober 2024<\/a><\/li>\n\n\n\n<li class=\"has-small-font-size\"><a href=\"https:\/\/buechertanz.de\/?page_id=7986\" target=\"_blank\" rel=\"noreferrer noopener\">Neuzug\u00e4nge September 2024<\/a><\/li>\n\n\n\n<li class=\"has-small-font-size\"><a href=\"https:\/\/buechertanz.de\/?page_id=7792\" target=\"_blank\" rel=\"noreferrer noopener\">Neuzug\u00e4nge August 2024<\/a><\/li>\n\n\n\n<li class=\"has-small-font-size\"><a href=\"https:\/\/buechertanz.de\/?page_id=7572\" target=\"_blank\" rel=\"noreferrer noopener\">Neuzug\u00e4nge Juli 2024<\/a><\/li>\n\n\n\n<li class=\"has-small-font-size\"><a href=\"https:\/\/buechertanz.de\/?page_id=7457\" target=\"_blank\" rel=\"noreferrer noopener\">Neuzug\u00e4nge Juni 2024<\/a><\/li>\n\n\n\n<li class=\"has-small-font-size\"><a href=\"https:\/\/buechertanz.de\/?page_id=7321\" target=\"_blank\" rel=\"noreferrer noopener\">Neuzug\u00e4nge Mai 2024<\/a><\/li>\n\n\n\n<li class=\"has-small-font-size\"><a href=\"https:\/\/buechertanz.de\/?page_id=7197\" target=\"_blank\" rel=\"noreferrer noopener\">Neuzug\u00e4nge April 2024<\/a><\/li>\n\n\n\n<li class=\"has-small-font-size\"><a href=\"https:\/\/buechertanz.de\/?page_id=7078\" target=\"_blank\" rel=\"noreferrer noopener\">Neuzug\u00e4nge M\u00e4rz 2024<\/a><\/li>\n\n\n\n<li class=\"has-small-font-size\"><a href=\"https:\/\/buechertanz.de\/?page_id=6954\" target=\"_blank\" rel=\"noreferrer noopener\">Neuzug\u00e4nge Februar 2024<\/a><\/li>\n\n\n\n<li class=\"has-small-font-size\"><a href=\"https:\/\/buechertanz.de\/?page_id=6831\" target=\"_blank\" rel=\"noreferrer noopener\">Neuzug\u00e4nge Januar 2024<\/a><\/li>\n<\/ul>\n\n\n\n<p class=\"has-text-align-center\">_ _ _ <\/p>\n\n\n\n<p class=\"has-text-align-center has-large-font-size\"><strong>2023<\/strong><\/p>\n\n\n\n<p class=\"has-drop-cap has-small-font-size\">Hier findet ihr meine Neuzug\u00e4nge <strong>2023<\/strong> nach Monaten geordnet:<\/p>\n\n\n\n<p><\/p>\n\n\n\n<ul class=\"wp-block-list has-small-font-size\">\n<li><a href=\"https:\/\/buechertanz.de\/?page_id=6663\" target=\"_blank\" rel=\"noreferrer noopener\">Neuzug\u00e4nge Dezember 2023<\/a><\/li>\n\n\n\n<li><a href=\"https:\/\/buechertanz.de\/?page_id=6438\" target=\"_blank\" rel=\"noreferrer noopener\">Neuzug\u00e4nge November 2023<\/a><\/li>\n\n\n\n<li><a href=\"https:\/\/buechertanz.de\/?page_id=6223\" target=\"_blank\" rel=\"noreferrer noopener\">Neuzug\u00e4nge Oktober 2023<\/a><\/li>\n\n\n\n<li><a rel=\"noreferrer noopener\" href=\"https:\/\/buechertanz.de\/?page_id=6014\" target=\"_blank\">Neuzug\u00e4nge September 2023<\/a><\/li>\n\n\n\n<li><a rel=\"noreferrer noopener\" href=\"https:\/\/buechertanz.de\/?page_id=5806\" target=\"_blank\">Neuzug\u00e4nge August 2023<\/a><\/li>\n\n\n\n<li><a rel=\"noreferrer noopener\" href=\"https:\/\/buechertanz.de\/?page_id=5555\" target=\"_blank\">Neuzug\u00e4nge Juli 2023<\/a><\/li>\n\n\n\n<li><a rel=\"noreferrer noopener\" href=\"https:\/\/buechertanz.de\/?page_id=5290\" target=\"_blank\">Neuzug\u00e4nge Juni 2023<\/a><\/li>\n\n\n\n<li><a rel=\"noreferrer noopener\" href=\"https:\/\/buechertanz.de\/?page_id=5139\" target=\"_blank\">Neuzug\u00e4nge Mai 2023<\/a><\/li>\n\n\n\n<li><a rel=\"noreferrer noopener\" href=\"https:\/\/buechertanz.de\/?page_id=4917\" target=\"_blank\">Neuzug\u00e4nge April 2023<\/a><\/li>\n\n\n\n<li><a rel=\"noreferrer noopener\" href=\"https:\/\/buechertanz.de\/?page_id=4818\" target=\"_blank\">Neuzug\u00e4nge M\u00e4rz 2023<\/a><\/li>\n\n\n\n<li><a rel=\"noreferrer noopener\" href=\"https:\/\/buechertanz.de\/?page_id=4555\" target=\"_blank\">Neuzug\u00e4nge Februar 2023<\/a><\/li>\n\n\n\n<li><a rel=\"noreferrer noopener\" href=\"https:\/\/buechertanz.de\/?page_id=4441\" target=\"_blank\">Neuzug\u00e4nge Januar 2023<\/a><\/li>\n<\/ul>\n\n\n\n<p class=\"has-text-align-center\">_ _ _ <\/p>\n\n\n\n<p class=\"has-text-align-center has-large-font-size\"><strong>2022<\/strong><\/p>\n\n\n\n<p class=\"has-drop-cap has-small-font-size\">Hier findet ihr meine Neuzug\u00e4nge <strong>2022<\/strong> nach Monaten geordnet: <\/p>\n\n\n\n<p><\/p>\n\n\n\n<ul class=\"wp-block-list has-small-font-size\">\n<li><a rel=\"noreferrer noopener\" href=\"https:\/\/buechertanz.de\/?page_id=4057\" target=\"_blank\">Neuzug\u00e4nge Dezember 2022<\/a><\/li>\n\n\n\n<li><a rel=\"noreferrer noopener\" href=\"https:\/\/buechertanz.de\/?page_id=3984\" target=\"_blank\">Neuzug\u00e4nge November 2022<\/a><\/li>\n\n\n\n<li><a rel=\"noreferrer noopener\" href=\"https:\/\/buechertanz.de\/?page_id=3857\" target=\"_blank\">Neuzug\u00e4nge Oktober 2022<\/a><\/li>\n\n\n\n<li><a rel=\"noreferrer noopener\" href=\"https:\/\/buechertanz.de\/?page_id=3755\" target=\"_blank\">Neuzug\u00e4nge September 2022<\/a><\/li>\n\n\n\n<li><a rel=\"noreferrer noopener\" href=\"https:\/\/buechertanz.de\/?page_id=3687\" target=\"_blank\">Neuzug\u00e4nge August 2022<\/a><\/li>\n\n\n\n<li><a rel=\"noreferrer noopener\" href=\"https:\/\/buechertanz.de\/?page_id=3548\" target=\"_blank\">Neuzug\u00e4nge Juli 2022<\/a><\/li>\n\n\n\n<li><a rel=\"noreferrer noopener\" href=\"https:\/\/buechertanz.de\/?page_id=3409\" target=\"_blank\">Neuzug\u00e4nge Juni 2022<\/a><\/li>\n\n\n\n<li><a rel=\"noreferrer noopener\" href=\"https:\/\/buechertanz.de\/?page_id=3319\" target=\"_blank\">Neuzug\u00e4nge Mai 2022<\/a><\/li>\n\n\n\n<li><a rel=\"noreferrer noopener\" href=\"https:\/\/buechertanz.de\/?page_id=3234\" target=\"_blank\">Neuzug\u00e4nge April 2022<\/a><\/li>\n\n\n\n<li><a rel=\"noreferrer noopener\" href=\"https:\/\/buechertanz.de\/?page_id=3129\" target=\"_blank\">Neuzug\u00e4nge M\u00e4rz 2022<\/a><\/li>\n\n\n\n<li><a rel=\"noreferrer noopener\" href=\"https:\/\/buechertanz.de\/?page_id=2779\" target=\"_blank\">Neuzug\u00e4nge Februar 2022<\/a><\/li>\n\n\n\n<li><a rel=\"noreferrer noopener\" href=\"https:\/\/buechertanz.de\/?page_id=2699\" target=\"_blank\">Neuzug\u00e4nge Januar 2022<\/a><\/li>\n<\/ul>\n\n\n\n<p class=\"has-text-align-center\">_ _ _ <\/p>\n\n\n\n<p class=\"has-text-align-center has-large-font-size\"><strong>2021<\/strong><\/p>\n\n\n\n<p class=\"has-drop-cap has-small-font-size\">Hier findet ihr meine Neuzug\u00e4nge <strong>2021<\/strong> nach Monaten geordnet:<\/p>\n\n\n\n<p><\/p>\n\n\n\n<ul class=\"wp-block-list has-small-font-size\">\n<li><a rel=\"noreferrer noopener\" href=\"https:\/\/buechertanz.de\/?page_id=2600\" target=\"_blank\">Neuzug\u00e4nge Dezember 2021<\/a><\/li>\n\n\n\n<li><a rel=\"noreferrer noopener\" href=\"https:\/\/buechertanz.de\/?page_id=2553\" target=\"_blank\">Neuzug\u00e4nge November 2021<\/a><\/li>\n\n\n\n<li><a rel=\"noreferrer noopener\" href=\"https:\/\/buechertanz.de\/?page_id=2457\" target=\"_blank\">Neuzug\u00e4nge Oktober 2021<\/a><\/li>\n\n\n\n<li><a rel=\"noreferrer noopener\" href=\"https:\/\/buechertanz.de\/?page_id=2388\" target=\"_blank\">Neuzug\u00e4nge September 2021<\/a><\/li>\n\n\n\n<li><a rel=\"noreferrer noopener\" href=\"https:\/\/buechertanz.de\/?page_id=2307\" target=\"_blank\">Neuzug\u00e4nge August 2021<\/a><\/li>\n\n\n\n<li><a rel=\"noreferrer noopener\" href=\"https:\/\/buechertanz.de\/?page_id=2219\" target=\"_blank\">Neuzug\u00e4nge Juli 2021<\/a><\/li>\n\n\n\n<li><a rel=\"noreferrer noopener\" href=\"https:\/\/buechertanz.de\/?page_id=2148\" target=\"_blank\">Neuzug\u00e4nge Juni 2021<\/a><\/li>\n\n\n\n<li><a rel=\"noreferrer noopener\" href=\"https:\/\/buechertanz.de\/?page_id=2069\" target=\"_blank\">Neuzug\u00e4nge Mai 2021<\/a><\/li>\n\n\n\n<li><a rel=\"noreferrer noopener\" href=\"https:\/\/buechertanz.de\/?page_id=1993\" target=\"_blank\">Neuzug\u00e4nge April 2021<\/a><\/li>\n\n\n\n<li><a rel=\"noreferrer noopener\" href=\"https:\/\/buechertanz.de\/?page_id=1947\" target=\"_blank\">Neuzug\u00e4nge M\u00e4rz 2021<\/a><\/li>\n\n\n\n<li><a rel=\"noreferrer noopener\" href=\"https:\/\/buechertanz.de\/?page_id=1881\" target=\"_blank\">Neuzug\u00e4nge Februar 2021<\/a><\/li>\n\n\n\n<li><a rel=\"noreferrer noopener\" href=\"https:\/\/buechertanz.de\/?page_id=1712\" target=\"_blank\">Neuzug\u00e4nge Januar 2021<\/a><\/li>\n<\/ul>\n\n\n\n<p class=\"has-text-align-center\">_ _ _<\/p>\n\n\n\n<p class=\"has-text-align-center has-large-font-size\"><strong>2020<\/strong><\/p>\n\n\n\n<p class=\"has-drop-cap has-small-font-size\">Hier findet ihr meine Neuzug\u00e4nge <strong>2020 <\/strong>nach Monaten geordnet:<\/p>\n\n\n\n<p><\/p>\n\n\n\n<ul class=\"wp-block-list has-small-font-size\">\n<li><a rel=\"noreferrer noopener\" href=\"https:\/\/buechertanz.de\/?page_id=1710\" target=\"_blank\">Neuzug\u00e4nge Dezember 2020<\/a><\/li>\n\n\n\n<li><a rel=\"noreferrer noopener\" href=\"https:\/\/buechertanz.de\/?page_id=1709\" target=\"_blank\">Neuzug\u00e4nge November 2020<\/a><\/li>\n\n\n\n<li><a rel=\"noreferrer noopener\" href=\"https:\/\/buechertanz.de\/?page_id=1708\" target=\"_blank\">Neuzug\u00e4nge Oktober 2020<\/a><\/li>\n\n\n\n<li><a rel=\"noreferrer noopener\" href=\"https:\/\/buechertanz.de\/?page_id=1648\" target=\"_blank\">Neuzug\u00e4nge September 2020<\/a><\/li>\n\n\n\n<li><a href=\"https:\/\/buechertanz.de\/?page_id=1592\">Neuzu<\/a><a rel=\"noreferrer noopener\" href=\"https:\/\/buechertanz.de\/?page_id=1592\" target=\"_blank\">g<\/a><a href=\"https:\/\/buechertanz.de\/?page_id=1592\">\u00e4nge August 2020<\/a><\/li>\n\n\n\n<li><a rel=\"noreferrer noopener\" href=\"https:\/\/buechertanz.de\/?page_id=1514\" target=\"_blank\">Neuzug\u00e4nge Juli 2020<\/a><\/li>\n\n\n\n<li><a rel=\"noreferrer noopener\" href=\"https:\/\/buechertanz.de\/?page_id=1465\" target=\"_blank\">Neuzug\u00e4nge Juni 2020<\/a><\/li>\n\n\n\n<li><a rel=\"noreferrer noopener\" href=\"https:\/\/buechertanz.de\/?page_id=1336\" target=\"_blank\">Neuzug\u00e4nge Mai 2020<\/a><\/li>\n\n\n\n<li><a rel=\"noreferrer noopener\" href=\"https:\/\/buechertanz.de\/?page_id=1247\" target=\"_blank\">Neuzug\u00e4nge April 2020<\/a><\/li>\n\n\n\n<li><a rel=\"noreferrer noopener\" href=\"https:\/\/buechertanz.de\/?page_id=1186\" target=\"_blank\">Neuzug\u00e4nge M\u00e4rz 2020<\/a><\/li>\n\n\n\n<li><a rel=\"noreferrer noopener\" href=\"https:\/\/buechertanz.de\/?page_id=1152\" target=\"_blank\">Neuzug\u00e4nge Februar 2020<\/a><\/li>\n\n\n\n<li><a rel=\"noreferrer noopener\" href=\"https:\/\/buechertanz.de\/?page_id=981\" target=\"_blank\">Neuzug\u00e4nge Januar 2020<\/a><\/li>\n<\/ul>\n\n\n\n<p class=\"has-text-align-center\">_ _ _<\/p>\n\n\n\n<p class=\"has-text-align-center has-large-font-size\"><strong>2019<\/strong><\/p>\n\n\n\n<p class=\"has-drop-cap has-small-font-size\">Viele B\u00fccher sind in diesem Jahr hier eingezogen. <a href=\"https:\/\/buechertanz.de\/?page_id=997\">Hier<\/a> findet ihr einen kurzen \u00dcberblick. <br>Und hier findet ihr die Neuzug\u00e4nge <strong>2019<\/strong> nach Monaten geordnet:<\/p>\n\n\n\n<p><\/p>\n\n\n\n<ul class=\"wp-block-list has-small-font-size\">\n<li><a rel=\"noreferrer noopener\" href=\"https:\/\/buechertanz.de\/?page_id=964\" target=\"_blank\">Neuzug\u00e4nge Dezember 2019<\/a><\/li>\n\n\n\n<li><a rel=\"noreferrer noopener\" href=\"https:\/\/buechertanz.de\/?page_id=924\" target=\"_blank\">Neuzug\u00e4nge November 2019<\/a><\/li>\n\n\n\n<li><a rel=\"noreferrer noopener\" href=\"https:\/\/buechertanz.de\/?page_id=880\" target=\"_blank\">Neuzug\u00e4nge Oktober 2019<\/a><\/li>\n\n\n\n<li><a rel=\"noreferrer noopener\" href=\"https:\/\/buechertanz.de\/?page_id=838\" target=\"_blank\">Neuzug\u00e4nge September 2019<\/a><\/li>\n\n\n\n<li><a rel=\"noreferrer noopener\" href=\"https:\/\/buechertanz.de\/?page_id=769\" target=\"_blank\">Neuzug\u00e4nge August 2019<\/a><\/li>\n\n\n\n<li><a rel=\"noreferrer noopener\" href=\"https:\/\/buechertanz.de\/?page_id=737\" target=\"_blank\">Neuzug\u00e4nge Juli 2019<\/a><\/li>\n\n\n\n<li><a rel=\"noreferrer noopener\" href=\"https:\/\/buechertanz.de\/?page_id=708\" target=\"_blank\">Neuzug\u00e4nge Juni 2019<\/a><\/li>\n\n\n\n<li><a rel=\"noreferrer noopener\" href=\"https:\/\/buechertanz.de\/?page_id=658\" target=\"_blank\">Neuzug\u00e4nge Mai 2019<\/a><\/li>\n\n\n\n<li><a rel=\"noreferrer noopener\" href=\"https:\/\/buechertanz.de\/?page_id=589\" target=\"_blank\">Neuzug\u00e4nge April 2019<\/a><\/li>\n\n\n\n<li><a rel=\"noreferrer noopener\" href=\"https:\/\/buechertanz.de\/?page_id=465\" target=\"_blank\">Neuzug\u00e4nge M\u00e4rz 2019<\/a><\/li>\n\n\n\n<li><a rel=\"noreferrer noopener\" href=\"https:\/\/buechertanz.de\/?page_id=466\" target=\"_blank\">Neuzug\u00e4nge Februar 2019<\/a><\/li>\n<\/ul>\n\n\n\n<p class=\"has-text-align-center\">_ _ _<\/p>\n\n\n\n<p><br><\/p>\n\n\n<div class=\"wp-block-image is-style-rounded\">\n<figure class=\"aligncenter is-resized\"><img loading=\"lazy\" decoding=\"async\" width=\"264\" height=\"305\" src=\"https:\/\/buechertanz.de\/wp-content\/uploads\/2019\/03\/Blume-2.png\" alt=\"\" class=\"wp-image-364\" style=\"width:132px;height:153px\" srcset=\"https:\/\/buechertanz.de\/wp-content\/uploads\/2019\/03\/Blume-2.png 264w, https:\/\/buechertanz.de\/wp-content\/uploads\/2019\/03\/Blume-2-260x300.png 260w\" sizes=\"auto, (max-width: 264px) 100vw, 264px\" \/><\/figure><\/div>","protected":false},"excerpt":{"rendered":"<p>Unter diesem Men\u00fcpunkt findet ihr, nach Monaten Jahren und Monaten sortiert, meine Neuzug\u00e4nge im B\u00fccherregal. _ _ _ 2026 Hier findet ihr meine Neuzug\u00e4nge 2026 nach Monaten geordnet: _ _ _ 2025 Hier findet ihr meine Neuzug\u00e4nge 2025 nach Monaten geordnet: _ _ _ 2024 Hier findet ihr meine Neuzug\u00e4nge 2024 nach Monaten geordnet: _ &hellip; <a href=\"https:\/\/buechertanz.de\/?page_id=129\" class=\"more-link\"><span class=\"screen-reader-text\">Neuzug\u00e4nge<\/span> weiterlesen<\/a><\/p>\n","protected":false},"author":2,"featured_media":0,"parent":0,"menu_order":0,"comment_status":"open","ping_status":"closed","template":"","meta":{"footnotes":""},"class_list":["post-129","page","type-page","status-publish","hentry"],"_links":{"self":[{"href":"https:\/\/buechertanz.de\/index.php?rest_route=\/wp\/v2\/pages\/129","targetHints":{"allow":["GET"]}}],"collection":[{"href":"https:\/\/buechertanz.de\/index.php?rest_route=\/wp\/v2\/pages"}],"about":[{"href":"https:\/\/buechertanz.de\/index.php?rest_route=\/wp\/v2\/types\/page"}],"author":[{"embeddable":true,"href":"https:\/\/buechertanz.de\/index.php?rest_route=\/wp\/v2\/users\/2"}],"replies":[{"embeddable":true,"href":"https:\/\/buechertanz.de\/index.php?rest_route=%2Fwp%2Fv2%2Fcomments&post=129"}],"version-history":[{"count":116,"href":"https:\/\/buechertanz.de\/index.php?rest_route=\/wp\/v2\/pages\/129\/revisions"}],"predecessor-version":[{"id":10714,"href":"https:\/\/buechertanz.de\/index.php?rest_route=\/wp\/v2\/pages\/129\/revisions\/10714"}],"wp:attachment":[{"href":"https:\/\/buechertanz.de\/index.php?rest_route=%2Fwp%2Fv2%2Fmedia&parent=129"}],"curies":[{"name":"wp","href":"https:\/\/api.w.org\/{rel}","templated":true}]}}