{"id":1335,"date":"2020-06-01T10:17:25","date_gmt":"2020-06-01T09:17:25","guid":{"rendered":"http:\/\/buechertanz.de\/?page_id=1335"},"modified":"2022-03-31T08:05:10","modified_gmt":"2022-03-31T07:05:10","slug":"gelesen-mai-2020","status":"publish","type":"page","link":"https:\/\/buechertanz.de\/?page_id=1335","title":{"rendered":"Gelesen Mai 2020"},"content":{"rendered":"\n<p class=\"has-small-font-size\">Hier seht ihr die B\u00fccher, die ich im Mai 2020 gelesen habe und ihr bekommt einen ersten Eindruck. Die ausf\u00fchrlichen Rezensionen folgen.<br>Falls es schon eine Rezension auf meinem Blog gibt, gelangt ihr mit einem Klick auf den Titel direkt bei der Rezension<br>Der Lesemonat 2020 stand ganz im Zeichen des 20. Jahrhunderts. Alle B\u00fccher spielten in diesem spannenden und ereignisreichen Jahrhundert. <br><\/p>\n\n\n\n<div class=\"wp-block-image\"><figure class=\"aligncenter is-resized\"><img loading=\"lazy\" decoding=\"async\" src=\"https:\/\/buechertanz.de\/wp-content\/uploads\/2020\/06\/20200531_111816-1024x799.jpg\" alt=\"\" class=\"wp-image-1348\" width=\"560\" height=\"436\" srcset=\"https:\/\/buechertanz.de\/wp-content\/uploads\/2020\/06\/20200531_111816-1024x799.jpg 1024w, https:\/\/buechertanz.de\/wp-content\/uploads\/2020\/06\/20200531_111816-300x234.jpg 300w, https:\/\/buechertanz.de\/wp-content\/uploads\/2020\/06\/20200531_111816-768x599.jpg 768w\" sizes=\"auto, (max-width: 560px) 100vw, 560px\" \/><figcaption><em>Gelesene B\u00fccher Mai 2020:<\/em><br>&#8211; Sechs B\u00fccher<br>&#8211; 2.870 Seiten<br><\/figcaption><\/figure><\/div>\n\n\n\n<p>_<\/p>\n\n\n\n<p class=\"has-small-font-size\"><strong>Petra Durst-Benning: &#8222;Die Fotografin &#8211; Die Welt von morgen&#8220;<\/strong><br><strong>erschienen am 27. April 2020<br>Blanvalet, ISBN: 978-3764506643<\/strong> <br><br><strong>Klappentext:<\/strong><br> <em>&#8222;Nach dem Tod ihres Onkels Josef hat Mimi Reventlow Laichingen verlassen und ihre Arbeit als Wanderfotografin wiederaufgenommen. Sie ist nicht mehr allein unterwegs, denn der Gastwirtsohn Anton hat sich Mimi angeschlossen. Gemeinsam bereisen die beiden das Land und wollen nach der d\u00f6rflichen Enge Laichingens endlich gro\u00dfst\u00e4dtischen Trubel erleben. W\u00e4hrend ihres Aufenthalts in Berlin gelingt es Anton, einen florierenden Postkartenhandel aufzubauen \u2013 Mimi dagegen hat immer \u00f6fter Schwierigkeiten, eine Gastanstellung zu finden. Doch anstatt der Vergangenheit nachzutrauern m\u00f6chte Mimi lieber die Welt von morgen mitgestalten! So wagt sie es, sich neu zu erfinden und dennoch treu zu bleiben. Auf ihrem Weg begegnen ihr auch alte Bekannte, wie Bernadette, die von der gro\u00dfen Liebe tr\u00e4umt. Was beide Frauen noch nicht wissen: Ihnen steht bald die gr\u00f6\u00dfte Herausforderung ihres Lebens bevor \u2026&#8220;<\/em><br><br><strong>Meine Meinung:<\/strong><br>Es ist immer wieder eine Freude, wenn ich lesen darf, wie es mit Mimi weitergeht. Sie ist eine wahre Freundin geworden.<br><\/p>\n\n\n\n<p>_<\/p>\n\n\n\n<p class=\"has-small-font-size\"><strong><a href=\"https:\/\/buechertanz.de\/?p=1289\" target=\"_blank\" rel=\"noreferrer noopener\">Julia Kr\u00f6hn: &#8222;Riviera &#8211; Der Traum vom Meer&#8220;<\/a><\/strong><br><strong>erschienen am 27. April 2020<br>Blanvalet, ISBN: 978-3-7341-0808-2<\/strong> <br><br><strong>Klappentext:<br><\/strong><em>&#8222;Frankfurt 1922: Als Salome zum ersten Mal vom Meer h\u00f6rt, hat sie sofort wundersch\u00f6ne Bilder von funkelnden Weiten vor Augen. Ihr Traum, einmal selbst im Meer zu schwimmen, wird wahr, als ihr Vater, der Besitzer eines Reisebureaus, den Tourismus im sonnigen Italien ausbauen will \u2013 und zwar nirgendwo sonst als in San Remo an der malerischen Riviera. Um dort Fu\u00df zu fassen, kooperiert er mit dem Hotelier Renzo Barbera. Und nicht nur beruflich sind die Familien bald eng verbunden, denn Salome schlie\u00dft Freundschaft mit Renzos Tochter Ornella. Doch dann wirft der erstarkende Faschismus erste Schatten auf das Paradies und erschwert weitere Reisen. Die Ereignisse \u00fcberschlagen sich, als sich Ornella in den Sohn eines franz\u00f6sischen Unternehmers verliebt, dem auch Salome n\u00e4her kommt \u2026&#8220;<\/em><br><br>Meine Meinung:<br>Ein sehr starkes Buch, welches sich zu lesen lohnt.<a href=\"https:\/\/buechertanz.de\/?p=1289\" target=\"_blank\" rel=\"noreferrer noopener\"> Hier<\/a> findet ihr meine Rezension.<\/p>\n\n\n\n<p>_<\/p>\n\n\n\n<p class=\"has-small-font-size\"><strong><a href=\"https:\/\/buechertanz.de\/?p=1330\" target=\"_blank\" rel=\"noreferrer noopener\">Anne Stern: &#8222;Fr\u00e4ulein Gold &#8211; Schatten und Licht&#8220;<\/a><\/strong><a href=\"https:\/\/buechertanz.de\/?p=1330\"><br><\/a><strong>erschienen als eBook am 01. Juni 2020, als Paperback erscheint es am 16. Juni 2020<br>Rowohlt, ISBN:  978-3499004278 <\/strong><br><br><br><strong>Klappentext:<\/strong><br><em>&#8220; 1922: Hulda Gold ist gewitzt und unerschrocken und im Viertel \u00e4u\u00dferst beliebt. Durch ihre Hausbesuche begegnet die Hebamme den unterschiedlichsten Menschen, wobei ihr das Schicksal der Frauen besonders am Herzen liegt. Der Gro\u00dfe Krieg hat tiefe Wunden hinterlassen, und die junge Republik ist zwar von Aufbruchsstimmung, aber auch von bitterer Armut gepr\u00e4gt. Hulda neigt durch ihre engagierte Art dazu, sich selbst in Schwierigkeiten zu bringen. Zumal sie bei ihrer Arbeit nicht nur neuem Leben begegnet, sondern auch dem Tod. Im ber\u00fcchtigten B\u00fclowbogen, einem der vielen Elendsviertel der Stadt, k\u00fcmmert sich Hulda um eine Schwangere. Die junge Frau ist ersch\u00fcttert, weil man ihre Nachbarin tot im Landwehrkanal gefunden hat. Ein tragischer Unfall. Aber wieso interessiert sich der undurchsichtige Kriminalkommissar Karl North f\u00fcr den Fall? Hulda stellt Nachforschungen an und ger\u00e4t dabei immer tiefer in die Abgr\u00fcnde einer Stadt, in der Schatten und Licht dicht beieinanderliegen.&#8220;<\/em><br><br><br><strong>Meine Meinung:<\/strong><br>Ein Buch mit Sogwirkung &#8211; mein bisheriges Jahreshighlight. Unbedingt lesen!<a href=\"https:\/\/buechertanz.de\/?p=1330\" target=\"_blank\" rel=\"noreferrer noopener\"> Hier<\/a> findet ihr meine Rezension.<\/p>\n\n\n\n<p>_<\/p>\n\n\n\n<p class=\"has-small-font-size\"><strong><a href=\"https:\/\/buechertanz.de\/?p=1304\" target=\"_blank\" rel=\"noreferrer noopener\">Teresa Simon: &#8222;Die Lilienbraut&#8220;<br><\/a>erschienen am 11. Mai 2020<br>Heyne, ISBN:  978-3453422445 <\/strong><br><br><strong>Klappentext:<br><\/strong><em>&#8222;K\u00f6ln in den Vierzigerjahren. Die junge Nellie Voss hat gerade eine Stelle bei 4711 angetreten. Schnell wird ihr klar, dass sie ein untr\u00fcgliches Gesp\u00fcr f\u00fcr D\u00fcfte hat. Ab und zu vergisst sie dar\u00fcber sogar, dass ein schrecklicher Krieg tobt. Doch noch mehr besch\u00e4ftigt sie ihre aussichtslose Liebe zu einem Mann, den sie nicht haben darf &#8230;<br><br>K\u00f6ln in der Gegenwart: Nach ihrer schmerzhaften Trennung er\u00f6ffnet Liv einen kleinen Laden f\u00fcr Seifen und D\u00fcfte im Stadtviertel Ehrenfeld. Eines Tages begegnet sie auf der Stra\u00dfe zuf\u00e4llig einer geheimnisvollen wei\u00dfhaarigen Dame, die bei ihrem Anblick regelrecht ersch\u00fcttert ist und sie beschimpft. Wer ist sie, und was verbindet sie mit Liv?&#8220;<\/em><br><br><br><strong>Meine Meinung:<\/strong><br>Ein sehr sinnliches Buch, welches aber auch den Schrecken des Zweiten Weltkriegs n\u00e4her bringt. Sehr lesenswert! <a href=\"https:\/\/buechertanz.de\/?p=1304\" target=\"_blank\" rel=\"noreferrer noopener\">Hier<\/a> findet ihr meine Rezension.<\/p>\n\n\n\n<p>_<\/p>\n\n\n\n<p class=\"has-small-font-size\"><strong><a href=\"https:\/\/buechertanz.de\/?p=1312\" target=\"_blank\" rel=\"noreferrer noopener\">Julie Hilgenberg: &#8222;Das M\u00e4dchen aus Glas&#8220;<\/a><\/strong><a href=\"https:\/\/buechertanz.de\/?p=1312\"><br><\/a><strong>erschienen am 11. Mai 2020<br>Diana, ISBN: 978-3453360570 <\/strong><br><br><strong>Klappentext:<\/strong><br><em>&#8222;Berlin, 1913. Elisa leidet unter der seltenen und wenig erforschten Glasknochenkrankheit, weshalb sie ihr wohlbeh\u00fctetes Zuhause kaum verl\u00e4sst. Louis ist ein Draufg\u00e4nger und liebt das Risiko. Die von den Eltern vereinbarte Eheschlie\u00dfung erscheint ihnen zun\u00e4chst wie eine Bestrafung \u2013 zumal Elisa in ihren Arzt Wilhelm verliebt ist. Doch w\u00e4hrend der Erste Weltkrieg heraufzieht, kommen Elisa und Louis sich n\u00e4her. Als die beiden M\u00e4nner an die Front m\u00fcssen, zeigt sich, wie stark Elisa wirklich ist \u2013 und sie erf\u00e4hrt, was es bedeutet, wahrhaftig zu lieben.&#8220;<\/em><br><br><strong>Meine Meinung:<\/strong><br>Das Buch hat mich sehr ber\u00fchrt. Die Gef\u00fchle der Protagonisten stehen im Vordergrund der Geschichte.  <br>Ein wundersch\u00f6ner, sinnlicher Roman mit einer zarten und gleichzeitig so starken Hauptfigur. Lohnt sich! <a href=\"https:\/\/buechertanz.de\/?p=1312\" target=\"_blank\" rel=\"noreferrer noopener\">Hier<\/a> findet ihr meine Rezension. <\/p>\n\n\n\n<p>_<\/p>\n\n\n\n<p class=\"has-small-font-size\"><strong><a href=\"https:\/\/buechertanz.de\/?p=1324\" target=\"_blank\" rel=\"noreferrer noopener\">Agnes Krup: &#8222;Mit der Flut&#8220;<br><\/a>Erschienen am 02. Oktober 2017 (Gebundene Ausgabe) und am 01. M\u00e4rz 2019 (Taschenbuch)<br>Piper, ISBN: 978-3492058421 (Gebundene Ausgabe) und 978-3492314091 (Taschenbuch) <\/strong><br><br><strong>Klappentext:<\/strong><br><em>&#8222;Finkenwerder bei Hamburg, 1923: Paul ist fast noch ein Junge, als er sich als blinder Passagier auf einen \u00dcberseedampfer nach New York schleicht. In der neuen Welt will er sein Gl\u00fcck suchen, denn der elterliche Obsthof ist ihm schon lange zu klein und zu eng. In Brooklyn gelingt es ihm Fu\u00df zu fassen, und als er Antonina kennenlernt, deren Familie aus Sizilien eingewandert ist, scheint er ein neues Zuhause zu finden. Doch um seinen gr\u00f6\u00dften Traum zu verwirklichen und Arzt zu werden, muss Paul zur\u00fcck zu seiner Familie nach Deutschland &#8211; und betritt im Jahr 1937 ein Land, das er kaum wiedererkennt. Damit wird auch Antoninas Liebe zu ihm auf eine h\u00e4rtere Probe gestellt, als sie es sich je h\u00e4tte tr\u00e4umen lassen. Agnes Krup erz\u00e4hlt, inspiriert vom bewegten Leben ihres Gro\u00dfonkels, eine so dramatische wie faszinierende deutsche Familiengeschichte.&#8220; <\/em> <br><br><strong>Meine Meinung:<\/strong><br>Ein ganz starker, kraftvoller und poetischer Roman. <a href=\"https:\/\/buechertanz.de\/?p=1324\" target=\"_blank\" rel=\"noreferrer noopener\">Hier<\/a> findet ihr meine Rezension.<\/p>\n\n\n\n<p>&#8211;<\/p>\n\n\n\n<div class=\"wp-block-image\"><figure class=\"aligncenter is-resized\"><img loading=\"lazy\" decoding=\"async\" src=\"https:\/\/buechertanz.de\/wp-content\/uploads\/2019\/03\/Blume-5.png\" alt=\"\" class=\"wp-image-367\" width=\"208\" height=\"240\" srcset=\"https:\/\/buechertanz.de\/wp-content\/uploads\/2019\/03\/Blume-5.png 264w, https:\/\/buechertanz.de\/wp-content\/uploads\/2019\/03\/Blume-5-260x300.png 260w\" sizes=\"auto, (max-width: 208px) 100vw, 208px\" \/><\/figure><\/div>\n\n\n\n<p><br><br><br><\/p>\n\n\n\n<p><br><br><\/p>\n\n\n\n<p><\/p>\n","protected":false},"excerpt":{"rendered":"<p>Hier seht ihr die B\u00fccher, die ich im Mai 2020 gelesen habe und ihr bekommt einen ersten Eindruck. Die ausf\u00fchrlichen Rezensionen folgen.Falls es schon eine Rezension auf meinem Blog gibt, gelangt ihr mit einem Klick auf den Titel direkt bei der RezensionDer Lesemonat 2020 stand ganz im Zeichen des 20. Jahrhunderts. Alle B\u00fccher spielten in &hellip; <a href=\"https:\/\/buechertanz.de\/?page_id=1335\" class=\"more-link\"><span class=\"screen-reader-text\">Gelesen Mai 2020<\/span> weiterlesen<\/a><\/p>\n","protected":false},"author":2,"featured_media":0,"parent":0,"menu_order":0,"comment_status":"open","ping_status":"closed","template":"","meta":{"footnotes":""},"class_list":["post-1335","page","type-page","status-publish","hentry"],"_links":{"self":[{"href":"https:\/\/buechertanz.de\/index.php?rest_route=\/wp\/v2\/pages\/1335","targetHints":{"allow":["GET"]}}],"collection":[{"href":"https:\/\/buechertanz.de\/index.php?rest_route=\/wp\/v2\/pages"}],"about":[{"href":"https:\/\/buechertanz.de\/index.php?rest_route=\/wp\/v2\/types\/page"}],"author":[{"embeddable":true,"href":"https:\/\/buechertanz.de\/index.php?rest_route=\/wp\/v2\/users\/2"}],"replies":[{"embeddable":true,"href":"https:\/\/buechertanz.de\/index.php?rest_route=%2Fwp%2Fv2%2Fcomments&post=1335"}],"version-history":[{"count":4,"href":"https:\/\/buechertanz.de\/index.php?rest_route=\/wp\/v2\/pages\/1335\/revisions"}],"predecessor-version":[{"id":2995,"href":"https:\/\/buechertanz.de\/index.php?rest_route=\/wp\/v2\/pages\/1335\/revisions\/2995"}],"wp:attachment":[{"href":"https:\/\/buechertanz.de\/index.php?rest_route=%2Fwp%2Fv2%2Fmedia&parent=1335"}],"curies":[{"name":"wp","href":"https:\/\/api.w.org\/{rel}","templated":true}]}}