{"id":1465,"date":"2020-07-22T09:36:53","date_gmt":"2020-07-22T08:36:53","guid":{"rendered":"http:\/\/buechertanz.de\/?page_id=1465"},"modified":"2023-01-04T13:52:41","modified_gmt":"2023-01-04T12:52:41","slug":"neuzugaenge-juni-2020","status":"publish","type":"page","link":"https:\/\/buechertanz.de\/?page_id=1465","title":{"rendered":"Neuzug\u00e4nge Juni 2020"},"content":{"rendered":"\n<p class=\"has-drop-cap has-small-font-size\">Im Juni 2020 sind 13 neue B\u00fccher eingezogen:<br>Drei neue B\u00fccher, vier Rezensionsexemplare und sechs Buchgeschenke  fanden den Weg in mein B\u00fccherregal.<br><br>Falls es eine Rezension auf meinem Blog gibt, gelangt ihr mit einem Klick auf den Titel direkt bei der Rezension. <\/p>\n\n\n\n<p>_<\/p>\n\n\n<div class=\"wp-block-image\">\n<figure class=\"aligncenter is-resized\"><img loading=\"lazy\" decoding=\"async\" src=\"https:\/\/buechertanz.de\/wp-content\/uploads\/2020\/07\/06-Juni-neu-1024x783.jpg\" alt=\"\" class=\"wp-image-1481\" width=\"506\" height=\"386\" srcset=\"https:\/\/buechertanz.de\/wp-content\/uploads\/2020\/07\/06-Juni-neu-1024x783.jpg 1024w, https:\/\/buechertanz.de\/wp-content\/uploads\/2020\/07\/06-Juni-neu-300x229.jpg 300w, https:\/\/buechertanz.de\/wp-content\/uploads\/2020\/07\/06-Juni-neu-768x587.jpg 768w\" sizes=\"auto, (max-width: 506px) 100vw, 506px\" \/><\/figure><\/div>\n\n\n<p class=\"has-drop-cap has-text-align-left has-small-font-size\"><strong>Neue B\u00fccher:<\/strong><\/p>\n\n\n\n<p><\/p>\n\n\n\n<ul class=\"has-small-font-size wp-block-list\"><li>Rachel Joyce: <br><em>&#8222;Mister Franks fabelhaftes Talent f\u00fcr Harmonie&#8220;<\/em><\/li><li>Michaela Saalfeld: <br><em>&#8222;Als wir im Regen tanzten&#8220;<\/em><\/li><li>Joanna Courtney: <br><em>&#8222;Das Goldene Meer&#8220;<\/em><\/li><\/ul>\n\n\n\n<p>_<\/p>\n\n\n<div class=\"wp-block-image\">\n<figure class=\"aligncenter is-resized\"><img loading=\"lazy\" decoding=\"async\" src=\"https:\/\/buechertanz.de\/wp-content\/uploads\/2020\/07\/06-Juni-Rezis-1024x768.jpg\" alt=\"\" class=\"wp-image-1482\" width=\"529\" height=\"397\" srcset=\"https:\/\/buechertanz.de\/wp-content\/uploads\/2020\/07\/06-Juni-Rezis-1024x768.jpg 1024w, https:\/\/buechertanz.de\/wp-content\/uploads\/2020\/07\/06-Juni-Rezis-300x225.jpg 300w, https:\/\/buechertanz.de\/wp-content\/uploads\/2020\/07\/06-Juni-Rezis-768x576.jpg 768w\" sizes=\"auto, (max-width: 529px) 100vw, 529px\" \/><\/figure><\/div>\n\n\n<p class=\"has-drop-cap has-text-align-left has-small-font-size\"><strong>Rezensionsexemplare:<\/strong><\/p>\n\n\n\n<p><\/p>\n\n\n\n<ul class=\"has-small-font-size wp-block-list\"><li>Agnes Krup: <br><em><a rel=\"noreferrer noopener\" href=\"https:\/\/buechertanz.de\/?p=1418\" target=\"_blank\">&#8222;Sommerg\u00e4ste&#8220;<\/a><\/em><\/li><li>Maria W. Peter: <br><em><a rel=\"noreferrer noopener\" href=\"https:\/\/buechertanz.de\/?p=1427\" target=\"_blank\">&#8222;Eine Liebe zwischen den Fronten&#8220;<\/a><\/em><\/li><li>Julia Kr\u00f6hn: <br><em><a rel=\"noreferrer noopener\" href=\"https:\/\/buechertanz.de\/?p=1445\" target=\"_blank\">&#8222;Riviera &#8211; Der Weg in die Freiheit&#8220;<\/a><\/em><\/li><li>Mirko Zuleger: <br><a rel=\"noreferrer noopener\" href=\"https:\/\/buechertanz.de\/?p=1493\" target=\"_blank\"><em>&#8222;Der unsichtbare Pilot&#8220;<\/em><\/a><\/li><\/ul>\n\n\n\n<p>_<\/p>\n\n\n<div class=\"wp-block-image\">\n<figure class=\"aligncenter is-resized\"><img loading=\"lazy\" decoding=\"async\" src=\"https:\/\/buechertanz.de\/wp-content\/uploads\/2020\/07\/06-Juni-Geschenke-1024x768.jpg\" alt=\"\" class=\"wp-image-1483\" width=\"508\" height=\"381\" srcset=\"https:\/\/buechertanz.de\/wp-content\/uploads\/2020\/07\/06-Juni-Geschenke-1024x768.jpg 1024w, https:\/\/buechertanz.de\/wp-content\/uploads\/2020\/07\/06-Juni-Geschenke-300x225.jpg 300w, https:\/\/buechertanz.de\/wp-content\/uploads\/2020\/07\/06-Juni-Geschenke-768x576.jpg 768w\" sizes=\"auto, (max-width: 508px) 100vw, 508px\" \/><figcaption><br><\/figcaption><\/figure><\/div>\n\n\n<p class=\"has-drop-cap has-text-align-left has-small-font-size\"><strong>Buchgeschenke:<\/strong><\/p>\n\n\n\n<p><\/p>\n\n\n\n<ul class=\"has-small-font-size wp-block-list\"><li>Anne Stern:<br><em>&#8222;Die Frauen vom Karlsplatz: Henny&#8220;, &#8222;Die Frauen vom Karlsplatz: Vera&#8220;, &#8222;Weihnachten am Karlsplatz: Maria&#8220;, &#8222;Rabenjahre&#8220;, &#8222;Das Gl\u00fcck ist ein fl\u00fcchtiger Vogel&#8220;, &#8222;Der Traum des Lehrlings&#8220;<\/em><br><br>An dieser Stelle ein herzliches Dankesch\u00f6n an die Autorin, die meine Sammlung erweitert hat. Anne, du bist eine so liebe Frau \ud83d\ude42<\/li><\/ul>\n\n\n\n<p>_<\/p>\n\n\n<div class=\"wp-block-image\">\n<figure class=\"aligncenter is-resized\"><img loading=\"lazy\" decoding=\"async\" src=\"https:\/\/buechertanz.de\/wp-content\/uploads\/2019\/03\/Blume-5.png\" alt=\"\" class=\"wp-image-367\" width=\"229\" height=\"265\" srcset=\"https:\/\/buechertanz.de\/wp-content\/uploads\/2019\/03\/Blume-5.png 264w, https:\/\/buechertanz.de\/wp-content\/uploads\/2019\/03\/Blume-5-260x300.png 260w\" sizes=\"auto, (max-width: 229px) 100vw, 229px\" \/><\/figure><\/div>","protected":false},"excerpt":{"rendered":"<p>Im Juni 2020 sind 13 neue B\u00fccher eingezogen:Drei neue B\u00fccher, vier Rezensionsexemplare und sechs Buchgeschenke fanden den Weg in mein B\u00fccherregal. Falls es eine Rezension auf meinem Blog gibt, gelangt ihr mit einem Klick auf den Titel direkt bei der Rezension. _ Neue B\u00fccher: Rachel Joyce: &#8222;Mister Franks fabelhaftes Talent f\u00fcr Harmonie&#8220; Michaela Saalfeld: &#8222;Als &hellip; <a href=\"https:\/\/buechertanz.de\/?page_id=1465\" class=\"more-link\"><span class=\"screen-reader-text\">Neuzug\u00e4nge Juni 2020<\/span> weiterlesen<\/a><\/p>\n","protected":false},"author":2,"featured_media":0,"parent":0,"menu_order":0,"comment_status":"open","ping_status":"closed","template":"","meta":{"footnotes":""},"class_list":["post-1465","page","type-page","status-publish","hentry"],"_links":{"self":[{"href":"https:\/\/buechertanz.de\/index.php?rest_route=\/wp\/v2\/pages\/1465","targetHints":{"allow":["GET"]}}],"collection":[{"href":"https:\/\/buechertanz.de\/index.php?rest_route=\/wp\/v2\/pages"}],"about":[{"href":"https:\/\/buechertanz.de\/index.php?rest_route=\/wp\/v2\/types\/page"}],"author":[{"embeddable":true,"href":"https:\/\/buechertanz.de\/index.php?rest_route=\/wp\/v2\/users\/2"}],"replies":[{"embeddable":true,"href":"https:\/\/buechertanz.de\/index.php?rest_route=%2Fwp%2Fv2%2Fcomments&post=1465"}],"version-history":[{"count":7,"href":"https:\/\/buechertanz.de\/index.php?rest_route=\/wp\/v2\/pages\/1465\/revisions"}],"predecessor-version":[{"id":4248,"href":"https:\/\/buechertanz.de\/index.php?rest_route=\/wp\/v2\/pages\/1465\/revisions\/4248"}],"wp:attachment":[{"href":"https:\/\/buechertanz.de\/index.php?rest_route=%2Fwp%2Fv2%2Fmedia&parent=1465"}],"curies":[{"name":"wp","href":"https:\/\/api.w.org\/{rel}","templated":true}]}}