{"id":1466,"date":"2020-07-22T09:36:53","date_gmt":"2020-07-22T08:36:53","guid":{"rendered":"http:\/\/buechertanz.de\/?page_id=1466"},"modified":"2022-03-31T08:07:31","modified_gmt":"2022-03-31T07:07:31","slug":"gelesen-juni-2020","status":"publish","type":"page","link":"https:\/\/buechertanz.de\/?page_id=1466","title":{"rendered":"Gelesen Juni 2020"},"content":{"rendered":"\n<p class=\"has-drop-cap has-small-font-size\">Hier seht ihr die B\u00fccher, die ich im Juni 2020 gelesen habe und ihr bekommt einen ersten Eindruck. Die ausf\u00fchrlichen Rezensionen folgen.<br>Falls es schon eine Rezension auf meinem Blog gibt, gelangt ihr mit einem Klick auf den Titel direkt bei der Rezension.<\/p>\n\n\n\n<div class=\"wp-block-image\"><figure class=\"aligncenter is-resized\"><img loading=\"lazy\" decoding=\"async\" src=\"https:\/\/buechertanz.de\/wp-content\/uploads\/2020\/07\/06-Juni-820x1024.jpg\" alt=\"\" class=\"wp-image-1476\" width=\"390\" height=\"487\" srcset=\"https:\/\/buechertanz.de\/wp-content\/uploads\/2020\/07\/06-Juni-820x1024.jpg 820w, https:\/\/buechertanz.de\/wp-content\/uploads\/2020\/07\/06-Juni-240x300.jpg 240w, https:\/\/buechertanz.de\/wp-content\/uploads\/2020\/07\/06-Juni-768x960.jpg 768w\" sizes=\"auto, (max-width: 390px) 100vw, 390px\" \/><figcaption><em>Gelesene B\u00fccher Juni 2020:<\/em><br>&#8211; Drei B\u00fccher<br>&#8211; 1.802 Seiten<\/figcaption><\/figure><\/div>\n\n\n\n<p>_<\/p>\n\n\n\n<p class=\"has-small-font-size\"><strong><a href=\"https:\/\/buechertanz.de\/?p=1370\" target=\"_blank\" rel=\"noreferrer noopener\">Astrid Fritz: \u201eDer Turm aus Licht\u201c<\/a><\/strong><a href=\"https:\/\/buechertanz.de\/?p=1370\"><br><\/a><strong>erschienen am 19. Mai 2020<br>Rowohlt, ISBN:  978-3499001192 <\/strong><br><br><strong>Klappentext:<\/strong><br><em>&#8222;Der packende, gro\u00df angelegte Ensembleroman der Bestsellerautorin nimmt uns als erster Roman \u00fcberhaupt mit auf den spannenden Bau des so faszinierenden, wie beeindruckenden Freiburger M\u00fcnsters. Es hat das Angesicht Freiburgs f\u00fcr immer ver\u00e4ndert und gilt als eines der Meisterwerke der Gotik: \u00abDer sch\u00f6nste Turm auf Erden\u00bb. Der sechzig Jahre andauernde Turmbau brachte Reichtum und Verderben, stiftete Liebe und besiegelte Schicksale. Episch und bewegend erz\u00e4hlt Fritz, wie die Menschen von Freiburg &#8211; protzende Grafen, aufstrebende Kaufleute, machtbewusste Kirchenleute, leidenschaftliche Baumeister, ihre Familien und gemeine Leute &#8211; im Schatten des Baus lebten, hassten, k\u00e4mpften, um schlie\u00dflich nach sechzig Jahren im Jahr 1330 glorreich zu triumphieren.&#8220; <br><\/em><br><strong>Meine Meinung:<\/strong><br>Ein richtiger Schm\u00f6ker &#8211; aufschlagen und der Alltag verschwindet. Mir hat es sehr gut gefallen, ich habe wieder sehr viel Neues \u00fcber meine Heimatstadt erfahren.<br><a href=\"https:\/\/buechertanz.de\/?p=1370\" target=\"_blank\" rel=\"noreferrer noopener\">Hier<\/a> findet ihr meine ausf\u00fchrliche Rezension.<\/p>\n\n\n\n<p>_<\/p>\n\n\n\n<p class=\"has-small-font-size\"><strong><a href=\"https:\/\/buechertanz.de\/?p=1418\" target=\"_blank\" rel=\"noreferrer noopener\">Agnes Krup: \u201eSommerg\u00e4ste\u201c<\/a><\/strong><a href=\"https:\/\/buechertanz.de\/?p=1418\"><br><\/a><strong>erschienen am 02. Juni 2020<br>Piper, ISBN:  978-3492059145 <\/strong><br><br><strong>Klappentext:<\/strong><br><em>&#8222;Es ist der Sommer des Jahres 1925. Die Schriftstellerin Charlotte Overbeck und ihre Freundin Ellen reisen nach Rockcliff Isle, eine malerische Insel vor der kanadischen Atlantikk\u00fcste. Charlotte will an ihrem neuen Roman arbeiten, Ellen ihr gemeinsames Sommerhaus einrichten. Bei der Ankunft mit dem Postschiff treffen sie im Hafen auf Crawford Maker, einen Einheimischen in Fischerkleidung, der einen toten Vogel mit m\u00e4chtigen Schwingen unter dem Arm tr\u00e4gt. Ellen besucht ihn in seiner Werkstatt, wo er den Vogel pr\u00e4pariert. Sie f\u00fchlt sich erinnert an ihre kurze Karriere als K\u00fcnstlerin, die sie f\u00fcr Charlotte aufgegeben hat, um ihre Begleiterin zu werden. Crawford erkennt ihr Talent und l\u00e4dt sie ein, mit ihm auf eine Expedition in den Kongo zu gehen\u2026 &#8222;<\/em><br><br><strong>Meine Meinung:<\/strong><br>Das Buch hat mich sehr begeistert. Sprachlich spielt es in einer sehr hohen Liga, die Entwicklung und die Geschichte der Charaktere hat mich sehr beeindruckt. Ein sehr wertvolles Buch.<br><a href=\"https:\/\/buechertanz.de\/?p=1418\" target=\"_blank\" rel=\"noreferrer noopener\">Hier <\/a>findet ihr meine ausf\u00fchrliche Rezension. <\/p>\n\n\n\n<p>_<\/p>\n\n\n\n<p class=\"has-small-font-size\"><strong><a href=\"https:\/\/buechertanz.de\/?p=1427\" target=\"_blank\" rel=\"noreferrer noopener\">Maria W. Peter: &#8222;Eine Liebe zwischen den Fronten&#8220;<\/a><\/strong><a href=\"https:\/\/buechertanz.de\/?p=1427\"><br><\/a>e<strong>rschienen am 29. Juni 2020<br>L\u00fcbbe, ISBN: 978-3404179893 <\/strong><br><br><strong>Klappentext: <\/strong><br><em>&#8222;Berlin, 1870: Die Franz\u00f6sin Madeleine und der junge deutsche Arzt Paul feiern gerade ihre Verlobung, als eine schreckliche Nachricht ihre Pl\u00e4ne durchkreuzt: Zwischen Preu\u00dfen und dem Franz\u00f6sischen Kaiserreich ist der Krieg ausgebrochen. \u00dcberst\u00fcrzt brechen Madeleine und ihr Vater in ihre Heimatstadt Metz auf. Paul muss als preu\u00dfischer Milit\u00e4rarzt zur\u00fcck zu seinem Regiment nach Coblenz. Von nun an Feinde zu sein und auf unterschiedlichen Seiten zu stehen, ist f\u00fcr Paul und Madeleine unertr\u00e4glich. Kann ihre Liebe den Krieg \u00fcberstehen?&#8220;<\/em><br><br><strong>Meine Meinung: <\/strong><br>Ein starker Roman, der so manche Bildungsl\u00fccke schlie\u00dft und einen mal wieder dankbar daf\u00fcr sein l\u00e4sst, in friedlichen Zeiten zu leben. Ein Buch mit starken Charakteren, die ich nicht mehr vergessen werde. <br><a href=\"https:\/\/buechertanz.de\/?p=1427\" target=\"_blank\" rel=\"noreferrer noopener\">Hier<\/a> findet ihr meine ausf\u00fchrliche Rezension.<\/p>\n\n\n\n<p>_<\/p>\n\n\n\n<div class=\"wp-block-image\"><figure class=\"aligncenter is-resized\"><img loading=\"lazy\" decoding=\"async\" src=\"https:\/\/buechertanz.de\/wp-content\/uploads\/2019\/03\/Blume-5.png\" alt=\"\" class=\"wp-image-367\" width=\"201\" height=\"231\" srcset=\"https:\/\/buechertanz.de\/wp-content\/uploads\/2019\/03\/Blume-5.png 264w, https:\/\/buechertanz.de\/wp-content\/uploads\/2019\/03\/Blume-5-260x300.png 260w\" sizes=\"auto, (max-width: 201px) 100vw, 201px\" \/><\/figure><\/div>\n","protected":false},"excerpt":{"rendered":"<p>Hier seht ihr die B\u00fccher, die ich im Juni 2020 gelesen habe und ihr bekommt einen ersten Eindruck. Die ausf\u00fchrlichen Rezensionen folgen.Falls es schon eine Rezension auf meinem Blog gibt, gelangt ihr mit einem Klick auf den Titel direkt bei der Rezension. _ Astrid Fritz: \u201eDer Turm aus Licht\u201cerschienen am 19. Mai 2020Rowohlt, ISBN: 978-3499001192 &hellip; <a href=\"https:\/\/buechertanz.de\/?page_id=1466\" class=\"more-link\"><span class=\"screen-reader-text\">Gelesen Juni 2020<\/span> weiterlesen<\/a><\/p>\n","protected":false},"author":2,"featured_media":0,"parent":0,"menu_order":0,"comment_status":"open","ping_status":"closed","template":"","meta":{"footnotes":""},"class_list":["post-1466","page","type-page","status-publish","hentry"],"_links":{"self":[{"href":"https:\/\/buechertanz.de\/index.php?rest_route=\/wp\/v2\/pages\/1466","targetHints":{"allow":["GET"]}}],"collection":[{"href":"https:\/\/buechertanz.de\/index.php?rest_route=\/wp\/v2\/pages"}],"about":[{"href":"https:\/\/buechertanz.de\/index.php?rest_route=\/wp\/v2\/types\/page"}],"author":[{"embeddable":true,"href":"https:\/\/buechertanz.de\/index.php?rest_route=\/wp\/v2\/users\/2"}],"replies":[{"embeddable":true,"href":"https:\/\/buechertanz.de\/index.php?rest_route=%2Fwp%2Fv2%2Fcomments&post=1466"}],"version-history":[{"count":5,"href":"https:\/\/buechertanz.de\/index.php?rest_route=\/wp\/v2\/pages\/1466\/revisions"}],"predecessor-version":[{"id":2997,"href":"https:\/\/buechertanz.de\/index.php?rest_route=\/wp\/v2\/pages\/1466\/revisions\/2997"}],"wp:attachment":[{"href":"https:\/\/buechertanz.de\/index.php?rest_route=%2Fwp%2Fv2%2Fmedia&parent=1466"}],"curies":[{"name":"wp","href":"https:\/\/api.w.org\/{rel}","templated":true}]}}