{"id":1513,"date":"2020-08-02T13:31:36","date_gmt":"2020-08-02T12:31:36","guid":{"rendered":"http:\/\/buechertanz.de\/?page_id=1513"},"modified":"2022-03-31T08:08:17","modified_gmt":"2022-03-31T07:08:17","slug":"gelesen-juli-2020","status":"publish","type":"page","link":"https:\/\/buechertanz.de\/?page_id=1513","title":{"rendered":"Gelesen Juli 2020"},"content":{"rendered":"\n<p class=\"has-drop-cap has-small-font-size\">Hier seht ihr die B\u00fccher, die ich im Juli 2020 gelesen habe und ihr bekommt einen ersten Eindruck. Die ausf\u00fchrlichen Rezensionen folgen.<br>Falls es schon eine Rezension auf meinem Blog gibt, gelangt ihr mit einem Klick auf den Titel direkt bei der Rezension.<\/p>\n\n\n\n<div class=\"wp-block-image\"><figure class=\"aligncenter\"><img loading=\"lazy\" decoding=\"async\" width=\"883\" height=\"1024\" src=\"https:\/\/buechertanz.de\/wp-content\/uploads\/2020\/08\/07-Juli-883x1024.jpg\" alt=\"\" class=\"wp-image-1524\" srcset=\"https:\/\/buechertanz.de\/wp-content\/uploads\/2020\/08\/07-Juli-883x1024.jpg 883w, https:\/\/buechertanz.de\/wp-content\/uploads\/2020\/08\/07-Juli-259x300.jpg 259w, https:\/\/buechertanz.de\/wp-content\/uploads\/2020\/08\/07-Juli-768x891.jpg 768w\" sizes=\"auto, (max-width: 883px) 100vw, 883px\" \/><figcaption><em>Gelesene B\u00fccher Juli 2020:<\/em><br>&#8211; Vier B\u00fccher<br>&#8211; 1.431 Seiten<br><\/figcaption><\/figure><\/div>\n\n\n\n<p>_<\/p>\n\n\n\n<p class=\"has-small-font-size\"><strong><a href=\"https:\/\/buechertanz.de\/?p=1445\" target=\"_blank\" rel=\"noreferrer noopener\">Julia Kr\u00f6hn: &#8222;Riviera &#8211; Der Weg in die Freiheit&#8220;<\/a><\/strong><br><strong>Erschienen am 15. Juni 2020 im Blanvalet Verlag<br>ISBN: 978-3734108099 <\/strong><br><br><strong>Klappentext:<\/strong><br><em>&#8222;Frankfurt, 1938: F\u00fcr die Nazis gilt die Sehnsucht nach Italien als \u00bburdeutscher Trieb\u00ab, und Reisen dorthin erfreuen sich weiter gro\u00dfer Beliebtheit. Salome nutzt die Trips nach Rom, die das Reiseb\u00fcro ihres Vaters organisiert, um j\u00fcdischen Familien zur Ausreise aus Deutschland zu verhelfen. Als Mussolini diese nicht l\u00e4nger in seinem Land duldet, flieht sie mit ihnen \u00fcber das Mittelmeer nach Frankreich. Auf einem ihrer waghalsigen Unternehmen begegnet sie F\u00e9lix, und die Gef\u00fchle von einst sind wieder da. Als der Krieg aufflammt und die deutsche Wehrmacht Frankreich \u00fcberrennt, wird die Lage f\u00fcr die j\u00fcdischen Emigranten immer prek\u00e4rer \u2013 und Salome und F\u00e9lix m\u00fcssen sich zwischen Liebe und Widerstand entscheiden &#8230;&#8220;<\/em><br><br><strong>Meine Meinung:<\/strong><br>Auch wenn die Meinungen zu dieser Reihe sehr auseinander gehen: Ich mag die Reihe. Sie hat mich sehr begeistert, vor allem den zweiten Teil fand ich emotional nochmal intensiver und packender. <a href=\"https:\/\/buechertanz.de\/?p=1445\" target=\"_blank\" rel=\"noreferrer noopener\">Hier<\/a> findet ihr meine ausf\u00fchrliche Rezension.<\/p>\n\n\n\n<p>_<\/p>\n\n\n\n<p class=\"has-small-font-size\"><strong><a href=\"https:\/\/buechertanz.de\/?p=1457\" target=\"_blank\" rel=\"noreferrer noopener\">Cristina Caboni: &#8222;Die Gartenvilla&#8220;<\/a><\/strong><a href=\"https:\/\/buechertanz.de\/?p=1457\"><br><\/a><strong>Erschienen am 15. Juni 2020 im Blanvalet Verlag<br>ISBN: 978-3734107986 <\/strong><br><br><strong>Klappentext:<\/strong><br><em>&#8222;In den 50er Jahren tr\u00e4umt die junge Eva von einer Karriere als Schauspielerin in verhei\u00dfungsvollen Amerika. Doch als Glanz und Ruhm ausbleiben und sie sich in den gutaussehenden Michele verliebt, bricht sie alle Zelte ab und folgt ihm in seine Heimat Italien, in eine Villa ans glitzernde Meer, wo sie eine Familie gr\u00fcndet. Das Leben k\u00f6nnte s\u00fc\u00dfer nicht sein \u2013 bis eine verh\u00e4ngnisvolle Begegnung alles ver\u00e4ndert \u2026<br>Positano in der Gegenwart: Die zwanzigj\u00e4hrige Milena w\u00e4chst bei ihrem Gro\u00dfvater Michele auf. Ihre Gro\u00dfmutter Eva, die vor Jahrzehnten auf geheimnisvolle Weise verschwand, hat sie nie kennengelernt, doch als im Garten ein vergrabener Leichnam gefunden wird und alle vor einem R\u00e4tsel stehen, begibt sie sich auf Spurensuche \u2026 &#8222;<\/em><br><br><strong>Meine Meinung:<\/strong><br>Ein Buch zum Genie\u00dfen. Wunderbar sinnlich und atmosph\u00e4risch. <a href=\"https:\/\/buechertanz.de\/?p=1457\" target=\"_blank\" rel=\"noreferrer noopener\">Hier<\/a> findet ihr meine ausf\u00fchrliche Rezension.<\/p>\n\n\n\n<p>_<\/p>\n\n\n\n<p class=\"has-small-font-size\"><strong><a href=\"https:\/\/buechertanz.de\/?p=1493\" target=\"_blank\" rel=\"noreferrer noopener\">Mirko Zuleger: &#8222;Der unsichtbare Pilot: Und der Himmel war blau&#8220;<\/a><\/strong><a href=\"https:\/\/buechertanz.de\/?p=1493\"><br><\/a><strong>Erschienen am 05. Mai 2020, im Selbstverlag<br>ISBN: 979-8636735175<\/strong> <br><br><strong>Klappentext:<\/strong><br><em>&#8222;Nur wer einen Krieg \u00fcberlebt hat, kann wahre Geschichten aus 1. Hand erz\u00e4hlen. Mein Gro\u00dfvater Kurt Eismann wurde 1920 geboren und war bereits mit 19 Jahren als Wehrmachtspilot in ganz Europa und auch in Afrika im 2. Weltkrieg unterwegs. Er flog alle m\u00f6glichen Flugzeugtypen, war ausgebildet auch f\u00fcr die sogenannten \u201edeutschen Wunderwaffen\u201c \u2013 wie die Me 262. In Ungnade gefallen, wurde er sp\u00e4ter als Sanit\u00e4tsflieger nach Russland geschickt. Er \u00fcberlebte zusammen mit seinem Freund alle anderen Piloten seiner Staffel. Wieder und wieder holte er Verwundete von der Front und aus den Kesseln. Im Krieg blieb er einfach &#8222;unsichtbar&#8220;. Nach allem, was er im 2. Weltkrieg und sp\u00e4ter in der DDR erlebt hatte, sagte er zu uns sp\u00e4ter sehr oft: \u201eIch h\u00e4tte niemals gedacht, dass ich so alt werde.\u201cUnd au\u00dferdem besch\u00e4ftigte ihn fortw\u00e4hrend die Frage, wie nur &#8222;alles soweit kommen konnte&#8220;. Dieses Buch soll nicht alles wiederholen, was \u00fcber die Geschichte schon bekannt ist. Um die unbekannten Episoden geht es. Und darum, dass wir heute genauso in der Lage sind, epische Irrt\u00fcmer und Fehler zu begehen, wie die Deutschen damals. Wir sind kein bisschen besser.&#8220;<\/em><br><br><strong>Meine Meinung:<\/strong><br>Ein gro\u00dfartiges Buch. So ber\u00fchrend und stark. Unbedingt lesen. <a href=\"https:\/\/buechertanz.de\/?p=1493\" target=\"_blank\" rel=\"noreferrer noopener\">Hier<\/a> findet ihr meine ausf\u00fchrliche Rezension.<\/p>\n\n\n\n<p>_<\/p>\n\n\n\n<p class=\"has-small-font-size\"><strong><a href=\"https:\/\/buechertanz.de\/?p=1507\" target=\"_blank\" rel=\"noreferrer noopener\">Eva-Maria Bast: &#8222;Margeritenjahre&#8220;<\/a><\/strong><a href=\"https:\/\/buechertanz.de\/?p=1507\"><br><\/a><strong>Erschienen am 08. Juli 2020 im Gmeiner \u2013 Verlag<br>ISBN: 978-3839227350 <\/strong><br><br><strong>Klappentext:<\/strong><br><em>&#8222;Revolutionen, Unruhen, der Vietnamkrieg, Blumenkinder, Hippies und ein Caf\u00e9: 1968 ist ein Jahr der Gegens\u00e4tze. W\u00e4hrend sich Karl nach seiner gegl\u00fcckten Flucht aus der DDR in die h\u00fcbsche Revolution\u00e4rin Anni verliebt, ist Melissa am Bodensee damit besch\u00e4ftigt, ihr Elternhaus in ein Caf\u00e9 umzuwandeln. Auch Susanne in Amerika und Sophie in Paris erleben st\u00fcrmische Zeiten: Die Morde an Martin Luther King und Robert Kennedy sowie die Maiunruhen lassen sie einfach nicht zur Ruhe kommen.&#8220;<\/em><br><br><strong>Meine Meinung:<\/strong><br> Ein sehr aufregendes Buch, es zeigt ein authentisches Bild der bewegten 60er Jahre. Durch die vielen verschiedenen Schaupl\u00e4tze bekommt man viel Weltgeschichte mit. <a href=\"https:\/\/buechertanz.de\/?p=1507\" target=\"_blank\" rel=\"noreferrer noopener\">Hier<\/a> findet ihr meine ausf\u00fchrliche Rezension.<\/p>\n\n\n\n<p>_<\/p>\n\n\n\n<div class=\"wp-block-image\"><figure class=\"aligncenter is-resized\"><img loading=\"lazy\" decoding=\"async\" src=\"https:\/\/buechertanz.de\/wp-content\/uploads\/2019\/03\/Blume-5.png\" alt=\"\" class=\"wp-image-367\" width=\"203\" height=\"234\" srcset=\"https:\/\/buechertanz.de\/wp-content\/uploads\/2019\/03\/Blume-5.png 264w, https:\/\/buechertanz.de\/wp-content\/uploads\/2019\/03\/Blume-5-260x300.png 260w\" sizes=\"auto, (max-width: 203px) 100vw, 203px\" \/><\/figure><\/div>\n","protected":false},"excerpt":{"rendered":"<p>Hier seht ihr die B\u00fccher, die ich im Juli 2020 gelesen habe und ihr bekommt einen ersten Eindruck. Die ausf\u00fchrlichen Rezensionen folgen.Falls es schon eine Rezension auf meinem Blog gibt, gelangt ihr mit einem Klick auf den Titel direkt bei der Rezension. _ Julia Kr\u00f6hn: &#8222;Riviera &#8211; Der Weg in die Freiheit&#8220;Erschienen am 15. Juni &hellip; <a href=\"https:\/\/buechertanz.de\/?page_id=1513\" class=\"more-link\"><span class=\"screen-reader-text\">Gelesen Juli 2020<\/span> weiterlesen<\/a><\/p>\n","protected":false},"author":2,"featured_media":0,"parent":0,"menu_order":0,"comment_status":"open","ping_status":"closed","template":"","meta":{"footnotes":""},"class_list":["post-1513","page","type-page","status-publish","hentry"],"_links":{"self":[{"href":"https:\/\/buechertanz.de\/index.php?rest_route=\/wp\/v2\/pages\/1513","targetHints":{"allow":["GET"]}}],"collection":[{"href":"https:\/\/buechertanz.de\/index.php?rest_route=\/wp\/v2\/pages"}],"about":[{"href":"https:\/\/buechertanz.de\/index.php?rest_route=\/wp\/v2\/types\/page"}],"author":[{"embeddable":true,"href":"https:\/\/buechertanz.de\/index.php?rest_route=\/wp\/v2\/users\/2"}],"replies":[{"embeddable":true,"href":"https:\/\/buechertanz.de\/index.php?rest_route=%2Fwp%2Fv2%2Fcomments&post=1513"}],"version-history":[{"count":3,"href":"https:\/\/buechertanz.de\/index.php?rest_route=\/wp\/v2\/pages\/1513\/revisions"}],"predecessor-version":[{"id":2998,"href":"https:\/\/buechertanz.de\/index.php?rest_route=\/wp\/v2\/pages\/1513\/revisions\/2998"}],"wp:attachment":[{"href":"https:\/\/buechertanz.de\/index.php?rest_route=%2Fwp%2Fv2%2Fmedia&parent=1513"}],"curies":[{"name":"wp","href":"https:\/\/api.w.org\/{rel}","templated":true}]}}