{"id":1591,"date":"2020-09-01T10:01:42","date_gmt":"2020-09-01T09:01:42","guid":{"rendered":"http:\/\/buechertanz.de\/?page_id=1591"},"modified":"2022-03-31T08:09:51","modified_gmt":"2022-03-31T07:09:51","slug":"gelesen-august-2020","status":"publish","type":"page","link":"https:\/\/buechertanz.de\/?page_id=1591","title":{"rendered":"Gelesen August 2020"},"content":{"rendered":"\n<p class=\"has-small-font-size\">Hier seht ihr die B\u00fccher, die ich im August 2020 gelesen habe und ihr bekommt einen ersten Eindruck. Die ausf\u00fchrlichen Rezensionen folgen.<br>Falls es schon eine Rezension auf meinem Blog gibt, gelangt ihr mit einem Klick auf den Titel direkt bei der Rezension. <br>Diesen Monat habe ich acht B\u00fccher gelesen &#8211; und jedes Buch hat mich begeistert. Gr\u00f6\u00dftenteils spielten die B\u00fccher im 20. Jahrhundert, zwei spielten in der Gegenwart. <\/p>\n\n\n\n<div class=\"wp-block-image\"><figure class=\"aligncenter is-resized\"><img loading=\"lazy\" decoding=\"async\" src=\"https:\/\/buechertanz.de\/wp-content\/uploads\/2020\/09\/08-August_01-1024x768.jpg\" alt=\"\" class=\"wp-image-1603\" width=\"482\" height=\"642\"\/><figcaption><em>Gelesene B\u00fccher August 2020:<\/em><br>&#8211; Acht B\u00fccher<br>&#8211; 3.232 Seiten<\/figcaption><\/figure><\/div>\n\n\n\n<p>_<\/p>\n\n\n\n<p class=\"has-small-font-size\"><strong><a href=\"https:\/\/buechertanz.de\/?p=1556\" target=\"_blank\" rel=\"noreferrer noopener\">Martina Sahler: &#8222;Die englische G\u00e4rtnerin &#8211; Rote Dahlien&#8220;<\/a><\/strong><a href=\"https:\/\/buechertanz.de\/?p=1556\"><br><\/a><strong>Erschienen am 02. Juni 2020 im Ullstein Verlag<br>ISBN: 978-3548060729 <\/strong><br><br><strong>Klappentext:<br><\/strong><em>&#8222;Charlotte Windley ist die erste Frau, die in Kew Gardens als Botanikerin arbeitet. Als sie den deutschen Gesch\u00e4ftsmann Victor Bromberg heiratet, \u00e4ndert sich ihr Leben von Grund auf. Victor kauft f\u00fcr sie ein gro\u00dfz\u00fcgiges Anwesen und erwartet, dass sie sich standesgem\u00e4\u00df verh\u00e4lt. Schweren Herzens gibt Charlotte ihre Stelle auf, stattdessen steckt sie all ihre Fantasie in den verwilderten Garten von Summerlight House. Immer an ihrer Seite ist Quinn, der eigensinnige G\u00e4rtner. Charlottes Blumenpracht wird eine Attraktion. Nur das allein reicht nicht aus. Ihr Herz will etwas Gr\u00f6\u00dferes.&#8220;<\/em><br><br><strong>Meine Meinung:<\/strong><br>Eine wunderbare Fortsetzung. <a href=\"https:\/\/buechertanz.de\/?p=1556\" target=\"_blank\" rel=\"noreferrer noopener\">Hier<\/a> findet ihr meine ausf\u00fchrliche Rezension.<\/p>\n\n\n\n<p>_<\/p>\n\n\n\n<p class=\"has-text-align-left has-small-font-size\"><strong><a href=\"https:\/\/buechertanz.de\/?p=1540\" target=\"_blank\" rel=\"noreferrer noopener\">Claire Winter: &#8222;Kinder ihrer Zeit&#8220;<br><\/a>Erschienen am 27. Juli 2020 im Diana Verlag<br>ISBN: 978-3453291959 <\/strong><br><br><strong>Klappentext:<\/strong><br><em>&#8222;Die Zwillinge Emma und Alice werden 1945 auf der Flucht aus Ostpreu\u00dfen getrennt. Beide glauben, die andere h\u00e4tte nicht \u00fcberlebt. Emma w\u00e4chst in Westberlin auf, Alice in einem Heim in der DDR. Erst zw\u00f6lf Jahre sp\u00e4ter finden sie sich \u00fcberraschend wieder. Durch Alice lernt Emma den Ost-Berliner Physiker Julius Laakmann kennen. Als Julius Zeuge einer Entf\u00fchrung wird, ger\u00e4t er zwischen die Fronten der Geheimdienste. Dann verschwindet Alice spurlos. Zu sp\u00e4t erkennt Emma, welcher drohenden Gefahr sie und ihre Schwester gegen\u00fcberstehen. W\u00e4hrenddessen erreicht der Kalte Krieg einen neuen H\u00f6hepunkt \u2013 Berlin soll f\u00fcr immer geteilt werden &#8230;&#8220;<\/em><br><br><strong>Meine Meinung:<\/strong><br>Eines der st\u00e4rksten B\u00fccher, die ich bisher gelesen habe. <a href=\"https:\/\/buechertanz.de\/?p=1540\" target=\"_blank\" rel=\"noreferrer noopener\">Hier<\/a> findet ihr meine ausf\u00fchrliche Rezension. <br>An dieser Stelle noch mal ein herzliches Dankesch\u00f6n an den Diana-Verlag f\u00fcr die Zusendung als Rezensionsexemplar.<\/p>\n\n\n\n<p>_<\/p>\n\n\n\n<p class=\"has-small-font-size\"><strong><a href=\"https:\/\/buechertanz.de\/?p=1549\" target=\"_blank\" rel=\"noreferrer noopener\">Elena Eden: &#8222;Der Garten unter dem Eiffelturm&#8220;<\/a><\/strong><a href=\"https:\/\/buechertanz.de\/?p=1549\"><br><\/a><strong>Erschienen am 03.06.2020 (Independently published) und 24.06.2020 (Books in Demand)<br>ISBN: 979-8650075660 (Taschenbuch Independently published) und 978-3751951937 (Books on Demand)<br>ASIN: B089FZ1FGM (eBook auf amazon.de) <br><\/strong><br><strong>Klappentext:<\/strong><br><em>&#8222;<\/em><strong><em>Eine Woche in Frankreich ver\u00e4ndert ihr Leben \u2026<\/em><\/strong><em><br>Alina ist hin und hergerissen, ob sie nach dem Tod ihres Liebsten sich wieder der Liebe \u00f6ffnen darf. Schuldgef\u00fchle nagen an ihrem Gewissen. Ein geheimnisvolles Foto vom Eiffelturm f\u00fchrt sie nach Paris, wo sie einst gl\u00fccklich war. In den\u00a0<\/em><strong><em>G\u00e4rten von Paris<\/em><\/strong><em>\u00a0trifft sie gleich auf zwei M\u00e4nner. Mit aller Kraft stemmt sie sich gegen ihre Gef\u00fchle \u2013 bis zu einer donnernden Offenbarung.<br>Nichts ist so, wie es scheint. Was haben Monets legend\u00e4re\u00a0<\/em><strong><em>Seerosen<\/em><\/strong><em>\u00a0mit dem Leben ihrer Gro\u00dfmutter zu tun? Im ber\u00fchmten\u00a0<\/em><strong><em>Garten des Malers Claude Monet in Giverny<\/em><\/strong><em>\u00a0in der Normandie st\u00f6\u00dft Alina auf ein tief verborgenes Geheimnis ihrer Familiengeschichte.<br>Ein ber\u00fchrender, geheimnisvoller Liebesroman \u00fcber gro\u00dfe Gef\u00fchle, Schuld und Vergebung. Eine\u00a0<\/em><strong><em>deutsch-franz\u00f6sische Liebesgeschichte,<\/em><\/strong><em>\u00a0die Hoffnung macht. Mit Tiefe und verzaubernder Leichtigkeit erz\u00e4hlt.<br>Das Besondere: Der Gartenroman ist auch ein kleiner\u00a0<\/em><strong><em>Garten-Reisef\u00fchrer f\u00fcr Paris und die Normandie<\/em><\/strong><em>\u00a0zum Mitnehmen auf Reisen. Im Anhang sind alle erw\u00e4hnten G\u00e4rten mit Informationen und\u00a0<\/em><strong><em>pers\u00f6nlichen Tipps der Autorin<\/em><\/strong><em>\u00a0zum Nachreisen aufgef\u00fchrt. Vor allem sind die neueren zeitgen\u00f6ssischen G\u00e4rten in Paris mit dabei.<br><\/em><strong><em>Der Garten unter dem Eiffelturm\u00a0<\/em><\/strong><em>nimmt Sie mit auf eine romantische Reise durch die G\u00e4rten von Paris und der Normandie. Ein Gartenroman mit einer spannenden Geschichte.<br><\/em><strong><em>Lassen Sie sich vom franz\u00f6sischen Flair des Liebesromans verzaubern. Reisen sie lesend nach Paris, in die Stadt der Liebe, und erleben Sie Alinas aufregende Woche in Frankeich hautnah mit. Der romantische Reiseroman endet mit einer wunderbaren \u00dcberraschung.&#8220;<\/em><\/strong><br><br><br><strong>Meine Meinung:<\/strong><br>Ein sehr sch\u00f6nes und ber\u00fchrendes Buch. <a href=\"https:\/\/buechertanz.de\/?p=1549\" target=\"_blank\" rel=\"noreferrer noopener\">Hier<\/a> findet ihr meine ausf\u00fchrliche Rezension. <br>An dieser Stelle noch mal ein gro\u00dfes Dankesch\u00f6n an die Autorin f\u00fcr die Zusendung des Buches als Rezensionsexemplar.<\/p>\n\n\n\n<p>_<\/p>\n\n\n\n<p class=\"has-small-font-size\"><strong><a href=\"https:\/\/buechertanz.de\/?p=1561\" target=\"_blank\" rel=\"noreferrer noopener\">Martina Sahler: &#8222;Die englische G\u00e4rtnern &#8211; Wei\u00dfer Jasmin<\/a><\/strong><br><strong>Erschienen am 03.08.2020 im Ullstein Verlag<br>ISBN: 9783548060736 <\/strong><br><br><strong>Klappentext:<br><\/strong><em>&#8222;1929: Charlotte ist eine anerkannte Rosenz\u00fcchterin, ihr Anwesen Summerlight House gilt als Inbegriff Englischer Gartenkunst. Doch in der Wirtschaftskrise sind Haus und Garten kaum noch zu unterhalten. Unvermittelt taucht der verschollen geglaubte Besitzer des Gutes auf. Charlotte droht, alles zu verlieren, was sie sich aufgebaut hat. Ihre letzte Hoffnung gilt Kew Gardens, wo ihr Traum von einem freien Leben als Botanikerin begann.&#8220;<\/em><br><br><strong>Meine Meinung:<br><\/strong>Ein wunderbarer Abschluss dieser packenden Reihe. Charlotte und all die anderen Charaktere werde ich immer in meinem Herzen tragen. <a href=\"https:\/\/buechertanz.de\/?p=1561\" target=\"_blank\" rel=\"noreferrer noopener\">Hier<\/a> findet ihr meine ausf\u00fchrliche Rezension.<\/p>\n\n\n\n<p>_<\/p>\n\n\n\n<p class=\"has-small-font-size\"><strong><a rel=\"noreferrer noopener\" href=\"https:\/\/buechertanz.de\/?p=1570\" target=\"_blank\">Sophie Villard: &#8222;Peggy Guggenheim und der Traum vom Gl\u00fcck&#8220;<\/a><\/strong><a href=\"https:\/\/buechertanz.de\/?p=1570\"><br><\/a><strong>Erschienen am 10. August 2020 im Penguin-Verlag<br>ISBN: 978-3-328-10488-9 <\/strong><br><br><strong>Klappentext:<\/strong><br><em>&#8222;Paris 1937: Die rebellische Erbin Peggy Guggenheim genie\u00dft ihr Leben in der schillernden K\u00fcnstlerboh\u00e8me, eine glamour\u00f6se Abendgesellschaft folgt auf die n\u00e4chste. Doch Peggy hat einen Traum. Sie will ihre eigene Galerie er\u00f6ffnen und endlich unabh\u00e4ngig sein. Da verliebt sie sich in einen hochgewachsenen Schriftsteller mit strahlenden Augen: Samuel Beckett. Aber ihre Liebe steht unter keinem guten Stern, denn Peggys Traum l\u00e4sst sich nur im fernen London verwirklichen, weit weg von Beckett. Und auch am Horizont ziehen dunkle Wolken auf: Der Krieg zwingt zahlreiche K\u00fcnstler zur Flucht aus Europa. Peggy hilft vielen von ihnen dabei \u2013 und begibt sich und ihre Liebe in gro\u00dfe Gefahr &#8230;&#8220;<\/em><br><br><strong>Meine Meinung:<\/strong><br>Das Buch \u00fcber Peggy Guggenheim hat mich sehr begeistert. Was f\u00fcr eine inspirierende Pers\u00f6nlichkeit. <a href=\"https:\/\/buechertanz.de\/?p=1570\" target=\"_blank\" rel=\"noreferrer noopener\">Hier<\/a> findet ihr meine ausf\u00fchrliche Rezension. <br>An dieser Stelle auch noch mal ein herzliches Dankesch\u00f6n an den Penguin-Verlag f\u00fcr die Zusendung des Buches als Rezensionsexemplar. <\/p>\n\n\n\n<p>_<\/p>\n\n\n\n<p class=\"has-small-font-size\"><strong><a href=\"https:\/\/buechertanz.de\/?p=1579\" target=\"_blank\" rel=\"noreferrer noopener\">Karin Joachim: &#8222;Domschattentr\u00e4ume&#8220;<\/a><\/strong><a href=\"https:\/\/buechertanz.de\/?p=1579\"><br><\/a><strong>Erschienen am 05. September 2018 im Gmeiner-Verlag<br>ISBN: 978-3-8392-2305-5<\/strong> <br><br><strong>Klappentext:<br><\/strong><em>&#8220; K\u00f6ln-Marienburg 1926: Karolina Offermann tr\u00e4umt von einer Filmkarriere im fernen Berlin. Doch die Sehnsucht nach einem selbstbestimmten Leben kollidiert mit den Vorstellungen ihres Vaters. Der Fabrikant hat einen anderen Weg f\u00fcr sie vorgesehen. Allen Hindernissen zum Trotz nimmt sie unentdeckt von ihm Schauspielunterricht. Als er dies erf\u00e4hrt, eskalieren die famili\u00e4ren Konflikte und m\u00fcnden in eine Trag\u00f6die. Und der Traum vom Film r\u00fcckt in immer weitere Ferne.&#8220; <\/em><br><br><strong>Meine Meinung:<\/strong><br>Ein wunderbarer Auftakt zu einer Reihe rund um Karolina Offermann, die f\u00fcr ihre Tr\u00e4ume alles gibt. <a href=\"https:\/\/buechertanz.de\/?p=1579\" target=\"_blank\" rel=\"noreferrer noopener\">Hier<\/a> findet ihr meine ausf\u00fchrliche Rezension. <br>An dieser Stelle noch mal eine herzliches Dankesch\u00f6n an die Autorin f\u00fcr die Vermittlung, und an den Gmeiner-Verlag f\u00fcr die Zusendung des Buches als Rezensionsexemplar.<\/p>\n\n\n\n<p>_<\/p>\n\n\n\n<p class=\"has-small-font-size\"><strong><a href=\"https:\/\/buechertanz.de\/?p=1584\" target=\"_blank\" rel=\"noreferrer noopener\">Karin Joachim: &#8222;Gro\u00dfstadtfl\u00fcstern&#8220;<\/a><\/strong><a href=\"https:\/\/buechertanz.de\/?p=1584\"><br><\/a><strong>Erschienen am 08. Juli 2020 im Gmeiner-Verlag<br>ISBN: 978-3-8392-2718-3 <\/strong><br><br><strong>Klappentext:<\/strong><br><em>&#8222;K\u00f6ln 1927. Hin- und hergerissen zwischen Familie und den gl\u00e4nzenden Verlockungen der Reichshauptstadt fiebert Karolina Offermann ihrer Vollj\u00e4hrigkeit entgegen. In Berlin lernt sie ber\u00fchmte Schauspieler und Regisseure kennen und w\u00e4hnt sich am Ziel ihrer Tr\u00e4ume. Doch als die Polizei den Tod ihrer Mutter neu aufrollt, r\u00fcckt Karolinas glanzvolles Leben als Filmstar in den Hintergrund. W\u00e4hrend die Ermittlungen Unglaubliches zutage bringen, droht sie auch noch die Liebe ihres Lebens zu verlieren \u2026&#8220; <\/em><br><br><strong>Meine Meinung:<\/strong><br>Ganz wunderbare Fortsetzung! Was habe ich mit Karolina mit-gelitten. <a href=\"https:\/\/buechertanz.de\/?p=1584\" target=\"_blank\" rel=\"noreferrer noopener\">Hier<\/a> findet ihr meine ausf\u00fchrliche Rezension. <br>An dieser Stelle noch mal eine herzliches Dankesch\u00f6n an die Autorin f\u00fcr die Vermittlung, und an den Gmeiner-Verlag f\u00fcr die Zusendung des Buches als Rezensionsexemplar. <\/p>\n\n\n\n<p>_<\/p>\n\n\n\n<p class=\"has-small-font-size\"><strong>Martin Suter: &#8222;Montecristo&#8220;<\/strong><br><strong>Erschienen am 25. Februar 2015 im Diogenes-Verlag (Gebundene Ausgabe)<\/strong><br><strong>ISBN: 978-3257069204 <\/strong><br><br><strong>Klappentext:<\/strong><br><em>&#8222;Eigentlich m\u00f6chte Jonas Brand nur sein Filmprojekt \u00bbMontecristo\u00ab verwirklichen. Doch dann ger\u00e4t der Journalist immer tiefer in eine Sache, die gr\u00f6\u00dfer ist als jeder Blockbuster \u2013 mit immensen Folgen f\u00fcr unser Finanzsystem.&#8220; <\/em><strong><br><\/strong><br><strong>Meine Meinung:<\/strong><br>Sehr spannend und unterhaltsam. Martin Suter geht irgendwie immer. <\/p>\n\n\n\n<p>_<\/p>\n\n\n\n<div class=\"wp-block-image\"><figure class=\"aligncenter is-resized\"><img loading=\"lazy\" decoding=\"async\" src=\"https:\/\/buechertanz.de\/wp-content\/uploads\/2019\/03\/Blume-1.png\" alt=\"\" class=\"wp-image-363\" width=\"222\" height=\"255\" srcset=\"https:\/\/buechertanz.de\/wp-content\/uploads\/2019\/03\/Blume-1.png 264w, https:\/\/buechertanz.de\/wp-content\/uploads\/2019\/03\/Blume-1-260x300.png 260w\" sizes=\"auto, (max-width: 222px) 100vw, 222px\" \/><\/figure><\/div>\n\n\n\n<p><br><br><\/p>\n","protected":false},"excerpt":{"rendered":"<p>Hier seht ihr die B\u00fccher, die ich im August 2020 gelesen habe und ihr bekommt einen ersten Eindruck. Die ausf\u00fchrlichen Rezensionen folgen.Falls es schon eine Rezension auf meinem Blog gibt, gelangt ihr mit einem Klick auf den Titel direkt bei der Rezension. Diesen Monat habe ich acht B\u00fccher gelesen &#8211; und jedes Buch hat mich &hellip; <a href=\"https:\/\/buechertanz.de\/?page_id=1591\" class=\"more-link\"><span class=\"screen-reader-text\">Gelesen August 2020<\/span> weiterlesen<\/a><\/p>\n","protected":false},"author":2,"featured_media":0,"parent":0,"menu_order":0,"comment_status":"open","ping_status":"closed","template":"","meta":{"footnotes":""},"class_list":["post-1591","page","type-page","status-publish","hentry"],"_links":{"self":[{"href":"https:\/\/buechertanz.de\/index.php?rest_route=\/wp\/v2\/pages\/1591","targetHints":{"allow":["GET"]}}],"collection":[{"href":"https:\/\/buechertanz.de\/index.php?rest_route=\/wp\/v2\/pages"}],"about":[{"href":"https:\/\/buechertanz.de\/index.php?rest_route=\/wp\/v2\/types\/page"}],"author":[{"embeddable":true,"href":"https:\/\/buechertanz.de\/index.php?rest_route=\/wp\/v2\/users\/2"}],"replies":[{"embeddable":true,"href":"https:\/\/buechertanz.de\/index.php?rest_route=%2Fwp%2Fv2%2Fcomments&post=1591"}],"version-history":[{"count":5,"href":"https:\/\/buechertanz.de\/index.php?rest_route=\/wp\/v2\/pages\/1591\/revisions"}],"predecessor-version":[{"id":3000,"href":"https:\/\/buechertanz.de\/index.php?rest_route=\/wp\/v2\/pages\/1591\/revisions\/3000"}],"wp:attachment":[{"href":"https:\/\/buechertanz.de\/index.php?rest_route=%2Fwp%2Fv2%2Fmedia&parent=1591"}],"curies":[{"name":"wp","href":"https:\/\/api.w.org\/{rel}","templated":true}]}}