{"id":1592,"date":"2020-09-01T10:01:42","date_gmt":"2020-09-01T09:01:42","guid":{"rendered":"http:\/\/buechertanz.de\/?page_id=1592"},"modified":"2023-01-04T12:53:10","modified_gmt":"2023-01-04T11:53:10","slug":"neuzugaenge-august-2020","status":"publish","type":"page","link":"https:\/\/buechertanz.de\/?page_id=1592","title":{"rendered":"Neuzug\u00e4nge August 2020"},"content":{"rendered":"\n<p class=\"has-drop-cap has-small-font-size\">Im August 2020 sind 35 neue B\u00fccher eingezogen:<br>20 neue, selbstgekaufte B\u00fccher, f\u00fcnf Rezensionsexemplare und 10 B\u00fccher aus dem Antiquariat.<br>Falls es eine Rezension auf meinem Blog gibt, gelangt ihr mit einem Klick auf den Titel direkt bei der Rezension. <\/p>\n\n\n\n<p>_<\/p>\n\n\n\n<figure class=\"wp-block-gallery has-nested-images columns-default is-cropped wp-block-gallery-1 is-layout-flex wp-block-gallery-is-layout-flex\">\n<figure class=\"wp-block-image\"><img loading=\"lazy\" decoding=\"async\" width=\"768\" height=\"1024\" data-id=\"1606\" src=\"https:\/\/buechertanz.de\/wp-content\/uploads\/2020\/09\/08-August-MEs_bear-768x1024.jpg\" alt=\"\" class=\"wp-image-1606\" srcset=\"https:\/\/buechertanz.de\/wp-content\/uploads\/2020\/09\/08-August-MEs_bear-768x1024.jpg 768w, https:\/\/buechertanz.de\/wp-content\/uploads\/2020\/09\/08-August-MEs_bear-225x300.jpg 225w\" sizes=\"auto, (max-width: 768px) 100vw, 768px\" \/><\/figure>\n\n\n\n<figure class=\"wp-block-image\"><img loading=\"lazy\" decoding=\"async\" width=\"1024\" height=\"768\" data-id=\"1607\" src=\"https:\/\/buechertanz.de\/wp-content\/uploads\/2020\/09\/08-August-Neu-1024x768.jpg\" alt=\"\" class=\"wp-image-1607\" srcset=\"https:\/\/buechertanz.de\/wp-content\/uploads\/2020\/09\/08-August-Neu-1024x768.jpg 1024w, https:\/\/buechertanz.de\/wp-content\/uploads\/2020\/09\/08-August-Neu-300x225.jpg 300w, https:\/\/buechertanz.de\/wp-content\/uploads\/2020\/09\/08-August-Neu-768x576.jpg 768w\" sizes=\"auto, (max-width: 1024px) 100vw, 1024px\" \/><\/figure>\n<\/figure>\n\n\n\n<p><\/p>\n\n\n\n<p class=\"has-drop-cap has-text-align-left has-small-font-size\"><strong>Neue B\u00fccher:<\/strong><\/p>\n\n\n\n<p><\/p>\n\n\n\n<ul class=\"has-small-font-size wp-block-list\"><li>Christina Dalcher: <br><em>&#8222;VOX&#8220;<\/em><\/li><li>Anne Jacobs: <br><em>&#8222;Das Gutshaus &#8211; St\u00fcrmische Zeiten&#8220;<\/em><\/li><li>Fiona McIntosh: <br><em>&#8222;Das M\u00e4dchen im roten Kleid&#8220;<\/em><\/li><li>Manuela Inusa: <br><em>&#8222;Der zauberhafte Tr\u00f6delladen&#8220;<\/em><\/li><li>Corina Bomann: <br><em>&#8222;Die Frauen vom L\u00f6wenhof &#8211; Mathildas Geheimnis&#8220; und &#8222;Die Frauen vom L\u00f6wenhof &#8211; Solveigs Versprechen&#8220;<\/em><\/li><li>Timothy Lewis: <br><em>&#8222;Zeilen deiner Liebe&#8220;<\/em><\/li><li>Beate Maxian: <br><em>&#8222;Das Geheimnis der letzten Sch\u00e4ferin&#8220;<\/em><\/li><li>Jessica Fellowes: <br><em>&#8222;Die Schwestern von Mitford Manor &#8211; Unter Verdacht&#8220;<br>(Wollte nicht aufs Bild)<\/em><\/li><li>Bernhard Cornwell: <br><em>&#8222;Rotr\u00f6cke&#8220;<\/em><\/li><li>Martha Conway: <br><em>&#8222;Das Schiff der Tr\u00e4ume&#8220;<\/em><\/li><li>Minette Walters: <br><em>&#8222;Die letzte Stunde&#8220;<\/em><\/li><li>Martina Sahler: <br><em><a rel=\"noreferrer noopener\" href=\"https:\/\/buechertanz.de\/?p=1561\" target=\"_blank\">&#8222;Die englische G\u00e4rtnerin &#8211; Wei\u00dfer Jasmin&#8220;<\/a><\/em><\/li><li>Linda Winterberg: <br><em>&#8222;Die Hebammen-Saga &#8211; Schicksalhafte Zeiten&#8220;<\/em><\/li><li>Heidi Rehn: <br><em>&#8222;Die Tochter des Zauberers&#8220;<\/em><\/li><li>Beate Rygiert: <br><em>&#8222;Die Pianistin&#8220;<\/em><\/li><li>Leah Hayden: <br><em>&#8222;Miss Guggenheim&#8220;<\/em><\/li><li>Rebecca Martin: <br><em>&#8222;Das Kind der Wellen&#8220;<\/em><\/li><li>Claudia und Nadja Beinert: <br><em>&#8222;\u00c4rztin in st\u00fcrmischen Zeiten&#8220;<\/em><\/li><li>Sabrina Qunaj: <br><em>&#8222;Der erste K\u00f6nig&#8220;<\/em><\/li><\/ul>\n\n\n\n<p>_<\/p>\n\n\n<div class=\"wp-block-image\">\n<figure class=\"aligncenter is-resized\"><img loading=\"lazy\" decoding=\"async\" src=\"https:\/\/buechertanz.de\/wp-content\/uploads\/2020\/09\/08-August-Rezis-1024x768.jpg\" alt=\"\" class=\"wp-image-1609\" width=\"377\" height=\"502\"\/><\/figure><\/div>\n\n\n<p class=\"has-drop-cap has-text-align-left has-small-font-size\"><strong>Rezensionsexemplare:<\/strong><\/p>\n\n\n\n<p><\/p>\n\n\n\n<ul class=\"has-small-font-size wp-block-list\"><li>Claire Winter: <br><em><a rel=\"noreferrer noopener\" href=\"https:\/\/buechertanz.de\/?p=1540\" target=\"_blank\">&#8222;Kinder ihrer Zeit&#8220;<\/a><\/em><\/li><li>Elena Eden: <br><em><a rel=\"noreferrer noopener\" href=\"https:\/\/buechertanz.de\/?p=1549\" target=\"_blank\">&#8222;Der Garten unter dem Eiffelturm&#8220;<\/a><\/em><\/li><li>Sophie Villard: <br><em><a rel=\"noreferrer noopener\" href=\"https:\/\/buechertanz.de\/?p=1570\" target=\"_blank\">&#8222;Peggy Guggenheim und der Traum vom Gl\u00fcck&#8220;<\/a><\/em><\/li><li>Karin Joachim: <br><em><a rel=\"noreferrer noopener\" href=\"https:\/\/buechertanz.de\/?p=1579\" target=\"_blank\">&#8222;Domschattentr\u00e4ume&#8220;<\/a> und <a rel=\"noreferrer noopener\" href=\"https:\/\/buechertanz.de\/?p=1584\" target=\"_blank\">&#8222;Gro\u00dfstadtfl\u00fcstern&#8220;<\/a><\/em><\/li><\/ul>\n\n\n\n<p>_<\/p>\n\n\n\n<figure class=\"wp-block-gallery has-nested-images columns-default is-cropped wp-block-gallery-2 is-layout-flex wp-block-gallery-is-layout-flex\">\n<figure class=\"wp-block-image\"><img loading=\"lazy\" decoding=\"async\" width=\"1024\" height=\"768\" data-id=\"1614\" src=\"https:\/\/buechertanz.de\/wp-content\/uploads\/2020\/09\/08-August-Antiquariat_01-2-1024x768.jpg\" alt=\"\" class=\"wp-image-1614\" srcset=\"https:\/\/buechertanz.de\/wp-content\/uploads\/2020\/09\/08-August-Antiquariat_01-2-1024x768.jpg 1024w, https:\/\/buechertanz.de\/wp-content\/uploads\/2020\/09\/08-August-Antiquariat_01-2-300x225.jpg 300w, https:\/\/buechertanz.de\/wp-content\/uploads\/2020\/09\/08-August-Antiquariat_01-2-768x576.jpg 768w\" sizes=\"auto, (max-width: 1024px) 100vw, 1024px\" \/><\/figure>\n\n\n\n<figure class=\"wp-block-image\"><img loading=\"lazy\" decoding=\"async\" width=\"700\" height=\"1024\" data-id=\"1615\" src=\"https:\/\/buechertanz.de\/wp-content\/uploads\/2020\/09\/08-August-Antiquariat_02-1-700x1024.jpg\" alt=\"\" class=\"wp-image-1615\" srcset=\"https:\/\/buechertanz.de\/wp-content\/uploads\/2020\/09\/08-August-Antiquariat_02-1-700x1024.jpg 700w, https:\/\/buechertanz.de\/wp-content\/uploads\/2020\/09\/08-August-Antiquariat_02-1-205x300.jpg 205w, https:\/\/buechertanz.de\/wp-content\/uploads\/2020\/09\/08-August-Antiquariat_02-1-768x1124.jpg 768w\" sizes=\"auto, (max-width: 700px) 100vw, 700px\" \/><\/figure>\n<\/figure>\n\n\n\n<p><\/p>\n\n\n\n<p class=\"has-drop-cap has-text-align-left has-small-font-size\"><strong>B\u00fccher aus dem Antiquariat:<\/strong><\/p>\n\n\n\n<p><\/p>\n\n\n\n<ul class=\"has-small-font-size wp-block-list\"><li>Daniela Wander: <br><em>&#8222;Die Erbin der Burg&#8220;<\/em><\/li><li>Dagmar Trodler: <br><em>&#8222;Die Waldgr\u00e4fin&#8220;<\/em><\/li><li>Constanze Wilken: <br><em>&#8222;Die vergessene Sonate&#8220;<\/em><\/li><li>Katja von Glan: <br><em>&#8222;Silber im Saum&#8220;<\/em><\/li><li>Sabrina Capitani: <br><em>&#8222;Das Buch der Gifte&#8220;<\/em><\/li><li>Titus M\u00fcller: <br><em>&#8222;Die Brillenmacherin&#8220;<\/em><\/li><li>Brigitte Riebe: <br><em>&#8222;Pforten der Nacht&#8220;<\/em><\/li><li>Helga Glaesener: <br><em>&#8222;Die Rechenk\u00fcnstlerin&#8220;<\/em><\/li><li>Manuela Inusa: <br><em>&#8222;Der fabelhafte Geschenkeladen&#8220; und &#8222;Das wunderbare Wollparadies&#8220;<\/em><\/li><\/ul>\n\n\n\n<p>_<\/p>\n\n\n<div class=\"wp-block-image\">\n<figure class=\"aligncenter is-resized\"><img loading=\"lazy\" decoding=\"async\" src=\"https:\/\/buechertanz.de\/wp-content\/uploads\/2019\/03\/Blume.png\" alt=\"\" class=\"wp-image-356\" width=\"183\" height=\"211\" srcset=\"https:\/\/buechertanz.de\/wp-content\/uploads\/2019\/03\/Blume.png 264w, https:\/\/buechertanz.de\/wp-content\/uploads\/2019\/03\/Blume-260x300.png 260w\" sizes=\"auto, (max-width: 183px) 100vw, 183px\" \/><\/figure><\/div>","protected":false},"excerpt":{"rendered":"<p>Im August 2020 sind 35 neue B\u00fccher eingezogen:20 neue, selbstgekaufte B\u00fccher, f\u00fcnf Rezensionsexemplare und 10 B\u00fccher aus dem Antiquariat.Falls es eine Rezension auf meinem Blog gibt, gelangt ihr mit einem Klick auf den Titel direkt bei der Rezension. _ Neue B\u00fccher: Christina Dalcher: &#8222;VOX&#8220; Anne Jacobs: &#8222;Das Gutshaus &#8211; St\u00fcrmische Zeiten&#8220; Fiona McIntosh: &#8222;Das M\u00e4dchen &hellip; <a href=\"https:\/\/buechertanz.de\/?page_id=1592\" class=\"more-link\"><span class=\"screen-reader-text\">Neuzug\u00e4nge August 2020<\/span> weiterlesen<\/a><\/p>\n","protected":false},"author":2,"featured_media":0,"parent":0,"menu_order":0,"comment_status":"open","ping_status":"closed","template":"","meta":{"footnotes":""},"class_list":["post-1592","page","type-page","status-publish","hentry"],"_links":{"self":[{"href":"https:\/\/buechertanz.de\/index.php?rest_route=\/wp\/v2\/pages\/1592","targetHints":{"allow":["GET"]}}],"collection":[{"href":"https:\/\/buechertanz.de\/index.php?rest_route=\/wp\/v2\/pages"}],"about":[{"href":"https:\/\/buechertanz.de\/index.php?rest_route=\/wp\/v2\/types\/page"}],"author":[{"embeddable":true,"href":"https:\/\/buechertanz.de\/index.php?rest_route=\/wp\/v2\/users\/2"}],"replies":[{"embeddable":true,"href":"https:\/\/buechertanz.de\/index.php?rest_route=%2Fwp%2Fv2%2Fcomments&post=1592"}],"version-history":[{"count":6,"href":"https:\/\/buechertanz.de\/index.php?rest_route=\/wp\/v2\/pages\/1592\/revisions"}],"predecessor-version":[{"id":4209,"href":"https:\/\/buechertanz.de\/index.php?rest_route=\/wp\/v2\/pages\/1592\/revisions\/4209"}],"wp:attachment":[{"href":"https:\/\/buechertanz.de\/index.php?rest_route=%2Fwp%2Fv2%2Fmedia&parent=1592"}],"curies":[{"name":"wp","href":"https:\/\/api.w.org\/{rel}","templated":true}]}}