{"id":1648,"date":"2020-10-03T10:01:47","date_gmt":"2020-10-03T09:01:47","guid":{"rendered":"http:\/\/buechertanz.de\/?page_id=1648"},"modified":"2023-01-04T13:53:53","modified_gmt":"2023-01-04T12:53:53","slug":"neuzugaenge-september-2020","status":"publish","type":"page","link":"https:\/\/buechertanz.de\/?page_id=1648","title":{"rendered":"Neuzug\u00e4nge September 2020"},"content":{"rendered":"\n<p class=\"has-drop-cap has-small-font-size\">Im September 2020 sind 30 neue B\u00fccher eingezogen:<br>15 B\u00fccher aus dem \u00d6ffentlichen B\u00fccherschrank, acht neue B\u00fccher, ein Buch eines Gewinnspiel des Verlags Hoffmann und Campe auf Facebook und  sechs Rezensionsexemplare (ein herzliches Dankesch\u00f6n an die Verlage), <br>Falls es eine Rezension auf meinem Blog gibt, gelangt ihr mit einem Klick auf den Titel direkt bei der Rezension. <br><br>Leider kann ich euch gerade wegen technischer Probleme kein Bild meiner Neuzug\u00e4nge im September 2020 zur Verf\u00fcgung stellen &#8211; wir arbeiten dran.<\/p>\n\n\n\n<p class=\"has-drop-cap has-small-font-size\"><strong>\u00d6ffentlicher B\u00fccherschrank:<\/strong><\/p>\n\n\n\n<p><\/p>\n\n\n\n<ul class=\"has-small-font-size wp-block-list\"><li>Nele Neuhaus: <br><em>&#8222;Unter Haien&#8220;<\/em><\/li><li>Max Frisch: <br><em>&#8222;Stiller&#8220;<\/em><\/li><li>Daniela Krien: <br><em>&#8222;Irgendwann werden wir uns alles erz\u00e4hlen&#8220;<\/em><\/li><li>Abbi Waxman: <br><em>&#8222;Gegen die Liebe ist kein Kraut gewachsen&#8220;<\/em><\/li><li>Andrea Schacht: <br><em>&#8222;Der Siegelring&#8220;<\/em><\/li><li>Melinda Nadj Aboni: <br><em>&#8222;Tauben fliegen auf&#8220;<\/em><\/li><li>Johannes K. Soyener: <br><em>&#8222;Teeclipper&#8220;<\/em><\/li><li>Sergio Bamaren: <br><em>&#8222;Der tr\u00e4umende Delfin&#8220;<\/em><\/li><li>Katharine Webb: <br><em>&#8222;Das Versprechen der W\u00fcste&#8220;<\/em><\/li><li>Katharina Nevilla: <br><em>&#8222;Das k\u00f6nigliche Spiel&#8220;<\/em><\/li><li><em>&#8222;Biographie Sissi&#8220;<\/em><\/li><li>Chad Harbach: <br><em>&#8222;Die Kunst des Feldspiels&#8220;<\/em><\/li><li>Sebastian Fleming: <br><em>&#8222;Byzanz&#8220;<\/em><\/li><li>Armando Lucas Correa: <br><em>&#8222;Das Erbe der Rosenthals&#8220;<\/em><\/li><li>Romy Hausmann: <br><em>&#8222;Liebeskind&#8220;<br><\/em><\/li><\/ul>\n\n\n\n<p>_<\/p>\n\n\n\n<p class=\"has-drop-cap has-small-font-size\"><strong>Neue B\u00fccher:<\/strong><\/p>\n\n\n\n<p><\/p>\n\n\n\n<ul class=\"has-small-font-size wp-block-list\"><li>Sabine Ebert: <br><em>&#8222;Schwert und Krone &#8211; Zeit des Verrats&#8220;<\/em><\/li><li>Priska Lo Cascio: <br><em>&#8222;Die K\u00f6nigsmacher&#8220;<\/em><\/li><li>Kate O&#8216; Hara: <br><em>&#8222;Stadt der Tr\u00e4ume&#8220;<\/em><\/li><li>Francis Spufford: <br><em> &#8222;Neu-York&#8220;<\/em><\/li><li>Lucinda Riley: <br><em>&#8222;Die Perlenschwester&#8220;<\/em><\/li><li>Susanna Leonard: <br><em>&#8222;Marie Curie und die Kraft zu Tr\u00e4umen&#8220;<\/em><\/li><li>Katharina Fuchs: <br><em>&#8222;Zwei Handvoll Leben&#8220;<\/em><\/li><li>Rebecca Gabl\u00e9: <br><em>&#8222;Die fremde K\u00f6nigin&#8220;<\/em><\/li><\/ul>\n\n\n\n<p>_<\/p>\n\n\n\n<p class=\"has-drop-cap has-small-font-size\"><strong>Rezensionsexemplare:<\/strong><\/p>\n\n\n\n<p><\/p>\n\n\n\n<ul class=\"has-small-font-size wp-block-list\"><li>Deana Zin\u00dfmeister: <br><em><a rel=\"noreferrer noopener\" href=\"https:\/\/buechertanz.de\/?p=1634\" target=\"_blank\">&#8222;Die vergessene Heimat&#8220;<\/a><\/em><\/li><li>Melanie Metzenthin: <br><em><a rel=\"noreferrer noopener\" href=\"https:\/\/buechertanz.de\/?p=1628\" target=\"_blank\">&#8222;Die Hafenschwester &#8211; Als wir wieder Hoffnung hatten&#8220;<\/a><\/em><\/li><li>Marie Lacrosse: <br><em><a rel=\"noreferrer noopener\" href=\"https:\/\/buechertanz.de\/?p=1642\" target=\"_blank\">&#8222;Das Kaffeehaus &#8211; Bewegte Jahre&#8220;<\/a><\/em><\/li><li>Anna Liebig: <br><em><a rel=\"noreferrer noopener\" href=\"https:\/\/buechertanz.de\/?p=1669\" target=\"_blank\">&#8222;Das Winterkarussell&#8220;<\/a><\/em><\/li><li>Anne Stern: <br><em><a rel=\"noreferrer noopener\" href=\"https:\/\/buechertanz.de\/?p=1690\" target=\"_blank\">&#8222;Fr\u00e4ulein Gold &#8211; Scheunenkinder&#8220;<\/a><\/em><\/li><li>Brigitte Riebe: <br><a rel=\"noreferrer noopener\" href=\"https:\/\/buechertanz.de\/?p=1686\" target=\"_blank\"><em>&#8222;Weihnachten am Ku&#8217;damm&#8220;<\/em><\/a><\/li><\/ul>\n\n\n\n<p>_<\/p>\n\n\n\n<p class=\"has-drop-cap has-small-font-size\"><strong>Gewinnspiel:<\/strong><\/p>\n\n\n\n<p><\/p>\n\n\n\n<ul class=\"has-small-font-size wp-block-list\"><li>Siegfried Lenz: <br><em>&#8222;Heimatmuseum&#8220;<\/em><\/li><\/ul>\n\n\n\n<p>_<\/p>\n\n\n<div class=\"wp-block-image\">\n<figure class=\"aligncenter is-resized\"><img loading=\"lazy\" decoding=\"async\" src=\"https:\/\/buechertanz.de\/wp-content\/uploads\/2019\/03\/Blume-1.png\" alt=\"\" class=\"wp-image-363\" width=\"173\" height=\"199\" srcset=\"https:\/\/buechertanz.de\/wp-content\/uploads\/2019\/03\/Blume-1.png 264w, https:\/\/buechertanz.de\/wp-content\/uploads\/2019\/03\/Blume-1-260x300.png 260w\" sizes=\"auto, (max-width: 173px) 100vw, 173px\" \/><\/figure><\/div>","protected":false},"excerpt":{"rendered":"<p>Im September 2020 sind 30 neue B\u00fccher eingezogen:15 B\u00fccher aus dem \u00d6ffentlichen B\u00fccherschrank, acht neue B\u00fccher, ein Buch eines Gewinnspiel des Verlags Hoffmann und Campe auf Facebook und sechs Rezensionsexemplare (ein herzliches Dankesch\u00f6n an die Verlage), Falls es eine Rezension auf meinem Blog gibt, gelangt ihr mit einem Klick auf den Titel direkt bei der &hellip; <a href=\"https:\/\/buechertanz.de\/?page_id=1648\" class=\"more-link\"><span class=\"screen-reader-text\">Neuzug\u00e4nge September 2020<\/span> weiterlesen<\/a><\/p>\n","protected":false},"author":2,"featured_media":0,"parent":0,"menu_order":0,"comment_status":"open","ping_status":"closed","template":"","meta":{"footnotes":""},"class_list":["post-1648","page","type-page","status-publish","hentry"],"_links":{"self":[{"href":"https:\/\/buechertanz.de\/index.php?rest_route=\/wp\/v2\/pages\/1648","targetHints":{"allow":["GET"]}}],"collection":[{"href":"https:\/\/buechertanz.de\/index.php?rest_route=\/wp\/v2\/pages"}],"about":[{"href":"https:\/\/buechertanz.de\/index.php?rest_route=\/wp\/v2\/types\/page"}],"author":[{"embeddable":true,"href":"https:\/\/buechertanz.de\/index.php?rest_route=\/wp\/v2\/users\/2"}],"replies":[{"embeddable":true,"href":"https:\/\/buechertanz.de\/index.php?rest_route=%2Fwp%2Fv2%2Fcomments&post=1648"}],"version-history":[{"count":8,"href":"https:\/\/buechertanz.de\/index.php?rest_route=\/wp\/v2\/pages\/1648\/revisions"}],"predecessor-version":[{"id":4250,"href":"https:\/\/buechertanz.de\/index.php?rest_route=\/wp\/v2\/pages\/1648\/revisions\/4250"}],"wp:attachment":[{"href":"https:\/\/buechertanz.de\/index.php?rest_route=%2Fwp%2Fv2%2Fmedia&parent=1648"}],"curies":[{"name":"wp","href":"https:\/\/api.w.org\/{rel}","templated":true}]}}