{"id":1649,"date":"2020-10-03T10:01:47","date_gmt":"2020-10-03T09:01:47","guid":{"rendered":"http:\/\/buechertanz.de\/?page_id=1649"},"modified":"2022-03-31T08:10:39","modified_gmt":"2022-03-31T07:10:39","slug":"gelesen-september-2020","status":"publish","type":"page","link":"https:\/\/buechertanz.de\/?page_id=1649","title":{"rendered":"Gelesen September 2020"},"content":{"rendered":"\n<p class=\"has-drop-cap has-small-font-size\">Hier seht ihr die B\u00fccher, die ich im September 2020 gelesen habe und ihr bekommt einen ersten Eindruck. Die ausf\u00fchrlichen Rezensionen folgen.<br>Falls es schon eine Rezension auf meinem Blog gibt, gelangt ihr mit einem Klick auf den Titel direkt bei der Rezension.<br>Diesen Monat habe ich sechs B\u00fccher gelesen \u2013 und sie alle sind unvergessliche Highlights. Danke an alle Autorinnen, die mir wunderbare Lesestunden beschert haben, mich die Welt wieder etwas besser verstehen und Geschichte in Geschichten lebendig werden lassen. Was w\u00e4re die Welt ohne eure Geschichten traurig und leer.<\/p>\n\n\n\n<div class=\"wp-block-image\"><figure class=\"aligncenter is-resized\"><img loading=\"lazy\" decoding=\"async\" src=\"https:\/\/buechertanz.de\/wp-content\/uploads\/2020\/10\/09-September-1024x768.jpg\" alt=\"\" class=\"wp-image-1658\" width=\"484\" height=\"645\"\/><figcaption><em>Gelesene B\u00fccher im September 2020:<\/em><br>&#8211; Sechs B\u00fccher<br>&#8211; 2.983 Seiten<\/figcaption><\/figure><\/div>\n\n\n\n<p>_<\/p>\n\n\n\n<p class=\"has-small-font-size\"><strong>Heidi Rehn: &#8222;Die Tochter des Zauberers&#8220;<\/strong><br><strong>Erschienen am 18. August 2020 im Aufbau-Verlag<br>ISBN: 978-3746635811 <\/strong><br><br><strong>Klappentext:<br><\/strong><em>&#8222;New York, 1936: Erika hofft darauf, mit ihrem politischen Kabarett die Amerikaner f\u00fcr den Kampf gegen Hitler zu gewinnen. Dann lernt sie im Kreis der europ\u00e4ischen Exil-K\u00fcnstler einen Mann kennen, der ihr mehr bedeutet, als sie jemals f\u00fcr m\u00f6glich gehalten h\u00e4tte \u2013 den Arzt und Lyriker Martin Gumpert, der fasziniert ist von ihrer St\u00e4rke und Unabh\u00e4ngigkeit. Bald muss sie sich entscheiden: Ergreift sie die Chance, sich als K\u00e4mpferin f\u00fcr Frieden und Freiheit zu etablieren, oder setzt sie ihr pers\u00f6nliches Gl\u00fcck an erste Stelle?&#8220;<\/em><br><br><br><strong>Meine Meinung:<\/strong><br>Das Buch hat mir sehr gut gefallen. Auch wenn die Atmosph\u00e4re etwas d\u00fcster ist und man tats\u00e4chlich nur einen kleinen Teil von Erikas Leben erz\u00e4hlt bekommt, habe ich eine Menge \u00fcber diese interessante Frau erfahren. Top!<\/p>\n\n\n\n<p>_<\/p>\n\n\n\n<p class=\"has-small-font-size\"><strong>Linda Winterberg: &#8222;Schicksalhafte Zeiten: Die Hebammen-Saga&#8220;<br>Erschienen am 18. August 2020 im Aufbau-Verlag<br>ISBN:  978-3746635965 <\/strong><br><br><strong>Klappentext:<br><\/strong><em>&#8222;Berlin, 1942: Der Krieg hinterl\u00e4sst Spuren in der Stadt. W\u00e4hrend Edith ihr Gl\u00fcck fernab der Heimat sucht, arbeitet Luise als Hebamme in der Frauenklinik Neuk\u00f6lln. Als sie erf\u00e4hrt, was mit den Neugeborenen der Zwangsarbeiterinnen geschieht, nimmt sie all ihren Mut zusammen und versucht, sie zu retten. Margot hat eine Stelle im Frauengef\u00e4ngnis angenommen. Als eine junge Schwangere vor ihr steht, die im Widerstand k\u00e4mpfte und zum Tode verurteilt wurde, wei\u00df Margot, dass sie alles versuchen muss, um sie zu retten. Auch wenn sie sich dabei in Lebensgefahr begibt.&#8220; <\/em><br><br>Meine Meinung:<br>Diese komplette Reihe ist absolut empfehlenswert. Dieser Teil trieb mir auch des \u00d6fteren die Tr\u00e4nen in die Augen. Was f\u00fcr eine grausame Zeit. <\/p>\n\n\n\n<p>_<\/p>\n\n\n\n<p class=\"has-small-font-size\"><strong><a href=\"https:\/\/buechertanz.de\/?p=1634\" target=\"_blank\" rel=\"noreferrer noopener\">Deana Zin\u00dfmeister: &#8222;Die vergessene Heimat&#8220;<br><\/a>Erschienen am 21. September im Goldmann-Verlag<br>ISBN: 978-3442491001 <\/strong><br><br><strong>Klappentext:<br><\/strong><em>&#8222;Die Geschichte von der Flucht ihrer Eltern aus der DDR kennt Britta Hofmeister seit Kindesbeinen. Sie selbst kam in der Bundesrepublik zur Welt, wuchs mit ihren Geschwistern beh\u00fctet auf und hatte nie Grund, sich mit der Vergangenheit zu besch\u00e4ftigen. Bis ihr Vater an Demenz erkrankt. Zunehmend verwirrt, beginnt er, von fr\u00fcher zu erz\u00e4hlen. Und bald wird klar: Was bei der Flucht 1961 wirklich geschah, hat er jahrzehntelang verschwiegen. Nun kommt die dramatische Wahrheit ans Licht und stellt die Familie vor eine Zerrei\u00dfprobe \u2026&#8220;<\/em><br><br><strong>Meine Meinung:<\/strong><br>Ein sehr beeindruckendes Buch. <a href=\"https:\/\/buechertanz.de\/?p=1634\" target=\"_blank\" rel=\"noreferrer noopener\">Hier<\/a> findet ihr meine ausf\u00fchrliche Rezension.<\/p>\n\n\n\n<p>_<\/p>\n\n\n\n<p class=\"has-small-font-size\"><a href=\"https:\/\/buechertanz.de\/?p=1628\" target=\"_blank\" rel=\"noreferrer noopener\"><strong>Melanie Metzenthin: &#8222;Die Hafenschwester: Als wir wieder Hoffnung hatten&#8220;<br><\/strong><\/a><strong>Erschienen am 14. September 2020 im Diana-Verlag<br>ISBN: 978-3453292444 <\/strong><br><br><strong>Klappentext:<\/strong><br><em>&#8222;Hamburg, 1913: Mit ihrer gro\u00dfen Liebe Paul hat Krankenschwester Martha drei gesunde Kinder, eine sch\u00f6ne Wohnung und sogar eine Einladung nach Amerika, um ihre Freundin Milli zu besuchen. Doch die Stadt steht kurz vor dem Ausbruch des 1. Weltkrieges und Marthas Tr\u00e4ume von der Zukunft zerplatzen. Trotz seiner 41 Jahre wird Paul eingezogen und Martha muss sich in dieser schweren Zeit allein um das \u00dcberleben ihrer Familie k\u00fcmmern. Als Paul nach einem Granatenangriff schwer entstellt zur\u00fcckkehrt, wird ihre Ehe auf eine harte Probe gestellt. Martha tut alles f\u00fcr ihren Mann, Paul unterzieht sich aber nur unwillig den n\u00f6tigen Operationen und scheint aufgegeben zu haben \u2026 &#8222;<\/em><br><br><strong>Meine Meinung:<\/strong><br>Endlich der zweite Teil. Diese Reihe begeistert mich sehr&#8230; <a href=\"https:\/\/buechertanz.de\/?p=1628\" target=\"_blank\" rel=\"noreferrer noopener\">hier<\/a> findet ihr meine ausf\u00fchrliche Rezension.<\/p>\n\n\n\n<p>_<\/p>\n\n\n\n<p class=\"has-small-font-size\"><strong>Petra Durst-Benning: &#8222;Die Fotografin: Die Stunde der Sehnsucht&#8220;<br>Erschienen am 14. September 2020 im Blanvalet-Verlag<br>ISBN: 978-3764506650 <\/strong><br><br><strong>Klappentext:<br><\/strong><em>&#8222;M\u00fcnsingen, 1914. Mimi und Anton sind inzwischen Gesch\u00e4ftspartner geworden, die sich erfolgreich auf der Schw\u00e4bischen Alb etabliert haben. W\u00e4hrend auch Mimis Freunde Bernadette, Corinne und Alexander voller Tatendrang sind, versch\u00e4rft sich das politische Klima in Deutschland zunehmend. Der Ausbruch des ersten Weltkrieges zerst\u00f6rt j\u00e4h ihre Tr\u00e4ume, und auf einmal ist nichts mehr, wie es war. W\u00e4hrend die M\u00e4nner an die Front ziehen m\u00fcssen, ist in M\u00fcnsingen die Stunde der Frauen gekommen, die das verwalten, was die M\u00e4nner hinterlassen haben. So werden Corinne und Mimi gar zum einzigen Rettungsanker f\u00fcr ihr Dorf, und ein weiteres Mal ist der starke Zusammenhalt zwischen den Frauen gefragt. In dieser dunklen Zeit erkennt nicht nur Mimi, was z\u00e4hlt im Leben und f\u00fcr wen ihr Herz wirklich schl\u00e4gt &#8230; &#8222;<\/em><br><br><strong>Meine Meinung:<br><\/strong>Eine sehr gelungene Fortsetzung. Auch wenn das Buch mitunter sehr traurig ist, gab es immer wieder Momente, die f\u00fcr G\u00e4nsehaut sorgten und zeigten, dass die Menschen damals eines nie aufgaben: Die Hoffnung auf bessere Zeiten.<\/p>\n\n\n\n<p>_<\/p>\n\n\n\n<p class=\"has-small-font-size\"><strong><a href=\"https:\/\/buechertanz.de\/?p=1642\" target=\"_blank\" rel=\"noreferrer noopener\">Marie Lacrosse: &#8222;Das Kaffeehaus &#8211; Bewegte Zeiten&#8220;<br><\/a>Erschienen am 28. September 2020 im Goldmann-Verlag<br>ISBN: 978-3442205974 <\/strong><br><br><strong>Klappentext:<br><\/strong><em>&#8222;Wien in den 1880er-Jahren: Die junge Sophie von Werdenfels fl\u00fcchtet aus der tristen Atmosph\u00e4re ihres Elternhauses so oft wie m\u00f6glich in die Pracht des Kaffeehauses ihres b\u00fcrgerlichen Onkels. Dort lernt sie Richard von L\u00f6wenstein kennen, einen pers\u00f6nlichen Freund des Kronprinzen Rudolf. W\u00e4hrend sich die beiden verlieben, schw\u00e4rmt Sophies beste Freundin Mary f\u00fcr den verheirateten Kronprinzen. Ungeachtet aller Warnungen Sophies, l\u00e4sst sich Mary sogar auf eine Aff\u00e4re mit Rudolf ein. Und niemand ahnt, dass dadurch das Kaiserreich in seinen Grundfesten ersch\u00fcttert wird \u2026&#8220; <\/em><br><br><strong>Meine Meinung:<br><\/strong>Dieses Buch ist ein Juwel, ein absolutes Highlight. Es brachte mich, wie die Autorin auch, in ein Wechselbad der Gef\u00fchle. Unbedingt lesen! <a href=\"https:\/\/buechertanz.de\/?p=1642\" target=\"_blank\" rel=\"noreferrer noopener\">Hier<\/a> findet ihr meine ausf\u00fchrliche Rezension.<\/p>\n\n\n\n<p>_<\/p>\n\n\n\n<div class=\"wp-block-image\"><figure class=\"aligncenter is-resized\"><img loading=\"lazy\" decoding=\"async\" src=\"https:\/\/buechertanz.de\/wp-content\/uploads\/2019\/03\/Blume-5.png\" alt=\"\" class=\"wp-image-367\" width=\"194\" height=\"225\" srcset=\"https:\/\/buechertanz.de\/wp-content\/uploads\/2019\/03\/Blume-5.png 264w, https:\/\/buechertanz.de\/wp-content\/uploads\/2019\/03\/Blume-5-260x300.png 260w\" sizes=\"auto, (max-width: 194px) 100vw, 194px\" \/><\/figure><\/div>\n\n\n\n<p><br><br><\/p>\n","protected":false},"excerpt":{"rendered":"<p>Hier seht ihr die B\u00fccher, die ich im September 2020 gelesen habe und ihr bekommt einen ersten Eindruck. Die ausf\u00fchrlichen Rezensionen folgen.Falls es schon eine Rezension auf meinem Blog gibt, gelangt ihr mit einem Klick auf den Titel direkt bei der Rezension.Diesen Monat habe ich sechs B\u00fccher gelesen \u2013 und sie alle sind unvergessliche Highlights. &hellip; <a href=\"https:\/\/buechertanz.de\/?page_id=1649\" class=\"more-link\"><span class=\"screen-reader-text\">Gelesen September 2020<\/span> weiterlesen<\/a><\/p>\n","protected":false},"author":2,"featured_media":0,"parent":0,"menu_order":0,"comment_status":"open","ping_status":"closed","template":"","meta":{"footnotes":""},"class_list":["post-1649","page","type-page","status-publish","hentry"],"_links":{"self":[{"href":"https:\/\/buechertanz.de\/index.php?rest_route=\/wp\/v2\/pages\/1649","targetHints":{"allow":["GET"]}}],"collection":[{"href":"https:\/\/buechertanz.de\/index.php?rest_route=\/wp\/v2\/pages"}],"about":[{"href":"https:\/\/buechertanz.de\/index.php?rest_route=\/wp\/v2\/types\/page"}],"author":[{"embeddable":true,"href":"https:\/\/buechertanz.de\/index.php?rest_route=\/wp\/v2\/users\/2"}],"replies":[{"embeddable":true,"href":"https:\/\/buechertanz.de\/index.php?rest_route=%2Fwp%2Fv2%2Fcomments&post=1649"}],"version-history":[{"count":3,"href":"https:\/\/buechertanz.de\/index.php?rest_route=\/wp\/v2\/pages\/1649\/revisions"}],"predecessor-version":[{"id":3001,"href":"https:\/\/buechertanz.de\/index.php?rest_route=\/wp\/v2\/pages\/1649\/revisions\/3001"}],"wp:attachment":[{"href":"https:\/\/buechertanz.de\/index.php?rest_route=%2Fwp%2Fv2%2Fmedia&parent=1649"}],"curies":[{"name":"wp","href":"https:\/\/api.w.org\/{rel}","templated":true}]}}