{"id":1708,"date":"2020-12-31T16:42:54","date_gmt":"2020-12-31T15:42:54","guid":{"rendered":"http:\/\/buechertanz.de\/?page_id=1708"},"modified":"2023-01-04T13:54:31","modified_gmt":"2023-01-04T12:54:31","slug":"neuzugaenge-oktober-2020","status":"publish","type":"page","link":"https:\/\/buechertanz.de\/?page_id=1708","title":{"rendered":"Neuzug\u00e4nge Oktober 2020"},"content":{"rendered":"\n<p class=\"has-drop-cap has-small-font-size\">Im Oktober 2020 sind insgesamt 10 B\u00fccher hier eingezogen. Drei B\u00fccher aus dem \u00f6ffentlichen B\u00fccherschrank, bevor dieser Opfer einer Brandstiftung wurde. Sechs neue B\u00fccher aus der Buchhandlung und ein Rezensionsexemplar.<br><br>Falls es eine Rezension auf meinem Blog gibt, gelangt ihr mit einem Klick auf den Titel direkt bei der Rezension.<br>Leider kann ich euch gerade wegen technischer Probleme kein Bild meiner Neuzug\u00e4nge im Oktober 2020 zeigen. Wir arbeiten dran!<\/p>\n\n\n\n<p>_<\/p>\n\n\n\n<p class=\"has-drop-cap has-small-font-size\"><strong>\u00d6ffentlicher B\u00fccherschrank:<\/strong><\/p>\n\n\n\n<p><\/p>\n\n\n\n<ul class=\"has-small-font-size wp-block-list\"><li>Leo Tolstoy: <br><em>&#8222;Anna Karenina&#8220;<\/em><\/li><li>Arthur Conan Doyle: <br><em>&#8222;Sherlock Holmes&#8220;<\/em><\/li><li>Gabriel Garcia Marquez: <br><em>&#8222;Hundert Jahre Einsamkeit&#8220;<br><\/em><br>_<\/li><\/ul>\n\n\n\n<p class=\"has-drop-cap has-small-font-size\"><strong>Neue B\u00fccher:<\/strong><\/p>\n\n\n\n<p><\/p>\n\n\n\n<ul class=\"has-small-font-size wp-block-list\"><li>Jessica Brockmole: <br><em>&#8222;Florence&#8220;<\/em><\/li><li>Odile Bouhier: <br><em>&#8222;Der Basar des Schicksals&#8220;<\/em><\/li><li>Brigitte Glaser: <br><em>&#8222;Rheinblick&#8220;<\/em><\/li><li>Juliana Weinberg: <br><em>&#8222;Audrey Hepburn und der Glanz der Sterne&#8220;<\/em><\/li><li>Stephanie Schuster: <br><em>&#8222;Die Wunderfrauen&#8220;<\/em><\/li><li>Claudia und Nadja Beinert: <br><em>&#8222;Revolution im Herzen&#8220;<\/em><\/li><\/ul>\n\n\n\n<p>_<\/p>\n\n\n\n<p class=\"has-drop-cap has-small-font-size\">Rezensionsexemplare:<\/p>\n\n\n\n<p><\/p>\n\n\n\n<ul class=\"has-small-font-size wp-block-list\"><li>Maria Nikolai: <br><a rel=\"noreferrer noopener\" href=\"https:\/\/buechertanz.de\/?p=1700\" target=\"_blank\"><em>&#8222;Die Schokoladenvilla &#8211; Zeit des Schicksals&#8220;<\/em><\/a><\/li><\/ul>\n\n\n<div class=\"wp-block-image\">\n<figure class=\"aligncenter is-resized\"><img loading=\"lazy\" decoding=\"async\" src=\"https:\/\/buechertanz.de\/wp-content\/uploads\/2019\/03\/Blume-1.png\" alt=\"\" class=\"wp-image-363\" width=\"167\" height=\"193\" srcset=\"https:\/\/buechertanz.de\/wp-content\/uploads\/2019\/03\/Blume-1.png 264w, https:\/\/buechertanz.de\/wp-content\/uploads\/2019\/03\/Blume-1-260x300.png 260w\" sizes=\"auto, (max-width: 167px) 100vw, 167px\" \/><\/figure><\/div>\n\n\n<p><br><\/p>\n\n\n\n<p><br><\/p>\n","protected":false},"excerpt":{"rendered":"<p>Im Oktober 2020 sind insgesamt 10 B\u00fccher hier eingezogen. Drei B\u00fccher aus dem \u00f6ffentlichen B\u00fccherschrank, bevor dieser Opfer einer Brandstiftung wurde. Sechs neue B\u00fccher aus der Buchhandlung und ein Rezensionsexemplar. Falls es eine Rezension auf meinem Blog gibt, gelangt ihr mit einem Klick auf den Titel direkt bei der Rezension.Leider kann ich euch gerade wegen &hellip; <a href=\"https:\/\/buechertanz.de\/?page_id=1708\" class=\"more-link\"><span class=\"screen-reader-text\">Neuzug\u00e4nge Oktober 2020<\/span> weiterlesen<\/a><\/p>\n","protected":false},"author":2,"featured_media":0,"parent":0,"menu_order":0,"comment_status":"open","ping_status":"closed","template":"","meta":{"footnotes":""},"class_list":["post-1708","page","type-page","status-publish","hentry"],"_links":{"self":[{"href":"https:\/\/buechertanz.de\/index.php?rest_route=\/wp\/v2\/pages\/1708","targetHints":{"allow":["GET"]}}],"collection":[{"href":"https:\/\/buechertanz.de\/index.php?rest_route=\/wp\/v2\/pages"}],"about":[{"href":"https:\/\/buechertanz.de\/index.php?rest_route=\/wp\/v2\/types\/page"}],"author":[{"embeddable":true,"href":"https:\/\/buechertanz.de\/index.php?rest_route=\/wp\/v2\/users\/2"}],"replies":[{"embeddable":true,"href":"https:\/\/buechertanz.de\/index.php?rest_route=%2Fwp%2Fv2%2Fcomments&post=1708"}],"version-history":[{"count":9,"href":"https:\/\/buechertanz.de\/index.php?rest_route=\/wp\/v2\/pages\/1708\/revisions"}],"predecessor-version":[{"id":4252,"href":"https:\/\/buechertanz.de\/index.php?rest_route=\/wp\/v2\/pages\/1708\/revisions\/4252"}],"wp:attachment":[{"href":"https:\/\/buechertanz.de\/index.php?rest_route=%2Fwp%2Fv2%2Fmedia&parent=1708"}],"curies":[{"name":"wp","href":"https:\/\/api.w.org\/{rel}","templated":true}]}}