{"id":1710,"date":"2020-12-31T16:42:54","date_gmt":"2020-12-31T15:42:54","guid":{"rendered":"http:\/\/buechertanz.de\/?page_id=1710"},"modified":"2023-01-04T13:55:25","modified_gmt":"2023-01-04T12:55:25","slug":"neuzugaenge-dezember-2020","status":"publish","type":"page","link":"https:\/\/buechertanz.de\/?page_id=1710","title":{"rendered":"Neuzug\u00e4nge Dezember 2020"},"content":{"rendered":"\n<p class=\"has-drop-cap has-small-font-size\">Im Dezember 2020 sind insgesamt 16 B\u00fccher hier eingezogen: Ein Buch aus einem \u00d6ffentlichen B\u00fccherschrank,  11 neue B\u00fccher aus der Buchhandlung, zwei B\u00fccher als Geschenk, ein Buch aus dem Antiquariat, ein Buch aus einer \u201eZu-verschenken-Kiste\u201c.<br>Falls es eine Rezension auf meinem Blog gibt, gelangt ihr mit einem Klick auf den Titel direkt bei der Rezension.<br>Leider kann ich euch gerade wegen technischer Probleme kein Bild meiner Neuzug\u00e4nge im Oktober 2020 zeigen. Wir arbeiten dran! <\/p>\n\n\n\n<p>_<\/p>\n\n\n\n<p class=\"has-drop-cap has-small-font-size\"><strong>\u00d6ffentlicher B\u00fccherschrank:<\/strong><\/p>\n\n\n\n<p><\/p>\n\n\n\n<ul class=\"has-small-font-size wp-block-list\"><li>Susann Cokal: <br><em>&#8222;Mirabilis&#8220;<\/em><\/li><\/ul>\n\n\n\n<p>_<\/p>\n\n\n\n<p class=\"has-drop-cap has-small-font-size\"><strong>Neue B\u00fccher:<\/strong><\/p>\n\n\n\n<p><\/p>\n\n\n\n<ul class=\"has-small-font-size wp-block-list\"><li>Chevy Stevens: <br><em>&#8222;Never Knowing &#8211; Endlose Angst&#8220;<\/em><\/li><li>Heidi Rehn: <br><em>&#8222;Das doppelte Gesicht&#8220;<\/em><\/li><li>Astrid Fritz: <br><em>&#8222;Die W\u00f6lfe vor den Toren&#8220;<\/em><\/li><li>Jenny Glanfield: <br><em>&#8222;Hotel Quadriga&#8220;, &#8222;Viktoria&#8220;, &#8222;Viktorias Erbe&#8220;<\/em><\/li><li>Sabine Wei\u00df: <br><em>&#8222;Krone der Welt&#8220;<\/em><\/li><li>Lilly Bernstein: <br><em>&#8222;Tr\u00fcmmerm\u00e4dchen &#8211; Annas Traum vom Gl\u00fcck&#8220;<\/em><\/li><li>Kristin Hannah: <br><em>&#8222;Die Nachtigall&#8220;<\/em><\/li><li>Corina Bomann: <br><em>&#8222;Sophias Tr\u00e4ume&#8220;, &#8222;Sophias Triumph&#8220;<\/em><\/li><\/ul>\n\n\n\n<p>_<\/p>\n\n\n\n<p class=\"has-drop-cap has-small-font-size\"><strong>Geschenke:<\/strong><\/p>\n\n\n\n<p><\/p>\n\n\n\n<ul class=\"has-small-font-size wp-block-list\"><li>Maria W. Peter: <br><em>&#8222;Die Legion des Raben&#8220;<\/em><\/li><li>taz: <br><em>&#8222;40 Jahre taz &#8211; Das Buch&#8220;<\/em><\/li><li>Claudio Magris: <br><em>&#8222;Die Donau&#8220;<\/em><\/li><\/ul>\n\n\n\n<p>_<\/p>\n\n\n\n<p class=\"has-drop-cap has-small-font-size\"><strong>Antiquariat:<\/strong><\/p>\n\n\n\n<p><\/p>\n\n\n\n<ul class=\"has-small-font-size wp-block-list\"><li>Petra Durst Benning: <br><em>&#8222;Solang die Welt noch schl\u00e4ft&#8220;<\/em><\/li><\/ul>\n\n\n\n<p>_<\/p>\n\n\n<div class=\"wp-block-image\">\n<figure class=\"aligncenter is-resized\"><img loading=\"lazy\" decoding=\"async\" src=\"https:\/\/buechertanz.de\/wp-content\/uploads\/2019\/03\/Blume.png\" alt=\"\" class=\"wp-image-356\" width=\"175\" height=\"202\" srcset=\"https:\/\/buechertanz.de\/wp-content\/uploads\/2019\/03\/Blume.png 264w, https:\/\/buechertanz.de\/wp-content\/uploads\/2019\/03\/Blume-260x300.png 260w\" sizes=\"auto, (max-width: 175px) 100vw, 175px\" \/><\/figure><\/div>","protected":false},"excerpt":{"rendered":"<p>Im Dezember 2020 sind insgesamt 16 B\u00fccher hier eingezogen: Ein Buch aus einem \u00d6ffentlichen B\u00fccherschrank, 11 neue B\u00fccher aus der Buchhandlung, zwei B\u00fccher als Geschenk, ein Buch aus dem Antiquariat, ein Buch aus einer \u201eZu-verschenken-Kiste\u201c.Falls es eine Rezension auf meinem Blog gibt, gelangt ihr mit einem Klick auf den Titel direkt bei der Rezension.Leider kann &hellip; <a href=\"https:\/\/buechertanz.de\/?page_id=1710\" class=\"more-link\"><span class=\"screen-reader-text\">Neuzug\u00e4nge Dezember 2020<\/span> weiterlesen<\/a><\/p>\n","protected":false},"author":2,"featured_media":0,"parent":0,"menu_order":0,"comment_status":"open","ping_status":"closed","template":"","meta":{"footnotes":""},"class_list":["post-1710","page","type-page","status-publish","hentry"],"_links":{"self":[{"href":"https:\/\/buechertanz.de\/index.php?rest_route=\/wp\/v2\/pages\/1710","targetHints":{"allow":["GET"]}}],"collection":[{"href":"https:\/\/buechertanz.de\/index.php?rest_route=\/wp\/v2\/pages"}],"about":[{"href":"https:\/\/buechertanz.de\/index.php?rest_route=\/wp\/v2\/types\/page"}],"author":[{"embeddable":true,"href":"https:\/\/buechertanz.de\/index.php?rest_route=\/wp\/v2\/users\/2"}],"replies":[{"embeddable":true,"href":"https:\/\/buechertanz.de\/index.php?rest_route=%2Fwp%2Fv2%2Fcomments&post=1710"}],"version-history":[{"count":5,"href":"https:\/\/buechertanz.de\/index.php?rest_route=\/wp\/v2\/pages\/1710\/revisions"}],"predecessor-version":[{"id":4254,"href":"https:\/\/buechertanz.de\/index.php?rest_route=\/wp\/v2\/pages\/1710\/revisions\/4254"}],"wp:attachment":[{"href":"https:\/\/buechertanz.de\/index.php?rest_route=%2Fwp%2Fv2%2Fmedia&parent=1710"}],"curies":[{"name":"wp","href":"https:\/\/api.w.org\/{rel}","templated":true}]}}