{"id":1711,"date":"2020-12-31T16:42:54","date_gmt":"2020-12-31T15:42:54","guid":{"rendered":"http:\/\/buechertanz.de\/?page_id=1711"},"modified":"2023-05-09T19:38:27","modified_gmt":"2023-05-09T18:38:27","slug":"neuzugaenge-2021","status":"publish","type":"page","link":"https:\/\/buechertanz.de\/?page_id=1711","title":{"rendered":"Neuzug\u00e4nge 2021"},"content":{"rendered":"\n<p class=\"has-drop-cap has-small-font-size\">Hier findet ihr meine Neuzug\u00e4nge 2021 nach Monaten geordnet:<\/p>\n\n\n\n<p><\/p>\n\n\n\n<ul class=\"has-small-font-size wp-block-list\"><li><a rel=\"noreferrer noopener\" href=\"https:\/\/buechertanz.de\/?page_id=2600\" target=\"_blank\">Neuzug\u00e4nge Dezember 2021<\/a><\/li><li><a rel=\"noreferrer noopener\" href=\"https:\/\/buechertanz.de\/?page_id=2553\" target=\"_blank\">Neuzug\u00e4nge November 2021<\/a><\/li><li><a rel=\"noreferrer noopener\" href=\"https:\/\/buechertanz.de\/?page_id=2457\" target=\"_blank\">Neuzug\u00e4nge Oktober 2021<\/a><\/li><li><a rel=\"noreferrer noopener\" href=\"https:\/\/buechertanz.de\/?page_id=2388\" target=\"_blank\">Neuzug\u00e4nge September 2021<\/a><\/li><li><a rel=\"noreferrer noopener\" href=\"https:\/\/buechertanz.de\/?page_id=2307\" target=\"_blank\">Neuzug\u00e4nge August 2021<\/a><\/li><li><a rel=\"noreferrer noopener\" href=\"https:\/\/buechertanz.de\/?page_id=2219\" target=\"_blank\">Neuzug\u00e4nge Juli 2021<\/a><\/li><li><a rel=\"noreferrer noopener\" href=\"https:\/\/buechertanz.de\/?page_id=2148\" target=\"_blank\">Neuzug\u00e4nge Juni 2021<\/a><\/li><li><a rel=\"noreferrer noopener\" href=\"https:\/\/buechertanz.de\/?page_id=2069\" target=\"_blank\">Neuzug\u00e4nge Mai 2021<\/a><\/li><li><a rel=\"noreferrer noopener\" href=\"https:\/\/buechertanz.de\/?page_id=1993\" target=\"_blank\">Neuzug\u00e4nge April 2021<\/a><\/li><li><a href=\"https:\/\/buechertanz.de\/?page_id=1947\">Neuzug\u00e4<\/a><a rel=\"noreferrer noopener\" href=\"https:\/\/buechertanz.de\/?page_id=1947\" target=\"_blank\">n<\/a><a href=\"https:\/\/buechertanz.de\/?page_id=1947\">ge M\u00e4rz 2021<\/a><\/li><li><a rel=\"noreferrer noopener\" href=\"https:\/\/buechertanz.de\/?page_id=1881\" target=\"_blank\">Neuzug\u00e4nge Februar 2021<\/a><\/li><li><a rel=\"noreferrer noopener\" href=\"https:\/\/buechertanz.de\/?page_id=1712\" target=\"_blank\">Neuzug\u00e4nge Januar 2021<\/a><\/li><\/ul>\n\n\n<div class=\"wp-block-image is-style-rounded\">\n<figure class=\"aligncenter size-full\"><img loading=\"lazy\" decoding=\"async\" width=\"248\" height=\"248\" src=\"https:\/\/buechertanz.de\/wp-content\/uploads\/2019\/03\/cropped-Blume-1.png\" alt=\"\" class=\"wp-image-2847\" srcset=\"https:\/\/buechertanz.de\/wp-content\/uploads\/2019\/03\/cropped-Blume-1.png 248w, https:\/\/buechertanz.de\/wp-content\/uploads\/2019\/03\/cropped-Blume-1-150x150.png 150w\" sizes=\"auto, (max-width: 248px) 100vw, 248px\" \/><\/figure><\/div>","protected":false},"excerpt":{"rendered":"<p>Hier findet ihr meine Neuzug\u00e4nge 2021 nach Monaten geordnet: Neuzug\u00e4nge Dezember 2021 Neuzug\u00e4nge November 2021 Neuzug\u00e4nge Oktober 2021 Neuzug\u00e4nge September 2021 Neuzug\u00e4nge August 2021 Neuzug\u00e4nge Juli 2021 Neuzug\u00e4nge Juni 2021 Neuzug\u00e4nge Mai 2021 Neuzug\u00e4nge April 2021 Neuzug\u00e4nge M\u00e4rz 2021 Neuzug\u00e4nge Februar 2021 Neuzug\u00e4nge Januar 2021<\/p>\n","protected":false},"author":2,"featured_media":0,"parent":0,"menu_order":0,"comment_status":"open","ping_status":"closed","template":"","meta":{"footnotes":""},"class_list":["post-1711","page","type-page","status-publish","hentry"],"_links":{"self":[{"href":"https:\/\/buechertanz.de\/index.php?rest_route=\/wp\/v2\/pages\/1711","targetHints":{"allow":["GET"]}}],"collection":[{"href":"https:\/\/buechertanz.de\/index.php?rest_route=\/wp\/v2\/pages"}],"about":[{"href":"https:\/\/buechertanz.de\/index.php?rest_route=\/wp\/v2\/types\/page"}],"author":[{"embeddable":true,"href":"https:\/\/buechertanz.de\/index.php?rest_route=\/wp\/v2\/users\/2"}],"replies":[{"embeddable":true,"href":"https:\/\/buechertanz.de\/index.php?rest_route=%2Fwp%2Fv2%2Fcomments&post=1711"}],"version-history":[{"count":24,"href":"https:\/\/buechertanz.de\/index.php?rest_route=\/wp\/v2\/pages\/1711\/revisions"}],"predecessor-version":[{"id":5031,"href":"https:\/\/buechertanz.de\/index.php?rest_route=\/wp\/v2\/pages\/1711\/revisions\/5031"}],"wp:attachment":[{"href":"https:\/\/buechertanz.de\/index.php?rest_route=%2Fwp%2Fv2%2Fmedia&parent=1711"}],"curies":[{"name":"wp","href":"https:\/\/api.w.org\/{rel}","templated":true}]}}