{"id":1715,"date":"2020-12-31T16:42:54","date_gmt":"2020-12-31T15:42:54","guid":{"rendered":"http:\/\/buechertanz.de\/?page_id=1715"},"modified":"2020-12-31T19:19:48","modified_gmt":"2020-12-31T18:19:48","slug":"gelesen-november-2020","status":"publish","type":"page","link":"https:\/\/buechertanz.de\/?page_id=1715","title":{"rendered":"Gelesen November 2020"},"content":{"rendered":"\n<p class=\"has-drop-cap has-small-font-size\">Hier findet ihr die B\u00fccher, die ich im November 2020 gelesen habe und ihr bekommt einen ersten Eindruck. Die ausf\u00fchrlichen Rezensionen folgen.<br>Falls es schon eine Rezension auf meinem Blog gibt, gelangt ihr mit einem Klick auf den Titel direkt bei der Rezension.<br>Leider kann ich momentan auf dem Blog nur noch bedingt Bilder hochladen, wir arbeiten an einer Probleml\u00f6sung.<\/p>\n\n\n\n<p style=\"text-align:center\"><em>Gelesene B\u00fccher November 2020:<\/em><br><em>\u2013 Drei B\u00fccher<\/em><br><em>\u2013 1.517 Seiten<\/em><\/p>\n\n\n\n<p>_<\/p>\n\n\n\n<p class=\"has-small-font-size\"><strong>Juliana Weinberg: &#8222;Audrey Hepburn und der Glanz der Sterne&#8220;<\/strong><br><strong>Erschienen am 28. September 2020 im Ullstein-Verlag<br>ISBN: 978-3548063928 <\/strong><br><br><strong>Klappentext:<br><\/strong><em>&#8222;Niederlande 1944: W\u00e4hrend der Zweite Weltkrieg Europa ersch\u00fcttert, entdeckt die junge Audrey Hepburn ihre Liebe zum Tanz. Zwischen den Schrecken des Krieges und dem allgegenw\u00e4rtigen Hunger tr\u00e4umt sie davon, Primballerina zu werden. Und obwohl dieser Traum bald platzt, l\u00e4sst sie sich nicht entmutigen. Ihr neues Ziel: die Filmstudios von Amerika! Und tats\u00e4chlich bringt ihr Talent Audrey nach Hollywood. Schon bald spielt sie an der an der Seite von Gr\u00f6\u00dfen wie Gregory Peck und Humphrey Bogart. Doch der strahlende Ort ihrer Tr\u00e4ume verlangt ihr alles ab. Kann Audrey als Stern am Himmel Hollywoods gl\u00e4nzen, ohne sich selbst dabei zu verlieren?&#8220;<\/em><br><br><strong>Meine Meinung:<br><\/strong>Das Buch bekommt eine absolute Lese-Empfehlung. Selten habe ich mit einer Hauptfigur so mitgefiebert. Nach dem Buch hat der Lese\/ die Leserin das Gef\u00fchl, Audrey Hepburn pers\u00f6nlich kennengelernt zu haben. Unbedingt lesen!<\/p>\n\n\n\n<p>_<\/p>\n\n\n\n<p class=\"has-small-font-size\"><strong>Lisa Grunwald: &#8222;Mit dir f\u00fcr alle Zeit&#8220;<\/strong><br><strong>Erschienen am 25. Juni 2020 bei HarperCollins<\/strong><br><strong>ISBN: 978-3959674027 <\/strong><br><br><strong>Klappentext:<\/strong><br> <em>&#8222;New York, F\u00fcnfter Dezember 1937: Weichenmechaniker Joe geht nach Feierabend durch die Grand Central Station \u2013 und verliebt sich auf den ersten Blick. In Nora, eine sehr h\u00fcbsche, doch seltsam altmodisch gekleidete Frau, die verloren unter der ber\u00fchmten goldenen Uhr steht. Nach einem wundervollen Abend verschwindet sie jedoch spurlos. Und als Joe am n\u00e4chsten Tag ihre Nummer w\u00e4hlt, informiert ihn ein Mann mit k\u00fchler Stimme, dass er Nora nicht sprechen k\u00f6nne: Sie sei vor zw\u00f6lf Jahren bei einem Zugungl\u00fcck gestorben. Nora geht Joe jedoch nicht mehr aus dem Kopf. Und am f\u00fcnften Dezember 1938 steht sie pl\u00f6tzlich wieder vor ihm, unter der goldenen Uhr der Grand Central Station. Hier ist sie gestorben. Und jedes Jahr kehrt sie f\u00fcr einen Tag zur\u00fcck. Ihre Liebe hat keine Chance \u2013 und dennoch wartet Joe fortan Jahr f\u00fcr Jahr auf sie. Gemeinsam suchen sie einen Weg, das Unm\u00f6gliche zu schaffen: dass Nora f\u00fcr immer bei ihm bleiben kann.&#8220;<\/em><br><br><strong>Meine Meinung:<\/strong><br>Das Buch hat einen hohen Anteil Fantasy, aber es steckt auch voller Zeitgeschichte. Ein ruhiger, zarter Roman, der mich von Anfang bis Ende verzaubert hat. <\/p>\n\n\n\n<p>_<\/p>\n\n\n\n<p class=\"has-small-font-size\"><strong>Jeffrey Archer: &#8222;Klang der Hoffnung&#8220;<\/strong><br><strong>Erschienen am 09. November 2020 im Heyne-Verlag<br>ISBN:  978-3453471832 <\/strong><br><br>Klappentext: <br><em>&#8222;London, 1985. William Warwick, der aus bestem Hause kommt, ist von einem Wunsch erf\u00fcllt: In seinem Streben nach Gerechtigkeit m\u00f6chte er die Karriereleiter des britischen Polizeiapparats durchlaufen \u2013 vom einfachen Streifenbeamten bis zum Commissioner. Mittlerweile ist William zum Drogendezernat versetzt worden und muss erleben, dass die Drogenkriminalit\u00e4t auf Londons Stra\u00dfen von h\u00f6chsten Kreisen aus Macht und Politik regiert wird. Gleichzeitig genie\u00dft William seine junge Liebe zu Beth, w\u00e4hrend seine Schwester Grace als Anw\u00e4ltin Karriere macht. Doch bald schon ziehen d\u00fcstere Schatten auf. Die Intrigen eines alten Feindes zwingen William dazu, um seine Karriere und Berufung zu k\u00e4mpfen &#8211; und dann erh\u00e4t er eine Nachricht, die sein und Beths Leben von Grund auf \u00e4ndern wird &#8230; &#8222;<\/em><br><br>Meine Meinung:<br>Die Reihe um William Warwick ist unterhaltsam, solide geschrieben&#8230; aber so richtig packen will sie mich nicht. <\/p>\n\n\n\n<p>_<\/p>\n\n\n\n<div class=\"wp-block-image\"><figure class=\"aligncenter\"><img loading=\"lazy\" decoding=\"async\" width=\"264\" height=\"305\" src=\"https:\/\/buechertanz.de\/wp-content\/uploads\/2019\/03\/Blume-2.png\" alt=\"\" class=\"wp-image-364\" srcset=\"https:\/\/buechertanz.de\/wp-content\/uploads\/2019\/03\/Blume-2.png 264w, https:\/\/buechertanz.de\/wp-content\/uploads\/2019\/03\/Blume-2-260x300.png 260w\" sizes=\"auto, (max-width: 264px) 100vw, 264px\" \/><\/figure><\/div>\n","protected":false},"excerpt":{"rendered":"<p>Hier findet ihr die B\u00fccher, die ich im November 2020 gelesen habe und ihr bekommt einen ersten Eindruck. Die ausf\u00fchrlichen Rezensionen folgen.Falls es schon eine Rezension auf meinem Blog gibt, gelangt ihr mit einem Klick auf den Titel direkt bei der Rezension.Leider kann ich momentan auf dem Blog nur noch bedingt Bilder hochladen, wir arbeiten &hellip; <a href=\"https:\/\/buechertanz.de\/?page_id=1715\" class=\"more-link\"><span class=\"screen-reader-text\">Gelesen November 2020<\/span> weiterlesen<\/a><\/p>\n","protected":false},"author":2,"featured_media":0,"parent":0,"menu_order":0,"comment_status":"open","ping_status":"closed","template":"","meta":{"footnotes":""},"class_list":["post-1715","page","type-page","status-publish","hentry"],"_links":{"self":[{"href":"https:\/\/buechertanz.de\/index.php?rest_route=\/wp\/v2\/pages\/1715","targetHints":{"allow":["GET"]}}],"collection":[{"href":"https:\/\/buechertanz.de\/index.php?rest_route=\/wp\/v2\/pages"}],"about":[{"href":"https:\/\/buechertanz.de\/index.php?rest_route=\/wp\/v2\/types\/page"}],"author":[{"embeddable":true,"href":"https:\/\/buechertanz.de\/index.php?rest_route=\/wp\/v2\/users\/2"}],"replies":[{"embeddable":true,"href":"https:\/\/buechertanz.de\/index.php?rest_route=%2Fwp%2Fv2%2Fcomments&post=1715"}],"version-history":[{"count":2,"href":"https:\/\/buechertanz.de\/index.php?rest_route=\/wp\/v2\/pages\/1715\/revisions"}],"predecessor-version":[{"id":1752,"href":"https:\/\/buechertanz.de\/index.php?rest_route=\/wp\/v2\/pages\/1715\/revisions\/1752"}],"wp:attachment":[{"href":"https:\/\/buechertanz.de\/index.php?rest_route=%2Fwp%2Fv2%2Fmedia&parent=1715"}],"curies":[{"name":"wp","href":"https:\/\/api.w.org\/{rel}","templated":true}]}}