{"id":1716,"date":"2020-12-31T16:42:54","date_gmt":"2020-12-31T15:42:54","guid":{"rendered":"http:\/\/buechertanz.de\/?page_id=1716"},"modified":"2021-02-06T10:42:07","modified_gmt":"2021-02-06T09:42:07","slug":"gelesen-dezember-2020","status":"publish","type":"page","link":"https:\/\/buechertanz.de\/?page_id=1716","title":{"rendered":"Gelesen Dezember 2020"},"content":{"rendered":"\n<p class=\"has-drop-cap has-small-font-size\">Hier findet ihr die B\u00fccher, die ich im Dezember 2020 gelesen habe und ihr bekommt einen ersten Eindruck. Die ausf\u00fchrlichen Rezensionen folgen.<br>Falls es schon eine Rezension auf meinem Blog gibt, gelangt ihr mit einem Klick auf den Titel direkt bei der Rezension.<br>Leider kann ich momentan auf dem Blog nur noch bedingt Bilder hochladen, wir arbeiten an einer Probleml\u00f6sung. <\/p>\n\n\n\n<p style=\"text-align:center\"> <em>Gelesene B\u00fccher Dezember 2020:<\/em><br><em>\u2013 Vier B\u00fccher<\/em><br><em>\u2013 1.551 Seiten<\/em> <\/p>\n\n\n\n<p>_<\/p>\n\n\n\n<p class=\"has-small-font-size\"><strong>Antonia Blum: &#8222;Kinderklinik Wei\u00dfensee &#8211; Zeit der Wunder&#8220;<\/strong><br><strong>Erschienen am 30. November 2020 im Ullstein-Verlag<br>ISBN: 978-3548064055 <\/strong><br><br><strong>Klappentext:<br><\/strong><em>&#8222;Berlin 1911: Die Schwestern Marlene und Emma Lindow k\u00f6nnen ihr Gl\u00fcck kaum fassen: Sie d\u00fcrfen als Lernschwestern in der Kinderklinik Wei\u00dfensee anfangen. Die forsche Marlene lernt schnell, die sch\u00fcchterne Emma f\u00fchlt sich hingegen bald von ihrer Schwester zur\u00fcckgesetzt. Denn Marlene hat sich gleich doppelt verliebt: in den vornehmen Assistenzarzt Doktor Maximilian von Weilert und in das noch junge Fachgebiet Kinderheilkunde. Sie ist fest entschlossen, selbst Kinder\u00e4rztin zu werden. Doch der Weg nach oben ist steinig, der in Maximilians Familie erst recht. Emma geht in ihrer Rolle als Kinderkrankenschwester auf und entfernt sich immer mehr von ihr. Erst als das Leben des kleinen Fritz Schmittke am seidenen Faden h\u00e4ngt, erkennen Emma und Marlene, dass sie zusammenstehen m\u00fcssen, um ihre wichtigste Aufgabe zu erf\u00fcllen: den Kindern zu helfen.&#8220;<\/em><br><br><strong>Meine Meinung:<\/strong><br>Von der ersten Seite an hat mich dieses Buch begeistert. Wunderbare. lebensechte Charaktere, die ich ganz fest in meinem Herzen behalten werde. Top!<\/p>\n\n\n\n<p>_<\/p>\n\n\n\n<p class=\"has-small-font-size\"><strong>Charlotte Jacobi: &#8222;Die Douglas Schwestern&#8220;<br>Erschienen am 30. November 2020 im Piper-Verlag<br>ISBN: 978-3492316477 <\/strong><br><br><strong>Klappentext:<br><em>&#8222;<\/em><\/strong><em>Wundersch\u00f6ne Flakons und bet\u00f6rende D\u00fcfte! Schon als kleines M\u00e4dchen ist Maria Carstens fasziniert von den Parf\u00fcms der feinen Hamburger Damen. Und so versprechen sie und ihre Schwester Anna sich, eines Tages ihre eigene Parf\u00fcmerie zu er\u00f6ffnen. Doch w\u00e4hrend der Vater die beiden tatkr\u00e4ftig unterst\u00fctzt, sabotiert die \u00e4ngstliche Mutter das Vorhaben ihrer T\u00f6chter. Als sich ihr Traum schlie\u00dflich erf\u00fcllt und sie 1910 am Neuen Wall mit der Parf\u00fcmerie \u00bbDouglas\u00ab eine Welt der D\u00fcfte erschaffen, f\u00e4ngt das Abenteuer erst an!&#8220;<\/em><br><br>Meine Meinung:<br>Ein wahres Wohlf\u00fchl-Buch. Tolle Charaktere und wieder jede Menge \u00fcber eine vergangene Zeit gelernt. <\/p>\n\n\n\n<p>_<\/p>\n\n\n\n<p class=\"has-small-font-size\"><strong>Astrid Fritz: &#8222;Die W\u00f6lfe vor den Toren&#8220;<\/strong><br><strong>Erschienen am 15. Dezember 2020 im Rowohlt-Verlag<br>ISBN: 978-3499001826 <\/strong><br><br><strong>Klappentext<\/strong>:<br><em>&#8222;Die Erfolgsserie um die Armenapthekerin Serafina aus Freiburg geht weiter. Februar 1418: Die Menschen leiden unter der bei\u00dfenden K\u00e4lte. Erschreckend nah heulen des Nachts die ausgehungerten W\u00f6lfe und rei\u00dfen die ersten Schafe. Dann f\u00e4llt ihnen in dem D\u00f6rfchen W\u00fcri, gleich vor der Stadt, der junge Badersohn J\u00f6rgelin zum Opfer. Zum Schock gesellen sich Spukgeschichten \u00fcber Werw\u00f6lfe. Man h\u00e4ngt zur Abschreckung sogar einen Wolf an den Galgen. Das T\u00f6ten geht weiter. Als die junge Heilerin Mia stirbt, kommen der Armenapothekerin Serafina und ihrem Mann, Stadtarzt Achaz, Zweifel, ob die Tiere f\u00fcr das Morden verantwortlich sind oder wer anders sein Unwesen treibt. Das erste Mal ermitteln sie als Ehepaar gemeinsam. In der W\u00fcri sto\u00dfen die beiden jedoch auf eine Mauer des Schweigens, der sie mit Sp\u00fcrsinn, Wissen und Hartn\u00e4ckigkeit begegnen.&#8220;<\/em><br><br><strong>Meine Meinung:<br><\/strong>Ich liebe diese Reihe und bin so froh, dass es nicht bei den geplanten drei Teilen geblieben ist. Jeder Teil ist ein Lesegenuss. Geschichte pur mit tollen Charakteren.<\/p>\n\n\n\n<p>_<\/p>\n\n\n\n<p class=\"has-small-font-size\"><strong>Heidi Rehn: &#8222;Das doppelte Gesicht&#8220;<\/strong><br><strong>Erschienen am 08. Dezember 2020 im Aufbau-Verlag<br>ISBN: 978-3746637075 <\/strong><br><br><strong>Klappentext:<\/strong><br><em>&#8222;M\u00fcnchen, August 1945. Der Krieg ist zu Ende, die Stadt versinkt im Chaos. Die Reporterin Billa L\u00f6wenfeld, eine aus dem Exil zur\u00fcckgekehrte J\u00fcdin, soll den Kriegsheimkehrer Viktor von Dietlitz interviewen \u2013 und findet ihn erschossen auf. Der junge und noch unerfahrene Ermittler Emil Graf soll den vermeintlichen Routinefall aufkl\u00e4ren. Schon bald geschehen zwei weitere Morde nach demselben Muster. Und Emil findet heraus, dass ausgerechnet Billa die gesuchte Verbindung zwischen den drei Opfern sein k\u00f6nnte \u2026 &#8222;<\/em><br><br><strong>Meine Meinung:<br><\/strong>Ich liebe historische Krimis. Diese Mischung aus Verbrecherjagd und Historie. Beides kombiniert Heidi Rehn perfekt. Das Buch mag man ganz schnell nicht mehr aus der Hand legen und kann erst wieder schlafen, wenn die r\u00e4tselhaften Morde aufgekl\u00e4rt sind.<\/p>\n\n\n\n<p>_<\/p>\n\n\n\n<div class=\"wp-block-image\"><figure class=\"aligncenter\"><img loading=\"lazy\" decoding=\"async\" width=\"264\" height=\"305\" src=\"https:\/\/buechertanz.de\/wp-content\/uploads\/2019\/03\/Blume-1.png\" alt=\"\" class=\"wp-image-363\" srcset=\"https:\/\/buechertanz.de\/wp-content\/uploads\/2019\/03\/Blume-1.png 264w, https:\/\/buechertanz.de\/wp-content\/uploads\/2019\/03\/Blume-1-260x300.png 260w\" sizes=\"auto, (max-width: 264px) 100vw, 264px\" \/><\/figure><\/div>\n","protected":false},"excerpt":{"rendered":"<p>Hier findet ihr die B\u00fccher, die ich im Dezember 2020 gelesen habe und ihr bekommt einen ersten Eindruck. Die ausf\u00fchrlichen Rezensionen folgen.Falls es schon eine Rezension auf meinem Blog gibt, gelangt ihr mit einem Klick auf den Titel direkt bei der Rezension.Leider kann ich momentan auf dem Blog nur noch bedingt Bilder hochladen, wir arbeiten &hellip; <a href=\"https:\/\/buechertanz.de\/?page_id=1716\" class=\"more-link\"><span class=\"screen-reader-text\">Gelesen Dezember 2020<\/span> weiterlesen<\/a><\/p>\n","protected":false},"author":2,"featured_media":0,"parent":0,"menu_order":0,"comment_status":"open","ping_status":"closed","template":"","meta":{"footnotes":""},"class_list":["post-1716","page","type-page","status-publish","hentry"],"_links":{"self":[{"href":"https:\/\/buechertanz.de\/index.php?rest_route=\/wp\/v2\/pages\/1716","targetHints":{"allow":["GET"]}}],"collection":[{"href":"https:\/\/buechertanz.de\/index.php?rest_route=\/wp\/v2\/pages"}],"about":[{"href":"https:\/\/buechertanz.de\/index.php?rest_route=\/wp\/v2\/types\/page"}],"author":[{"embeddable":true,"href":"https:\/\/buechertanz.de\/index.php?rest_route=\/wp\/v2\/users\/2"}],"replies":[{"embeddable":true,"href":"https:\/\/buechertanz.de\/index.php?rest_route=%2Fwp%2Fv2%2Fcomments&post=1716"}],"version-history":[{"count":3,"href":"https:\/\/buechertanz.de\/index.php?rest_route=\/wp\/v2\/pages\/1716\/revisions"}],"predecessor-version":[{"id":1831,"href":"https:\/\/buechertanz.de\/index.php?rest_route=\/wp\/v2\/pages\/1716\/revisions\/1831"}],"wp:attachment":[{"href":"https:\/\/buechertanz.de\/index.php?rest_route=%2Fwp%2Fv2%2Fmedia&parent=1716"}],"curies":[{"name":"wp","href":"https:\/\/api.w.org\/{rel}","templated":true}]}}