{"id":1718,"date":"2020-12-31T16:42:54","date_gmt":"2020-12-31T15:42:54","guid":{"rendered":"http:\/\/buechertanz.de\/?page_id=1718"},"modified":"2022-03-31T08:15:42","modified_gmt":"2022-03-31T07:15:42","slug":"gelesen-januar-2021","status":"publish","type":"page","link":"https:\/\/buechertanz.de\/?page_id=1718","title":{"rendered":"Gelesen Januar 2021"},"content":{"rendered":"\n<p class=\"has-drop-cap has-small-font-size\">Hier findet ihr die B\u00fccher, die ich im Januar 2021 gelesen habe und ihr bekommt einen ersten Eindruck. Die ausf\u00fchrlichen Rezensionen folgen.<br>Falls es schon eine Rezension auf meinem Blog gibt, gelangt ihr mit einem Klick auf den Titel direkt bei der Rezension.<\/p>\n\n\n\n<div class=\"wp-block-image\"><figure class=\"aligncenter is-resized\"><img loading=\"lazy\" decoding=\"async\" src=\"https:\/\/buechertanz.de\/wp-content\/uploads\/2021\/02\/01-Januar-klein.png\" alt=\"\" class=\"wp-image-1821\" width=\"246\" height=\"313\" srcset=\"https:\/\/buechertanz.de\/wp-content\/uploads\/2021\/02\/01-Januar-klein.png 358w, https:\/\/buechertanz.de\/wp-content\/uploads\/2021\/02\/01-Januar-klein-235x300.png 235w\" sizes=\"auto, (max-width: 246px) 100vw, 246px\" \/><figcaption><em> Gelesene B\u00fccher im Januar 2021:<br>&#8211; Sieben B\u00fccher<br>&#8211; 3.578 Seiten <\/em><br><\/figcaption><\/figure><\/div>\n\n\n\n<p>_<\/p>\n\n\n\n<p class=\"has-small-font-size\">&#8222;<strong>Krone der Welt\u201c von Sabine Wei\u00df<\/strong><br> <strong>Erschienen am 21.12.2020 im L\u00fcbbe-Verlag<\/strong><br> <strong>ISBN: 978-3404183074<\/strong><br> <br> <strong>Klappentext:<\/strong><br> <em>\u201eEin gro\u00dfer Historischer Roman \u00fcber den Ausbau Amsterdams zur Weltmetropole, \u00fcber Liebe und Hass und den Drang, die Welt zu einem besseren Ort zu machen<br> Vincent will als Architekt pr\u00e4chtige Stadth\u00e4user bauen. Ruben sehnt sich nach Abenteuern auf hoher See. Betje ist eine begnadete K\u00f6chin. Zusammen sind die Geschwister in Amsterdam gestrandet, einem Ort der m\u00e4rchenhaften M\u00f6glichkeiten. Doch es ist auch die Zeit der gro\u00dfen Auseinandersetzungen. Katholiken und Calvinisten streiten um den rechten Glauben, Engl\u00e4nder und Spanier um den Einfluss auf das Land am Meer, Kaufleute um die wirtschaftliche Macht. K\u00f6nnen sich die Geschwister in dieser schwierigen Situation behaupten?\u201c<\/em><br> <br><strong>Meine Meinung:<\/strong><br>Eine mitrei\u00dfende Handlung mit tollen Charakteren, die vor einem perfekt recherchierten geschichtlichen Hintergrund agieren. Ganz gro\u00dfes Kino und ein wahrer Pageturner.<\/p>\n\n\n\n<p>_<\/p>\n\n\n\n<p class=\"has-small-font-size\"> <strong>\u201eDas rote Adressbuch\u201c von Sofia Lundberg<\/strong><br> <strong>Erschienen am 18. November 2019 im Goldmann-Verlag<br> ISBN: 978-3442489817<\/strong><br> <br><strong> Klappentext:<br><\/strong> <em>\u201eDoris w\u00e4chst in einfachen Verh\u00e4ltnissen im Stockholm der Zwanzigerjahre auf. Als sie zehn Jahre alt wird, macht ihr Vater ihr ein besonderes Geschenk: ein rotes Adressbuch, in dem sie all die Menschen verewigen soll, die ihr etwas bedeuten. Jahrzehnte sp\u00e4ter h\u00fctet Doris das kleine Buch noch immer wie einen Schatz. Und eines Tages beschlie\u00dft sie, anhand der Eintr\u00e4ge ihre Geschichte niederzuschreiben. So reist sie zur\u00fcck in ihr bewegtes Leben, quer \u00fcber Ozeane und Kontinente, vom mond\u00e4nen Paris der Drei\u00dfigerjahre nach New York und England \u2013 zur\u00fcck nach Schweden und zu dem Mann, den sie nie vergessen konnte.\u201c<\/em><br> <br> <strong>Meine Meinung:<br> <\/strong>Auf dieses Buch bin ich durch eine Empfehlung einer lieben Freundin aufmerksam geworden. Was f\u00fcr ein r\u00fchrendes Buch. R\u00fchrend ja, aber nicht kitschig. Eine ganz starke Erz\u00e4hlung, die mich teilweise sprachlos machte und mir die Tr\u00e4nen in die Augen trieb. Lesen!<\/p>\n\n\n\n<p>_<\/p>\n\n\n\n<p class=\"has-small-font-size\"><strong>&#8222;S\u00f6hne des Gl\u00fccks&#8220; von Jeffrey Archer<br>Erschienen am 11. Januar 2021 im Heyne-Verlag<br>ISBN:  978-3453425057 <\/strong><br><br><strong>Klappentext:<\/strong><br><em>\u201eSie sind Zwillinge \u2013 und werden bei der Geburt getrennt. Beide Jungen wachsen auf, ohne dass sie voneinander wissen: Nat in einfachen Verh\u00e4ltnissen, sein Bruder Fletcher als Sohn eines der reichsten M\u00e4nner Connecticuts. Doch Nat will es den Umst\u00e4nden zum Trotz ganz nach oben schaffen. Immer wieder kreuzen sich die Schicksalspfade der beiden Br\u00fcder. Nat erk\u00e4mpft sich eine Karriere als erfolgreicher Bankier, Fletcher geht in die Politik. Beide m\u00fcssen sich in Machtspielen, Liebschaften und Lebensproben bew\u00e4hren. Als sie entdecken, dass sie einen gemeinsamen Feind haben, f\u00fchrt das Schicksal sie auf dramatische Weise zusammen \u2026<br>Dieses Buch erschien in Deutschland bereits unter dem Titel \u00bbDie Kandidaten\u00ab.\u201c<\/em> <br><br><strong>Meine Meinung:<br><\/strong>Ein &#8218;typischer&#8216; Archer. Gro\u00dfe Geheimnisse, Intrigen, Gute und B\u00f6se. Der Aufbau und die Geschichte haben mir sehr gefallen, die Charaktere machten eine lebendige Entwicklung durch. Ein Roman, der gut unterh\u00e4lt und gro\u00dfe Freude macht. Mein &#8218;Lieblings-Archer&#8216; ist es aber nicht.<\/p>\n\n\n\n<p>_<\/p>\n\n\n\n<p class=\"has-small-font-size\"><strong><a href=\"https:\/\/buechertanz.de\/?p=1799\" target=\"_blank\" rel=\"noreferrer noopener\">&#8222;Grandhotel Odessa &#8211; Die Stadt im Himmel&#8220; von Charlotte Roth<\/a><\/strong><br><strong>Erschienen am 12. Januar 2021 im Droemer-Knaur-Verlag<\/strong><br><strong>ISBN: 978-3426308028 <\/strong><br><br><strong>Klappentext:<br><\/strong><em>\u201eOdessa im Jahre 1910. Mit einem gro\u00dfen Ball soll im Grandhotel der 21.Geburtstag von Oda, der Tochter des Hotelgr\u00fcnders, gefeiert werden. Es soll ein Fest werden, von dem man in der Stadt, nein, im ganzen Land, noch lange sprechen wird. Oda aber erwartet voll Ungeduld vor allem zwei G\u00e4ste: Belle, die Berliner Patentochter ihres Vaters, und Karel Albus, gefeierter Ballett-T\u00e4nzer an Odessas neuem, prunkvollem Opernhaus. Schon immer war Oda eifers\u00fcchtig auf Belle, da sie bef\u00fcrchtete, ihr Vater k\u00f6nne diese mehr lieben als die eigene Tochter. Trotzdem vertraut sie ihr auf dem Ball ihr gro\u00dfes Geheimnis an: Sie ist bis \u00fcber beide Ohren in Karel verliebt und hat vor, mit ihm, den ihr Vater als nicht standesgem\u00e4\u00df f\u00fcr sie erachtet, noch am selben Abend durchzubrennen. Doch Karel taucht nicht am verabredeten Treffpunkt auf, und Odas Leben nimmt eine unerwartete Wendung \u2026\u201c<\/em> <br><br><strong>Meine Meinung:<br><\/strong>Wer mich kennt wei\u00df, dass ich ungern Highlights benenne. Aber ja, dieses Buch kommt diesem Begriff schon sehr nahe. Was f\u00fcr wundervolle, spannende Charaktere, was f\u00fcr ein Handlungsort. An diesem Buch stimmt einfach alles!<br><a href=\"https:\/\/buechertanz.de\/?p=1799\" target=\"_blank\" rel=\"noreferrer noopener\">Hier <\/a>findet ihr meine ausf\u00fchrliche Rezension.<\/p>\n\n\n\n<p>_<\/p>\n\n\n\n<p class=\"has-small-font-size\"><strong>&#8222;Die verstummte Liebe&#8220; von Melanie Metzenthin<br>Erschienen am 12. Januar im Tinte&amp;Feder- Verlag<br>ISBN: 978-2496703924 <\/strong><br><br><strong>Klappentext:<br><\/strong><em>\u201eEngland 1896: Von der eigenwilligen Helen Mandeville erwartet ihre Familie vor allem eine standesgem\u00e4\u00dfe Heirat. An ihrer Verlobung mit James Mitchell, einem schneidigen Anwalt mit besten Verbindungen, geht kein Weg vorbei. Aber dann verliebt Helen sich auf einer Bildungsreise in den deutschen Arzt Ludwig Ellerweg. F\u00fcr ihn riskiert sie es, f\u00fcr immer mit ihrer Familie zu brechen.<br>Sie l\u00f6st ihr Verl\u00f6bnis und reist heimlich nach Hamburg, um Ludwig zu heiraten. Es ist f\u00fcr beide die gro\u00dfe Liebe und die Geburt ihres Sohnes Fritz macht ihr Gl\u00fcck komplett. Doch dann erf\u00e4hrt Helen, dass ihre Mutter im Sterben liegt und sie reist zur\u00fcck nach England \u2013 nicht ahnend, dass der erste Weltkrieg ausbrechen und ihr Leben vollkommen ver\u00e4ndern wird.\u201c<\/em> <br><br><strong>Meine Meinung:<\/strong><br>Ein ganz besonderes Buch, welches mich von der ersten Seite an abgeholt hat. Tiefgezeichnete und facettenreiche Charaktere, mit deren Handlungen und Denkweisen man als Leser aber auch nicht immer einverstanden ist. Grandios und absolut lesenswert!<\/p>\n\n\n\n<p>_<\/p>\n\n\n\n<p class=\"has-small-font-size\"><strong>&#8222;Tr\u00fcmmerm\u00e4dchen &#8211; Annas Traum vom Gl\u00fcck&#8220; von Lilly Bernstein<br>Erschienen am 02. Novemer 2020 im Ullstein-Verlag<br>ISBN: 978-3548063416 <\/strong><br><br><strong>Klappentext:<br><em>\u201e<\/em><\/strong><em>K\u00f6ln, 1941. Anna w\u00e4chst bei ihrer Tante Marie und ihrem Onkel Matthias auf, einem B\u00e4ckerehepaar. Das M\u00e4dchen liebt die Backstube \u00fcber alles, besonders den gro\u00dfen Ofen aus Vulkanstein. Doch mit dem Krieg kommt das Ungl\u00fcck: Matthias wird eingezogen und die B\u00e4ckerei bei Luftangriffen zerst\u00f6rt. W\u00e4hrend K\u00f6ln in Tr\u00fcmmern liegt und vom k\u00e4ltesten Winter des Jahrhunderts heimgesucht wird, schlie\u00dft Anna sich in ihrer Not einer Schwarzmarktbande an und steigt zur gewieftesten Kohlediebin der Stadt auf. Als sie am wenigsten damit rechnet, verliebt sie sich \u2013 eine verbotene Liebe mit gef\u00e4hrlichen Folgen. Von K\u00e4lte, Hunger und Neidern bedroht, halten Anna und ihre Tante verzweifelt an dem Traum fest, die B\u00e4ckerei wiederaufzubauen. Und an der Hoffnung, dass die M\u00e4nner, die sie lieben, irgendwann zu ihnen zur\u00fcckkehren.\u201c<\/em> <br><br>Meine Meinung:<br>Keine leichte Kost, aber sehr empfehlenswert f\u00fcr alle, die sich f\u00fcr die Lebensbedingungen nach dem Zweiten Weltkrieg interessieren. Den Charakteren fliegt nicht alles zu, sie m\u00fcssen herbe R\u00fcckschl\u00e4ge verkraften und sind st\u00e4ndig auf der Suche nach ihrem Gl\u00fcck. Lesen!<\/p>\n\n\n\n<p>_<\/p>\n\n\n\n<p class=\"has-small-font-size\"><strong>&#8222;Die Frauen vom Karlsplatz &#8211; Henny&#8220; von Anne Stern<br>Erschienen im Selbstverlag <\/strong><br><br><strong>Klappentext:<br><\/strong><em>\u201eLichterfelde, 1913. Das Jahrhundert ist ganz frisch, die Moderne steht vor den Toren Berlins. Doch im Deutschen Kaiserreich ist es f\u00fcr Frauen noch immer schwer, ihren Tr\u00e4umen zu folgen. Henny hat nur einen Traum: Sie m\u00f6chte Medizin studieren \u2013 die unerf\u00fcllte Sehnsucht ihrer Mutter leben, die sie nie kennengelernt hat. Der Weg in den Beruf der \u00c4rztin ist schwer. Aber Henny ist eine K\u00e4mpferin. Als sie sich in den jungen Assistenzarzt Paul verliebt, scheint ihr Gl\u00fcck vollkommen. Doch dann bricht der Erste Weltkrieg aus und Paul wird eingezogen. Hennys Tr\u00e4ume und Pl\u00e4ne werden von der europ\u00e4ischen Katastrophe zunichte gemacht. Sie steht pl\u00f6tzlich vor dem Nichts und ein Kampf ums \u00dcberleben beginnt.\u201c<\/em> <br><br><strong>Meine Meinung:<\/strong><br>An Anne Sterns B\u00fcchern liebe ich die Charaktere, die immer gegen den Strom schwimmen und sich nicht unterkriegen lassen. Zusammen mit einer bildhaften und wunderbaren Sprache sind die B\u00fccher von Anne Stern perfekt zum Abtauchen in vergangene Zeiten. Sehr lesenwert!<\/p>\n\n\n\n<p>_<\/p>\n\n\n\n<div class=\"wp-block-image\"><figure class=\"aligncenter is-resized\"><img loading=\"lazy\" decoding=\"async\" src=\"https:\/\/buechertanz.de\/wp-content\/uploads\/2019\/03\/Blume-2.png\" alt=\"\" class=\"wp-image-364\" width=\"177\" height=\"204\" srcset=\"https:\/\/buechertanz.de\/wp-content\/uploads\/2019\/03\/Blume-2.png 264w, https:\/\/buechertanz.de\/wp-content\/uploads\/2019\/03\/Blume-2-260x300.png 260w\" sizes=\"auto, (max-width: 177px) 100vw, 177px\" \/><\/figure><\/div>\n\n\n\n<p><br><br><\/p>\n","protected":false},"excerpt":{"rendered":"<p>Hier findet ihr die B\u00fccher, die ich im Januar 2021 gelesen habe und ihr bekommt einen ersten Eindruck. Die ausf\u00fchrlichen Rezensionen folgen.Falls es schon eine Rezension auf meinem Blog gibt, gelangt ihr mit einem Klick auf den Titel direkt bei der Rezension. _ &#8222;Krone der Welt\u201c von Sabine Wei\u00df Erschienen am 21.12.2020 im L\u00fcbbe-Verlag ISBN: &hellip; <a href=\"https:\/\/buechertanz.de\/?page_id=1718\" class=\"more-link\"><span class=\"screen-reader-text\">Gelesen Januar 2021<\/span> weiterlesen<\/a><\/p>\n","protected":false},"author":2,"featured_media":0,"parent":0,"menu_order":0,"comment_status":"open","ping_status":"closed","template":"","meta":{"footnotes":""},"class_list":["post-1718","page","type-page","status-publish","hentry"],"_links":{"self":[{"href":"https:\/\/buechertanz.de\/index.php?rest_route=\/wp\/v2\/pages\/1718","targetHints":{"allow":["GET"]}}],"collection":[{"href":"https:\/\/buechertanz.de\/index.php?rest_route=\/wp\/v2\/pages"}],"about":[{"href":"https:\/\/buechertanz.de\/index.php?rest_route=\/wp\/v2\/types\/page"}],"author":[{"embeddable":true,"href":"https:\/\/buechertanz.de\/index.php?rest_route=\/wp\/v2\/users\/2"}],"replies":[{"embeddable":true,"href":"https:\/\/buechertanz.de\/index.php?rest_route=%2Fwp%2Fv2%2Fcomments&post=1718"}],"version-history":[{"count":9,"href":"https:\/\/buechertanz.de\/index.php?rest_route=\/wp\/v2\/pages\/1718\/revisions"}],"predecessor-version":[{"id":3006,"href":"https:\/\/buechertanz.de\/index.php?rest_route=\/wp\/v2\/pages\/1718\/revisions\/3006"}],"wp:attachment":[{"href":"https:\/\/buechertanz.de\/index.php?rest_route=%2Fwp%2Fv2%2Fmedia&parent=1718"}],"curies":[{"name":"wp","href":"https:\/\/api.w.org\/{rel}","templated":true}]}}