{"id":1881,"date":"2021-02-28T21:40:42","date_gmt":"2021-02-28T20:40:42","guid":{"rendered":"http:\/\/buechertanz.de\/?page_id=1881"},"modified":"2023-01-04T13:43:53","modified_gmt":"2023-01-04T12:43:53","slug":"neuzugaenge-februar-2021","status":"publish","type":"page","link":"https:\/\/buechertanz.de\/?page_id=1881","title":{"rendered":"Neuzug\u00e4nge Februar 2021"},"content":{"rendered":"\n<p class=\"has-drop-cap has-small-font-size\">Im Februar 2021 sind insgesamt 11 B\u00fccher hier eingezogen.<br>Falls es eine Rezension auf meinem Blog gibt, gelangt ihr mit einem Klick auf den Titel direkt bei der Rezension. <\/p>\n\n\n<div class=\"wp-block-image\">\n<figure class=\"aligncenter is-resized\"><img loading=\"lazy\" decoding=\"async\" src=\"https:\/\/buechertanz.de\/wp-content\/uploads\/2021\/03\/02-Februar-klein-1.jpg\" alt=\"\" class=\"wp-image-1902\" width=\"397\" height=\"604\" srcset=\"https:\/\/buechertanz.de\/wp-content\/uploads\/2021\/03\/02-Februar-klein-1.jpg 405w, https:\/\/buechertanz.de\/wp-content\/uploads\/2021\/03\/02-Februar-klein-1-197x300.jpg 197w\" sizes=\"auto, (max-width: 397px) 100vw, 397px\" \/><\/figure><\/div>\n\n\n<p>_<\/p>\n\n\n\n<p class=\"has-drop-cap has-small-font-size\"><strong>\u00d6ffentlicher B\u00fccherschrank:<\/strong><\/p>\n\n\n\n<p><\/p>\n\n\n\n<ul class=\"has-small-font-size wp-block-list\"><li> Tom Petsinis:<br><em>&#8222;Der franz\u00f6sische Mathematiker&#8220;<\/em><\/li><\/ul>\n\n\n\n<p>_<\/p>\n\n\n\n<p class=\"has-drop-cap has-small-font-size\"><strong>Rezensionsexemplare:<\/strong><\/p>\n\n\n\n<p><\/p>\n\n\n\n<ul class=\"has-small-font-size wp-block-list\"><li>Teresa Simon:<br><a rel=\"noreferrer noopener\" href=\"https:\/\/buechertanz.de\/?p=1859\" target=\"_blank\"><em>&#8222;Gl\u00fcckskinder&#8220;<\/em><\/a><\/li><li>Klara Jahn:<br><em><a rel=\"noreferrer noopener\" href=\"https:\/\/buechertanz.de\/?p=1874\" target=\"_blank\">&#8222;Die Farbe des Nordwinds&#8220; <\/a><\/em><\/li><li>Bettina Storks:<br><a rel=\"noreferrer noopener\" href=\"https:\/\/buechertanz.de\/?p=1908\" target=\"_blank\"><em>&#8222;Klaras Schweigen&#8220;<\/em><\/a><\/li><\/ul>\n\n\n\n<p>_<\/p>\n\n\n\n<p class=\"has-drop-cap has-small-font-size\"><strong>Neue B\u00fccher:<\/strong><\/p>\n\n\n\n<p><\/p>\n\n\n\n<ul class=\"has-small-font-size wp-block-list\"><li>Delia Owens:<br><em>&#8222;Der Gesang der Flusskrebse&#8220; <\/em><\/li><li>Miriam Georg:<br><em>&#8222;Elbleuchten&#8220;<\/em><\/li><li>Steve Sem-Sandburg:<br><em>&#8222;Die Erw\u00e4hlten&#8220; <\/em><\/li><li>Christian Berkel:<br><em>&#8222;Der Apfelbaum&#8220;<\/em><\/li><li>Nora Elias:<br><em>&#8222;Villa Conrad&#8220; <\/em><\/li><li>Charlotte Roth:<br><em>&#8222;Grandhotel Odessa &#8211; Der Garten des Faun&#8220; <\/em><\/li><li>Charlotte Jacobi:<br><em>&#8222;Die Patisserie am M\u00fcnsterplatz &#8211; Zeitenwandel&#8220; <\/em><\/li><\/ul>\n\n\n\n<p>_<\/p>\n\n\n<div class=\"wp-block-image\">\n<figure class=\"aligncenter is-resized\"><img loading=\"lazy\" decoding=\"async\" src=\"https:\/\/buechertanz.de\/wp-content\/uploads\/2019\/03\/Blume.png\" alt=\"\" class=\"wp-image-356\" width=\"190\" height=\"219\" srcset=\"https:\/\/buechertanz.de\/wp-content\/uploads\/2019\/03\/Blume.png 264w, https:\/\/buechertanz.de\/wp-content\/uploads\/2019\/03\/Blume-260x300.png 260w\" sizes=\"auto, (max-width: 190px) 100vw, 190px\" \/><\/figure><\/div>","protected":false},"excerpt":{"rendered":"<p>Im Februar 2021 sind insgesamt 11 B\u00fccher hier eingezogen.Falls es eine Rezension auf meinem Blog gibt, gelangt ihr mit einem Klick auf den Titel direkt bei der Rezension. _ \u00d6ffentlicher B\u00fccherschrank: Tom Petsinis:&#8222;Der franz\u00f6sische Mathematiker&#8220; _ Rezensionsexemplare: Teresa Simon:&#8222;Gl\u00fcckskinder&#8220; Klara Jahn:&#8222;Die Farbe des Nordwinds&#8220; Bettina Storks:&#8222;Klaras Schweigen&#8220; _ Neue B\u00fccher: Delia Owens:&#8222;Der Gesang der Flusskrebse&#8220; &hellip; <a href=\"https:\/\/buechertanz.de\/?page_id=1881\" class=\"more-link\"><span class=\"screen-reader-text\">Neuzug\u00e4nge Februar 2021<\/span> weiterlesen<\/a><\/p>\n","protected":false},"author":2,"featured_media":0,"parent":0,"menu_order":0,"comment_status":"open","ping_status":"closed","template":"","meta":{"footnotes":""},"class_list":["post-1881","page","type-page","status-publish","hentry"],"_links":{"self":[{"href":"https:\/\/buechertanz.de\/index.php?rest_route=\/wp\/v2\/pages\/1881","targetHints":{"allow":["GET"]}}],"collection":[{"href":"https:\/\/buechertanz.de\/index.php?rest_route=\/wp\/v2\/pages"}],"about":[{"href":"https:\/\/buechertanz.de\/index.php?rest_route=\/wp\/v2\/types\/page"}],"author":[{"embeddable":true,"href":"https:\/\/buechertanz.de\/index.php?rest_route=\/wp\/v2\/users\/2"}],"replies":[{"embeddable":true,"href":"https:\/\/buechertanz.de\/index.php?rest_route=%2Fwp%2Fv2%2Fcomments&post=1881"}],"version-history":[{"count":9,"href":"https:\/\/buechertanz.de\/index.php?rest_route=\/wp\/v2\/pages\/1881\/revisions"}],"predecessor-version":[{"id":4230,"href":"https:\/\/buechertanz.de\/index.php?rest_route=\/wp\/v2\/pages\/1881\/revisions\/4230"}],"wp:attachment":[{"href":"https:\/\/buechertanz.de\/index.php?rest_route=%2Fwp%2Fv2%2Fmedia&parent=1881"}],"curies":[{"name":"wp","href":"https:\/\/api.w.org\/{rel}","templated":true}]}}