{"id":1882,"date":"2021-02-28T21:40:42","date_gmt":"2021-02-28T20:40:42","guid":{"rendered":"http:\/\/buechertanz.de\/?page_id=1882"},"modified":"2022-03-31T08:16:12","modified_gmt":"2022-03-31T07:16:12","slug":"gelesen-februar-2021","status":"publish","type":"page","link":"https:\/\/buechertanz.de\/?page_id=1882","title":{"rendered":"Gelesen Februar 2021"},"content":{"rendered":"\n<p class=\"has-drop-cap has-small-font-size\">Hier findet ihr die B\u00fccher, die ich im Februar 2021 gelesen habe und ihr bekommt einen ersten Eindruck. Die ausf\u00fchrlichen Rezensionen folgen.<br>Falls es schon eine Rezension auf meinem Blog gibt, gelangt ihr mit einem Klick auf den Titel direkt bei der Rezension. <\/p>\n\n\n\n<div class=\"wp-block-image\"><figure class=\"aligncenter is-resized\"><img loading=\"lazy\" decoding=\"async\" src=\"https:\/\/buechertanz.de\/wp-content\/uploads\/2021\/03\/02-Februar-klein.jpg\" alt=\"\" class=\"wp-image-1897\" width=\"327\" height=\"398\" srcset=\"https:\/\/buechertanz.de\/wp-content\/uploads\/2021\/03\/02-Februar-klein.jpg 453w, https:\/\/buechertanz.de\/wp-content\/uploads\/2021\/03\/02-Februar-klein-247x300.jpg 247w\" sizes=\"auto, (max-width: 327px) 100vw, 327px\" \/><figcaption><em>Gelesene B\u00fccher im Februar:<br>&#8211; Vier B\u00fccher<br>&#8211; 1.780 Seiten<\/em><\/figcaption><\/figure><\/div>\n\n\n\n<p>_<\/p>\n\n\n\n<p class=\"has-small-font-size\"><strong><a href=\"https:\/\/buechertanz.de\/?p=1859\" target=\"_blank\" rel=\"noreferrer noopener\">&#8222;Gl\u00fcckskinder&#8220; von Teresa Simon<\/a><br>Erschienen am 08.Februar 2021 im Heyne-Verlag<br>ISBN: 978-3-453-42406-7 <\/strong><br><br><strong>Klappentext:<br><\/strong><em>\u201eM\u00fcnchen 1945. Auf dem Schwarzmarkt in der M\u00f6hlstra\u00dfe treffen sich alle, die nach Gl\u00fcck und ein wenig Leben suchen. Nylons, Kaffee, Schokolade und Schmuck wechseln hier die Besitzer. Auch Toni, die ihr Zuhause verloren hat und nun bei ihrer Tante Vev wohnt, versucht, auf dem Schwarzmarkt das N\u00f6tigste f\u00fcr die Familie zu organisieren. Als sie die Holl\u00e4nderin Griet kennenlernt, sp\u00fcrt Toni zun\u00e4chst eine tiefe Abneigung. Sie ahnt nicht, dass Griet eine schwere Zeit hinter sich hat, \u00fcber die sie nie wieder sprechen m\u00f6chte. Sie k\u00f6nnten einander helfen. Doch das geht nur, wenn sie ehrlich zueinander sind und ihre Vorurteile \u00fcberwinden \u2026 \u201e<\/em> <br><br><strong>Meine Meinung:<\/strong><br>Mit diesem Buch hat sich Teresa Simon noch einmal selbst \u00fcbertroffen. Auch wenn es das erste Buch von ihr ist, welches nicht auf zwei Zeitebenen spielt, habe ich mich bestens unterhalten gef\u00fchlt. <a href=\"https:\/\/buechertanz.de\/?p=1859\" target=\"_blank\" rel=\"noreferrer noopener\">Hier<\/a> findet ihr meine ausf\u00fchrliche Rezension. <\/p>\n\n\n\n<p>_<\/p>\n\n\n\n<p class=\"has-small-font-size\"><strong>&#8222;Die Nachtigall&#8220; von Kristin Hannah<br>Erschienen am 09. Oktober 2017 im Aufbau-Verlag<\/strong><br><strong>ISBN: 978-3746633671 <\/strong><br><br><strong>Klappentext:<\/strong><br><em>\u201eZwei Schwestern im besetzten Frankreich: Vianne, die \u00c4ltere, muss ihren Mann in den Krieg ziehen lassen und wird im Kampf um das \u00dcberleben ihrer kleinen Tochter vor furchtbare Entscheidungen gestellt. Die j\u00fcngere Isabelle schlie\u00dft sich indes der R\u00e9sistance an und sucht die Freiheit auf dem Pfad der Nachtigall, einem geheimen Fluchtweg \u00fcber die Pyren\u00e4en. Doch wie weit darf man gehen, um zu \u00fcberleben? Und wie kann man die sch\u00fctzen, die man liebt?\u201c<\/em> <br><br><strong>Meine Meinung:<br><\/strong>Ich musste dieses Buch immer wieder zur Seite legen, da es mich teilweise zu sehr mitgenommen hat. Mit starker Erz\u00e4hlstimme berichtet die Autorin von der Situation im besetzten Frankreich. Ein Buch, welches man nie wieder vergessen wird &#8230; nie wieder!<\/p>\n\n\n\n<p>_<\/p>\n\n\n\n<p class=\"has-small-font-size\"><strong><a href=\"https:\/\/buechertanz.de\/?p=1874\" target=\"_blank\" rel=\"noreferrer noopener\">&#8222;Die Farbe des Nordwinds&#8220; von Klara Jahn<\/a><\/strong><br><strong>erscheint am 08. M\u00e4rz 2021 im Heyne-Verlag<br>ISBN: 978-3453273139 <\/strong><br><br><strong>Klappentext:<\/strong><br><em>\u201eSchon immer hat Ellen sich wie eine Besucherin in ihrem eigenen Leben gef\u00fchlt. Au\u00dfer einmal, als Kind, als sie mit ihrer Mutter kurz auf den Halligen lebte. Abreisen wollte sie damals nicht, doch sie hatte keine Wahl. Nun kehrt sie zur\u00fcck auf dieses merkw\u00fcrdig vertraute Fleckchen Marschland. Und zu Liske, die damals wie eine Schwester f\u00fcr sie war. Ihre Ann\u00e4herung w\u00fchlt alte Konflikte wieder auf, doch Ellen l\u00e4sst sich nicht entmutigen. Denn sie wei\u00df: Dies ist ihre Seelenheimat.\u201c<\/em> <br><br>Meine Meinung:<br>Ein Buch, welches Mut macht, dass die Zeit f\u00fcr einen Neuanfang nie zu sp\u00e4t ist. Es entf\u00fchrt uns auf die Halligen und zeigt, wie sehr die Menschen dort mit und von der Natur leben. Gro\u00dfes Kopfkino. <a href=\"https:\/\/buechertanz.de\/?p=1874\" target=\"_blank\" rel=\"noreferrer noopener\">Hier<\/a> findet ihr meine ausf\u00fchrliche Rezension.<\/p>\n\n\n\n<p>_<\/p>\n\n\n\n<p class=\"has-small-font-size\"><strong>&#8222;Die Frauen vom Karlsplatz: Vera&#8220; von Anne Stern<br>erschienen im Selbstverlag<\/strong><br><br><strong>Klappentext:<br><\/strong><em>\u201eLichterfelde, 1943. Vera erlebt den Zweiten Weltkrieg in Berlin in der Villa am Karlsplatz. Ihr Mann Wilhelm, ein \u00fcberzeugter Nationalsozialist, ist bei der Luftwaffe. Immer \u00f6fter kommen Vera Zweifel, auf welcher Seite sie steht. Da findet sie in der Gartenlaube einen fremden Mann auf der Flucht. Es ist der j\u00fcdische K\u00fcnstler David, der in die Illegalit\u00e4t abtauchen musste und sich seitdem versteckt h\u00e4lt. Vera trifft eine weitreichende Entscheidung, von der sie wei\u00df, dass sie ihre Familie zerrei\u00dfen und alles in Frage stellen wird, was sie bisher f\u00fcr richtig gehalten hat. Doch in Zeiten des Hasses, erkennt sie, liegt die einzige Hoffnung in der Liebe.\u201c<\/em> <br><br><strong>Meine Meinung:<br><\/strong>Ich liebe diese Buchreihe. Wundervolle Charaktere und diese poetische und starke Sprache von Anne Stern machen jedes Buch zu einem intensiven Leseerlebnis. Diesen Teil fand ich bisher am intensivsten. <\/p>\n\n\n\n<p>_<\/p>\n\n\n\n<div class=\"wp-block-image\"><figure class=\"aligncenter is-resized\"><img loading=\"lazy\" decoding=\"async\" src=\"https:\/\/buechertanz.de\/wp-content\/uploads\/2019\/03\/Blume.png\" alt=\"\" class=\"wp-image-356\" width=\"182\" height=\"209\" srcset=\"https:\/\/buechertanz.de\/wp-content\/uploads\/2019\/03\/Blume.png 264w, https:\/\/buechertanz.de\/wp-content\/uploads\/2019\/03\/Blume-260x300.png 260w\" sizes=\"auto, (max-width: 182px) 100vw, 182px\" \/><\/figure><\/div>\n","protected":false},"excerpt":{"rendered":"<p>Hier findet ihr die B\u00fccher, die ich im Februar 2021 gelesen habe und ihr bekommt einen ersten Eindruck. Die ausf\u00fchrlichen Rezensionen folgen.Falls es schon eine Rezension auf meinem Blog gibt, gelangt ihr mit einem Klick auf den Titel direkt bei der Rezension. _ &#8222;Gl\u00fcckskinder&#8220; von Teresa SimonErschienen am 08.Februar 2021 im Heyne-VerlagISBN: 978-3-453-42406-7 Klappentext:\u201eM\u00fcnchen 1945. &hellip; <a href=\"https:\/\/buechertanz.de\/?page_id=1882\" class=\"more-link\"><span class=\"screen-reader-text\">Gelesen Februar 2021<\/span> weiterlesen<\/a><\/p>\n","protected":false},"author":2,"featured_media":0,"parent":0,"menu_order":0,"comment_status":"open","ping_status":"closed","template":"","meta":{"footnotes":""},"class_list":["post-1882","page","type-page","status-publish","hentry"],"_links":{"self":[{"href":"https:\/\/buechertanz.de\/index.php?rest_route=\/wp\/v2\/pages\/1882","targetHints":{"allow":["GET"]}}],"collection":[{"href":"https:\/\/buechertanz.de\/index.php?rest_route=\/wp\/v2\/pages"}],"about":[{"href":"https:\/\/buechertanz.de\/index.php?rest_route=\/wp\/v2\/types\/page"}],"author":[{"embeddable":true,"href":"https:\/\/buechertanz.de\/index.php?rest_route=\/wp\/v2\/users\/2"}],"replies":[{"embeddable":true,"href":"https:\/\/buechertanz.de\/index.php?rest_route=%2Fwp%2Fv2%2Fcomments&post=1882"}],"version-history":[{"count":3,"href":"https:\/\/buechertanz.de\/index.php?rest_route=\/wp\/v2\/pages\/1882\/revisions"}],"predecessor-version":[{"id":3007,"href":"https:\/\/buechertanz.de\/index.php?rest_route=\/wp\/v2\/pages\/1882\/revisions\/3007"}],"wp:attachment":[{"href":"https:\/\/buechertanz.de\/index.php?rest_route=%2Fwp%2Fv2%2Fmedia&parent=1882"}],"curies":[{"name":"wp","href":"https:\/\/api.w.org\/{rel}","templated":true}]}}