{"id":1947,"date":"2021-03-31T22:12:08","date_gmt":"2021-03-31T21:12:08","guid":{"rendered":"http:\/\/buechertanz.de\/?page_id=1947"},"modified":"2026-01-15T10:42:54","modified_gmt":"2026-01-15T09:42:54","slug":"neuzugaenge-maerz-2021","status":"publish","type":"page","link":"https:\/\/buechertanz.de\/?page_id=1947","title":{"rendered":"Neuzug\u00e4nge M\u00e4rz 2021"},"content":{"rendered":"\n<p class=\"has-drop-cap has-small-font-size\">Im M\u00e4rz 2021 sind insgesamt 31 B\u00fccher hier eingezogen:<br>16 neue B\u00fccher, zwei Rezensionsexemplare (ganz herzlichen Dank an die lieben Verlage Blanvalet und Penguin), sechs Geschenke, drei aus einem \u00f6ffentlichen B\u00fccherschrank, zwei aus dem Antiquariat und zwei B\u00fccher habe ich aus der M\u00fclltonne gerettet.<br><br>Falls es eine Rezension auf meinem Blog gibt, gelangt ihr mit einem Klick auf den Titel direkt bei der Rezension. <\/p>\n\n\n\n<p>_<\/p>\n\n\n\n<figure class=\"wp-block-image\"><img loading=\"lazy\" decoding=\"async\" width=\"579\" height=\"431\" src=\"https:\/\/buechertanz.de\/wp-content\/uploads\/2021\/04\/03-M\u00e4rz-neu-und-Rezis-klein.jpg\" alt=\"\" class=\"wp-image-1961\" srcset=\"https:\/\/buechertanz.de\/wp-content\/uploads\/2021\/04\/03-M\u00e4rz-neu-und-Rezis-klein.jpg 579w, https:\/\/buechertanz.de\/wp-content\/uploads\/2021\/04\/03-M\u00e4rz-neu-und-Rezis-klein-300x223.jpg 300w\" sizes=\"auto, (max-width: 579px) 100vw, 579px\" \/><\/figure>\n\n\n\n<p class=\"has-drop-cap has-small-font-size\"><strong>Neue B\u00fccher:<\/strong><\/p>\n\n\n\n<p><\/p>\n\n\n\n<ul class=\"wp-block-list has-small-font-size\">\n<li>Michael Wallner: <br><em>&#8222;In Zeiten der Liebe und des Krieges&#8220;<\/em><\/li>\n\n\n\n<li>Paula Leonhardt: <br><em>&#8222;Mit dem Wind&#8220;<\/em><\/li>\n\n\n\n<li>Bettina Storks: <br><em>&#8222;Das geheime L\u00e4cheln&#8220; und <a href=\"https:\/\/buechertanz.de\/?p=10223\" target=\"_blank\" rel=\"noreferrer noopener\">&#8222;Leas Spuren&#8220;<\/a><\/em><\/li>\n\n\n\n<li>Linda Winterberg: <br><em>&#8222;Ein neuer Anfang: Die Hebammen-Saga&#8220;<\/em><\/li>\n\n\n\n<li>Sabine Weigand: <br><em>&#8222;Die englische F\u00fcrstin&#8220;<\/em><\/li>\n\n\n\n<li>Michelle Marly: <br><em>&#8222;Romy und der Weg nach Paris&#8220;<\/em><\/li>\n\n\n\n<li>George Orwell: <br><em>&#8222;Farm der Tiere&#8220; und &#8222;1984&#8220;<\/em><\/li>\n\n\n\n<li>Helga Glaesener: <br><em>&#8222;Das Seehospital&#8220;<\/em><\/li>\n\n\n\n<li>Barbara Leciejewski: <br><em>&#8222;Fritz und Emma&#8220;<\/em><\/li>\n\n\n\n<li>Ines Thorn: <br><em>&#8222;Die Buchh\u00e4ndlerin&#8220;<\/em><\/li>\n\n\n\n<li>Helene Sommerfeld: <br><em>&#8222;Das Leben, ein ewiger Traum&#8220;<\/em><\/li>\n\n\n\n<li>Anke Petersen: <br><em>&#8222;Der Kaffeegarten: Salz im Wind&#8220;<\/em><\/li>\n\n\n\n<li>Juliana Weinberg: <br><em><a href=\"https:\/\/buechertanz.de\/?p=1931\" target=\"_blank\" rel=\"noreferrer noopener\">&#8222;Josephine Baker und der Tanz des Lebens&#8220;<\/a><\/em><\/li>\n\n\n\n<li>Lucinda Riley:<br><em>&#8222;Das Schmetterlingszimmer&#8220;<\/em><\/li>\n<\/ul>\n\n\n\n<p>_<\/p>\n\n\n\n<p class=\"has-drop-cap has-small-font-size\"><strong>Rezensionsexemplare:<\/strong><\/p>\n\n\n\n<p><\/p>\n\n\n\n<ul class=\"wp-block-list has-small-font-size\">\n<li>Caren Benedikt: <br><em><a href=\"https:\/\/buechertanz.de\/?p=1925\" target=\"_blank\" rel=\"noreferrer noopener\">&#8222;Das Grand Hotel &#8211; Die mit dem Feuer spielen&#8220;<\/a><\/em><\/li>\n\n\n\n<li>Rena Rosenthal: <br><a href=\"https:\/\/buechertanz.de\/?p=1940\" target=\"_blank\" rel=\"noreferrer noopener\">&#8222;Die Hofg\u00e4rtnerin &#8211; Fr\u00fchlingstr\u00e4ume&#8220;<\/a><\/li>\n<\/ul>\n\n\n\n<p>_<\/p>\n\n\n\n<figure class=\"wp-block-image\"><img loading=\"lazy\" decoding=\"async\" width=\"604\" height=\"413\" src=\"https:\/\/buechertanz.de\/wp-content\/uploads\/2021\/04\/03-M\u00e4rz-Geschenke-B\u00fccherschr\u00e4nke-Antiquariat-Funde-klein.jpg\" alt=\"\" class=\"wp-image-1963\" srcset=\"https:\/\/buechertanz.de\/wp-content\/uploads\/2021\/04\/03-M\u00e4rz-Geschenke-B\u00fccherschr\u00e4nke-Antiquariat-Funde-klein.jpg 604w, https:\/\/buechertanz.de\/wp-content\/uploads\/2021\/04\/03-M\u00e4rz-Geschenke-B\u00fccherschr\u00e4nke-Antiquariat-Funde-klein-300x205.jpg 300w\" sizes=\"auto, (max-width: 604px) 100vw, 604px\" \/><\/figure>\n\n\n\n<p class=\"has-drop-cap has-small-font-size\"><\/p>\n\n\n\n<p class=\"has-drop-cap has-small-font-size\"><strong>Geschenke:<\/strong><\/p>\n\n\n\n<p><\/p>\n\n\n\n<ul class=\"wp-block-list has-small-font-size\">\n<li>Carla Federico: <br>&#8222;Der Traum von Rapa Nui&#8220;<\/li>\n\n\n\n<li>Katharina Fuchs: <br>&#8222;Neuleben&#8220;<\/li>\n\n\n\n<li>Ellen Alpsten: <br>&#8222;Die Zarin&#8220;<\/li>\n\n\n\n<li>Donna W. Cross: <br>&#8222;Die P\u00e4pstin&#8220;<\/li>\n\n\n\n<li>J.R.R. Tolkien: <br>&#8222;Feanors Fluch&#8220;<\/li>\n\n\n\n<li>Ina Hochreuther: <br>&#8222;Frauen im Parlament&#8220;<\/li>\n<\/ul>\n\n\n\n<p>_<\/p>\n\n\n\n<p class=\"has-drop-cap has-small-font-size\"><strong>\u00d6ffentlicher B\u00fccherschrank:<\/strong><\/p>\n\n\n\n<p><\/p>\n\n\n\n<ul class=\"wp-block-list has-small-font-size\">\n<li>Rachel  Lucas: <br><em>&#8222;The Telephone Box Library&#8220;<\/em><\/li>\n\n\n\n<li>Jakob Wassermann: <br><em>&#8222;Caspar Hauser&#8220;<\/em><\/li>\n\n\n\n<li>Maria Ernestam: <br><em>&#8222;Die Liebesnachricht&#8220;<\/em><\/li>\n<\/ul>\n\n\n\n<p>_<\/p>\n\n\n\n<p class=\"has-drop-cap has-small-font-size\"><strong>Antiquariat:<\/strong><\/p>\n\n\n\n<p><\/p>\n\n\n\n<ul class=\"wp-block-list has-small-font-size\">\n<li>Lisette Lewin: <br><em>&#8222;Eine Reise ohne Ende&#8220;<\/em><\/li>\n\n\n\n<li>Edith Beleites: <br><em>&#8222;Die Hebamme von Gl\u00fcckstadt&#8220;<\/em><\/li>\n<\/ul>\n\n\n\n<p>_<\/p>\n\n\n\n<p class=\"has-drop-cap has-small-font-size\"><strong>Gerettete B\u00fccher:<\/strong><\/p>\n\n\n\n<p><\/p>\n\n\n\n<ul class=\"wp-block-list has-small-font-size\">\n<li>Gottfried Keller: <br><em>&#8222;Die Leute von Seldwyla&#8220;<\/em><\/li>\n\n\n\n<li>Die Gebr\u00fcder Grimm: <br><em>&#8222;Die M\u00e4rchen der Br\u00fcder Grimm&#8220; <\/em><\/li>\n<\/ul>\n\n\n\n<p>_<\/p>\n\n\n<div class=\"wp-block-image\">\n<figure class=\"aligncenter\"><img loading=\"lazy\" decoding=\"async\" width=\"264\" height=\"305\" src=\"https:\/\/buechertanz.de\/wp-content\/uploads\/2019\/03\/Blume-1.png\" alt=\"\" class=\"wp-image-363\" srcset=\"https:\/\/buechertanz.de\/wp-content\/uploads\/2019\/03\/Blume-1.png 264w, https:\/\/buechertanz.de\/wp-content\/uploads\/2019\/03\/Blume-1-260x300.png 260w\" sizes=\"auto, (max-width: 264px) 100vw, 264px\" \/><\/figure><\/div>","protected":false},"excerpt":{"rendered":"<p>Im M\u00e4rz 2021 sind insgesamt 31 B\u00fccher hier eingezogen:16 neue B\u00fccher, zwei Rezensionsexemplare (ganz herzlichen Dank an die lieben Verlage Blanvalet und Penguin), sechs Geschenke, drei aus einem \u00f6ffentlichen B\u00fccherschrank, zwei aus dem Antiquariat und zwei B\u00fccher habe ich aus der M\u00fclltonne gerettet. Falls es eine Rezension auf meinem Blog gibt, gelangt ihr mit einem &hellip; <a href=\"https:\/\/buechertanz.de\/?page_id=1947\" class=\"more-link\"><span class=\"screen-reader-text\">Neuzug\u00e4nge M\u00e4rz 2021<\/span> weiterlesen<\/a><\/p>\n","protected":false},"author":2,"featured_media":0,"parent":0,"menu_order":0,"comment_status":"open","ping_status":"closed","template":"","meta":{"footnotes":""},"class_list":["post-1947","page","type-page","status-publish","hentry"],"_links":{"self":[{"href":"https:\/\/buechertanz.de\/index.php?rest_route=\/wp\/v2\/pages\/1947","targetHints":{"allow":["GET"]}}],"collection":[{"href":"https:\/\/buechertanz.de\/index.php?rest_route=\/wp\/v2\/pages"}],"about":[{"href":"https:\/\/buechertanz.de\/index.php?rest_route=\/wp\/v2\/types\/page"}],"author":[{"embeddable":true,"href":"https:\/\/buechertanz.de\/index.php?rest_route=\/wp\/v2\/users\/2"}],"replies":[{"embeddable":true,"href":"https:\/\/buechertanz.de\/index.php?rest_route=%2Fwp%2Fv2%2Fcomments&post=1947"}],"version-history":[{"count":11,"href":"https:\/\/buechertanz.de\/index.php?rest_route=\/wp\/v2\/pages\/1947\/revisions"}],"predecessor-version":[{"id":10229,"href":"https:\/\/buechertanz.de\/index.php?rest_route=\/wp\/v2\/pages\/1947\/revisions\/10229"}],"wp:attachment":[{"href":"https:\/\/buechertanz.de\/index.php?rest_route=%2Fwp%2Fv2%2Fmedia&parent=1947"}],"curies":[{"name":"wp","href":"https:\/\/api.w.org\/{rel}","templated":true}]}}