{"id":1993,"date":"2021-05-01T10:55:53","date_gmt":"2021-05-01T09:55:53","guid":{"rendered":"http:\/\/buechertanz.de\/?page_id=1993"},"modified":"2023-01-04T13:43:04","modified_gmt":"2023-01-04T12:43:04","slug":"neuzugaenge-april-2021","status":"publish","type":"page","link":"https:\/\/buechertanz.de\/?page_id=1993","title":{"rendered":"Neuzug\u00e4nge April 2021"},"content":{"rendered":"\n<p class=\"has-drop-cap has-small-font-size\">Im April 2021 sind insgesamt 22 B\u00fccher hier eingezogen:<br>19 neue B\u00fccher, zwei Rezensionsexemplare (ganz herzlichen Dank an die lieben Verlage Goldmann und Rowohlt) und eines aus dem Antiquariat.<br>Von diesen Neuzug\u00e4ngen habe ich <a rel=\"noreferrer noopener\" href=\"https:\/\/buechertanz.de\/?p=1988\" target=\"_blank\">&#8222;Das Kaffeehaus &#8211; Falscher Glanz&#8220;<\/a> von Marie Lacrosse und &#8222;Das Fl\u00fcstern des Strandhafers&#8220; von Helene Schilling direkt gelesen.<\/p>\n\n\n\n<p class=\"has-small-font-size\">Falls es eine Rezension auf meinem Blog gibt, gelangt ihr mit einem Klick auf den Titel direkt bei der Rezension. <\/p>\n\n\n\n<p>_<\/p>\n\n\n<div class=\"wp-block-image\">\n<figure class=\"aligncenter is-resized\"><img loading=\"lazy\" decoding=\"async\" src=\"https:\/\/buechertanz.de\/wp-content\/uploads\/2021\/05\/04-April-Neu.jpg\" alt=\"\" class=\"wp-image-2015\" width=\"415\" height=\"461\" srcset=\"https:\/\/buechertanz.de\/wp-content\/uploads\/2021\/05\/04-April-Neu.jpg 715w, https:\/\/buechertanz.de\/wp-content\/uploads\/2021\/05\/04-April-Neu-270x300.jpg 270w\" sizes=\"auto, (max-width: 415px) 100vw, 415px\" \/><\/figure><\/div>\n\n\n<p class=\"has-drop-cap has-small-font-size\"><strong>Neue B\u00fccher:<\/strong><\/p>\n\n\n\n<p><\/p>\n\n\n\n<ul class=\"has-small-font-size wp-block-list\"><li>Emma Garnier: <br><em>&#8222;Grandhotel Angst&#8220;<\/em><\/li><li>Nora Elias: <br><em>&#8222;K\u00f6nigsberg &#8211; Bewegte Jahre&#8220;<\/em><\/li><li>Leila Meacham: <br><em>&#8222;Sturmtage&#8220;<\/em><\/li><li>Kate Morton: <br><em>&#8222;Die Tochter des Uhrmachers&#8220;<\/em><\/li><li>Karen Duve: <br><em>&#8222;Fr\u00e4ulein Nettes kurzer Sommer&#8220;<\/em><\/li><li>Miriam Georg: <br><em>&#8222;Elbst\u00fcrme&#8220;<\/em><\/li><li>Vera Buck: <br><em>&#8222;Das Buch der vergessenen Artisten&#8220;<\/em><\/li><li>Gabriele Tergit: <br><em>&#8222;K\u00e4sebier erobert den K\u00fcrf\u00fcrstendamm&#8220;<\/em><\/li><li>Stephanie Marie Thornton: <br><em>&#8222;Die Mutige&#8220;<\/em><\/li><li>Helene Schilling: <br><em>&#8222;Das Fl\u00fcstern des Strandhafers&#8220;<\/em><\/li><li>Jojo Moyes: <br><em>&#8222;Der Klang des Herzens&#8220;<\/em><\/li><li>Felicity Whitmore: <br><em>&#8222;Der Faden der Vergangenheit&#8220;<\/em><\/li><li>Catherine Tarley: <br><em>&#8222;Die Plantage&#8220;<\/em><\/li><li>Peter Nichols: <br><em>&#8222;Der Sommer mit Lulu&#8220;<\/em><\/li><li>Clara Langenbach: <br><em>&#8222;Die Senfbl\u00fctensaga &#8211; Zeit f\u00fcr Tr\u00e4ume&#8220;<\/em><\/li><li>Harriet Evans: <br><em>&#8222;Die Zeit der Wildbl\u00fcten&#8220;<\/em><\/li><li>Hanni M\u00fcnzer: <br><em>&#8222;Unter Wasser kann man nicht weinen&#8220;<\/em><\/li><li>Charlotte Roth: <br><em>&#8222;Die K\u00f6nigin von Berlin&#8220;<\/em><\/li><li>Sabine Ebert: <br><em>&#8222;Schwert und Krone &#8211; Herz aus Stein&#8220;<\/em><\/li><\/ul>\n\n\n\n<p>_<\/p>\n\n\n<div class=\"wp-block-image\">\n<figure class=\"aligncenter is-resized\"><img loading=\"lazy\" decoding=\"async\" src=\"https:\/\/buechertanz.de\/wp-content\/uploads\/2021\/05\/04-April-Rezis.jpg\" alt=\"\" class=\"wp-image-2017\" width=\"477\" height=\"337\" srcset=\"https:\/\/buechertanz.de\/wp-content\/uploads\/2021\/05\/04-April-Rezis.jpg 968w, https:\/\/buechertanz.de\/wp-content\/uploads\/2021\/05\/04-April-Rezis-300x212.jpg 300w, https:\/\/buechertanz.de\/wp-content\/uploads\/2021\/05\/04-April-Rezis-768x543.jpg 768w\" sizes=\"auto, (max-width: 477px) 100vw, 477px\" \/><\/figure><\/div>\n\n\n<p class=\"has-drop-cap has-small-font-size\"><strong>Rezensionsexemplare:<\/strong><\/p>\n\n\n\n<p><\/p>\n\n\n\n<ul class=\"has-small-font-size wp-block-list\"><li>Marie Lacrosse: <br><em><a rel=\"noreferrer noopener\" href=\"https:\/\/buechertanz.de\/?p=1988\" target=\"_blank\">&#8222;Das Kaffeehaus &#8211; Falscher Glanz&#8220;<\/a><\/em><\/li><li>Anne Stern:<a rel=\"noreferrer noopener\" href=\"https:\/\/buechertanz.de\/?p=2028\" target=\"_blank\"> <\/a><br><a rel=\"noreferrer noopener\" href=\"https:\/\/buechertanz.de\/?p=2028\" target=\"_blank\"><em>&#8222;Fr\u00e4ulein Gold &#8211; Der Himmel \u00fcber der Stadt&#8220;<\/em><\/a><\/li><\/ul>\n\n\n\n<p>_<\/p>\n\n\n<div class=\"wp-block-image\">\n<figure class=\"aligncenter is-resized\"><img loading=\"lazy\" decoding=\"async\" src=\"https:\/\/buechertanz.de\/wp-content\/uploads\/2021\/05\/04-April-Antiquariat.jpg\" alt=\"\" class=\"wp-image-2018\" width=\"342\" height=\"385\" srcset=\"https:\/\/buechertanz.de\/wp-content\/uploads\/2021\/05\/04-April-Antiquariat.jpg 673w, https:\/\/buechertanz.de\/wp-content\/uploads\/2021\/05\/04-April-Antiquariat-266x300.jpg 266w\" sizes=\"auto, (max-width: 342px) 100vw, 342px\" \/><\/figure><\/div>\n\n\n<p class=\"has-drop-cap has-small-font-size\"><strong>Antiquariat:<\/strong><\/p>\n\n\n\n<p><\/p>\n\n\n\n<ul class=\"has-small-font-size wp-block-list\"><li>Anne Stern: <br><em>&#8222;Die Asche des Flieders<\/em>&#8222;<\/li><\/ul>\n\n\n\n<p>_<\/p>\n\n\n<div class=\"wp-block-image\">\n<figure class=\"aligncenter is-resized\"><img loading=\"lazy\" decoding=\"async\" src=\"https:\/\/buechertanz.de\/wp-content\/uploads\/2019\/03\/Blume-5.png\" alt=\"\" class=\"wp-image-367\" width=\"174\" height=\"201\" srcset=\"https:\/\/buechertanz.de\/wp-content\/uploads\/2019\/03\/Blume-5.png 264w, https:\/\/buechertanz.de\/wp-content\/uploads\/2019\/03\/Blume-5-260x300.png 260w\" sizes=\"auto, (max-width: 174px) 100vw, 174px\" \/><\/figure><\/div>","protected":false},"excerpt":{"rendered":"<p>Im April 2021 sind insgesamt 22 B\u00fccher hier eingezogen:19 neue B\u00fccher, zwei Rezensionsexemplare (ganz herzlichen Dank an die lieben Verlage Goldmann und Rowohlt) und eines aus dem Antiquariat.Von diesen Neuzug\u00e4ngen habe ich &#8222;Das Kaffeehaus &#8211; Falscher Glanz&#8220; von Marie Lacrosse und &#8222;Das Fl\u00fcstern des Strandhafers&#8220; von Helene Schilling direkt gelesen. Falls es eine Rezension auf &hellip; <a href=\"https:\/\/buechertanz.de\/?page_id=1993\" class=\"more-link\"><span class=\"screen-reader-text\">Neuzug\u00e4nge April 2021<\/span> weiterlesen<\/a><\/p>\n","protected":false},"author":2,"featured_media":0,"parent":0,"menu_order":0,"comment_status":"open","ping_status":"closed","template":"","meta":{"footnotes":""},"class_list":["post-1993","page","type-page","status-publish","hentry"],"_links":{"self":[{"href":"https:\/\/buechertanz.de\/index.php?rest_route=\/wp\/v2\/pages\/1993","targetHints":{"allow":["GET"]}}],"collection":[{"href":"https:\/\/buechertanz.de\/index.php?rest_route=\/wp\/v2\/pages"}],"about":[{"href":"https:\/\/buechertanz.de\/index.php?rest_route=\/wp\/v2\/types\/page"}],"author":[{"embeddable":true,"href":"https:\/\/buechertanz.de\/index.php?rest_route=\/wp\/v2\/users\/2"}],"replies":[{"embeddable":true,"href":"https:\/\/buechertanz.de\/index.php?rest_route=%2Fwp%2Fv2%2Fcomments&post=1993"}],"version-history":[{"count":11,"href":"https:\/\/buechertanz.de\/index.php?rest_route=\/wp\/v2\/pages\/1993\/revisions"}],"predecessor-version":[{"id":4228,"href":"https:\/\/buechertanz.de\/index.php?rest_route=\/wp\/v2\/pages\/1993\/revisions\/4228"}],"wp:attachment":[{"href":"https:\/\/buechertanz.de\/index.php?rest_route=%2Fwp%2Fv2%2Fmedia&parent=1993"}],"curies":[{"name":"wp","href":"https:\/\/api.w.org\/{rel}","templated":true}]}}