{"id":2068,"date":"2021-06-01T08:21:29","date_gmt":"2021-06-01T07:21:29","guid":{"rendered":"http:\/\/buechertanz.de\/?page_id=2068"},"modified":"2022-03-31T08:18:16","modified_gmt":"2022-03-31T07:18:16","slug":"gelesen-mai-2021","status":"publish","type":"page","link":"https:\/\/buechertanz.de\/?page_id=2068","title":{"rendered":"Gelesen Mai 2021"},"content":{"rendered":"\n<p class=\"has-drop-cap has-small-font-size\">Hier findet ihr die B\u00fccher, die ich im Mai 2021 gelesen habe &#8211; insgesamt sind es neun B\u00fccher &#8211;  und ihr bekommt einen ersten Eindruck. Die ausf\u00fchrlichen Rezensionen folgen.<br>Falls es schon eine Rezension auf meinem Blog gibt, gelangt ihr mit einem Klick auf den Titel direkt bei der Rezension. <br><br>Es war ein sehr erfolgreicher und intensiver Lesemonat, der mir sehr viel Freude, aber auch Nachdenklichkeit beschert hat. <br><\/p>\n\n\n\n<div class=\"wp-block-image\"><figure class=\"aligncenter is-resized\"><img loading=\"lazy\" decoding=\"async\" src=\"https:\/\/buechertanz.de\/wp-content\/uploads\/2021\/06\/05-Mai-2021-1.jpg\" alt=\"\" class=\"wp-image-2109\" width=\"479\" height=\"552\" srcset=\"https:\/\/buechertanz.de\/wp-content\/uploads\/2021\/06\/05-Mai-2021-1.jpg 705w, https:\/\/buechertanz.de\/wp-content\/uploads\/2021\/06\/05-Mai-2021-1-260x300.jpg 260w\" sizes=\"auto, (max-width: 479px) 100vw, 479px\" \/><figcaption><em>Lesemonat Mai:<br>&#8211; Neun B\u00fccher<br>&#8211; 3.383 Seiten<\/em> <\/figcaption><\/figure><\/div>\n\n\n\n<p class=\"has-text-align-left\">_<\/p>\n\n\n\n<p class=\"has-small-font-size\"><strong><a href=\"https:\/\/buechertanz.de\/?p=2028\" target=\"_blank\" rel=\"noreferrer noopener\">&#8222;Fr\u00e4ulein Gold &#8211; Der Himmel \u00fcber der Stadt&#8220; von Anne Stern<\/a><\/strong><a href=\"https:\/\/buechertanz.de\/?p=2028\"><br><\/a><strong>Erschienen am 21. April 2021 im Rowohlt-Verlag<br>ISBN: 978-3499004315<\/strong> <br><br><strong>Klappentext:<br><\/strong><em>\u201eBerlin, 1924. Hulda Gold arbeitet in der neuen Frauenklinik in Berlin-Mitte und versorgt dort die Frauen und ihre Neugeborenen. Die Geburtshilfe ist modern, Berlin am medizinischen Puls der Zeit. Doch es kommt zu einem tragischen Todesfall: Eine junge Schwangere stirbt bei einer Operation, die ausgerechnet der ehrgeizige Chef-Gyn\u00e4kologe Egon Breitenstein durchf\u00fchrt.<br>Zuf\u00e4llig st\u00f6\u00dft Hulda auf Ungereimtheiten, die einen \u00fcblen Verdacht keimen lassen. Die Mauer des Schweigens, die sich in der Klinik aufbaut, ist f\u00fcr die Hebamme aber kaum zu durchdringen. Ein Dickicht aus Ehrgeiz und falschen Ambitionen umgibt die \u00c4rzte, die bereit sind, ihr m\u00e4nnliches Imperium zu verteidigen \u2013 wenn n\u00f6tig, bis zum \u00c4u\u00dfersten.\u201c<\/em> <br><br><strong>Meine Meinung:<br><\/strong>Der dritte Teil um Hulda Gold ist eine lesenswerte Fortsetzung der Reihe um die neugierige und dickk\u00f6pfige Hebamme, die sich von Niemanden etwas vorschreiben l\u00e4sst. Ich f\u00fchlte mich stets gut unterhalten, lernte noch einiges dazu und konnte das Buch stellenweise nur schwer aus der Hand legen. Mit ihrer wunderbaren, detaillierten, bildgewaltigen und fl\u00fcssigen Sprache hat mich Anne Stern direkt in das Berlin der 1920er Jahre katapultiert. Absolute Lese- Empfehlung! <a href=\"https:\/\/buechertanz.de\/?p=2028\" target=\"_blank\" rel=\"noreferrer noopener\">Hier<\/a> findet ihr meine ausf\u00fchrliche Rezension.<\/p>\n\n\n\n<p>_<\/p>\n\n\n\n<p class=\"has-small-font-size\"><strong>\u201eDie Wehmutter vom Bodensee\u201c von Doris R\u00f6ckle<\/strong><br><strong>Erschienen am 25. Februar 2021 im Emons-Verlag<br>ISBN: 978-3740811464 <\/strong><br><br><strong>Klappentext:<br><\/strong><em>\u201eEin historischer Kriminalroman vor wundersch\u00f6ner See-Kulisse. Bodensee 1323: Kaum entdeckt die junge Hanna in Konstanz ihre Liebe zum Hebammenamt, schreckt ein heimt\u00fcckischer Giftmord die Stadt auf. Schnell ist die M\u00f6rderin gefunden, ebenso schnell ihr Motiv: Missgunst. Doch Hanna glaubt nicht an die Schuld der Edelfrau und beginnt mit Nachforschungen. Bald schon taucht sie tief in die Intrigen ein, die in den Gassen von Konstanz gesponnen werden. Doch ihre Neugier entgeht auch den wahren M\u00f6rdern nicht, und Hanna muss um ihr Leben bangen . . .\u201c<\/em> <br><br><strong>Meine Meinung:<br><\/strong>Das Buch ist eine spannende Zeitreise in das Konstanz des 14. Jahrhunderts. Mit farbenfrohen Beschreibungen der Bodensee-Region und mit facettenreichen, lebensechten Charakteren hat mich Doris R\u00f6ckle in eine l\u00e4ngst vergangene Zeit entf\u00fchrt.<\/p>\n\n\n\n<p>_<\/p>\n\n\n\n<p class=\"has-small-font-size\"><strong>\u201eDas geheime L\u00e4cheln\u201c von Bettina Storks<br>Erschienen am 12. M\u00e4rz 2018 im Diana-Verlag<br>ISBN: 978-3453359741 <\/strong><br><br><strong>Klappentext:<br><\/strong><em>\u201eAls die Journalistin Emilia Lukin bei einer Auktion das Gem\u00e4lde einer jungen Frau entdeckt, meint sie in ihr eigenes Spiegelbild zu blicken. Kann es sich um ihre Gro\u00dfmutter Sophie handeln? Um deren extravagantes K\u00fcnstlerleben im Paris der 1930er-Jahre ranken sich wilde Ger\u00fcchte, Emilias Mutter Pauline aber h\u00fcllt sich in Schweigen. Emilia l\u00e4sst das traurige L\u00e4cheln auf dem Portr\u00e4t nicht mehr los, und so folgt sie dessen Spuren in die Provence und nach Paris. Dabei ger\u00e4t sie tief in die Geschichte einer leidenschaftlichen Frau, deren Leben auf geheimnisvolle Weise mit ihrem verkn\u00fcpft ist.\u201c<\/em> <br><br><strong>Meine Meinung:<br><\/strong>Was f\u00fcr eine Geschichte. So traurig, so mitrei\u00dfend, so gef\u00fchlvoll und voller Hoffnung. Unbedingt lesen.<\/p>\n\n\n\n<p>_<\/p>\n\n\n\n<p class=\"has-small-font-size\"><strong>\u201eDas Gl\u00fcck ist ein fl\u00fcchtiger Vogel\u201c von Anne Stern<\/strong><br><strong>Erschienen am  04. Mai 2018 im Selbstverlag<br>ISBN: 978-1980919421 <\/strong><br><br><strong>Klappentext:<br><\/strong><em>\u201eBerlin, 1923. Margarethe Pauly, eine junge Pianistin aus j\u00fcdischem Hause, lebt ein privilegiertes Leben im krisengesch\u00fcttelten Berlin der Weimarer Republik. In den Salons ihrer Mutter in der Villa am Wannsee trifft sich die Berliner Boh\u00e8me zwischen Tradition und Moderne. Doch Margarethe will mehr. Die Verlockungen der Zwanziger Jahre f\u00fchren sie an unbekannte Orte in der n\u00e4chtlichen Gro\u00dfstadt. Im glitzernden Scheunenviertel begegnet sie dem jungen Eli, der sie schnell in seinen Bann zieht. Aber ihre Welten sind Lichtjahre voneinander entfernt. Margarethe muss sich entscheiden, was sie f\u00fcr ihre Liebe aufs Spiel setzen will. Eine gef\u00e4hrliche Suche nach Abenteuer und Gl\u00fcck beginnt \u2013 und der Preis ist hoch.\u201c<\/em> <br><br><strong>Meine Meinung:<br><\/strong>Ich konnte dieses Buch nur schwer aus den H\u00e4nden legen und habe jede freie Minute gelesen. Es hat mich sehr ber\u00fchrt, ist aber keine leichte Kost.<\/p>\n\n\n\n<p>_<\/p>\n\n\n\n<p class=\"has-small-font-size\"><strong><a href=\"https:\/\/buechertanz.de\/?p=2042\" target=\"_blank\" rel=\"noreferrer noopener\">\u201eBella Donna \u2013 Die Sch\u00f6ne von Florenz\u201c\u00a0von Catherine Aurel<\/a><\/strong><a href=\"https:\/\/buechertanz.de\/?p=2042\"><br><\/a><strong>Erschienen am 10. Mai 2021 im Peguin-Verlag<\/strong><br><strong>ISBN:  978-3328105480 <\/strong><br><br><strong>Klappentext:<br><\/strong> <em>\u201eFlorenz, 1469. Die Zeiten, als Cosima Bellani von M\u00e4nnern umschw\u00e4rmt wurde, sind vorbei. Die Sch\u00f6nheit der alternden Kurtisane beginnt zu schwinden \u2013 und sie f\u00fcrchtet um ihre Zukunft. Als die junge Adlige Simonetta sie in Liebesdingen um Rat bittet, hat Cosima eine verhei\u00dfungsvolle Gesch\u00e4ftsidee: Sie will fortan Kosmetik herstellen, denn der Handel mit Pulver und Salben, Bleiwei\u00df und Lippenrot floriert. Simonetta wird mit ihrer Hilfe zur sch\u00f6nsten Frau von Florenz \u2013 nicht nur der einflussreiche Giuliano de Medici, auch der aufstrebende Maler Sandro Botticelli liegen ihr zu F\u00fc\u00dfen. Doch dann bricht ein erbitterter Machtkampf um die Stadt aus und Cosima und Simonetta werden in eine Intrige verwickelt. Bald handeln sie nicht nur mit erlesenen Sch\u00f6nheitsrezepturen, sondern auch mit Geheimnissen \u2026\u201c<\/em> <br><br><strong>Meine Meinung:<br><\/strong>Anfangs tat ich mir mit den Hauptfiguren etwas schwer, da ein Sympathietr\u00e4ger\/ eine Sympathietr\u00e4gerin fehlte. Doch dann war ich total in der Geschichte gefangen. <a href=\"https:\/\/buechertanz.de\/?p=2042\" target=\"_blank\" rel=\"noreferrer noopener\">Hier<\/a> findet ihr meine ausf\u00fchrliche Rezension.<\/p>\n\n\n\n<p>_<\/p>\n\n\n\n<p class=\"has-small-font-size\"><strong><a href=\"https:\/\/buechertanz.de\/?p=2051\" target=\"_blank\" rel=\"noreferrer noopener\">&#8222;Die Frauen von Kopenhagen&#8220; von Gertrud Tinning<\/a><\/strong><a href=\"https:\/\/buechertanz.de\/?p=2051\"><br><\/a><strong>Erschienen am 26. April 2021 im Diana-Verlag<br>ISBN: 978-3453292512<\/strong> <br><br><strong>Klappentext:<\/strong><br> <em>\u201eKopenhagen 1885: Nelly und Marie arbeiten in der gr\u00f6\u00dften Weberei Kopenhagens. Bei einem Unfall am Webstuhl verletzt sich Marie schwer. Als w\u00e4re das nicht schon schlimm genug, gibt das Verhalten der Verantwortlichen R\u00e4tsel auf. Nelly steht mit einem schweren Verdacht alleine da und erz\u00e4hlt nicht einmal ihrem Geliebten Johannes davon. Dessen Schwester Anna kommt zur selben Zeit aus J\u00fctland nach Kopenhagen. Und ist schockiert, wie brutal und ungerecht das Leben in der gro\u00dfen Stadt ist. Furchtlos nimmt sie den Kampf auf und setzt einen Meilenstein in der Geschichte D\u00e4nemarks.\u201c<\/em> <br><br><strong>Meine Meinung:<\/strong><br>Ruckzuck waren die 448 Seiten dieses Buches gelesen. Eine atemberaubende, beklemmende Geschichte, die ich nie vergessen werde. <a href=\"https:\/\/buechertanz.de\/?p=2051\" target=\"_blank\" rel=\"noreferrer noopener\">Hier<\/a> findet ihr meine ausf\u00fchrliche Rezension.<\/p>\n\n\n\n<p>_<\/p>\n\n\n\n<p class=\"has-small-font-size\"><br><strong>\u201eDie Fotografin \u2013 Das Ende der Stille\u201c von Petra Durst-Benning<\/strong><br><strong>Erschienen am 24. Mai 2021 im Blanvalet-Verlag<br>ISBN:  978-3764506674 <\/strong><br><em><br><strong>Klappentext:<br><\/strong>\u201eGerade erst haben sich Mimi Reventlow und ihr langj\u00e4hriger Gesch\u00e4ftspartner Anton ihre Liebe gestanden. Und dennoch entscheidet sich die Wanderfotografin wie vor vielen Jahren schon einmal gegen den sicheren Hafen der Ehe und bricht stattdessen zu neuen Ufern auf! An der Westk\u00fcste Amerikas \u2013 genauer gesagt in Hollywood \u2013 wartet ein spannender Auftrag auf sie. F\u00fcr einen gro\u00dfen Bildband soll Mimi den derzeit gr\u00f6\u00dften weiblichen Stummfilmstar der Vereinigten Staaten fotografieren. Was Mimi nicht wei\u00df: Die ber\u00fchmte Schauspielerin \u00bbChrystal Kahla\u00ab ist niemand anderes als Christel Merkle, das M\u00e4dchen, das seit einem kalten Wintertag im Jahr 1911 in Laichingen als spurlos verschwunden gilt \u2026 \u201e<\/em> <br><br><strong>Meine Meinung:<br><\/strong>Was f\u00fcr ein grandioser Abschluss. Mit vielen Lebensweisheiten, toller Story und Figuren, die ich nie vergessen werde, muss ich nun Abschied von dieser wundervollen Reihe nehmen. <\/p>\n\n\n\n<p>_<\/p>\n\n\n\n<p class=\"has-small-font-size\"><strong>&#8222;Der Buchspazierer&#8220; von Carsten Henn<\/strong><br><strong>Erschienen am 02. November 2020 im Piper-Verlag<\/strong><br><strong>ISBN: 978-3866124776 <\/strong><br><br><strong>Klappentext:<\/strong><br><em> &#8222;Es sind besondere Kunden, denen der Buchh\u00e4ndler Carl Christian Kollhoff ihre bestellten B\u00fccher nach Hause bringt, abends nach Gesch\u00e4ftsschluss, auf seinem Spaziergang durch die pittoresken Gassen der Stadt. Denn diese Menschen sind f\u00fcr ihn fast wie Freunde, und er ist ihre wichtigste Verbindung zur Welt. Als Kollhoff \u00fcberraschend seine Anstellung verliert, bedarf es der Macht der B\u00fccher und eines neunj\u00e4hrigen M\u00e4dchens, damit sie alle, auch Kollhoff selbst, den Mut finden, aufeinander zuzugehen \u2026 &#8222;<\/em> <br><br><strong>Meine Meinung:<\/strong><br>Was f\u00fcr ein herzerw\u00e4rmendes Buch. Eine Geschichte, die mich von der ersten Seite an mit ihren liebvollen Charakteren abgeholt hat.<\/p>\n\n\n\n<p>_<\/p>\n\n\n\n<p class=\"has-small-font-size\"><strong>&#8222;Rabenjahre&#8220; von Anne Stern<\/strong><br><strong>Erschienen am 17. August 2018 im Selbstverlag<\/strong><br><strong>ISBN: 978-1983296796 <\/strong><br><br><strong>Klappentext:<\/strong><br><em>&#8222;Norddeutschland, 1939. Die junge Waise Johanna geht auf einem Bauernhof bei Hamburg in Stellung. Niemand ahnt etwas von ihrer j\u00fcdischen Herkunft. Doch bald ger\u00e4t Johanna in Gefahr und muss Hals \u00fcber Kopf fliehen. Ihre Flucht f\u00fchrt sie mitten im Krieg durch Deutschland. Als Kinderm\u00e4dchen auf Gut Delow in Vorpommern scheint sie endlich einen Platz im Leben gefunden zu haben. Doch dann kommt Johanna die Liebe dazwischen. Als sie ein Kind erwartet, \u00fcberschlagen sich die Ereignisse. Die russische Armee steht vor dem Gutshof und mit ihr das Kriegsende 1945. Doch Johanna k\u00e4mpft f\u00fcr ihre Freiheit und f\u00fcr die Liebe zu ihrer Tochter. Und sie fasst einen mutigen Entschluss, um f\u00fcr Brigitta und sich endlich ein Zuhause zu finden.&#8220;<\/em><br><br><strong>Meine Meinung:<\/strong><br>Die letzten Kapitel habe ich in der Sonne auf dem Spielplatz gelesen und hatte eine G\u00e4nsehaut. Diese Geschichte geht unter die Haut und ich werde sie nie wieder vergessen. Wow!<\/p>\n\n\n\n<p>_<br><br><\/p>\n\n\n\n<div class=\"wp-block-image\"><figure class=\"aligncenter is-resized\"><img loading=\"lazy\" decoding=\"async\" src=\"https:\/\/buechertanz.de\/wp-content\/uploads\/2019\/03\/Blume.png\" alt=\"\" class=\"wp-image-356\" width=\"212\" height=\"244\" srcset=\"https:\/\/buechertanz.de\/wp-content\/uploads\/2019\/03\/Blume.png 264w, https:\/\/buechertanz.de\/wp-content\/uploads\/2019\/03\/Blume-260x300.png 260w\" sizes=\"auto, (max-width: 212px) 100vw, 212px\" \/><\/figure><\/div>\n","protected":false},"excerpt":{"rendered":"<p>Hier findet ihr die B\u00fccher, die ich im Mai 2021 gelesen habe &#8211; insgesamt sind es neun B\u00fccher &#8211; und ihr bekommt einen ersten Eindruck. Die ausf\u00fchrlichen Rezensionen folgen.Falls es schon eine Rezension auf meinem Blog gibt, gelangt ihr mit einem Klick auf den Titel direkt bei der Rezension. Es war ein sehr erfolgreicher und &hellip; <a href=\"https:\/\/buechertanz.de\/?page_id=2068\" class=\"more-link\"><span class=\"screen-reader-text\">Gelesen Mai 2021<\/span> weiterlesen<\/a><\/p>\n","protected":false},"author":2,"featured_media":0,"parent":0,"menu_order":0,"comment_status":"closed","ping_status":"closed","template":"","meta":{"footnotes":""},"class_list":["post-2068","page","type-page","status-publish","hentry"],"_links":{"self":[{"href":"https:\/\/buechertanz.de\/index.php?rest_route=\/wp\/v2\/pages\/2068","targetHints":{"allow":["GET"]}}],"collection":[{"href":"https:\/\/buechertanz.de\/index.php?rest_route=\/wp\/v2\/pages"}],"about":[{"href":"https:\/\/buechertanz.de\/index.php?rest_route=\/wp\/v2\/types\/page"}],"author":[{"embeddable":true,"href":"https:\/\/buechertanz.de\/index.php?rest_route=\/wp\/v2\/users\/2"}],"replies":[{"embeddable":true,"href":"https:\/\/buechertanz.de\/index.php?rest_route=%2Fwp%2Fv2%2Fcomments&post=2068"}],"version-history":[{"count":7,"href":"https:\/\/buechertanz.de\/index.php?rest_route=\/wp\/v2\/pages\/2068\/revisions"}],"predecessor-version":[{"id":3010,"href":"https:\/\/buechertanz.de\/index.php?rest_route=\/wp\/v2\/pages\/2068\/revisions\/3010"}],"wp:attachment":[{"href":"https:\/\/buechertanz.de\/index.php?rest_route=%2Fwp%2Fv2%2Fmedia&parent=2068"}],"curies":[{"name":"wp","href":"https:\/\/api.w.org\/{rel}","templated":true}]}}