{"id":2147,"date":"2021-07-01T10:45:22","date_gmt":"2021-07-01T09:45:22","guid":{"rendered":"http:\/\/buechertanz.de\/?page_id=2147"},"modified":"2022-03-31T08:20:14","modified_gmt":"2022-03-31T07:20:14","slug":"gelesen-juni-2021","status":"publish","type":"page","link":"https:\/\/buechertanz.de\/?page_id=2147","title":{"rendered":"Gelesen Juni 2021"},"content":{"rendered":"\n<p class=\"has-drop-cap has-small-font-size\">Hier findet ihr die B\u00fccher, die ich im Juni 2021 gelesen habe \u2013 insgesamt sind es f\u00fcnf B\u00fccher \u2013 und ihr bekommt einen ersten Eindruck. Die ausf\u00fchrlichen Rezensionen folgen.<br>Falls es schon eine Rezension auf meinem Blog gibt, gelangt ihr mit einem Klick auf den Titel direkt bei der Rezension.<\/p>\n\n\n\n<div class=\"wp-block-image\"><figure class=\"aligncenter is-resized\"><img loading=\"lazy\" decoding=\"async\" src=\"https:\/\/buechertanz.de\/wp-content\/uploads\/2021\/07\/20210630_165323_resized.jpg\" alt=\"\" class=\"wp-image-2157\" width=\"422\" height=\"476\" srcset=\"https:\/\/buechertanz.de\/wp-content\/uploads\/2021\/07\/20210630_165323_resized.jpg 648w, https:\/\/buechertanz.de\/wp-content\/uploads\/2021\/07\/20210630_165323_resized-266x300.jpg 266w\" sizes=\"auto, (max-width: 422px) 100vw, 422px\" \/><figcaption>Lesemonat Juni 2021:<br>&#8211; F\u00fcnf B\u00fccher<br>&#8211; 2.027 Seiten<br><\/figcaption><\/figure><\/div>\n\n\n\n<p> &#8211;<\/p>\n\n\n\n<p class=\"has-small-font-size\"><strong><a href=\"https:\/\/buechertanz.de\/?p=2095\" target=\"_blank\" rel=\"noreferrer noopener\">Miss Hollywood &#8211; Mary Pickford und das Jahr der Liebe&#8220; von Emily Walton<\/a><\/strong><a href=\"https:\/\/buechertanz.de\/?p=2095\"><br><\/a><strong>Erschienen am 10. Mai 2021 im Heyne-Verlag<br>ISBN: 978-3-453-42385-5<\/strong> <br><br><strong>Klappentext:<br><\/strong><em>\u201e1916: Es ist die Geburtsstunde Hollywoods, die gro\u00dfe \u00c4ra des Stummfilms und ihr Star hei\u00dft Mary Pickford. Seit ihrer Kindheit steht Mary im Scheinwerferlicht. Neben Charlie Chaplin ist sie das bekannteste Gesicht Amerikas. Alle lieben ihre goldenen Locken. Als sie den gefeierten Schauspieler Douglas Fairbanks kennenlernt, ist es der Beginn einer leidenschaftlichen Liebe. Aber von dieser Liebe darf niemand etwas erfahren. Zwischen dem Glamour New Yorks und den Verhei\u00dfungen Hollywoods beginnt Mary Pickfords sagenhafter Aufstieg von der umjubelten Schauspielikone zur ersten Filmproduzentin. Doch die vielleicht bewegendste Geschichte schreibt ihr Leben selbst.\u201c<\/em> <br><br><strong>Meine Meinung:<br><\/strong>Ein Buch zum abtauchen und drin versinken. Sehr authentisch und einfach wundersch\u00f6n. <a href=\"https:\/\/buechertanz.de\/?p=2095\" target=\"_blank\" rel=\"noreferrer noopener\">Hier <\/a>findet ihr meine ausf\u00fchrliche Rezension.<\/p>\n\n\n\n<p>&#8211;<\/p>\n\n\n\n<p class=\"has-small-font-size\"><strong><a href=\"https:\/\/buechertanz.de\/?p=2120\" target=\"_blank\" rel=\"noreferrer noopener\">&#8222;Tr\u00fcmmerland&#8220; von Silvia Hildebrandt<br><\/a>Erschienen am 01. Oktober 2020 im Plattini-Verlag<br>ISBN: 978-3947706242<\/strong> <br><br><strong>Klappentext:<br><\/strong><em>\u201e1941. Das nationalsozialistische Rum\u00e4nien zu Beginn des Ostfeldzugs. Der Jungoffizier Ion \u00bbNelu\u00ab Nicolescu bereitet sich auf den Kampf gegen die Russen vor. Bevor er an die Front versetzt wird, schw\u00f6rt er, seine Jugendliebe Andrada nach seiner erfolgreichen Mission zu heiraten. Aber Nelus Einheit wird unter das Kommando des deutschen Oberfeldwebels Schmidt gestellt, der seine rum\u00e4nischen Untergebenen schikaniert. Aus Monaten werden Jahre und Nelu wird in der Schlacht um Stalingrad gefangen genommen. W\u00e4hrend er in einem sowjetischen Kriegsgefangenenlager gefoltert wird, verliebt sich Andrada in den Bauern Cristian. Als Rum\u00e4nien im Sommer 1944 die Fronten wechselt und nach und nach zu einem sozialistischen Staat umgebaut wird, werden aus alten Verb\u00fcndeten Feinde, aus ehemaligen Feinden notwendige Partner. F\u00fcr welche Seite entscheidet sich Nelu? Kann Andrada mit Cristian gl\u00fccklich sein, w\u00e4hrend ihr Herz immer noch an einem gebrochenen Kriegsgefangenen h\u00e4ngt?\u201c<\/em> <br><br><strong>Meine Meinung:<\/strong><br>Ein ganz starkes Buch, welches definitiv mehr Aufmerksamkeit verdient hat. Unbedingt lesen. <a href=\"https:\/\/buechertanz.de\/?p=2120\" target=\"_blank\" rel=\"noreferrer noopener\">Hier <\/a>findet ihr meine Rezension.<\/p>\n\n\n\n<p>_<\/p>\n\n\n\n<p class=\"has-small-font-size\"><strong>\u201eMargarete Steiff \u2013 Ich gebe, was ich kann\u201c von Ulrike Halbe-Bauer<br>Erschienen am 01. September 2007 im Brunnen-Verlag<br>ISBN: 978-3765519659<\/strong><br><br><strong>Klappentext:<\/strong><br><em>\u201eMargarete Steiff ist noch keine zwei Jahre alt, als sie an Kinderl\u00e4hmung erkrankt. In der Mitte des 19. Jahrhunderts ist diese Krankheit kaum erforscht, und die L\u00e4hmung bleibt. Zum Gl\u00fcck kann sie sich mit dem Rollstuhl einigerma\u00dfen fortbewegen, aber die Zukunft scheint ihr verbaut. Doch Margarete l\u00e4sst sich von ihrer Behinderung nicht unterkriegen. Mit Gottvertrauen, Begabung und unb\u00e4ndig starkem Willen gr\u00fcndet sie ein Unternehmen, das seit \u00fcber 125 Jahren die weltber\u00fchmten Steiff-Tiere produziert. Ulrike Halbe-Bauer hat nach intensiven Recherchen diese einf\u00fchlsame, lebendige Romanbiografie geschrieben.\u201c<\/em><br><br><strong>Meine Meinung:<br><\/strong>Lesenswertes Buch. Allerdings waren wir die Zeitspr\u00fcnge teilweise zu gro\u00df.<\/p>\n\n\n\n<p>_<\/p>\n\n\n\n<p class=\"has-small-font-size\"><a href=\"https:\/\/buechertanz.de\/?p=2126\"> <\/a><strong><a href=\"https:\/\/buechertanz.de\/?p=2126\" target=\"_blank\" rel=\"noreferrer noopener\">&#8222;Im Schatten der Krone &#8211; Die Grafen von Lenzburg&#8220; von Dorothe Z\u00fcrcher<br><\/a>Erschienen am 15. Juni 2021 im IL-Verlag Basel<br>ISBN: 978-3-907237-34-2<\/strong> <br><br><strong>Klappentext:<\/strong><br><em>\u201eWas geschah auf dem Gebiet der Lenzburg vor knapp 1000 Jahren? Wie lebten die Menschen damals, was f\u00fcr N\u00f6te und Sorgen trieben sie um? Die Schriftstellerin und Historikerin, Dorothe Z\u00fcrcher, entf\u00fchrt mit ihrem Roman \u201eIm Schatten der Krone\u201c so authentisch ins Mittelalter, als h\u00e4tte sie damals selbst gelebt und w\u00e4re sie mit einer Zeitmaschine eben erst im 21. Jh. angekommen \u2013 dank erstaunlichen Kenntnissen dieser Epoche und der Gabe, ihre Figuren mit stimmigen Charaktereigenschaften zum Leben zu erwecken, wirft sie Leserinnen und Leser mitten ins Geschehen einer rauen Zeit, l\u00e4sst sie teilnehmen an den Sorgen und N\u00f6ten einer Adelsfamilie und macht die Lekt\u00fcre zu einem einmaligen Kopfkino. Und darum geht es: Trotz einer arrangierten Ehe verleibt sich Ulrich von Lenzburg in seine Braut Richenza. Als Richenzas Onkel versucht, den K\u00f6nig zu vergiften, ist Ulrich best\u00fcrzt. Die Lenzburger bleiben k\u00f6nigstreu. Das Paar h\u00e4lt zusammen und f\u00fchrt seine Grafschaft zur Bl\u00fcte. Doch dann \u00e4chtet der K\u00f6nig den Papst, dieser verbannt den K\u00f6nig. Die alten Fehden rei\u00dfen wieder auf. Ulrich entscheidet sich f\u00fcr eine Seite \u2013 gegen den Willen seiner Frau. Ein Roman, der auf wahren Begebenheiten des 11. Jahrhunderts beruht.\u201c<\/em> <br><br><strong>Meine Meinung:<br><\/strong>Das Buch hat mich sehr beeindruckt und ich bin sehr froh, dass ich lesen durfte. Mit ihrer bildhaften, lebendigen Sprache und einem perfekt recherchierten geschichtlichen Hintergrund, hat mich Dorothe Z\u00fcrcher direkt in das 11. Jahrhundert entf\u00fchrt. Absolut lesenswert und ein gro\u00dfer Tipp f\u00fcr alle, die historische Romane lieben.  <a href=\"https:\/\/buechertanz.de\/?p=2126\" target=\"_blank\" rel=\"noreferrer noopener\">Hier<\/a> findet ihr meine Rezension. <\/p>\n\n\n\n<p>&#8211;<\/p>\n\n\n\n<p class=\"has-small-font-size\"><a href=\"https:\/\/www.amazon.de\/Margarete-Steiff-Ulrike-Halbe-Bauer\/dp\/3765519650\/ref=sr_1_1?__mk_de_DE=%C3%85M%C3%85%C5%BD%C3%95%C3%91&amp;crid=3TZ6LRYNFU5NE&amp;dchild=1&amp;keywords=ulrike+halbe+bauer&amp;qid=1625133353&amp;sprefix=ulrike+hal%2Caps%2C171&amp;sr=8-1#\"><\/a><strong><a href=\"https:\/\/buechertanz.de\/?p=2137\" target=\"_blank\" rel=\"noreferrer noopener\"> &#8222;Dora Maar und die zwei Gesichter der Liebe&#8220; von Bettina Storks<br><\/a>Erschienen am 21. Juni 2021 im Aufbau-Verlag<br>ISBN: 978-3-7466-3797-6<\/strong> <br><br><strong>Klappentext:<\/strong><br>\u201e<em>Dora und Pablo \u2013 eine leidenschaftliche Liebe, so besonders wie ihre Kunst. Paris, 1936: Die erfolgreiche Fotografin Dora ist das Herz des surrealistischen Kreises um Andr\u00e9 Breton und Man Ray. Dann begegnet die exzentrische junge Frau Pablo Picasso \u2013 und zwischen den beiden entfaltet sich eine so leidenschaftliche wie abgr\u00fcndige Liebe. Doras d\u00fcstere Sinnlichkeit pr\u00e4gt fortan die Malerei Picassos, auch inspiriert sie ihn zu seinen ersten politischen Werken, allen voran \u201eGuernica\u201c. Doch er kann neben sich keinen anderen K\u00fcnstler gelten lassen, und ihre kreative Entwicklung stockt. Immer gr\u00f6\u00dfer werden die Konflikte. Bis Picasso der j\u00fcngeren Fran\u00e7oise Gilot begegnet \u2013 und Dora zur Kunst zur\u00fcckfinden muss, um ihre Liebe zu vergessen \u2026 Eine herzzerrei\u00dfende Liebe voll dunkler Abgr\u00fcnde zwischen zwei gro\u00dfen K\u00fcnstlerpers\u00f6nlichkeiten, von einer renommierten Autorin hervorragend recherchiert.\u201c<\/em> <br><br>Meine Meinung:<br>Ein Buch, welches f\u00fcr immer in meinem Herzen bleiben wird. Ganz wunderbar!  <a href=\"https:\/\/buechertanz.de\/?p=2137\" target=\"_blank\" rel=\"noreferrer noopener\">Hier<\/a> findet ihr meine Rezension. <\/p>\n\n\n\n<p>_<\/p>\n\n\n\n<div class=\"wp-block-image\"><figure class=\"aligncenter is-resized\"><img loading=\"lazy\" decoding=\"async\" src=\"https:\/\/buechertanz.de\/wp-content\/uploads\/2019\/03\/Blume-2.png\" alt=\"\" class=\"wp-image-364\" width=\"205\" height=\"237\" srcset=\"https:\/\/buechertanz.de\/wp-content\/uploads\/2019\/03\/Blume-2.png 264w, https:\/\/buechertanz.de\/wp-content\/uploads\/2019\/03\/Blume-2-260x300.png 260w\" sizes=\"auto, (max-width: 205px) 100vw, 205px\" \/><\/figure><\/div>\n","protected":false},"excerpt":{"rendered":"<p>Hier findet ihr die B\u00fccher, die ich im Juni 2021 gelesen habe \u2013 insgesamt sind es f\u00fcnf B\u00fccher \u2013 und ihr bekommt einen ersten Eindruck. Die ausf\u00fchrlichen Rezensionen folgen.Falls es schon eine Rezension auf meinem Blog gibt, gelangt ihr mit einem Klick auf den Titel direkt bei der Rezension. &#8211; Miss Hollywood &#8211; Mary Pickford &hellip; <a href=\"https:\/\/buechertanz.de\/?page_id=2147\" class=\"more-link\"><span class=\"screen-reader-text\">Gelesen Juni 2021<\/span> weiterlesen<\/a><\/p>\n","protected":false},"author":2,"featured_media":0,"parent":0,"menu_order":0,"comment_status":"open","ping_status":"closed","template":"","meta":{"footnotes":""},"class_list":["post-2147","page","type-page","status-publish","hentry"],"_links":{"self":[{"href":"https:\/\/buechertanz.de\/index.php?rest_route=\/wp\/v2\/pages\/2147","targetHints":{"allow":["GET"]}}],"collection":[{"href":"https:\/\/buechertanz.de\/index.php?rest_route=\/wp\/v2\/pages"}],"about":[{"href":"https:\/\/buechertanz.de\/index.php?rest_route=\/wp\/v2\/types\/page"}],"author":[{"embeddable":true,"href":"https:\/\/buechertanz.de\/index.php?rest_route=\/wp\/v2\/users\/2"}],"replies":[{"embeddable":true,"href":"https:\/\/buechertanz.de\/index.php?rest_route=%2Fwp%2Fv2%2Fcomments&post=2147"}],"version-history":[{"count":5,"href":"https:\/\/buechertanz.de\/index.php?rest_route=\/wp\/v2\/pages\/2147\/revisions"}],"predecessor-version":[{"id":3012,"href":"https:\/\/buechertanz.de\/index.php?rest_route=\/wp\/v2\/pages\/2147\/revisions\/3012"}],"wp:attachment":[{"href":"https:\/\/buechertanz.de\/index.php?rest_route=%2Fwp%2Fv2%2Fmedia&parent=2147"}],"curies":[{"name":"wp","href":"https:\/\/api.w.org\/{rel}","templated":true}]}}