{"id":2148,"date":"2021-07-01T10:45:22","date_gmt":"2021-07-01T09:45:22","guid":{"rendered":"http:\/\/buechertanz.de\/?page_id=2148"},"modified":"2023-01-04T14:12:05","modified_gmt":"2023-01-04T13:12:05","slug":"neuzugaenge-juni-2021","status":"publish","type":"page","link":"https:\/\/buechertanz.de\/?page_id=2148","title":{"rendered":"Neuzug\u00e4nge Juni 2021"},"content":{"rendered":"\n<p class=\"has-drop-cap has-small-font-size\">Im Juni 2021 sind insgesamt 30 B\u00fccher hier eingezogen:<br>18 neue B\u00fccher, sechs Rezensionsexemplare (davon eines als eBook), zwei B\u00fccher aus dem Antiquariat, ein  und drei B\u00fccher aus \u201azu-verschenken-Kisten\u2018.<br>Falls es eine Rezension auf meinem Blog gibt, gelangt ihr mit einem Klick auf den Titel direkt bei der Rezension. <\/p>\n\n\n\n<div class=\"wp-block-media-text alignwide\" style=\"grid-template-columns:42% auto\"><figure class=\"wp-block-media-text__media\"><img loading=\"lazy\" decoding=\"async\" width=\"750\" height=\"774\" src=\"https:\/\/buechertanz.de\/wp-content\/uploads\/2021\/07\/20210630_173144_resized.jpg\" alt=\"\" class=\"wp-image-2161 size-full\" srcset=\"https:\/\/buechertanz.de\/wp-content\/uploads\/2021\/07\/20210630_173144_resized.jpg 750w, https:\/\/buechertanz.de\/wp-content\/uploads\/2021\/07\/20210630_173144_resized-291x300.jpg 291w\" sizes=\"auto, (max-width: 750px) 100vw, 750px\" \/><\/figure><div class=\"wp-block-media-text__content\">\n<p class=\"has-drop-cap has-small-font-size\"><strong>Neue B\u00fccher:<\/strong><\/p>\n\n\n\n<p><\/p>\n\n\n\n<ul class=\"has-small-font-size wp-block-list\"><li>E.L. James: <em>&#8222;Freed&#8220; <\/em><\/li><li>Bernhard Cornwell: <em>&#8222;Narren und Sterbliche&#8220;<\/em><\/li><li>Antoine de Saint-Exup\u00e8ry: <em>&#8222;Der kleine Prinz&#8220;<\/em><\/li><li>J. David Simons: <em>&#8222;Eine unbeugsame Frau&#8220;<\/em><\/li><li>Julian Leatherdale: <em>&#8222;Das M\u00e4dchen, das unsere Herzen brach&#8220;<\/em><\/li><li>Holly Hepburn: <em>&#8222;Um f\u00fcnf unter den Sternen&#8220;<\/em><\/li><li>Barbara Leciejewski: <em>&#8222;Solange sie tanzen&#8220;<\/em><\/li><li>Nicolas Barreau:<em> &#8222;Die Liebesbriefe von Montmartre&#8220;<\/em><\/li><li>Christian Pantle: <em>&#8222;Der drei\u00dfigj\u00e4hrige Krieg&#8220;<\/em><\/li><li>Corina Bomann: <em>&#8222;Die Jasminschwestern&#8220;<\/em><\/li><li>Gavriel Savit: <em>&#8222;Anna und der Schwalbenmann&#8220;<\/em><\/li><li>Antonella Cilento: <em>&#8222;Lisario&#8220;<\/em><\/li><li>Rachel Urquhart: &#8222;Das zweite Gesicht&#8220;<\/li><li>Nelly Lewald: <em>&#8222;Die kleine Puppenklinik&#8220;<\/em><\/li><li>Elaine Winter: <em>&#8222;Modehaus Haynbach- Schicksalhafte Jahre&#8220;<\/em><\/li><li>Anke Petersen: <em>&#8222;Der Kaffeegarten: Die Farbe des Meeres&#8220;<\/em><\/li><li>Ren\u00e9 Anour: <em>&#8222;Die Toten\u00e4rztin &#8211; Wiener Blut&#8220;<\/em><\/li><\/ul>\n<\/div><\/div>\n\n\n\n<p>_<\/p>\n\n\n\n<div class=\"wp-block-media-text alignwide has-media-on-the-right\"><figure class=\"wp-block-media-text__media\"><img loading=\"lazy\" decoding=\"async\" width=\"658\" height=\"811\" src=\"https:\/\/buechertanz.de\/wp-content\/uploads\/2021\/07\/20210630_173907_resized-1.jpg\" alt=\"\" class=\"wp-image-2164 size-full\" srcset=\"https:\/\/buechertanz.de\/wp-content\/uploads\/2021\/07\/20210630_173907_resized-1.jpg 658w, https:\/\/buechertanz.de\/wp-content\/uploads\/2021\/07\/20210630_173907_resized-1-243x300.jpg 243w\" sizes=\"auto, (max-width: 658px) 100vw, 658px\" \/><\/figure><div class=\"wp-block-media-text__content\">\n<p class=\"has-drop-cap has-small-font-size\"><strong>Rezensionsexemplare:<\/strong><\/p>\n\n\n\n<p><\/p>\n\n\n\n<ul class=\"has-small-font-size wp-block-list\"><li>Silvia Hildebrandt:<em> <a rel=\"noreferrer noopener\" href=\"https:\/\/buechertanz.de\/?p=2120\" target=\"_blank\">&#8222;Tr\u00fcmmerland&#8220;<\/a><\/em><\/li><li>Dorothe Z\u00fcrcher: <a rel=\"noreferrer noopener\" href=\"https:\/\/buechertanz.de\/?p=2126\" target=\"_blank\"><em>&#8222;Im Schatten der Krone &#8211; Die Grafen von Lenzburg<\/em><\/a><\/li><li>Lorna Cook:<em> <a rel=\"noreferrer noopener\" href=\"https:\/\/buechertanz.de\/?p=2172\" target=\"_blank\">&#8222;Die Sternenbucht&#8220;<\/a><\/em><\/li><li>Bettina Storks: <a rel=\"noreferrer noopener\" href=\"https:\/\/buechertanz.de\/?p=2137\" target=\"_blank\"><em>&#8222;Dora Maar und die zwei Gesichter der Liebe&#8220;<\/em><\/a><\/li><li>Julia Kr\u00f6hn:<a rel=\"noreferrer noopener\" href=\"https:\/\/buechertanz.de\/?p=2190\" target=\"_blank\"><em> &#8222;Die Alsterschule &#8211; Zeit des Wandels&#8220;<\/em><\/a><\/li><li>Maria W. Peter:<em> &#8222;Verrat in Colonia&#8220;<\/em><br><br><\/li><\/ul>\n<\/div><\/div>\n\n\n\n<div class=\"wp-block-media-text alignwide\"><figure class=\"wp-block-media-text__media\"><img loading=\"lazy\" decoding=\"async\" width=\"688\" height=\"830\" src=\"https:\/\/buechertanz.de\/wp-content\/uploads\/2021\/07\/20210701_103655_resized-1.jpg\" alt=\"\" class=\"wp-image-2166 size-full\" srcset=\"https:\/\/buechertanz.de\/wp-content\/uploads\/2021\/07\/20210701_103655_resized-1.jpg 688w, https:\/\/buechertanz.de\/wp-content\/uploads\/2021\/07\/20210701_103655_resized-1-249x300.jpg 249w\" sizes=\"auto, (max-width: 688px) 100vw, 688px\" \/><\/figure><div class=\"wp-block-media-text__content\">\n<ul class=\"has-small-font-size wp-block-list\"><li>Sylvia Koppermann: <a rel=\"noreferrer noopener\" href=\"https:\/\/buechertanz.de\/?p=2196\" target=\"_blank\"><em>&#8222;Der Nornen Knoten&#8220; <\/em><\/a><\/li><\/ul>\n<\/div><\/div>\n\n\n\n<p>_<\/p>\n\n\n\n<div class=\"wp-block-media-text alignwide has-media-on-the-right\"><figure class=\"wp-block-media-text__media\"><img loading=\"lazy\" decoding=\"async\" width=\"631\" height=\"748\" src=\"https:\/\/buechertanz.de\/wp-content\/uploads\/2021\/07\/20210630_173510_resized.jpg\" alt=\"\" class=\"wp-image-2167 size-full\" srcset=\"https:\/\/buechertanz.de\/wp-content\/uploads\/2021\/07\/20210630_173510_resized.jpg 631w, https:\/\/buechertanz.de\/wp-content\/uploads\/2021\/07\/20210630_173510_resized-253x300.jpg 253w\" sizes=\"auto, (max-width: 631px) 100vw, 631px\" \/><\/figure><div class=\"wp-block-media-text__content\">\n<p class=\"has-drop-cap has-small-font-size\"><strong>B\u00fccher aus zu-verschenken-Kisten:<\/strong><\/p>\n\n\n\n<p><\/p>\n\n\n\n<ul class=\"has-small-font-size wp-block-list\"><li>Hans Fallada:<em> &#8222;Kleiner Mann &#8211; was nun?&#8220;<\/em><\/li><li>Tracy Buchanan:<em> &#8222;Die Mitternachtsschwestern&#8220;<\/em><\/li><li>Liz Trenow: <em>&#8222;Das Haus der Seidenbl\u00fcten&#8220;<\/em><\/li><li>&#8211; Susanne Rubin:<em> &#8222;Die Frau des Kaffeeh\u00e4ndlers&#8220;<\/em><\/li><li>Ulrike Halbe Bauer: <em>&#8222;Margarete Steiff&#8220;<\/em><\/li><\/ul>\n<\/div><\/div>\n\n\n\n<p>_<\/p>\n\n\n<div class=\"wp-block-image\">\n<figure class=\"aligncenter is-resized\"><img loading=\"lazy\" decoding=\"async\" src=\"https:\/\/buechertanz.de\/wp-content\/uploads\/2019\/03\/Blume-5.png\" alt=\"\" class=\"wp-image-367\" width=\"181\" height=\"209\" srcset=\"https:\/\/buechertanz.de\/wp-content\/uploads\/2019\/03\/Blume-5.png 264w, https:\/\/buechertanz.de\/wp-content\/uploads\/2019\/03\/Blume-5-260x300.png 260w\" sizes=\"auto, (max-width: 181px) 100vw, 181px\" \/><\/figure><\/div>","protected":false},"excerpt":{"rendered":"<p>Im Juni 2021 sind insgesamt 30 B\u00fccher hier eingezogen:18 neue B\u00fccher, sechs Rezensionsexemplare (davon eines als eBook), zwei B\u00fccher aus dem Antiquariat, ein und drei B\u00fccher aus \u201azu-verschenken-Kisten\u2018.Falls es eine Rezension auf meinem Blog gibt, gelangt ihr mit einem Klick auf den Titel direkt bei der Rezension. Neue B\u00fccher: E.L. James: &#8222;Freed&#8220; Bernhard Cornwell: &#8222;Narren &hellip; <a href=\"https:\/\/buechertanz.de\/?page_id=2148\" class=\"more-link\"><span class=\"screen-reader-text\">Neuzug\u00e4nge Juni 2021<\/span> weiterlesen<\/a><\/p>\n","protected":false},"author":2,"featured_media":0,"parent":0,"menu_order":0,"comment_status":"open","ping_status":"closed","template":"","meta":{"footnotes":""},"class_list":["post-2148","page","type-page","status-publish","hentry"],"_links":{"self":[{"href":"https:\/\/buechertanz.de\/index.php?rest_route=\/wp\/v2\/pages\/2148","targetHints":{"allow":["GET"]}}],"collection":[{"href":"https:\/\/buechertanz.de\/index.php?rest_route=\/wp\/v2\/pages"}],"about":[{"href":"https:\/\/buechertanz.de\/index.php?rest_route=\/wp\/v2\/types\/page"}],"author":[{"embeddable":true,"href":"https:\/\/buechertanz.de\/index.php?rest_route=\/wp\/v2\/users\/2"}],"replies":[{"embeddable":true,"href":"https:\/\/buechertanz.de\/index.php?rest_route=%2Fwp%2Fv2%2Fcomments&post=2148"}],"version-history":[{"count":7,"href":"https:\/\/buechertanz.de\/index.php?rest_route=\/wp\/v2\/pages\/2148\/revisions"}],"predecessor-version":[{"id":4258,"href":"https:\/\/buechertanz.de\/index.php?rest_route=\/wp\/v2\/pages\/2148\/revisions\/4258"}],"wp:attachment":[{"href":"https:\/\/buechertanz.de\/index.php?rest_route=%2Fwp%2Fv2%2Fmedia&parent=2148"}],"curies":[{"name":"wp","href":"https:\/\/api.w.org\/{rel}","templated":true}]}}