{"id":2220,"date":"2021-08-01T17:18:45","date_gmt":"2021-08-01T16:18:45","guid":{"rendered":"http:\/\/buechertanz.de\/?page_id=2220"},"modified":"2023-01-04T16:02:12","modified_gmt":"2023-01-04T15:02:12","slug":"gelesen-juli-2021","status":"publish","type":"page","link":"https:\/\/buechertanz.de\/?page_id=2220","title":{"rendered":"Gelesen Juli 2021"},"content":{"rendered":"\n<div class=\"wp-block-media-text alignwide is-vertically-aligned-center\" style=\"grid-template-columns:54% auto\"><figure class=\"wp-block-media-text__media\"><img loading=\"lazy\" decoding=\"async\" width=\"719\" height=\"831\" src=\"https:\/\/buechertanz.de\/wp-content\/uploads\/2021\/08\/07-Juli.jpg\" alt=\"\" class=\"wp-image-2233 size-full\" srcset=\"https:\/\/buechertanz.de\/wp-content\/uploads\/2021\/08\/07-Juli.jpg 719w, https:\/\/buechertanz.de\/wp-content\/uploads\/2021\/08\/07-Juli-260x300.jpg 260w\" sizes=\"auto, (max-width: 719px) 100vw, 719px\" \/><\/figure><div class=\"wp-block-media-text__content\">\n<p class=\"has-drop-cap has-small-font-size\">Hier findet ihr die B\u00fccher, die ich im <strong>Juni 2021<\/strong> gelesen habe \u2013 insgesamt sind es vier B\u00fccher \u2013 und ihr bekommt einen ersten Eindruck. Die ausf\u00fchrlichen Rezensionen folgen.<br>Falls es schon eine Rezension auf meinem Blog gibt, gelangt ihr mit einem Klick auf den Titel direkt bei der Rezension. <br><br><strong>Folgende B\u00fccher habe ich gelesen:<\/strong><\/p>\n\n\n\n<ul class=\"has-small-font-size wp-block-list\"><li><em>&#8222;Die Sternenbucht&#8220;<\/em> von Lorna Cook<\/li><li><em>&#8222;Die Alsterschule &#8211; Zeit des Wandels&#8220;<\/em> von Julia Kr\u00f6hn<\/li><li><em>&#8222;Meine Freundin Lotte&#8220;<\/em> von Anne Stern<\/li><li><em>&#8222;Der Nornen Knoten&#8220;<\/em> von Sylvia Koppermann<br><br>Insgesamt waren es <strong>2.028 Seiten<\/strong>.<br><br><br><\/li><\/ul>\n<\/div><\/div>\n\n\n\n<p>&#8211;<\/p>\n\n\n\n<p class=\"has-small-font-size\"><strong><a href=\"https:\/\/buechertanz.de\/?p=2172\" target=\"_blank\" rel=\"noreferrer noopener\">&#8222;Die Sternenbucht&#8220; von Lorna Cook<\/a><\/strong><a href=\"https:\/\/buechertanz.de\/?p=2172\"><br><\/a><strong>Erschienen am 14. Juni 2021 im Penguin-Verlag<br>ISBN: 978-3-328-10497-1<\/strong> <br><br><strong>Klappentext:<br><\/strong>\u201e<em>1943: Der Krieg steht vor den Toren Englands. Nur mit dem Allern\u00f6tigsten im Gep\u00e4ck verl\u00e4sst die junge Lady Veronica das edle Anwesen an der malerischen S\u00fcdk\u00fcste, das f\u00fcr sie immer mit ihrer gro\u00dfen Liebe verbunden sein wird. Die britische Armee braucht das Geb\u00e4ude als St\u00fctzpunkt. Doch Veronica wei\u00df, dass sie auch nach Ende des Krieges niemals zur\u00fcckkehren wird. Denn das Haus birgt nicht nur gl\u00fcckliche Erinnerungen \u2026<\/em><br><em>2018: Im Sommerurlaub an der englischen K\u00fcste entdeckt Melissa die Fotografie einer geheimnisvollen Frau. Gemeinsam mit dem attraktiven Journalisten Guy versucht sie, mehr \u00fcber sie herauszufinden. Immer tiefer taucht sie in ihre Vergangenheit ein \u2013 nicht ahnend, dass dort ein Geheimnis begraben liegt, das auch ihr eigenes Leben f\u00fcr immer ver\u00e4ndern wird \u2026\u201c<\/em> <br><br><strong>Meine Meinung:<\/strong><br>Die Handlung ist etwas vorhersehbar, aber es ist trotzdem spannend, wie Lorna Cook die einzelnen F\u00e4den dann zusammenf\u00fchrt. Mit authentischen und glaubhaften Charakteren konnte mich das Buch sehr begeistern. Der Erz\u00e4hlstrang in der Vergangenheit hat mir etwas besser gefallen, da es beim Erz\u00e4hlstrang in der Gegenwart immer mal wieder Klischees und Wiederholungen gab. Alles in Allem ein wunderbarer Roman zum Abtauchen. Lesenswert! <\/p>\n\n\n\n<p>_<\/p>\n\n\n\n<p class=\"has-small-font-size\"><strong><a href=\"https:\/\/buechertanz.de\/?p=2190\" target=\"_blank\" rel=\"noreferrer noopener\"> &#8222;Die Alsterschule &#8211; Zeit des Wandels&#8220; von Julia Kr\u00f6hn <\/a><\/strong><a href=\"https:\/\/buechertanz.de\/?p=2190\"><br><\/a> <strong>Erschienen am 21. Juni 2021 im Blanvalet-Verlag<br>ISBN: 978-3-7341-0964-5<\/strong> <br><br><strong>Klappentext [\u00fcbernommen von der Buchr\u00fcckseite]:<br>\u201e<\/strong><em>Hamburg 1930: Ein neuer Geist weht durch die Schulen der Weimarer Republik. Wo einst der Rohrstock regierte, erobern sich die Sch\u00fcler den Stoff nun mit Kopf, Herz und Hand. Felicitas, die gerade eine neue Stelle als Lehrerin angetreten hat, ist beseelt von den Idealen der Reformp\u00e4dagogik. Auch Turnlehrer Emil scheint ein Verb\u00fcndeter zu sein, ist er doch heimlich in sie verliebt. Doch das b\u00fcrgerliche Leben, das er anstrebt, scheint mit Felicitas\u2018 Freiheitswillen nicht vereinbar. W\u00e4hrend die Kluft zwischen ihnen immer gr\u00f6\u00dfer wird, ziehen auch am Horizont der Geschichte dunkle Wolken auf: Die Nazis ergreifen die Macht, und auf dem Schulhof weht die Hakenkreuzfahne. Felicitas und ihre Kollegen m\u00fcssen eine Entscheidung treffen: Wollen sie zum Dienst am F\u00fchrer erziehen? Oder ihren Idealen treu bleiben?\u201c<\/em> <br><br><strong>Meine Meinung:<\/strong><br> Mitrei\u00dfend geschrieben, authentische und lebensechte Charaktere und ein ausgezeichnet recherchierter Hintergrund. Dieser Roman l\u00e4sst keine W\u00fcnsche offen. Julia Kr\u00f6hn ist eine der begabtesten Schriftstellerinnen, die ich kenne. Bildgewaltig und mit viel Hingabe f\u00fcr Geschichte und Geschichten erz\u00e4hlt sie \u00fcber das Leben der Menschen in vergangenen Zeiten.<br>Ich freue mich schon so sehr auf den zweiten Teil, der am 16. August 2021 erscheinen wird. <\/p>\n\n\n\n<p>&#8211;<\/p>\n\n\n\n<p class=\"has-small-font-size\"><strong><a href=\"https:\/\/buechertanz.de\/?p=2209\" target=\"_blank\" rel=\"noreferrer noopener\"> &#8222;Meine Freundin Lotte&#8220; von Anne Stern<\/a><\/strong><a href=\"https:\/\/buechertanz.de\/?p=2209\"><br><\/a> <strong>Erschienen am 01. August 2021 als eBook, erscheint am 17. August als gebundene Ausgabe im Rowohlt-Verlag<br>ISBN: 978-3463000268<\/strong> <br><br><strong>Klappentext:<br><\/strong><em><strong>\u201e<\/strong>Berlin, 1921: Lotte Laserstein will Malerin werden. Aber die Tore der Kunstakademie haben sich f\u00fcr Frauen gerade erst ge\u00f6ffnet. Und Lotte muss k\u00e4mpfen \u2013 gegen die Ressentiments m\u00e4nnlicher Lehrer und Kritiker und f\u00fcr ihre Leidenschaft, die Malerei. In der jungen Fotografin Traute findet sie eine Seelenverwandte, denn Traute ist mit ihrem Typus der Neuen Frau und ihrer Begeisterung f\u00fcr die Kunst das perfekte Modell f\u00fcr Lotte. Eine ganz besondere Beziehung entsteht. Bis die politische Situation in Deutschland f\u00fcr j\u00fcdische K\u00fcnstlerinnen immer unertr\u00e4glicher wird und Lotte schlie\u00dflich fliehen muss.Kalmar, 1961: Es ist ein warmer Altweibersommer in S\u00fcdschweden, den Lotte Laserstein und Traute Rose zusammen verbringen. Doch Vorw\u00fcrfe und Missklang h\u00e4ngen zwischen ihnen, und schon bald brechen alte Wunden auf. Pl\u00f6tzlich k\u00f6nnen die beiden Frauen den dr\u00e4ngenden Fragen nicht mehr entkommen. Sie m\u00fcssen sich ihrer Vergangenheit stellen, in der es f\u00fcr sie einst um alles oder nichts ging \u2013 als K\u00fcnstlerinnen und als Freundinnen.\u201c<\/em> <br><br><strong>Meine Meinung:<\/strong><br>Ein Buch, welches ich sehr genossen habe. Mit authentischen Charakteren und ihrer bildhaften Sprache ist Anne Stern ein ganz wunderbares und eindringliches Buch gelungen, welches ich noch lange in meinem Herzen tragen werde. Absolut lesenswert! <\/p>\n\n\n\n<p>_<\/p>\n\n\n\n<p class=\"has-small-font-size\"><strong><a href=\"https:\/\/buechertanz.de\/?p=2196\" target=\"_blank\" rel=\"noreferrer noopener\">&#8222;Der Nornen Knoten&#8220; von Sylvia Koppermann<\/a><\/strong><a href=\"https:\/\/buechertanz.de\/?p=2196\"><br><\/a><strong>Erschienen am 10. Mai 2021 (\u00fcberarbeitete Neuausgabe) , Self-Publishing<\/strong> <br><br><strong><em>Klappentext:<\/em><\/strong><br><em>\u201eSchweden im 10. Jahrhundert. Die Leben der neugeborenen Ylvi und ihres vierzehnj\u00e4hrigen Halbbruders Bjarne, dem Jungen mit Down-Syndrom, der seine Kindheit als Sklave verbrachte, sind in Gefahr. Ihr Vater vertraut sie dem Honigmacher und dessen Frau an, wo sie, zusammen mit deren beiden S\u00f6hnen, aufwachsen. Doch die Ziehbr\u00fcder sehen vor allem Ylvis Aufnahme in die Familie unterschiedlich. W\u00e4hrend der J\u00fcngere, Tjark, Ylvi abg\u00f6ttisch liebt und sich eine eigene Zukunft mit ihr erhofft, z\u00fcngelt im \u00c4lteren, Leif, die wachsende Flamme der Eifersucht. Harte Schicksalsschl\u00e4ge und Intrigen, stellen Ylvi, Tjark und Bjarne vor scheinbar un\u00fcberwindliche Herausforderungen, die sie schlie\u00dflich sogar voneinander trennen. Werden die Nornen ihre Lebensf\u00e4den erneut wieder miteinander verknoten?<br>Ein historischer Roman, der an faszinierende Orte, in einer Zeit religi\u00f6ser und politischer Wandlungen f\u00fchrt. Die schicksalhaften und so unterschiedlichen Lebenswege der Protagonisten, zeigen deren Alltagsleben, aus einer anderen Perspektive, als sie heute oft ausschlie\u00dflich mit den sogenannten Wikingern assoziiert wird. Lassen Sie sich mitnehmen, auf eine Reise in die Zeit und erleben packend, ebenso ber\u00fchrend, Stationen auf den Lebenswegen dreier Menschen. Lernen Sie real-historische Pers\u00f6nlichkeiten kennen und Charaktere, die man als Leser zu verabscheuen oder lieben, nicht umhin kommt.\u201c<\/em> <br><br><strong>Meine Meinung:<\/strong><br>Ein starker und beeindruckender Roman, der mir sehr viel Freude bereitet und meinen Horizont definitiv erweitert hat. Viele Charaktere werde ich nie wieder vergessen und eines ist klar: Dieses Buch wird auch als gedrucktes Buch den Weg in mein B\u00fccherregal finden und noch einmal gelesen werden. Ein absolutes Highlight, welches ihr euch nicht entgehen lassen solltet. Top, top, top! <\/p>\n\n\n\n<p>_<\/p>\n\n\n<div class=\"wp-block-image\">\n<figure class=\"aligncenter is-resized\"><img loading=\"lazy\" decoding=\"async\" src=\"https:\/\/buechertanz.de\/wp-content\/uploads\/2019\/03\/Blume-4.png\" alt=\"\" class=\"wp-image-366\" width=\"189\" height=\"218\" srcset=\"https:\/\/buechertanz.de\/wp-content\/uploads\/2019\/03\/Blume-4.png 264w, https:\/\/buechertanz.de\/wp-content\/uploads\/2019\/03\/Blume-4-260x300.png 260w\" sizes=\"auto, (max-width: 189px) 100vw, 189px\" \/><\/figure><\/div>\n\n\n<p><br><br><\/p>\n","protected":false},"excerpt":{"rendered":"<p>Hier findet ihr die B\u00fccher, die ich im Juni 2021 gelesen habe \u2013 insgesamt sind es vier B\u00fccher \u2013 und ihr bekommt einen ersten Eindruck. Die ausf\u00fchrlichen Rezensionen folgen.Falls es schon eine Rezension auf meinem Blog gibt, gelangt ihr mit einem Klick auf den Titel direkt bei der Rezension. Folgende B\u00fccher habe ich gelesen: &#8222;Die &hellip; <a href=\"https:\/\/buechertanz.de\/?page_id=2220\" class=\"more-link\"><span class=\"screen-reader-text\">Gelesen Juli 2021<\/span> weiterlesen<\/a><\/p>\n","protected":false},"author":2,"featured_media":0,"parent":0,"menu_order":0,"comment_status":"open","ping_status":"closed","template":"","meta":{"footnotes":""},"class_list":["post-2220","page","type-page","status-publish","hentry"],"_links":{"self":[{"href":"https:\/\/buechertanz.de\/index.php?rest_route=\/wp\/v2\/pages\/2220","targetHints":{"allow":["GET"]}}],"collection":[{"href":"https:\/\/buechertanz.de\/index.php?rest_route=\/wp\/v2\/pages"}],"about":[{"href":"https:\/\/buechertanz.de\/index.php?rest_route=\/wp\/v2\/types\/page"}],"author":[{"embeddable":true,"href":"https:\/\/buechertanz.de\/index.php?rest_route=\/wp\/v2\/users\/2"}],"replies":[{"embeddable":true,"href":"https:\/\/buechertanz.de\/index.php?rest_route=%2Fwp%2Fv2%2Fcomments&post=2220"}],"version-history":[{"count":8,"href":"https:\/\/buechertanz.de\/index.php?rest_route=\/wp\/v2\/pages\/2220\/revisions"}],"predecessor-version":[{"id":4305,"href":"https:\/\/buechertanz.de\/index.php?rest_route=\/wp\/v2\/pages\/2220\/revisions\/4305"}],"wp:attachment":[{"href":"https:\/\/buechertanz.de\/index.php?rest_route=%2Fwp%2Fv2%2Fmedia&parent=2220"}],"curies":[{"name":"wp","href":"https:\/\/api.w.org\/{rel}","templated":true}]}}