{"id":2307,"date":"2021-08-31T06:06:14","date_gmt":"2021-08-31T05:06:14","guid":{"rendered":"http:\/\/buechertanz.de\/?page_id=2307"},"modified":"2023-01-04T14:22:38","modified_gmt":"2023-01-04T13:22:38","slug":"neuzugaenge-august-2021","status":"publish","type":"page","link":"https:\/\/buechertanz.de\/?page_id=2307","title":{"rendered":"Neuzug\u00e4nge August 2021"},"content":{"rendered":"\n<p class=\"has-drop-cap has-small-font-size\">Im <strong>August 2021<\/strong>\u00a0sind insgesamt\u00a0<strong>24 B\u00fccher<\/strong>\u00a0hier eingezogen:<br>18 neue B\u00fccher, drei Rezensionsexemplare, zwei B\u00fccher vom Flohmarkt und ein Buch aus einer &#8218;zu-verschenken-Kiste&#8216;.<br>Falls es eine Rezension auf meinem Blog gibt, gelangt ihr mit einem Klick auf den Titel direkt bei der Rezension. <\/p>\n\n\n\n<p>&#8211;<\/p>\n\n\n\n<div class=\"wp-block-media-text alignwide\"><figure class=\"wp-block-media-text__media\"><img loading=\"lazy\" decoding=\"async\" width=\"740\" height=\"693\" src=\"https:\/\/buechertanz.de\/wp-content\/uploads\/2021\/08\/08-Neu.jpg\" alt=\"\" class=\"wp-image-2344 size-full\" srcset=\"https:\/\/buechertanz.de\/wp-content\/uploads\/2021\/08\/08-Neu.jpg 740w, https:\/\/buechertanz.de\/wp-content\/uploads\/2021\/08\/08-Neu-300x281.jpg 300w\" sizes=\"auto, (max-width: 740px) 100vw, 740px\" \/><\/figure><div class=\"wp-block-media-text__content\">\n<p class=\"has-drop-cap has-small-font-size\"><strong>Neue B\u00fccher:<\/strong><\/p>\n\n\n\n<p><\/p>\n\n\n\n<ul class=\"has-small-font-size wp-block-list\"><li>Clare Clark:  <em>&#8222;Im glei\u00dfenden Licht der Sonne&#8220;<\/em><\/li><li>Sina Beerwald:<em> &#8222;Die Strandvilla&#8220;<\/em><\/li><li>Marie Benedict: <em>&#8222;Frau Einstein&#8220;<\/em><\/li><li>Hanni M\u00fcnzer: <em>&#8222;Heimat ist ein Sehnsuchtsort&#8220;<\/em><\/li><li>Gerhard Roth: <em>&#8222;Der Plan&#8220;<\/em><\/li><li>Eva V\u00f6ller: &#8222;<em>Ein Traum vom Gl\u00fcck&#8220;, &#8222;Ein Gef\u00fchl von Hoffnung&#8220; und &#8222;Eine Sehnsucht nach morgen&#8220;<\/em><\/li><li>Robert Schneider: <em>&#8222;Kristus&#8220;<\/em><\/li><li>Katharina Sch\u00f6ndorfer:<em> &#8222;Bis zu letzten Tanz&#8220;<\/em><\/li><li>Cristina Caboni: <em>&#8222;Das Versprechen der Rosenfrauen&#8220;<\/em><\/li><li>Beate Rygiert: <em>&#8222;Frau von Goethe&#8220;<\/em><\/li><li>Michaela K\u00fcpper: <em>&#8222;Kaltenbruch&#8220;<\/em><\/li><li>Ren\u00e9 Anour:<em> &#8222;Der Schatten des Turms&#8220;<\/em><\/li><li>Tabea Bach: <em>&#8222;Das Verm\u00e4chtnis der Seidenvilla&#8220;, &#8222;Im Glanz der Seidenvilla&#8220;, &#8222;Heimkehr auf die Kamelieninsel&#8220;<\/em><\/li><li>Bettina Storks:<em> &#8222;Die Stimmen \u00fcber dem Meer&#8220;<\/em><\/li><\/ul>\n<\/div><\/div>\n\n\n\n<p>&#8211;<\/p>\n\n\n\n<div class=\"wp-block-media-text alignwide has-media-on-the-right\"><figure class=\"wp-block-media-text__media\"><img loading=\"lazy\" decoding=\"async\" width=\"727\" height=\"641\" src=\"https:\/\/buechertanz.de\/wp-content\/uploads\/2021\/08\/08-Rezis.jpg\" alt=\"\" class=\"wp-image-2345 size-full\" srcset=\"https:\/\/buechertanz.de\/wp-content\/uploads\/2021\/08\/08-Rezis.jpg 727w, https:\/\/buechertanz.de\/wp-content\/uploads\/2021\/08\/08-Rezis-300x265.jpg 300w\" sizes=\"auto, (max-width: 727px) 100vw, 727px\" \/><\/figure><div class=\"wp-block-media-text__content\">\n<p class=\"has-drop-cap has-small-font-size\"><strong>Rezensionsexemplare:<\/strong><br><\/p>\n\n\n\n<p><\/p>\n\n\n\n<ul class=\"has-small-font-size wp-block-list\"><li><a rel=\"noreferrer noopener\" href=\"https:\/\/buechertanz.de\/?p=2301\" target=\"_blank\">Stephanie Schuster: <em>&#8222;Die Wunderfrauen &#8211; Freiheit im Angebot&#8220;<\/em><\/a><\/li><li><a rel=\"noreferrer noopener\" href=\"https:\/\/buechertanz.de\/?p=2324\" target=\"_blank\">Julia Kr\u00f6hn:<em> &#8222;Die Alsterschule- Jahre des Widerstands&#8220;<\/em><\/a><\/li><li><a rel=\"noreferrer noopener\" href=\"https:\/\/buechertanz.de\/?p=2356\" target=\"_blank\">Ulrike Renk: <em>&#8222;Eine Familie in Berlin &#8211; Paulas Liebe&#8220;<\/em><\/a><br><\/li><\/ul>\n<\/div><\/div>\n\n\n\n<p>&#8211;<\/p>\n\n\n\n<div class=\"wp-block-media-text alignwide\"><figure class=\"wp-block-media-text__media\"><img loading=\"lazy\" decoding=\"async\" width=\"733\" height=\"688\" src=\"https:\/\/buechertanz.de\/wp-content\/uploads\/2021\/08\/08-Flohmarkt.jpg\" alt=\"\" class=\"wp-image-2346 size-full\" srcset=\"https:\/\/buechertanz.de\/wp-content\/uploads\/2021\/08\/08-Flohmarkt.jpg 733w, https:\/\/buechertanz.de\/wp-content\/uploads\/2021\/08\/08-Flohmarkt-300x282.jpg 300w\" sizes=\"auto, (max-width: 733px) 100vw, 733px\" \/><\/figure><div class=\"wp-block-media-text__content\">\n<p class=\"has-drop-cap has-small-font-size\"><strong>Flohmarkt-Funde:<\/strong><\/p>\n\n\n\n<p><\/p>\n\n\n\n<ul class=\"has-small-font-size wp-block-list\"><li>Jeremiah Pearson: <em>&#8222;Der Bund der Freiheit &#8211; Die Ketzer&#8220;<\/em><\/li><li>C.J. Sansom: <em>&#8222;Pfeil der Rache&#8220;<\/em><\/li><\/ul>\n<\/div><\/div>\n\n\n\n<p>_<\/p>\n\n\n\n<div class=\"wp-block-media-text alignwide has-media-on-the-right\" style=\"grid-template-columns:auto 38%\"><figure class=\"wp-block-media-text__media\"><img loading=\"lazy\" decoding=\"async\" width=\"871\" height=\"1024\" src=\"https:\/\/buechertanz.de\/wp-content\/uploads\/2021\/08\/08-B\u00fccherkisten-871x1024.jpg\" alt=\"\" class=\"wp-image-2347 size-full\" srcset=\"https:\/\/buechertanz.de\/wp-content\/uploads\/2021\/08\/08-B\u00fccherkisten-871x1024.jpg 871w, https:\/\/buechertanz.de\/wp-content\/uploads\/2021\/08\/08-B\u00fccherkisten-255x300.jpg 255w, https:\/\/buechertanz.de\/wp-content\/uploads\/2021\/08\/08-B\u00fccherkisten-768x903.jpg 768w, https:\/\/buechertanz.de\/wp-content\/uploads\/2021\/08\/08-B\u00fccherkisten.jpg 1136w\" sizes=\"auto, (max-width: 871px) 100vw, 871px\" \/><\/figure><div class=\"wp-block-media-text__content\">\n<p class=\"has-drop-cap has-small-font-size\"><strong>Buch aus &#8218;zu-verschenken-Kiste&#8216;:<\/strong><br><\/p>\n\n\n\n<p><\/p>\n\n\n\n<ul class=\"has-small-font-size wp-block-list\"><li>Lynn Austin:<em> &#8222;T\u00f6chter der K\u00fcste&#8220;<\/em><\/li><\/ul>\n<\/div><\/div>\n\n\n\n<p>_<\/p>\n\n\n<div class=\"wp-block-image\">\n<figure class=\"aligncenter is-resized\"><img loading=\"lazy\" decoding=\"async\" src=\"https:\/\/buechertanz.de\/wp-content\/uploads\/2019\/03\/Blume-5.png\" alt=\"\" class=\"wp-image-367\" width=\"205\" height=\"237\" srcset=\"https:\/\/buechertanz.de\/wp-content\/uploads\/2019\/03\/Blume-5.png 264w, https:\/\/buechertanz.de\/wp-content\/uploads\/2019\/03\/Blume-5-260x300.png 260w\" sizes=\"auto, (max-width: 205px) 100vw, 205px\" \/><\/figure><\/div>","protected":false},"excerpt":{"rendered":"<p>Im August 2021\u00a0sind insgesamt\u00a024 B\u00fccher\u00a0hier eingezogen:18 neue B\u00fccher, drei Rezensionsexemplare, zwei B\u00fccher vom Flohmarkt und ein Buch aus einer &#8218;zu-verschenken-Kiste&#8216;.Falls es eine Rezension auf meinem Blog gibt, gelangt ihr mit einem Klick auf den Titel direkt bei der Rezension. &#8211; Neue B\u00fccher: Clare Clark: &#8222;Im glei\u00dfenden Licht der Sonne&#8220; Sina Beerwald: &#8222;Die Strandvilla&#8220; Marie Benedict: &hellip; <a href=\"https:\/\/buechertanz.de\/?page_id=2307\" class=\"more-link\"><span class=\"screen-reader-text\">Neuzug\u00e4nge August 2021<\/span> weiterlesen<\/a><\/p>\n","protected":false},"author":2,"featured_media":0,"parent":0,"menu_order":0,"comment_status":"open","ping_status":"closed","template":"","meta":{"footnotes":""},"class_list":["post-2307","page","type-page","status-publish","hentry"],"_links":{"self":[{"href":"https:\/\/buechertanz.de\/index.php?rest_route=\/wp\/v2\/pages\/2307","targetHints":{"allow":["GET"]}}],"collection":[{"href":"https:\/\/buechertanz.de\/index.php?rest_route=\/wp\/v2\/pages"}],"about":[{"href":"https:\/\/buechertanz.de\/index.php?rest_route=\/wp\/v2\/types\/page"}],"author":[{"embeddable":true,"href":"https:\/\/buechertanz.de\/index.php?rest_route=\/wp\/v2\/users\/2"}],"replies":[{"embeddable":true,"href":"https:\/\/buechertanz.de\/index.php?rest_route=%2Fwp%2Fv2%2Fcomments&post=2307"}],"version-history":[{"count":6,"href":"https:\/\/buechertanz.de\/index.php?rest_route=\/wp\/v2\/pages\/2307\/revisions"}],"predecessor-version":[{"id":4262,"href":"https:\/\/buechertanz.de\/index.php?rest_route=\/wp\/v2\/pages\/2307\/revisions\/4262"}],"wp:attachment":[{"href":"https:\/\/buechertanz.de\/index.php?rest_route=%2Fwp%2Fv2%2Fmedia&parent=2307"}],"curies":[{"name":"wp","href":"https:\/\/api.w.org\/{rel}","templated":true}]}}