{"id":2308,"date":"2021-08-31T06:06:14","date_gmt":"2021-08-31T05:06:14","guid":{"rendered":"http:\/\/buechertanz.de\/?page_id=2308"},"modified":"2023-01-04T16:03:41","modified_gmt":"2023-01-04T15:03:41","slug":"gelesen-august-2021","status":"publish","type":"page","link":"https:\/\/buechertanz.de\/?page_id=2308","title":{"rendered":"Gelesen August 2021"},"content":{"rendered":"\n<div class=\"wp-block-media-text alignwide\"><figure class=\"wp-block-media-text__media\"><img loading=\"lazy\" decoding=\"async\" width=\"732\" height=\"847\" src=\"https:\/\/buechertanz.de\/wp-content\/uploads\/2021\/08\/08-August.jpg\" alt=\"\" class=\"wp-image-2332 size-full\" srcset=\"https:\/\/buechertanz.de\/wp-content\/uploads\/2021\/08\/08-August.jpg 732w, https:\/\/buechertanz.de\/wp-content\/uploads\/2021\/08\/08-August-259x300.jpg 259w\" sizes=\"auto, (max-width: 732px) 100vw, 732px\" \/><\/figure><div class=\"wp-block-media-text__content\">\n<p class=\"has-small-font-size\">Hier findet ihr die B\u00fccher, die ich im <strong>August 2021<\/strong> gelesen habe \u2013 insgesamt sind es sechs B\u00fccher \u2013 und ihr bekommt einen ersten Eindruck. Die ausf\u00fchrlichen Rezensionen findet ihr, indem ihr auf den Titel klickt. Viel Spa\u00df beim St\u00f6bern!<br><br><strong>Folgende B\u00fccher habe ich gelesen:<\/strong><\/p>\n\n\n\n<ul class=\"has-small-font-size wp-block-list\"><li><a rel=\"noreferrer noopener\" href=\"https:\/\/buechertanz.de\/?p=2273\" target=\"_blank\"><em>\u201eDas Haus der Libellen\u201c<\/em><\/a> von  Emma Behrens<\/li><li><a rel=\"noreferrer noopener\" href=\"https:\/\/buechertanz.de\/?p=2279\" target=\"_blank\"><em>&#8222;Das Leben wie sie es liebten&#8220;<\/em><\/a> von Anni B\u00fcrkl<\/li><li><em><a rel=\"noreferrer noopener\" href=\"https:\/\/buechertanz.de\/?p=2286\" target=\"_blank\">\u201eDie Wunderfrauen &#8211; Alles was das Herz begehrt&#8220;<\/a> <\/em>von Stephanie Schuster<\/li><li><em><a rel=\"noreferrer noopener\" href=\"https:\/\/buechertanz.de\/?p=2293\" target=\"_blank\">\u201eDie Wunderfrauen &#8211; Von allem nur das Beste&#8220;<\/a> <\/em>von Stephanie Schuster <\/li><li><a rel=\"noreferrer noopener\" href=\"https:\/\/buechertanz.de\/?p=2301\" target=\"_blank\"><em>&#8222;Die Wunderfrauen &#8211; Freiheit im Angebot&#8220;<\/em><\/a> von Stephanie Schuster<\/li><li><em><a rel=\"noreferrer noopener\" href=\"https:\/\/buechertanz.de\/?p=2324\" target=\"_blank\">\u201eDie Alsterschule \u2013 Jahre des Widerstands\u201c<\/a> <\/em>von Julia Kr\u00f6hn <br><br>Insgesamt waren es\u00a0<strong>2.528 Seiten<\/strong>. <\/li><\/ul>\n<\/div><\/div>\n\n\n\n<p>_<\/p>\n\n\n\n<p class=\"has-small-font-size\"><strong><a href=\"https:\/\/buechertanz.de\/?p=2273\" target=\"_blank\" rel=\"noreferrer noopener\">&#8222;Das Haus der Libellen&#8220; von Emma Behrens<\/a><\/strong><br><strong>Erschienen am 16. Juli 2021 im DuMont-Verlag<\/strong><br><strong>ISBN 978-3-8321-6543-7 <\/strong><br> <br><strong>Klappentext:<\/strong><br>\u201e<em>Nach Jahren kehrt die 28-j\u00e4hrige Sophie an den magischen Ort ihrer Kindheit zur\u00fcck, die alte Villa der Nachbarsfamilie von Gutenbach. Hier verbrachte sie fr\u00fcher jede freie Minute mit den \u00e4therisch-sch\u00f6nen Geschwistern Noah und Emilia. Mit siebzehn wurden Noah und sie ein Paar, und Sophie erlebte ihre gl\u00fccklichste Zeit \u2013 bis Noah f\u00fcnf Jahre sp\u00e4ter von einem Tag auf den anderen aus ihrem Leben verschwand. Nun f\u00fchrt ein Brief Sophie zur\u00fcck in das geheimnisvolle Haus, in dem Emilia nach dem pl\u00f6tzlichen Tod der Eltern allein wohnt: Noah ist erneut verschwunden, und seine Schwester bittet Sophie um Unterst\u00fctzung. Sophie z\u00f6gert, zu sehr schmerzt Noahs Verrat; dann allerdings sagt sie zu, schlie\u00dflich war Emilia einst wie eine Schwester f\u00fcr sie. Aber die r\u00e4tselhafte Sch\u00f6ne verh\u00e4lt sich seltsam, gibt sich wortkarg und verbringt die meiste Zeit mit ihrer Libellenzucht im exotischen Dschungellabor, das sie im Keller der Villa eingerichtet hat. Sophie ahnt, dass Emilia ihr etwas verschweigt. Doch ob mit oder ohne deren Hilfe: Sophie muss Noah finden. Vielleicht kann sie so endlich mit der Vergangenheit abschlie\u00dfen. Mitrei\u00dfend, sinnlich und schillernd erz\u00e4hlt Emma Behrens eine Geschichte voller Spannung und gro\u00dfer Gef\u00fchle.\u201c<\/em> <br><br><strong>Meine Meinung:<br><\/strong>Ein sehr starker Deb\u00fctroman, der f\u00fcr mich keine W\u00fcnsche offen lies. Interessante Charaktere, spannende Handlung und ein wunderbarer Sprachstil. Dieses Buch lege ich euch wirklich sehr ans Herz \u2013 unbedingt lesen! <\/p>\n\n\n\n<p>_<\/p>\n\n\n\n<p class=\"has-small-font-size\"><strong><a href=\"https:\/\/buechertanz.de\/?p=2279\" target=\"_blank\" rel=\"noreferrer noopener\">&#8222;Das Leben wie sie es liebten&#8220; von Anni B\u00fcrkl<\/a><\/strong><a href=\"https:\/\/buechertanz.de\/?p=2279\"><br><\/a><strong>Erschienen am 07. Mai 2021 im Selbst-Verlag<br>ISBN Taschenbuch: 979-8707616020 (auch als ebook erh\u00e4ltlich)<\/strong> <br><br> <strong>Klappentext:<br>\u201e<\/strong><em>1938 \u2013 Die junge Loretta und ihr Mann Marek therapieren Nervenkranke im Sanatorium ihres Vaters im sudetenl\u00e4ndischen Reichenberg (Liberec, Tschechien). Dem Anschluss ans Deutsche Reich folgen der Krieg und sp\u00e4ter die Vertreibung. Doch w\u00e4hrend Loretta fliehen kann, verliert sie Marek aus den Augen.1946 \u2013 Im ausgebombten Wien lebt Loretta bei ihrer Tante Emmy. Auch die vor ihrem Mann geflohene Paula und deren Tochter Irene sowie die schweigsame Ingrid haben in der Wohnung Unterschlupf gefunden. Oft bekommen sie Besuch von der lebenslustigen Ursula. Gemeinsam teilen die f\u00fcnf sehr unterschiedlichen Frauen ihren Alltag, in der Not auch ihr Essen, das N\u00f6tigste zum Leben und ihre Sorgen, denn wie Loretta sucht Ursula ihren Mann. Gemeinsam wenden sie sich an die russischen Besatzer und finden einen Unterst\u00fctzer in Major Artjom. Doch da ist auch Ingrids neuer Liebhaber \u2013 ein amerikanischer Offizier \u2013, den Loretta nun f\u00fcr den Russen bespitzeln soll. W\u00e4hrend sie hofft, so ihren Marek wiederzufinden, kommen auch andere vermeintlich im Sudetenland verschollene Geheimnisse ans Licht.<\/em><br><em>\u201eDas Leben wie sie es liebten\u201c ist der Auftakt zu drei Romanen \u00fcber die bindende Kraft der Liebe im Leben dieser Frauen und ihrer Kinder \u2013 in einem Jahrhundert voll politischer Zerrissenheit.\u201c<\/em><br><br><strong>Meine Meinung:<br><\/strong>Ein spannendes und intensives Buch, welches ich sehr gerne gelesen habe. Lorettas Geschichte werde ich so schnell nicht mehr vergessen und ich freue mich auf jeden Fall auf weitere Teile der Reihe. Das Buch m\u00f6chte ich allen empfehlen, die historische Romane lieben \u2013 vor allem f\u00fcr Fans von Brigitte Riebe (Teresa Simon) und Melanie Metzenthin k\u00f6nnte das Buch sehr interessant sein. <\/p>\n\n\n\n<p><strong>_<\/strong><\/p>\n\n\n\n<p class=\"has-small-font-size\"><strong><a href=\"https:\/\/buechertanz.de\/?p=2286\" target=\"_blank\" rel=\"noreferrer noopener\">&#8222;Die Wunderfrauen &#8211; Alles was das Herz begehrt&#8220; von Stephanie Schuster<\/a><\/strong><a href=\"https:\/\/buechertanz.de\/?p=2286\"><br><\/a><strong>Erschienen am 29. Juli 2020 im S. Fischer-Verlag (Fischer Taschenbuch)<br>ISBN 978-3-596-70032-5<\/strong> <br><br><strong>Klappentext:<br><\/strong><em>\u201eDarf\u2018s ein bisschen mehr sein?\u201c 1953, zu Beginn der Wirtschaftswunderjahre, tr\u00e4umt Luise Dahlmann von ihrem eigenen kleinen Lebensmittelgesch\u00e4ft. Hier soll es nach Jahren des Verzichts wieder alles geben, was das Herz begehrt. Sie sieht es schon vor sich: die lange Ladentheke mit gro\u00dfen Bonbongl\u00e4sern darauf, eine K\u00fchlung f\u00fcr Frischwaren, Nylonstr\u00fcmpfe, buttriger Kuchen, sonntags frische Br\u00f6tchen \u2026 und das Beste daran: endlich eigenst\u00e4ndig sein. Endlich nicht mehr dar\u00fcber nachdenken, warum ihre Ehe nicht so gut l\u00e4uft, endlich sie selbst sein und etwas wagen.Drei Frauen werden immer wieder Luises Weg kreuzen: Annabel von Thaler, die wohlhabende Arztgattin von nebenan, die junge Lernschwester Helga Knaup und Marie Wagner, geflohen aus Schlesien. Sie alle haben in den Zeiten des Aufbruchs und des Neubeginns einen gemeinsamen Wunsch: Endlich wieder gl\u00fccklich sein.\u201c<\/em> <br><br><strong>Meine Meinung:<\/strong><br>Das Buch ist ein wunderbarer Auftakt einer Reihe welche mit tollen, ausdrucksstarken Figuren, einem lebendigen Sprachstil und einer packenden Handlung besticht. Ich bin nun definitiv ein Fan dieser Reihe und freue mich auf die beiden weiteren Teile der Reihe.<br>Lasst euch diese Reihe nicht entgehen. <\/p>\n\n\n\n<p>&#8211;<\/p>\n\n\n\n<p class=\"has-small-font-size\"><strong><a rel=\"noreferrer noopener\" href=\"https:\/\/buechertanz.de\/?p=2293\" target=\"_blank\">\u201eDie Wunderfrauen &#8211; Von allem nur das Beste&#8220; von Stephanie Schuster  <br><\/a> Erschienen am 24. Februar 2021 im S. Fischer-Verlag (Fischer Taschenbuch)<br>ISBN 978-3-596-705658 <\/strong><br><br><strong>Klappentext:<br>\u201e<\/strong><em>Zu Beginn der 1960er Jahre, den Swinging Sixties, ist viel zu tun in Luise Dahlmanns kleinem Laden, er ist ihr ganzer Stolz. Die Regale sind prall gef\u00fcllt mit allem, was das Herz begehrt: frische Waren aus dem Umland und Feinkost aus der ganzen Welt. Luise m\u00f6chte mit der Konkurrenz mithalten, die Kunden w\u00fcnschen sich pl\u00f6tzlich Selbstbedienung, suchen nach Angeboten und fragen nach dem Rezept f\u00fcr das Sonntagsessen. Drei Frauen sind in diesem Jahrzehnt voller Umbr\u00fcche an ihrer Seite: Die alleinerziehende Helga, die nun als \u00c4rztin arbeitet, ihre Schw\u00e4gerin Marie, die inzwischen vier Kinder hat und Annabel, deren Familie nach einem Schicksalsschlag zu zerbrechen droht. Das Leben hat die vier Frauen in den letzten Jahren enger verbunden als sie dachten. Und sie merken: Gemeinsam kann man aus Tr\u00e4umen Echtes erschaffen.\u201c<\/em> <br><br><strong>Meine Meinung:<\/strong><br>Dies ist die gelungene Fortsetzung des ersten Bandes. Auch wenn einige Jahre zwischen dem Ende des ersten Teils und dem Beginn des zweiten Teils liegen, war ich sofort wieder in der Geschichte angekommen. Mit viel Zeitgeist, einer flotten und bildhaften Sprache und unvergesslichen Charakteren entf\u00fchrt uns Stephanie Schuster in die 60er Jahre.<\/p>\n\n\n\n<p>_<\/p>\n\n\n\n<p class=\"has-small-font-size\"><strong><a href=\"https:\/\/buechertanz.de\/?p=2301\" target=\"_blank\" rel=\"noreferrer noopener\">&#8222;Die Wunderfrauen &#8211; Freiheit im Angebot&#8220; von Stephanie Schuster <br><\/a>Erschienen am 25. August 2021 im S. Fischer-Verlag (Fischer Taschenbuch)<br>ISBN 978-3-596-70564-1 <\/strong><br><br><strong>Klappentext:<\/strong><br><em>\u201e1972, das Jahr der Olympischen Spiele in M\u00fcnchen: Mit allen Mitteln k\u00e4mpft Luise der Supermarktkonkurrenz zum Trotz um ihr kleines Lebensmittelgesch\u00e4ft in Starnberg. Au\u00dferdem will sie sich noch nicht eingestehen, dass ihre Ehe am Ende ist. Ihren Kindern zuliebe versucht sie, irgendwie die Familie zusammenzuhalten.<br>In diesen turbulenten Zeiten geben ihr die drei Freundinnen halt: Helga, die von einer eigenen Arztpraxis tr\u00e4umt, Marie, die alle Energie in ihren Reiterhof steckt und Annabel, die sich endlich der Vergangenheit ihrer Familie stellt. Bei all den neuen Chancen merken sie: Das gr\u00f6\u00dfte Abenteuer des Lebens f\u00e4ngt jetzt erst an.\u201c<\/em> <br><br><strong>Meine Meinung:<br><\/strong>Der Abschluss einer wunderbaren Reihe, welche ich nie vergessen werde und mit Sicherheit nochmal lesen werde! Einfach nur wunderbar die Wunderfrauen!<\/p>\n\n\n\n<p>_<\/p>\n\n\n\n<p class=\"has-small-font-size\"><strong><a href=\"https:\/\/buechertanz.de\/?p=2324\" target=\"_blank\" rel=\"noreferrer noopener\">&#8222;Die Alsterschule &#8211; Jahre des Widerstands&#8220; von Julia Kr\u00f6hn<\/a><\/strong><br><strong>Erschienen am 16. August 2021 im Blanvalet-Verlag<\/strong><br><strong>ISBN: 978-3-7341-0965-2<\/strong><br> <br> <br><strong>Klappentext:<br><em>\u201e<\/em><\/strong><em>Hamburg im Zweiten Weltkrieg: Das Heulen der Sirenen liegt \u00fcber der Stadt, Hamburger Juden werden scharenweise deportiert und Abiturienten m\u00f6glichst schnell an die Front geschickt. Wo gerade noch anschaulicher, lebendiger Unterricht gehalten wurde, ist wieder Zucht und Ordnung eingekehrt. Die einstigen Bildungsideale scheinen verloren. Doch w\u00e4hrend sich Emil und Anneliese dem NS-Regime andienen, bleibt Felicitas ihren Werten unverr\u00fcckbar verbunden. Als sie ehemaligen Sch\u00fclern wiederbegegnet, aus denen mittlerweile Studenten geworden sind, kommt ihr ein Flugblatt aus M\u00fcnchen in die H\u00e4nde, das neue Hoffnung macht. Und eine radikale Entscheidung verlangt \u2026\u201c<\/em> <br><br><strong>Meine Meinung:<\/strong><br>Ein absolutes Jahres-Highlight. Sehr traurig und aufw\u00fchlend, aber auch ein sehr wichtiges Buch. Unbedingt lesen!<\/p>\n\n\n\n<p>&#8211;<\/p>\n\n\n<div class=\"wp-block-image\">\n<figure class=\"aligncenter is-resized\"><img loading=\"lazy\" decoding=\"async\" src=\"https:\/\/buechertanz.de\/wp-content\/uploads\/2019\/03\/Blume-2.png\" alt=\"\" class=\"wp-image-364\" width=\"217\" height=\"251\" srcset=\"https:\/\/buechertanz.de\/wp-content\/uploads\/2019\/03\/Blume-2.png 264w, https:\/\/buechertanz.de\/wp-content\/uploads\/2019\/03\/Blume-2-260x300.png 260w\" sizes=\"auto, (max-width: 217px) 100vw, 217px\" \/><\/figure><\/div>","protected":false},"excerpt":{"rendered":"<p>Hier findet ihr die B\u00fccher, die ich im August 2021 gelesen habe \u2013 insgesamt sind es sechs B\u00fccher \u2013 und ihr bekommt einen ersten Eindruck. Die ausf\u00fchrlichen Rezensionen findet ihr, indem ihr auf den Titel klickt. Viel Spa\u00df beim St\u00f6bern! Folgende B\u00fccher habe ich gelesen: \u201eDas Haus der Libellen\u201c von Emma Behrens &#8222;Das Leben wie &hellip; <a href=\"https:\/\/buechertanz.de\/?page_id=2308\" class=\"more-link\"><span class=\"screen-reader-text\">Gelesen August 2021<\/span> weiterlesen<\/a><\/p>\n","protected":false},"author":2,"featured_media":0,"parent":0,"menu_order":0,"comment_status":"open","ping_status":"closed","template":"","meta":{"footnotes":""},"class_list":["post-2308","page","type-page","status-publish","hentry"],"_links":{"self":[{"href":"https:\/\/buechertanz.de\/index.php?rest_route=\/wp\/v2\/pages\/2308","targetHints":{"allow":["GET"]}}],"collection":[{"href":"https:\/\/buechertanz.de\/index.php?rest_route=\/wp\/v2\/pages"}],"about":[{"href":"https:\/\/buechertanz.de\/index.php?rest_route=\/wp\/v2\/types\/page"}],"author":[{"embeddable":true,"href":"https:\/\/buechertanz.de\/index.php?rest_route=\/wp\/v2\/users\/2"}],"replies":[{"embeddable":true,"href":"https:\/\/buechertanz.de\/index.php?rest_route=%2Fwp%2Fv2%2Fcomments&post=2308"}],"version-history":[{"count":6,"href":"https:\/\/buechertanz.de\/index.php?rest_route=\/wp\/v2\/pages\/2308\/revisions"}],"predecessor-version":[{"id":4307,"href":"https:\/\/buechertanz.de\/index.php?rest_route=\/wp\/v2\/pages\/2308\/revisions\/4307"}],"wp:attachment":[{"href":"https:\/\/buechertanz.de\/index.php?rest_route=%2Fwp%2Fv2%2Fmedia&parent=2308"}],"curies":[{"name":"wp","href":"https:\/\/api.w.org\/{rel}","templated":true}]}}