{"id":2382,"date":"2021-09-30T21:24:09","date_gmt":"2021-09-30T20:24:09","guid":{"rendered":"http:\/\/buechertanz.de\/?page_id=2382"},"modified":"2023-01-04T16:05:11","modified_gmt":"2023-01-04T15:05:11","slug":"gelesen-september-2021","status":"publish","type":"page","link":"https:\/\/buechertanz.de\/?page_id=2382","title":{"rendered":"Gelesen September 2021"},"content":{"rendered":"\n<div class=\"wp-block-media-text alignwide\" style=\"grid-template-columns:55% auto\"><figure class=\"wp-block-media-text__media\"><img loading=\"lazy\" decoding=\"async\" width=\"750\" height=\"819\" src=\"https:\/\/buechertanz.de\/wp-content\/uploads\/2021\/10\/20210930_152902_resized.jpg\" alt=\"\" class=\"wp-image-2402 size-full\" srcset=\"https:\/\/buechertanz.de\/wp-content\/uploads\/2021\/10\/20210930_152902_resized.jpg 750w, https:\/\/buechertanz.de\/wp-content\/uploads\/2021\/10\/20210930_152902_resized-275x300.jpg 275w\" sizes=\"auto, (max-width: 750px) 100vw, 750px\" \/><\/figure><div class=\"wp-block-media-text__content\">\n<p class=\"has-drop-cap has-small-font-size\">Hier findet ihr die B\u00fccher, die ich im <strong>September 2021<\/strong> gelesen habe \u2013 insgesamt sind es sieben B\u00fccher \u2013 und ihr bekommt einen ersten Eindruck. Die ausf\u00fchrlichen Rezensionen findet ihr, indem ihr auf den Titel klickt. Viel Spa\u00df beim St\u00f6bern! <br><br>Folgende B\u00fccher habe ich gelesen:<\/p>\n\n\n\n<ul class=\"has-small-font-size wp-block-list\"><li><a rel=\"noreferrer noopener\" href=\"https:\/\/buechertanz.de\/?p=2356\" target=\"_blank\"><em>&#8222;Eine Familie in Berlin &#8211; Paulas Liebe&#8220;<\/em><\/a> von Ulrike Renk<\/li><li><em><a rel=\"noreferrer noopener\" href=\"https:\/\/buechertanz.de\/?p=2368\" target=\"_blank\">&#8222;Die Schwestern vom Ku&#8217;damm &#8211; Ein neuer Morgen&#8220;<\/a> <\/em>von Brigitte Riebe<\/li><li><a rel=\"noreferrer noopener\" href=\"https:\/\/buechertanz.de\/?p=2373\" target=\"_blank\"><em>&#8222;Die Hafenschwester- Als wir an die Zukunft glaubten&#8220;<\/em><\/a> von Melanie Metzenthin <\/li><li><em>&#8222;Die Maskenbildnerin von Paris&#8220;<\/em> von Tabea Koenig<\/li><li><em>&#8222;Kinderklinik Wei\u00dfensee &#8211; Jahre der Hoffnung&#8220;<\/em> von Antonia Blum<\/li><li><em>&#8222;Schachnovelle&#8220;<\/em> von Stefan Zweig<\/li><li><em>&#8222;Das Antiquariat der Tr\u00e4ume&#8220;<\/em> von Lars Simon <br><br>Insgesamt waren es <strong>3.069 Seiten<\/strong> <\/li><\/ul>\n<\/div><\/div>\n\n\n\n<p>_<\/p>\n\n\n\n<p class=\"has-small-font-size\"><strong><a href=\"https:\/\/buechertanz.de\/?p=2356\" target=\"_blank\" rel=\"noreferrer noopener\"> &#8222;Eine Familie in Berlin &#8211; Paulas Liebe&#8220; von Ulrike Renk <\/a><\/strong><a href=\"https:\/\/buechertanz.de\/?p=2356\"><br><\/a><strong>Erschienen am 16. August 2021 im Aufbau-Verlag<br>978-3746635552 <\/strong><br><br><strong>Klappentext<\/strong>:<br> <strong><em>\u201e<\/em><\/strong><em>Berlin, Ende des 19. Jahrhunderts. Sie nennen ihn \u201eMerlin\u201c, weil er alle verzaubert \u2013 der Mann, den ihr Bruder ihr als seinen Freund vorstellt. Paula Oppenheimer, die in einem offen j\u00fcdischen Haushalt gro\u00df geworden ist, verliebt sich in den jungen Dichter Richard Dehmel. Er verkehrt mit vielen Literaten und will als K\u00fcnstler leben. Paula wird zu seiner Muse und zur strengen Kritikerin seiner Texte. Als sich ihre Eltern gegen ihre Verbindung stellen, k\u00e4mpft Paula f\u00fcr ihre Liebe. Doch dann muss sie sich fragen, ob Richards wilde, unkonventionelle Art sie auf Dauer gl\u00fccklich machen kann \u2026 Das Portr\u00e4t einer K\u00fcnstlerin in unruhigen Zeiten: Am Anfang war sie die Ehefrau des Dichters Richard Dehmel \u2013 dann wurde sie selbst zur Schriftstellerin.\u201c<\/em> <br><br><strong>Meine Meinung:<br><\/strong>Das Buch \u201eEine Familie in Berlin \u2013 Paulas Liebe\u201c von Ulrike Renk entf\u00fchrt den Leser\/ die Leserin mit einer detaillierten und liebevollen Sprache, einem akribisch recherchierten Hintergrund und authentischen Charakteren in vergangene Zeiten. Die Lebensgeschichte von Paula Dehmel hat mich bestens unterhalten, die Liebesbeziehung zu Richard Dehmel auch teilweise verst\u00f6rt.<br>Es wird definitiv nicht mein letztes Buch der Autorin sein. Ich freue mich jetzt schon auf den zweiten Teil, der im Februar 2022 erscheint. <br><a href=\"https:\/\/buechertanz.de\/?p=2356\" target=\"_blank\" rel=\"noreferrer noopener\">Hier<\/a> findet ihr meine ausf\u00fchrliche Rezension.<\/p>\n\n\n\n<p>_<\/p>\n\n\n\n<p class=\"has-small-font-size\"><strong><a href=\"https:\/\/buechertanz.de\/?p=2368\" target=\"_blank\" rel=\"noreferrer noopener\">&#8222;Die Schwestern vom Ku&#8217;damm &#8211; Ein neuer Morgen&#8220; von Brigitte Riebe <\/a><\/strong><a href=\"https:\/\/buechertanz.de\/?p=2368\"><br><\/a><strong>Erschienen am 14. September 2021 im Rowohlt-Verlag (Wunderlich-Verlag)<br>ISBN: 978-3805200677<\/strong> <br><br><strong>Klappentext:<br><\/strong> <strong>\u201e<\/strong><em>Berlin, 1966: Die geteilte Stadt ist ebenso im Umbruch wie das Modekaufhaus Thalheim am Ku\u2032damm. Die Jugend rebelliert, die R\u00f6cke werden k\u00fcrzer, doch Chef-Designerin Miriam Feldmann hat alle M\u00fche, Kaufhaus-Patriarch Friedrich davon zu \u00fcberzeugen, dass die Frauen nun Knallfarben statt Pastell tragen wollen. Wenigstens ihr Privatleben l\u00e4uft in gewohnt ruhigen Bahnen. Ihren Platz in der Familie Thalheim hat sie gefunden, Adoptivtochter Jenny w\u00e4chst zu einer klugen jungen Frau heran. Als Miriam, die nie eigene Kinder bekommen konnte, mit Anfang vierzig schwanger wird, ist pl\u00f6tzlich auch ihr eigenes Leben im Umbruch. Dann begegnet sie einem Mann wieder, den sie im Krieg kennenlernte. Die Begegnung f\u00fchrt sie zu den dunkelsten Stunden ihres Lebens zur\u00fcck \u2026<strong>\u201c<\/strong><\/em> <br><br><strong>Meine Meinung:<\/strong><br>Diesen Teil empfand ich als den st\u00e4rksten Teil der Reihe. Miriams Geschichte wird sehr authentisch und intensiv beschrieben.<br><a href=\"https:\/\/buechertanz.de\/?p=2368\">Hi<\/a><a href=\"https:\/\/buechertanz.de\/?p=2368\" target=\"_blank\" rel=\"noreferrer noopener\">e<\/a><a href=\"https:\/\/buechertanz.de\/?p=2368\">r<\/a> findet ihr meine ausf\u00fchrliche Rezension.<\/p>\n\n\n\n<p>_<\/p>\n\n\n\n<p class=\"has-small-font-size\"><strong><a href=\"https:\/\/buechertanz.de\/?p=2373\" target=\"_blank\" rel=\"noreferrer noopener\">&#8222;Die Hafenschwester &#8211; Als wir wieder an die Zukunft glaubten&#8220; <\/a><\/strong><a href=\"https:\/\/buechertanz.de\/?p=2373\"><br><\/a><strong>Erschienen am 30. August 2021 im Diana-Verlag<\/strong><br><strong>ISBN: 978-3-453-29246-8<\/strong> <br><br><strong>Klappentext:<br><\/strong><em><strong>\u201e<\/strong>Der Erste Weltkrieg ist zu Ende. Martha und Paul haben w\u00e4hrend der Inflation 1923 alle Ersparnisse verloren und die finanzielle Lage ist prek\u00e4r. Ihre Tochter Ella will unbedingt \u00c4rztin werden, muss ihren Traum jedoch zun\u00e4chst auf Eis legen und die Familie unterst\u00fctzen. Sie tritt in die Fu\u00dfstapfen ihrer Mutter und beginnt eine Schwesternausbildung. Dann kommen die Nazis an die Macht. Ella fiebert dem Studium entgegen, doch die Einschreibung an der Universit\u00e4t wird ihr untersagt. Als die Familie in eine schreckliche Lage ger\u00e4t, ruhen alle Hoffnungen auf dem j\u00fcngsten Sohn Fredi. Er macht bei der Mordkommission Hamburg Karriere. Und l\u00e4sst sich auf einen gef\u00e4hrlichen Pakt mit der Gestapo ein \u2026\u201c<\/em> <br><br><strong>Meine Meinung:<\/strong><br>Was f\u00fcr ein Finale! In diesem Buch ist einfach alles drin: Tolle Charaktere, Historie, Intrigen, Spannung, Liebe, Hoffnung, Krieg und Zusammenhalt. Diesen Teil empfand ich als den st\u00e4rksten und intensivsten Teil einer absolut empfehlenswerten Reihe.<br>Lasst euch diese 700 Seiten pures Lesevergn\u00fcgen nicht entgehen. <br><a href=\"https:\/\/buechertanz.de\/?p=2373\" target=\"_blank\" rel=\"noreferrer noopener\">Hier<\/a> findet ihr meine ausf\u00fchrliche Rezension.<\/p>\n\n\n\n<p>_<\/p>\n\n\n\n<p class=\"has-small-font-size\"><strong>Die Maskenbildnerin von Paris&#8220; von Tabea Koenig <\/strong><br><strong>Erschienen am 20. September im Aufbau- Taschenbuchverlag<\/strong><br><strong>ISBN: 978-3746638317 <\/strong><br><br><strong>Klappentext:<br><\/strong><em>\u201eVal\u00e9rie will in Paris Kunst studieren und verl\u00e4sst daf\u00fcr ihren Heimatort und ihre gro\u00dfe Liebe Gabriel. Dann bricht der Krieg aus, und die Nachricht, dass Gabriel vermisst wird, trifft Val\u00e9rie schwer. Sie begegnet der Bildhauerin Anna Coleman Ladd, die Masken aus Kupfer f\u00fcr Kriegsversehrte anfertigt. Val\u00e9rie st\u00fcrzt sich in die Arbeit und verliebt sich dabei in Louis. Als der Krieg vorbei ist, wird Val\u00e9rie von ihrer Vergangenheit eingeholt \u2013 und sie begreift, dass es an der Zeit ist, ihr gr\u00f6\u00dftes Geheimnis zu verraten.&#8220;<\/em><br> <br><strong>Meine Meinung:<br><\/strong>Dieses Buch hat mich von der ersten bis zur letzten Seite begeistert. Mit lebensechten Figuren, viel Historie, einem wunderbar packenden Sprachstil und mit viel Ortskenntnis hat mich Tabea Koenig ganz tief mit in die Geschichte genommen. Diese Geschichte werde ich nie vergessen.<\/p>\n\n\n\n<p>_<\/p>\n\n\n\n<p class=\"has-small-font-size\"><strong> &#8222;Kinderklinik Wei\u00dfensee &#8211; Jahre der Hoffnung&#8220; von Antonia Blum <\/strong><br><strong>Erschienen am 24. September 2021 im Ullstein-Verlag<br>ISBN: 978-3548064062 <\/strong><br><br><strong>Klappentext:<br><em>\u201e<\/em><\/strong><em>Berlin 1918: Marlene Lindow ist gl\u00fccklich, nach ihrem Medizin-Studium wieder in der Kinderklinik Wei\u00dfensee arbeiten zu k\u00f6nnen. Die meisten \u00c4rzte wurden in Lazarette befohlen, so dass sie die kleinen Patienten oft allein behandeln muss. Fortan k\u00e4mpft sie nicht nur um ihren geliebten Maximilian, der v\u00f6llig ver\u00e4ndert aus dem Krieg heimkehrt, sondern auch gegen die Spanische Grippe, die sich rasant in Berlin ausbreitet. Als der Sohn ihrer Schwester Emma ebenfalls erkrankt, taucht der verschollene Kindsvater auf. Er bietet Emma eine neue Heimat fern des seuchengeplagten Berlins, wo ihr Sohn unbeschwert aufwachsen kann. Marlene kann sich allerdings ein Leben ohne Emma nicht vorstellen. Und auch die kranken Kinder in der Klinik brauchen die engagierte Kinderkrankenschwester. Wie wird sie sich entscheiden?\u201c<\/em> <br><br><strong>Meine Meinung:<br><\/strong>Mit viel Leidenschaft f\u00fcr die Medizin, viel Historie und tollen Charakteren konnte mich der zweite Teil um die Schwestern Marlene und Emma sehr begeistern.<\/p>\n\n\n\n<p>_<\/p>\n\n\n\n<p class=\"has-small-font-size\"><strong> &#8222;Schachnovelle&#8220; von Stefan Zweig<\/strong><br><strong>Erschienen am 01. September 1987 im Fischer-Verlag<br>ISBN: 978-3596215225 <\/strong><br><br><strong>Klappentext:<br><\/strong><em>\u201e\u00bbDas Unwahrscheinliche hatte sich ereignet, der Weltmeister, der Champion zahlloser Turniere hatte die Fahne gestrichen vor einem Unbekannten, einem Manne, der zwanzig oder f\u00fcnfundzwanzig Jahre kein Schachbrett anger\u00fchrt. Unser Freund, der Anonymus, der Ignotus, hatte den st\u00e4rksten Schachspieler der Erde in offenem Kampfe besiegt!\u00ab<br>Das Erstaunen ist gro\u00df, als der unscheinbare Dr. B., \u00f6sterreichischer Emigrant auf einem Passagierdampfer von New York nach Buenos Aires, eher zuf\u00e4llig gegen den amtierenden Schachweltmeister Mirko Czentovic antritt und seinen mechanisch routinierten Gegner mit verspielter Leichtigkeit besiegt. Doch das Schachspiel f\u00f6rdert Erinnerungen an den Terror seiner Inhaftierung im Nationalsozialismus zutage und rei\u00dft eine seelische Wunde wieder auf, die erneut Dr. B.s geistige Gesundheit bedroht.\u201c<\/em> <br><br><strong>Meine Meinung:<br><\/strong>Dieses nur 100 Seiten umfassende Buch werde ich nie wieder vergessen. Der starke Sprachstil und die Geschichte sind einfach Wahnsinn. Zu Recht ein Klassiker der Weltliteratur.<\/p>\n\n\n\n<p>_<\/p>\n\n\n\n<p class=\"has-small-font-size\"><strong> &#8222;Das Antiquariat der Tr\u00e4ume&#8220; von Lars Simon  <br>Erschienen am 22. Mai 2020 im dtv-Verlag<br>ISBN: 978-3423219310 <\/strong><br><br><strong>Klappentext:<\/strong><br><em>\u201eDie Magie der B\u00fccher \u2013 und der Liebe.<br>Im Sp\u00e4tsommer 1983 verliert Johan Andersson bei einem Schiffsungl\u00fcck seine gro\u00dfe Liebe Lina. Er bricht alle Br\u00fccken hinter sich ab und beginnt ein neues Leben als Antiquar und Caf\u00e9besitzer. Doch die Ver\u00e4nderungen in seinem Leben greifen weiter: Seit dem traumatischen Ereignis erscheinen Johan die Figuren seiner Lieblingsb\u00fccher leibhaftig. William von Baskerville, Pippi Langstrumpf und Sherlock Holmes bringen aber nicht nur Trost und Zerstreuung. Sie zwingen Johan auch zu einer Entscheidung: Will er ein neues Leben beginnen oder seine verloren geglaubte gro\u00dfe Liebe finden? Ein geheimnisvoller Fremder bringt Johan schlie\u00dflich auf die entscheidende Spur, denn Lina scheint nicht die gewesen zu sein, f\u00fcr die sie sich ausgegeben hat \u2026\u201c<\/em> <br><br><strong>Meine Meinung:<br><\/strong>Eine Liebeserkl\u00e4rung an die Magie und Kraft der B\u00fccher. Eines der Sch\u00f6nsten B\u00fccher, die ich bisher gelesen habe.<\/p>\n\n\n\n<p>_<\/p>\n\n\n<div class=\"wp-block-image\">\n<figure class=\"aligncenter\"><img loading=\"lazy\" decoding=\"async\" width=\"264\" height=\"305\" src=\"https:\/\/buechertanz.de\/wp-content\/uploads\/2019\/03\/Blume-5.png\" alt=\"\" class=\"wp-image-367\" srcset=\"https:\/\/buechertanz.de\/wp-content\/uploads\/2019\/03\/Blume-5.png 264w, https:\/\/buechertanz.de\/wp-content\/uploads\/2019\/03\/Blume-5-260x300.png 260w\" sizes=\"auto, (max-width: 264px) 100vw, 264px\" \/><\/figure><\/div>","protected":false},"excerpt":{"rendered":"<p>Hier findet ihr die B\u00fccher, die ich im September 2021 gelesen habe \u2013 insgesamt sind es sieben B\u00fccher \u2013 und ihr bekommt einen ersten Eindruck. Die ausf\u00fchrlichen Rezensionen findet ihr, indem ihr auf den Titel klickt. Viel Spa\u00df beim St\u00f6bern! Folgende B\u00fccher habe ich gelesen: &#8222;Eine Familie in Berlin &#8211; Paulas Liebe&#8220; von Ulrike Renk &hellip; <a href=\"https:\/\/buechertanz.de\/?page_id=2382\" class=\"more-link\"><span class=\"screen-reader-text\">Gelesen September 2021<\/span> weiterlesen<\/a><\/p>\n","protected":false},"author":2,"featured_media":0,"parent":0,"menu_order":0,"comment_status":"open","ping_status":"closed","template":"","meta":{"footnotes":""},"class_list":["post-2382","page","type-page","status-publish","hentry"],"_links":{"self":[{"href":"https:\/\/buechertanz.de\/index.php?rest_route=\/wp\/v2\/pages\/2382","targetHints":{"allow":["GET"]}}],"collection":[{"href":"https:\/\/buechertanz.de\/index.php?rest_route=\/wp\/v2\/pages"}],"about":[{"href":"https:\/\/buechertanz.de\/index.php?rest_route=\/wp\/v2\/types\/page"}],"author":[{"embeddable":true,"href":"https:\/\/buechertanz.de\/index.php?rest_route=\/wp\/v2\/users\/2"}],"replies":[{"embeddable":true,"href":"https:\/\/buechertanz.de\/index.php?rest_route=%2Fwp%2Fv2%2Fcomments&post=2382"}],"version-history":[{"count":6,"href":"https:\/\/buechertanz.de\/index.php?rest_route=\/wp\/v2\/pages\/2382\/revisions"}],"predecessor-version":[{"id":4309,"href":"https:\/\/buechertanz.de\/index.php?rest_route=\/wp\/v2\/pages\/2382\/revisions\/4309"}],"wp:attachment":[{"href":"https:\/\/buechertanz.de\/index.php?rest_route=%2Fwp%2Fv2%2Fmedia&parent=2382"}],"curies":[{"name":"wp","href":"https:\/\/api.w.org\/{rel}","templated":true}]}}