{"id":2388,"date":"2021-09-30T21:25:40","date_gmt":"2021-09-30T20:25:40","guid":{"rendered":"http:\/\/buechertanz.de\/?page_id=2388"},"modified":"2023-01-04T14:33:07","modified_gmt":"2023-01-04T13:33:07","slug":"neuzugaenge-september-2021","status":"publish","type":"page","link":"https:\/\/buechertanz.de\/?page_id=2388","title":{"rendered":"Neuzug\u00e4nge September 2021"},"content":{"rendered":"\n<p class=\"has-drop-cap has-small-font-size\">Im <strong>September 2021<\/strong> sind insgesamt <strong>33 B\u00fccher<\/strong>\u00a0hier eingezogen:<br>16 neue B\u00fccher, vier Rezensionsexemplare, ein Buch vom Flohmarkt und 12 B\u00fccher aus \u00f6ffentlichen B\u00fccherschr\u00e4nken.<br>Falls es eine Rezension auf meinem Blog gibt, gelangt ihr mit einem Klick auf den Titel direkt bei der Rezension. <\/p>\n\n\n\n<div class=\"wp-block-media-text alignwide\"><figure class=\"wp-block-media-text__media\"><img loading=\"lazy\" decoding=\"async\" width=\"695\" height=\"637\" src=\"https:\/\/buechertanz.de\/wp-content\/uploads\/2021\/10\/20210930_214002_resized.jpg\" alt=\"\" class=\"wp-image-2405 size-full\" srcset=\"https:\/\/buechertanz.de\/wp-content\/uploads\/2021\/10\/20210930_214002_resized.jpg 695w, https:\/\/buechertanz.de\/wp-content\/uploads\/2021\/10\/20210930_214002_resized-300x275.jpg 300w\" sizes=\"auto, (max-width: 695px) 100vw, 695px\" \/><\/figure><div class=\"wp-block-media-text__content\">\n<p class=\"has-drop-cap has-small-font-size\"><strong>Neue B\u00fccher: <\/strong><\/p>\n\n\n\n<p><\/p>\n\n\n\n<ul class=\"has-small-font-size wp-block-list\"><li>Charlotte Jacobi: <em>&#8222;Die Patisserie am M\u00fcnsterplatz &#8211; Neuanfang&#8220;<\/em><\/li><li>Susanne Popp: <em>&#8222;Die Teeh\u00e4ndlerin &#8211; Die Ronnefeldt-Saga&#8220;<\/em><\/li><li>Holly Ringland: <em>&#8222;Die verlorenen Blumen der Alice Hart&#8220;<\/em><\/li><li>Lilli Beck: <em>&#8222;Mehr als tausend Worte&#8220;<\/em><\/li><li>Ulrike Renk: <em>&#8222;Jahre aus Seide &#8211; Das Schicksal einer Familie&#8220;<\/em><\/li><li>Stephan Rehm Rozanes: <em>&#8222;die \u00e4rzte &#8211; 100 Seiten&#8220;<\/em><\/li><li>Lars Simon: <em>&#8222;Das Antiquariat der Tr\u00e4ume<\/em>&#8222;<\/li><li>Peter Prange: <em>&#8222;Eine Familie in Deutschland- Am Ende die Hoffnung&#8220;<\/em><\/li><li> Tabea Koenig: <em>&#8222;Die Maskenbildnerin von Paris&#8220;<\/em><\/li><li>Anna Liebig: <em>&#8222;Die Schneeflockenmelodie&#8220;<\/em><\/li><li>Rebekka Eder: <em>&#8222;Die Schokoladenfabrik- Die Tochter des Apothekers&#8220;<\/em><\/li><li>Antonia Blum: <em>&#8222;Kinderklinik Wei\u00dfensee &#8211; Jahre der Hoffnung&#8220;<\/em><\/li><li>Helene Winter: <em>&#8222;Das weisse Haus am Rhein&#8220;<\/em><\/li><li>Ulrike Schweikert: <em>&#8222;Berlin Friedrichstra\u00dfe-Novembersturm&#8220;<\/em><\/li><li>Marie Lamballe: <em>&#8222;Atelier Rosen &#8211; Die Frauen aus der Marktgasse&#8220;<\/em><\/li><li>Elaine Winter: <em>&#8222;Modehaus Haynbach- Glanzvolle Zeiten&#8220;<\/em><\/li><\/ul>\n<\/div><\/div>\n\n\n\n<p>_<\/p>\n\n\n\n<div class=\"wp-block-media-text alignwide has-media-on-the-right\" style=\"grid-template-columns:auto 46%\"><figure class=\"wp-block-media-text__media\"><img loading=\"lazy\" decoding=\"async\" width=\"658\" height=\"774\" src=\"https:\/\/buechertanz.de\/wp-content\/uploads\/2021\/10\/20210930_213917_resized.jpg\" alt=\"\" class=\"wp-image-2406 size-full\" srcset=\"https:\/\/buechertanz.de\/wp-content\/uploads\/2021\/10\/20210930_213917_resized.jpg 658w, https:\/\/buechertanz.de\/wp-content\/uploads\/2021\/10\/20210930_213917_resized-255x300.jpg 255w\" sizes=\"auto, (max-width: 658px) 100vw, 658px\" \/><\/figure><div class=\"wp-block-media-text__content\">\n<p class=\"has-drop-cap has-small-font-size\"><strong>Rezensionsexemplare:<\/strong><br><\/p>\n\n\n\n<p><\/p>\n\n\n\n<ul class=\"has-small-font-size wp-block-list\"><li>Brigitte Riebe: <a rel=\"noreferrer noopener\" href=\"https:\/\/buechertanz.de\/?p=2368\" target=\"_blank\"><em>&#8222;Die Schwestern vom Ku&#8217;damm &#8211; ein neuer Morgen&#8220;<\/em><\/a><\/li><li>Melanie Metzenthin: <a rel=\"noreferrer noopener\" href=\"https:\/\/buechertanz.de\/?p=2373\" target=\"_blank\"><em>&#8222;Die Hafenschwester- Als wir am die Zukunft glaubten&#8220;<\/em><\/a><\/li><li><a rel=\"noreferrer noopener\" href=\"https:\/\/buechertanz.de\/?p=2531\" target=\"_blank\">Celina Weithaas: <em>&#8222;F\u00fcnf Minuten vor Mitternacht&#8220;<\/em><\/a><\/li><li><a rel=\"noreferrer noopener\" href=\"https:\/\/buechertanz.de\/?p=2417\" target=\"_blank\">Katrin Burseg:<em> &#8222;Unter dem Schnee&#8220;<\/em><\/a><\/li><\/ul>\n<\/div><\/div>\n\n\n\n<p>_<\/p>\n\n\n\n<div class=\"wp-block-media-text alignwide\"><figure class=\"wp-block-media-text__media\"><img loading=\"lazy\" decoding=\"async\" width=\"1024\" height=\"1021\" src=\"https:\/\/buechertanz.de\/wp-content\/uploads\/2021\/10\/20210911_212417-1024x1021.jpg\" alt=\"\" class=\"wp-image-2408 size-full\" srcset=\"https:\/\/buechertanz.de\/wp-content\/uploads\/2021\/10\/20210911_212417-1024x1021.jpg 1024w, https:\/\/buechertanz.de\/wp-content\/uploads\/2021\/10\/20210911_212417-150x150.jpg 150w, https:\/\/buechertanz.de\/wp-content\/uploads\/2021\/10\/20210911_212417-300x300.jpg 300w, https:\/\/buechertanz.de\/wp-content\/uploads\/2021\/10\/20210911_212417-768x765.jpg 768w\" sizes=\"auto, (max-width: 1024px) 100vw, 1024px\" \/><\/figure><div class=\"wp-block-media-text__content\">\n<p class=\"has-drop-cap has-small-font-size\"><strong>Flohmarkt-Fund:<\/strong><br><\/p>\n\n\n\n<p><\/p>\n\n\n\n<ul class=\"has-small-font-size wp-block-list\"><li>Alena Schr\u00f6der: <em>&#8222;Junge Frau, am Fenster stehend, Abendlicht, blaues Kleid&#8220;<\/em><\/li><\/ul>\n<\/div><\/div>\n\n\n\n<p>_<\/p>\n\n\n\n<p class=\"has-drop-cap has-small-font-size\"><strong>B\u00fccher aus \u00f6ffentlichen B\u00fccherschr\u00e4nken:<\/strong><\/p>\n\n\n\n<p><\/p>\n\n\n\n<ul class=\"has-small-font-size wp-block-list\"><li>Andrea Schacht:<em> &#8222;Die S\u00fcnde aber gebiert der Tod&#8220;<\/em><\/li><li>Elke Loewe:<em> &#8222;Der Salzh\u00e4ndler&#8220;<\/em><\/li><li>Elif Shafak: <em>&#8222;Die vierzig Geheimnisse der Liebe&#8220;<\/em><\/li><li>Fritz Stiegler:<em> &#8222;Valentina&#8220;<\/em><\/li><li>Cynthia D&#8216; Aprix: <em>&#8222;Unter Freunden&#8220;<\/em><\/li><li>Benedict Wells: <em>&#8222;Spinner&#8220;<\/em><\/li><li>Sara Paborn: &#8222;<em>Meine Mutter und die Liebe&#8220;<\/em><\/li><li>Patrice Leavold: <em>&#8222;Im Schatten der Lilie&#8220;<\/em><\/li><li>Dorothy Dunnett: <em>&#8222;Niccol\u00f2s Aufstieg&#8220;<\/em><\/li><li>Stefan Zweig: <em>&#8222;Schachnovelle&#8220;<\/em><\/li><li>Katherine Webb: <em>&#8222;Das Haus der vergessenen Tr\u00e4ume&#8220;<\/em><\/li><li>Milan Kundera: <em>&#8222;Die unertr\u00e4gliche Leichtigkeit des Seins&#8220;<\/em><\/li><\/ul>\n\n\n\n<p>_<\/p>\n\n\n<div class=\"wp-block-image\">\n<figure class=\"aligncenter is-resized\"><img loading=\"lazy\" decoding=\"async\" src=\"https:\/\/buechertanz.de\/wp-content\/uploads\/2019\/03\/Blume.png\" alt=\"\" class=\"wp-image-356\" width=\"192\" height=\"222\" srcset=\"https:\/\/buechertanz.de\/wp-content\/uploads\/2019\/03\/Blume.png 264w, https:\/\/buechertanz.de\/wp-content\/uploads\/2019\/03\/Blume-260x300.png 260w\" sizes=\"auto, (max-width: 192px) 100vw, 192px\" \/><\/figure><\/div>","protected":false},"excerpt":{"rendered":"<p>Im September 2021 sind insgesamt 33 B\u00fccher\u00a0hier eingezogen:16 neue B\u00fccher, vier Rezensionsexemplare, ein Buch vom Flohmarkt und 12 B\u00fccher aus \u00f6ffentlichen B\u00fccherschr\u00e4nken.Falls es eine Rezension auf meinem Blog gibt, gelangt ihr mit einem Klick auf den Titel direkt bei der Rezension. Neue B\u00fccher: Charlotte Jacobi: &#8222;Die Patisserie am M\u00fcnsterplatz &#8211; Neuanfang&#8220; Susanne Popp: &#8222;Die Teeh\u00e4ndlerin &hellip; <a href=\"https:\/\/buechertanz.de\/?page_id=2388\" class=\"more-link\"><span class=\"screen-reader-text\">Neuzug\u00e4nge September 2021<\/span> weiterlesen<\/a><\/p>\n","protected":false},"author":2,"featured_media":0,"parent":0,"menu_order":0,"comment_status":"open","ping_status":"closed","template":"","meta":{"footnotes":""},"class_list":["post-2388","page","type-page","status-publish","hentry"],"_links":{"self":[{"href":"https:\/\/buechertanz.de\/index.php?rest_route=\/wp\/v2\/pages\/2388","targetHints":{"allow":["GET"]}}],"collection":[{"href":"https:\/\/buechertanz.de\/index.php?rest_route=\/wp\/v2\/pages"}],"about":[{"href":"https:\/\/buechertanz.de\/index.php?rest_route=\/wp\/v2\/types\/page"}],"author":[{"embeddable":true,"href":"https:\/\/buechertanz.de\/index.php?rest_route=\/wp\/v2\/users\/2"}],"replies":[{"embeddable":true,"href":"https:\/\/buechertanz.de\/index.php?rest_route=%2Fwp%2Fv2%2Fcomments&post=2388"}],"version-history":[{"count":5,"href":"https:\/\/buechertanz.de\/index.php?rest_route=\/wp\/v2\/pages\/2388\/revisions"}],"predecessor-version":[{"id":4264,"href":"https:\/\/buechertanz.de\/index.php?rest_route=\/wp\/v2\/pages\/2388\/revisions\/4264"}],"wp:attachment":[{"href":"https:\/\/buechertanz.de\/index.php?rest_route=%2Fwp%2Fv2%2Fmedia&parent=2388"}],"curies":[{"name":"wp","href":"https:\/\/api.w.org\/{rel}","templated":true}]}}