{"id":2456,"date":"2021-10-31T19:43:21","date_gmt":"2021-10-31T18:43:21","guid":{"rendered":"http:\/\/buechertanz.de\/?page_id=2456"},"modified":"2023-01-04T16:06:14","modified_gmt":"2023-01-04T15:06:14","slug":"gelesen-oktober-2021","status":"publish","type":"page","link":"https:\/\/buechertanz.de\/?page_id=2456","title":{"rendered":"Gelesen Oktober 2021"},"content":{"rendered":"\n<div class=\"wp-block-media-text alignwide\" style=\"grid-template-columns:53% auto\"><figure class=\"wp-block-media-text__media\"><img loading=\"lazy\" decoding=\"async\" width=\"951\" height=\"1024\" src=\"https:\/\/buechertanz.de\/wp-content\/uploads\/2021\/10\/10-Oktober-951x1024.jpg\" alt=\"\" class=\"wp-image-2467 size-full\" srcset=\"https:\/\/buechertanz.de\/wp-content\/uploads\/2021\/10\/10-Oktober-951x1024.jpg 951w, https:\/\/buechertanz.de\/wp-content\/uploads\/2021\/10\/10-Oktober-279x300.jpg 279w, https:\/\/buechertanz.de\/wp-content\/uploads\/2021\/10\/10-Oktober-768x827.jpg 768w, https:\/\/buechertanz.de\/wp-content\/uploads\/2021\/10\/10-Oktober.jpg 1282w\" sizes=\"auto, (max-width: 951px) 100vw, 951px\" \/><\/figure><div class=\"wp-block-media-text__content\">\n<p class=\"has-drop-cap has-small-font-size\">Hier findet ihr die B\u00fccher, die ich im <strong>Oktober 2021<\/strong> gelesen habe \u2013 insgesamt sind es f\u00fcnf B\u00fccher \u2013 und ihr bekommt einen ersten Eindruck. Die ausf\u00fchrlichen Rezensionen findet ihr, indem ihr auf den Titel klickt. Viel Spa\u00df beim St\u00f6bern!<br><br>Folgende B\u00fccher habe ich gelesen: <\/p>\n\n\n\n<ul class=\"has-small-font-size wp-block-list\"><li><em><a rel=\"noreferrer noopener\" href=\"https:\/\/buechertanz.de\/?p=2417\" target=\"_blank\">&#8222;Unter dem Schnee&#8220; <\/a><br><\/em>von Katrin Burseg<\/li><li><em><a rel=\"noreferrer noopener\" href=\"https:\/\/buechertanz.de\/?p=2427\" target=\"_blank\">&#8222;Das Marzipan-Schl\u00f6sschen&#8220;<\/a> <br><\/em>von Romy Herold<\/li><li><em><a rel=\"noreferrer noopener\" href=\"https:\/\/buechertanz.de\/?p=2438\" target=\"_blank\">&#8222;Das Kaffeehaus &#8211; Geheime W\u00fcnsche&#8220;<\/a><br><\/em>von Marie Lacrosse<\/li><li><em><a rel=\"noreferrer noopener\" href=\"https:\/\/buechertanz.de\/?p=2446\" target=\"_blank\">&#8222;Madame Exup\u00e9ry und die Sterne des Himmels&#8220;<\/a><br><\/em>von Sophie Villard<\/li><li><em>&#8222;Der kleine Prinz&#8220;<br><\/em>von Antoine de Saint-Exup\u00e9ry<br><br>Insgesamt waren es <strong>2.240 <\/strong>Seiten.<\/li><\/ul>\n<\/div><\/div>\n\n\n\n<p>_<\/p>\n\n\n\n<p class=\"has-small-font-size\"><strong><a href=\"https:\/\/buechertanz.de\/?p=2417\" target=\"_blank\" rel=\"noreferrer noopener\">&#8222;Unter dem Schnee&#8220; von Katrin Burseg<\/a><\/strong><br><strong>Erschienen am 04. Oktober 2021 im Diana-Verlag<\/strong><br><strong>ISBN: 978-3-453-29222-2<\/strong><br><br><strong>Klappentext:<br><\/strong><em>\u201eSchloss Schwanenholz, Ende Dezember 1978: F\u00fcnfzig Jahre f\u00fchrte Luise von Schwan die Baumschule auf dem Gut an der Ostsee mit strenger Hand. Nun wird die Gr\u00e4fin beerdigt. Doch als die Trauerfeier beginnt, fegt ein heftiger Schneesturm \u00fcber das Land. Bevor das Familienanwesen von der Au\u00dfenwelt abgeschnitten wird, trifft ein ungebetener Gast aus Frankreich ein. Wer ist die geheimnisvolle Frau, die behauptet, Luises Tochter zu sein? Und hat Luise tats\u00e4chlich w\u00e4hrend des Zweiten Weltkriegs Zwangsarbeiter auf dem Gut ausgebeutet? F\u00fcnf Tage, in denen die Familie mit verborgenen Wahrheiten konfrontiert wird. F\u00fcnf Tage, die das Schweigen beenden, das sich jahrzehntelang \u00fcber alles senkte wie Schnee.\u201c<\/em> <br><br><strong>Meine Meinung:<br><\/strong>Dieses Buch ist ein Highlight. Mit viel geschichtlichen Wissen und ganz wunderbar tief gezeichneten Charakteren hat Katrin Burseg ein Buch geschaffen, welches mich die Zeit vergessen lies. Ich bin v\u00f6llig in diese spannende, aber doch eher ungew\u00f6hnlichen Geschichte abgetaucht. Unbedingt lesen! <\/p>\n\n\n\n<p>_<\/p>\n\n\n\n<p class=\"has-small-font-size\"><strong><a href=\"https:\/\/buechertanz.de\/?p=2427\" target=\"_blank\" rel=\"noreferrer noopener\"> &#8222;Das Marzipan-Schl\u00f6sschen&#8220; von Romy Herold <\/a><\/strong><a href=\"https:\/\/buechertanz.de\/?p=2427\"><br><\/a><strong>Erschienen am 20. September 2021 im Blanvalet-Verlag <\/strong><br><strong>ISBN: 978-3-7341-0971-3<\/strong><br><br><strong>Klappentext:<br><\/strong><em>\u201eLieblich-s\u00fc\u00df mit zartem Mandelaroma und einem Hauch von Rosenwasser \u2013 Marzipan! Es ist aber nicht nur die k\u00f6stliche Masse mit Biss, die Dora Hoyler 1921 nach L\u00fcbeck lockt. Seit ihr Vater die Familie verschuldet in der schw\u00e4bischen Heimat zur\u00fcckgelassen hat, ist die norddeutsche Hansestadt auch Doras letzte Hoffnung auf Arbeit. Sie erh\u00e4lt eine Anstellung im S\u00fc\u00dfwarenladen ihrer Tante und lernt dort kunstvolle Kreationen aus Marzipan zu formen. Ihr Talent versetzt ganz L\u00fcbeck in Aufruhr und erregt bald auch die Aufmerksamkeit von Johann Herden, dem Erben einer bekannten Marzipan-Dynastie. Dora verliebt sich in ihn, doch das Zuhause der wohlhabenden Fabrikantenfamilie \u2013 das malerische Schl\u00f6sschen oberhalb der Trave \u2013 entpuppt sich als Hort dunkler Geheimnisse \u2026\u201c<\/em> <br><br><strong>Meine Meinung:<\/strong><br>Das Buch ist so k\u00f6stlich wie feinstes Marzipan. Einmal angefangen, kann man nur noch schwer aufh\u00f6ren und man w\u00fcnscht sich, dass es nie endet.<br>Mit authentischen Charakteren und einer spannenden Handlung hat mich dieses Buch von der ersten bis zur letzten Seite \u00fcberzeugt. Absolute Leseempfehlung! <\/p>\n\n\n\n<p>_<\/p>\n\n\n\n<p class=\"has-small-font-size\"><strong><a href=\"https:\/\/buechertanz.de\/?p=2438\" target=\"_blank\" rel=\"noreferrer noopener\">&#8222;Das Kaffeehaus &#8211; Geheime W\u00fcnsche&#8220; von Marie Lacrosse<\/a><\/strong><a href=\"https:\/\/buechertanz.de\/?p=2438\"><br><\/a><strong>Erschienen am 11. Oktober 2021 im Goldmann-Verlag<\/strong><br><strong>ISBN: 978-3-442-20619-3<\/strong><br><br><strong>Klappentext:<br><\/strong><em>\u201eNach dem Tod ihres Onkels leitet Sophie das Kaffeehaus Prinzess mit gro\u00dfem Erfolg. Es wird schon bald zum Treffpunkt der Wiener Kulturboh\u00e8me. Doch dann gef\u00e4hrdet ein unbekannter Saboteur das Kaffeehaus. Privat k\u00f6nnte Sophies Schicksal jedoch zum Positiven wenden. Denn ihre gro\u00dfe Liebe Richard sucht verzweifelt nach einer M\u00f6glichkeit, Sophie wieder nahe zu kommen ..\u201c<\/em> <br><br><strong>Meine Meinung:<br><\/strong>Fazit: Marie Lacrosse hat mit diesem dritten ein Teil ein grandioses Finale vorgelegt. Auf keiner Seite kam Langeweile auf und ich habe eine Menge dazugelernt. Meiner Meinung nach ist es der unterhaltsamste, aber auch intensivste Teil der Reihe.<br>Als diese Reihe vor zwei Jahren angek\u00fcndigt wurde, schrieb ich der Autorin, dass ich ein freudiges Kribbeln in den Fingerspitzen versp\u00fcre, da ich mich sehr auf die Geschichte freute. Jetzt ist die Reihe beendet und ich wurde nicht entt\u00e4uscht. Eine Buchreihe, die immer einen besonderen Platz in meinem Herzen einnehmen wird und auch die Charaktere werde ich nie vergessen. <\/p>\n\n\n\n<p>_<\/p>\n\n\n\n<p class=\"has-small-font-size\"><strong><a href=\"https:\/\/buechertanz.de\/?p=2446\" target=\"_blank\" rel=\"noreferrer noopener\">&#8222;Madame Exup\u00e9ry und die Sterne des Himmels&#8220; von Sophie Villard<\/a><\/strong><a href=\"https:\/\/buechertanz.de\/?p=2446\"><br><\/a><strong>Erschienen am 13. September 2021 im Penguin-Verlag<\/strong><br><strong>ISBN: 978-3-328-10686-9<\/strong> <br><br><strong>Klappentext:<\/strong><br>\u201e<em>Paris 1930: Als die junge Malerin Consuelo auf einer Party Antoine de Saint-Exup\u00e9ry kennenlernt, ist es Liebe auf den ersten Blick. Die temperamentvolle Mittelamerikanerin wird zur Muse des enigmatischen Piloten, der eigentlich viel lieber Schreiben und Zeichnen m\u00f6chte. Aus seinen unsterblichen Gef\u00fchlen f\u00fcr sie entsteht \u00bbDer kleine Prinz\u00ab: Consuelo ist die \u00fcber alles geliebte Rose, die der Prinz mit einer Glasglocke sch\u00fctzen m\u00f6chte und an die er unentwegt denkt, auf welche fremden Planeten ihn seine Reisen auch f\u00fchren. Das Buch macht Antoine in der ganzen Welt bekannt, doch das wahre Leben an seiner Seite ist alles andere als leicht. Consuelo k\u00e4mpft mit seiner Untreue und daf\u00fcr, als K\u00fcnstlerin endlich aus dem Schatten ihres ber\u00fchmten Mannes zu treten \u2013 bis Antoine 1944 zu einem schicksalhaften Aufkl\u00e4rungsflug \u00fcber das Mittelmeer aufbricht\u2026\u201c<\/em> <br><br><strong>Meine Meinung:<br><\/strong>Das Buch \u201eMadame Exup\u00e9ry und die Sterne des Himmels\u201c von Sophie Villard habe ich immer wieder gerne in die H\u00e4nde genommen und es hat mich gut unterhalten. Consuelos Geschichte werde ich so schnell nicht mehr vergessen.<br>Ein Tipp f\u00fcr alle, die Antoine de Saint-Exup\u00e9ry und seine Frau Consuelo privat kennenlernen m\u00f6chten und die Geschichte hinter dem Buch \u201eDer kleine Prinz\u201c erfahren und erleben m\u00f6chten. Top! <\/p>\n\n\n\n<p>_<\/p>\n\n\n\n<p class=\"has-small-font-size\"><strong> &#8222;Der kleine Prinz&#8220; von Antoine de Saint-Exup\u00e9ry <\/strong><br><strong>Erschienen am 07. Februar 2015 im Anaconda-Verlag<br>ISBN: 978-3730602294<\/strong> <br><br><strong>Klappentext:<br><em>&#8222;<\/em><\/strong><em>Als der Berufspilot und Schriftsteller Antoine de Saint-Exup\u00e9ry im Jahr 1943 seinen \u2018Kleinen Prinzen\u2019 erfand, konnte er nicht ahnen, welch gewaltiger Welterfolg sein B\u00fcchlein werden sollte. Die philosophisch-poetische Geschichte vom kleinen Prinzen, der auf der Suche nach Freunden allerlei seltsame Planeten bereist, \u00fcbt ungebrochene Faszination aus. Das moderne M\u00e4rchen ber\u00fchrt mit seinem Pl\u00e4doyer f\u00fcr Menschlichkeit Leserinnen und Leser jeden Alters und wurde vom Autor selbst mit Illustrationen versehen.&#8220;<\/em><br><br><strong>Meine Meinung:<br><\/strong>Ein Buch, welches man nie wieder vergisst. 96 Seiten, hier hat jedes Wort, jeder Satz seinen richtigen Platz.  Wundersch\u00f6n!<\/p>\n\n\n\n<p>_<\/p>\n\n\n<div class=\"wp-block-image\">\n<figure class=\"aligncenter is-resized\"><img loading=\"lazy\" decoding=\"async\" src=\"https:\/\/buechertanz.de\/wp-content\/uploads\/2019\/03\/Blume-4.png\" alt=\"\" class=\"wp-image-366\" width=\"227\" height=\"262\" srcset=\"https:\/\/buechertanz.de\/wp-content\/uploads\/2019\/03\/Blume-4.png 264w, https:\/\/buechertanz.de\/wp-content\/uploads\/2019\/03\/Blume-4-260x300.png 260w\" sizes=\"auto, (max-width: 227px) 100vw, 227px\" \/><\/figure><\/div>","protected":false},"excerpt":{"rendered":"<p>Hier findet ihr die B\u00fccher, die ich im Oktober 2021 gelesen habe \u2013 insgesamt sind es f\u00fcnf B\u00fccher \u2013 und ihr bekommt einen ersten Eindruck. Die ausf\u00fchrlichen Rezensionen findet ihr, indem ihr auf den Titel klickt. Viel Spa\u00df beim St\u00f6bern! Folgende B\u00fccher habe ich gelesen: &#8222;Unter dem Schnee&#8220; von Katrin Burseg &#8222;Das Marzipan-Schl\u00f6sschen&#8220; von Romy &hellip; <a href=\"https:\/\/buechertanz.de\/?page_id=2456\" class=\"more-link\"><span class=\"screen-reader-text\">Gelesen Oktober 2021<\/span> weiterlesen<\/a><\/p>\n","protected":false},"author":2,"featured_media":0,"parent":0,"menu_order":0,"comment_status":"open","ping_status":"closed","template":"","meta":{"footnotes":""},"class_list":["post-2456","page","type-page","status-publish","hentry"],"_links":{"self":[{"href":"https:\/\/buechertanz.de\/index.php?rest_route=\/wp\/v2\/pages\/2456","targetHints":{"allow":["GET"]}}],"collection":[{"href":"https:\/\/buechertanz.de\/index.php?rest_route=\/wp\/v2\/pages"}],"about":[{"href":"https:\/\/buechertanz.de\/index.php?rest_route=\/wp\/v2\/types\/page"}],"author":[{"embeddable":true,"href":"https:\/\/buechertanz.de\/index.php?rest_route=\/wp\/v2\/users\/2"}],"replies":[{"embeddable":true,"href":"https:\/\/buechertanz.de\/index.php?rest_route=%2Fwp%2Fv2%2Fcomments&post=2456"}],"version-history":[{"count":5,"href":"https:\/\/buechertanz.de\/index.php?rest_route=\/wp\/v2\/pages\/2456\/revisions"}],"predecessor-version":[{"id":4310,"href":"https:\/\/buechertanz.de\/index.php?rest_route=\/wp\/v2\/pages\/2456\/revisions\/4310"}],"wp:attachment":[{"href":"https:\/\/buechertanz.de\/index.php?rest_route=%2Fwp%2Fv2%2Fmedia&parent=2456"}],"curies":[{"name":"wp","href":"https:\/\/api.w.org\/{rel}","templated":true}]}}