{"id":2457,"date":"2021-10-31T19:43:21","date_gmt":"2021-10-31T18:43:21","guid":{"rendered":"http:\/\/buechertanz.de\/?page_id=2457"},"modified":"2023-01-04T14:44:49","modified_gmt":"2023-01-04T13:44:49","slug":"neuzugaenge-oktober-2021","status":"publish","type":"page","link":"https:\/\/buechertanz.de\/?page_id=2457","title":{"rendered":"Neuzug\u00e4nge Oktober 2021"},"content":{"rendered":"\n<p class=\"has-drop-cap has-small-font-size\">Im <strong>Oktober 2021<\/strong>\u00a0sind insgesamt\u00a0<strong>36 B\u00fccher<\/strong>\u00a0hier eingezogen:<br>14 neue B\u00fccher, f\u00fcnf Rezensionsexemplare, zw\u00f6lf B\u00fccher vom Flohmarkt, vier B\u00fccher aus \u00f6ffentlichen B\u00fccherschr\u00e4nken und ein Buch von einem Gewinnspiel auf Facebook.<br>Falls es eine Rezension auf meinem Blog gibt, gelangt ihr mit einem Klick auf den Titel direkt bei der Rezension. <\/p>\n\n\n\n<div class=\"wp-block-media-text alignwide\"><figure class=\"wp-block-media-text__media\"><img loading=\"lazy\" decoding=\"async\" width=\"1024\" height=\"1021\" src=\"https:\/\/buechertanz.de\/wp-content\/uploads\/2021\/10\/10-neu-1024x1021.jpg\" alt=\"\" class=\"wp-image-2472 size-full\" srcset=\"https:\/\/buechertanz.de\/wp-content\/uploads\/2021\/10\/10-neu-1024x1021.jpg 1024w, https:\/\/buechertanz.de\/wp-content\/uploads\/2021\/10\/10-neu-150x150.jpg 150w, https:\/\/buechertanz.de\/wp-content\/uploads\/2021\/10\/10-neu-300x300.jpg 300w, https:\/\/buechertanz.de\/wp-content\/uploads\/2021\/10\/10-neu-768x766.jpg 768w, https:\/\/buechertanz.de\/wp-content\/uploads\/2021\/10\/10-neu.jpg 1353w\" sizes=\"auto, (max-width: 1024px) 100vw, 1024px\" \/><\/figure><div class=\"wp-block-media-text__content\">\n<p class=\"has-drop-cap has-small-font-size\"><strong>Neue, &#8218;frische&#8216; B\u00fccher:<\/strong><br><br><\/p>\n\n\n\n<p><\/p>\n\n\n\n<ul class=\"has-small-font-size wp-block-list\"><li>Martha Sophie Marcus: <em>&#8222;Der Glanz der Novemberrosen&#8220;<\/em><\/li><li>Claudia Ley: <em>&#8222;Bevor der Sturm begann&#8220;<\/em><\/li><li>Ralf G\u00fcnther: &#8222;<em>Arzt der Hoffnung&#8220;<\/em><\/li><li>Ren\u00e9 Anour: <em>&#8222;Die Toten\u00e4rztin &#8211; Goldene Rache&#8220;<\/em><\/li><li>Helene Sommerfeld: <em>&#8222;Polizei\u00e4rztin Magda Fuchs &#8211; Das Leben ein gro\u00dfer Rausch&#8220;<\/em><\/li><li>Carlos Ruiz Zafon:<em> &#8222;Der Schatten des Windes&#8220;<\/em><\/li><li>Nina George: <em>&#8222;Das Traumhaus&#8220;<\/em><\/li><li>Helene Sommerfeld:<em>&#8222;Die \u00c4rztin &#8211; Gesundheitstipps aus Kaisers Zeiten&#8220;<\/em><\/li><li>Clara Langenbach: <em>&#8222;Die Senfbl\u00fctensaga &#8211; Wege des Schicksals&#8220;<\/em><\/li><li>Lea Kampe: <em>&#8222;Der Engel von Warschau&#8220;<\/em><\/li><li>Eva-Maria Bast: <em>&#8222;Die vergessene Prinzessin&#8220;<\/em><\/li><li>Alexandra Cedrino: <em>&#8222;Die Galerie am Potsdamer Platz&#8220;<\/em><\/li><li>Juan Francisco Ferr\u00e1ndiz:<em> &#8222;Die Kathedrale des Himmels&#8220;<\/em><\/li><\/ul>\n<\/div><\/div>\n\n\n\n<p>_<\/p>\n\n\n\n<div class=\"wp-block-media-text alignwide has-media-on-the-right\"><figure class=\"wp-block-media-text__media\"><img loading=\"lazy\" decoding=\"async\" width=\"929\" height=\"1024\" src=\"https:\/\/buechertanz.de\/wp-content\/uploads\/2021\/10\/10-Rezis-929x1024.jpg\" alt=\"\" class=\"wp-image-2474 size-full\" srcset=\"https:\/\/buechertanz.de\/wp-content\/uploads\/2021\/10\/10-Rezis-929x1024.jpg 929w, https:\/\/buechertanz.de\/wp-content\/uploads\/2021\/10\/10-Rezis-272x300.jpg 272w, https:\/\/buechertanz.de\/wp-content\/uploads\/2021\/10\/10-Rezis-768x846.jpg 768w, https:\/\/buechertanz.de\/wp-content\/uploads\/2021\/10\/10-Rezis.jpg 1355w\" sizes=\"auto, (max-width: 929px) 100vw, 929px\" \/><\/figure><div class=\"wp-block-media-text__content\">\n<p class=\"has-drop-cap has-small-font-size\"><strong>Rezensionsexemplare:<\/strong><br><\/p>\n\n\n\n<p><\/p>\n\n\n\n<ul class=\"has-small-font-size wp-block-list\"><li>Romy Herold: <a rel=\"noreferrer noopener\" href=\"https:\/\/buechertanz.de\/?p=2427\" target=\"_blank\"><em>&#8222;Das Marzipan-Schl\u00f6sschen&#8220;<\/em><\/a><\/li><li>Marie Lacrosse: <a rel=\"noreferrer noopener\" href=\"https:\/\/buechertanz.de\/?p=2438\" target=\"_blank\"><em>&#8222;Das Kaffeehaus &#8211; Geheime W\u00fcnsche&#8220;<\/em><\/a><\/li><li>Sophie Villard: <a rel=\"noreferrer noopener\" href=\"https:\/\/buechertanz.de\/?p=2446\" target=\"_blank\"><em>&#8222;Madame Exup\u00e9ry und die Sterne des Himmels&#8220;<\/em><\/a><\/li><li>Peter Prange:<em> <a rel=\"noreferrer noopener\" href=\"https:\/\/buechertanz.de\/?p=2495\" target=\"_blank\">&#8222;Der Traumpalast &#8211; Im Bann der Bilder&#8220;<\/a><\/em><\/li><li>Maria Nikolai: <a rel=\"noreferrer noopener\" href=\"https:\/\/buechertanz.de\/?p=2486\" target=\"_blank\"><em>&#8222;Die Bodensee-Saga &#8211; T\u00f6chter der Hoffnung&#8220;<\/em><\/a><\/li><\/ul>\n<\/div><\/div>\n\n\n\n<p>_<\/p>\n\n\n\n<div class=\"wp-block-media-text alignwide\"><figure class=\"wp-block-media-text__media\"><img loading=\"lazy\" decoding=\"async\" width=\"1024\" height=\"1024\" src=\"https:\/\/buechertanz.de\/wp-content\/uploads\/2021\/10\/10-Flohmarkt-1024x1024.jpg\" alt=\"\" class=\"wp-image-2475 size-full\" srcset=\"https:\/\/buechertanz.de\/wp-content\/uploads\/2021\/10\/10-Flohmarkt-1024x1024.jpg 1024w, https:\/\/buechertanz.de\/wp-content\/uploads\/2021\/10\/10-Flohmarkt-150x150.jpg 150w, https:\/\/buechertanz.de\/wp-content\/uploads\/2021\/10\/10-Flohmarkt-300x300.jpg 300w, https:\/\/buechertanz.de\/wp-content\/uploads\/2021\/10\/10-Flohmarkt-768x767.jpg 768w, https:\/\/buechertanz.de\/wp-content\/uploads\/2021\/10\/10-Flohmarkt.jpg 1323w\" sizes=\"auto, (max-width: 1024px) 100vw, 1024px\" \/><\/figure><div class=\"wp-block-media-text__content\">\n<p class=\"has-drop-cap has-small-font-size\"><strong> Flohmarkt-Funde:<\/strong><\/p>\n\n\n\n<p><\/p>\n\n\n\n<ul class=\"has-small-font-size wp-block-list\"><li>Claudia Gross:<em> &#8222;Deutschland 1925 &#8211; Annas Reise&#8220;<\/em><\/li><li>Charlotte Lyne: <em>&#8222;Glencoe&#8220;<\/em><\/li><li>Ulrike Renk:<em> &#8222;Das Schicksal einer Familie &#8211; Tage des Lichts&#8220;<\/em><\/li><li>Carlos Ruiz Z\u00e1fon: <em>&#8222;Der Gefangene des Himmels&#8220;<\/em><\/li><li>Maxim Wahl: <em>&#8222;Das Savoy &#8211; Aufbruch einer Familie&#8220;<\/em><\/li><li>Marie Lamballe: <em>&#8222;Der Leuchtturm auf den Klippen&#8220;<\/em><\/li><li><em>Heidi Knoblich: <\/em>&#8222;Winter\u00e4pfel&#8220;<\/li><li>Inge Barth-Gr\u00f6zinger: <em>&#8222;Wildbl\u00fctenzeit&#8220;<\/em><\/li><li>Hans-Hendrik von K\u00f6ller: <em>&#8222;Jakob der Fl\u00f6\u00dfer&#8220;<\/em><\/li><li>Petra Grill:<em> &#8222;Oktoberfest 1900 &#8211; Tr\u00e4ume und Wagnis&#8220;<\/em><\/li><li>Elena Ferrante:<em> &#8222;Das l\u00fcgenhafte Leben der Erwachsenen&#8220;<\/em><\/li><li>C.J. Sansom: <em>&#8222;Pforte der Verdammnis&#8220;<\/em><\/li><\/ul>\n<\/div><\/div>\n\n\n\n<p>_<\/p>\n\n\n\n<div class=\"wp-block-media-text alignwide has-media-on-the-right\"><figure class=\"wp-block-media-text__media\"><img loading=\"lazy\" decoding=\"async\" width=\"964\" height=\"1024\" src=\"https:\/\/buechertanz.de\/wp-content\/uploads\/2021\/10\/10-B\u00fccherschrank-964x1024.jpg\" alt=\"\" class=\"wp-image-2476 size-full\" srcset=\"https:\/\/buechertanz.de\/wp-content\/uploads\/2021\/10\/10-B\u00fccherschrank-964x1024.jpg 964w, https:\/\/buechertanz.de\/wp-content\/uploads\/2021\/10\/10-B\u00fccherschrank-282x300.jpg 282w, https:\/\/buechertanz.de\/wp-content\/uploads\/2021\/10\/10-B\u00fccherschrank-768x816.jpg 768w, https:\/\/buechertanz.de\/wp-content\/uploads\/2021\/10\/10-B\u00fccherschrank.jpg 1365w\" sizes=\"auto, (max-width: 964px) 100vw, 964px\" \/><\/figure><div class=\"wp-block-media-text__content\">\n<p class=\"has-drop-cap has-small-font-size\"><strong>B\u00fccher aus \u00f6ffentlichen B\u00fccherschr\u00e4nken:<\/strong><br><\/p>\n\n\n\n<p><\/p>\n\n\n\n<ul class=\"has-small-font-size wp-block-list\"><li>Julie Cohen:<em> &#8222;Das geheime Gl\u00fcck&#8220;<\/em><\/li><li>Nikola Hahn: <em>&#8222;Die Detektivin&#8220;<\/em><\/li><li>Pep Bras: <em>&#8222;Das M\u00e4dchen, das nach den Sternen greift&#8220;<\/em><\/li><li>Charlotte Bronte:<em> &#8222;Jane Eyre&#8220;<\/em><\/li><\/ul>\n<\/div><\/div>\n\n\n\n<p>_<\/p>\n\n\n\n<div class=\"wp-block-media-text alignwide\"><figure class=\"wp-block-media-text__media\"><img loading=\"lazy\" decoding=\"async\" width=\"887\" height=\"1024\" src=\"https:\/\/buechertanz.de\/wp-content\/uploads\/2021\/10\/10-Gewinnspiel-887x1024.jpg\" alt=\"\" class=\"wp-image-2477 size-full\" srcset=\"https:\/\/buechertanz.de\/wp-content\/uploads\/2021\/10\/10-Gewinnspiel-887x1024.jpg 887w, https:\/\/buechertanz.de\/wp-content\/uploads\/2021\/10\/10-Gewinnspiel-260x300.jpg 260w, https:\/\/buechertanz.de\/wp-content\/uploads\/2021\/10\/10-Gewinnspiel-768x887.jpg 768w, https:\/\/buechertanz.de\/wp-content\/uploads\/2021\/10\/10-Gewinnspiel.jpg 1386w\" sizes=\"auto, (max-width: 887px) 100vw, 887px\" \/><\/figure><div class=\"wp-block-media-text__content\">\n<p class=\"has-drop-cap has-small-font-size\"><strong>Buch aus einem Gewinnspiel:<br><\/strong><\/p>\n\n\n\n<p><\/p>\n\n\n\n<ul class=\"has-small-font-size wp-block-list\"><li>Petra Durst-Benning:<em> &#8222;Die Fotografin &#8211; Die Welt von morgen&#8220;<\/em><\/li><\/ul>\n<\/div><\/div>\n\n\n\n<p>_<\/p>\n\n\n<div class=\"wp-block-image\">\n<figure class=\"aligncenter is-resized\"><img loading=\"lazy\" decoding=\"async\" src=\"https:\/\/buechertanz.de\/wp-content\/uploads\/2019\/03\/Blume.png\" alt=\"\" class=\"wp-image-356\" width=\"224\" height=\"259\" srcset=\"https:\/\/buechertanz.de\/wp-content\/uploads\/2019\/03\/Blume.png 264w, https:\/\/buechertanz.de\/wp-content\/uploads\/2019\/03\/Blume-260x300.png 260w\" sizes=\"auto, (max-width: 224px) 100vw, 224px\" \/><\/figure><\/div>","protected":false},"excerpt":{"rendered":"<p>Im Oktober 2021\u00a0sind insgesamt\u00a036 B\u00fccher\u00a0hier eingezogen:14 neue B\u00fccher, f\u00fcnf Rezensionsexemplare, zw\u00f6lf B\u00fccher vom Flohmarkt, vier B\u00fccher aus \u00f6ffentlichen B\u00fccherschr\u00e4nken und ein Buch von einem Gewinnspiel auf Facebook.Falls es eine Rezension auf meinem Blog gibt, gelangt ihr mit einem Klick auf den Titel direkt bei der Rezension. Neue, &#8218;frische&#8216; B\u00fccher: Martha Sophie Marcus: &#8222;Der Glanz der &hellip; <a href=\"https:\/\/buechertanz.de\/?page_id=2457\" class=\"more-link\"><span class=\"screen-reader-text\">Neuzug\u00e4nge Oktober 2021<\/span> weiterlesen<\/a><\/p>\n","protected":false},"author":2,"featured_media":0,"parent":0,"menu_order":0,"comment_status":"open","ping_status":"closed","template":"","meta":{"footnotes":""},"class_list":["post-2457","page","type-page","status-publish","hentry"],"_links":{"self":[{"href":"https:\/\/buechertanz.de\/index.php?rest_route=\/wp\/v2\/pages\/2457","targetHints":{"allow":["GET"]}}],"collection":[{"href":"https:\/\/buechertanz.de\/index.php?rest_route=\/wp\/v2\/pages"}],"about":[{"href":"https:\/\/buechertanz.de\/index.php?rest_route=\/wp\/v2\/types\/page"}],"author":[{"embeddable":true,"href":"https:\/\/buechertanz.de\/index.php?rest_route=\/wp\/v2\/users\/2"}],"replies":[{"embeddable":true,"href":"https:\/\/buechertanz.de\/index.php?rest_route=%2Fwp%2Fv2%2Fcomments&post=2457"}],"version-history":[{"count":8,"href":"https:\/\/buechertanz.de\/index.php?rest_route=\/wp\/v2\/pages\/2457\/revisions"}],"predecessor-version":[{"id":4269,"href":"https:\/\/buechertanz.de\/index.php?rest_route=\/wp\/v2\/pages\/2457\/revisions\/4269"}],"wp:attachment":[{"href":"https:\/\/buechertanz.de\/index.php?rest_route=%2Fwp%2Fv2%2Fmedia&parent=2457"}],"curies":[{"name":"wp","href":"https:\/\/api.w.org\/{rel}","templated":true}]}}