{"id":2552,"date":"2021-11-29T22:34:17","date_gmt":"2021-11-29T21:34:17","guid":{"rendered":"http:\/\/buechertanz.de\/?page_id=2552"},"modified":"2023-01-04T16:07:56","modified_gmt":"2023-01-04T15:07:56","slug":"gelesen-november-2021","status":"publish","type":"page","link":"https:\/\/buechertanz.de\/?page_id=2552","title":{"rendered":"Gelesen November 2021"},"content":{"rendered":"\n<div class=\"wp-block-media-text alignwide\" style=\"grid-template-columns:53% auto\"><figure class=\"wp-block-media-text__media\"><img loading=\"lazy\" decoding=\"async\" width=\"750\" height=\"750\" src=\"https:\/\/buechertanz.de\/wp-content\/uploads\/2021\/11\/11-November.jpg\" alt=\"\" class=\"wp-image-2569 size-full\" srcset=\"https:\/\/buechertanz.de\/wp-content\/uploads\/2021\/11\/11-November.jpg 750w, https:\/\/buechertanz.de\/wp-content\/uploads\/2021\/11\/11-November-150x150.jpg 150w, https:\/\/buechertanz.de\/wp-content\/uploads\/2021\/11\/11-November-300x300.jpg 300w\" sizes=\"auto, (max-width: 750px) 100vw, 750px\" \/><\/figure><div class=\"wp-block-media-text__content\">\n<p class=\"has-drop-cap has-small-font-size\">Hier findet ihr die B\u00fccher, die ich im <strong>November 2021<\/strong> gelesen habe \u2013 insgesamt sind es sechs B\u00fccher \u2013 und ihr bekommt einen ersten Eindruck. Die ausf\u00fchrlichen Rezensionen findet ihr, indem ihr auf den Titel klickt. Viel Spa\u00df beim St\u00f6bern!<br><br>Folgende B\u00fccher habe ich gelesen: <\/p>\n\n\n\n<ul class=\"has-small-font-size wp-block-list\"><li><em><a rel=\"noreferrer noopener\" href=\"https:\/\/buechertanz.de\/?p=2486\" target=\"_blank\">&#8222;Die Bodensee-Saga &#8211; T\u00f6chter der Hoffnung&#8220;<\/a><br><\/em>von Maria Nikolai<\/li><li><em><a rel=\"noreferrer noopener\" href=\"https:\/\/buechertanz.de\/?p=2495\" target=\"_blank\">&#8222;Der Traumpalast &#8211; Im Bann der Bilder&#8220;<\/a><br><\/em>von Peter Prange<\/li><li><em><a rel=\"noreferrer noopener\" href=\"https:\/\/buechertanz.de\/?p=2505\" target=\"_blank\">&#8222;Fr\u00e4ulein Gold &#8211; Die Stunde der Frauen&#8220;<\/a><br><\/em>von Anne Stern<\/li><li><a rel=\"noreferrer noopener\" href=\"https:\/\/buechertanz.de\/?p=2512\" target=\"_blank\"><em> &#8222;Dallmayr &#8211; Der Traum vom sch\u00f6nen Leben&#8220;<\/em><\/a><br>von Lisa Graf<\/li><li><em><a rel=\"noreferrer noopener\" href=\"https:\/\/buechertanz.de\/?p=2531\" target=\"_blank\">&#8222;F\u00fcnf Minuten vor Mitternacht&#8220;<\/a><br><\/em>von Celina Weithaas<\/li><li><em><a rel=\"noreferrer noopener\" href=\"https:\/\/buechertanz.de\/?p=2541\" target=\"_blank\">&#8222;Die Mission des Kreuzritters&#8220;<\/a><br><\/em>von Ulf Schiewe<br><br>Insgesamt waren es <strong>3.525 <\/strong>Seiten. <\/li><\/ul>\n<\/div><\/div>\n\n\n\n<p>_<\/p>\n\n\n\n<p class=\"has-small-font-size\"><strong><a href=\"https:\/\/buechertanz.de\/?p=2486\" target=\"_blank\" rel=\"noreferrer noopener\">&#8222;Die Bodensee-Saga &#8211; T\u00f6chter der Hoffnung&#8220; von Maria Nikolai<\/a><\/strong><a href=\"https:\/\/buechertanz.de\/?p=2486\"> <\/a><br><strong>Erschienen am 25. Oktober 2021 im Penguin-Verlag<\/strong><br><strong>ISBN: 978-3-328-10794-1<\/strong> <br><br><strong>Klappentext:<br><\/strong>\u201e<em>Meersburg, 1917: Ein romantisches altes Gasthaus am Ufer des Bodensees, umgeben von einem bl\u00fchenden Garten \u2013 f\u00fcr Helena Lindner und ihre Schwestern ist der Lindenhof ein Ort voller idyllischer Kindheitserinnerungen. Doch drei Jahre Krieg haben ihre Spuren hinterlassen. Die G\u00e4stezimmer stehen leer, Vater Gustav ist an der Front, und Mutter Elisabeth regiert mit eiserner Hand. Trotz der schweren Zeit l\u00e4sst Helena der Traum nicht los, den Ort ihrer Kindheit zu neuem Leben zu erwecken und zu einem Grandhotel auszubauen. Als ein junger Adliger sich im Lindenhof einmietet, erwacht in ihr neuer Mut. Den sch\u00f6nen Fremden umgibt eine faszinierende Aura, aber sein Gesicht tr\u00e4gt tiefe Narben. W\u00e4hrend sich die beiden n\u00e4herkommen, entdecken sie Gemeinsamkeiten, die tief in Helenas Vergangenheit f\u00fchren \u2026\u201c<\/em> <br><br><strong>Meine Meinung:<br><\/strong>Nach der wundervollen &#8222;Schokoladen-Trilogie&#8220; von Maria Nikolai hatte ich hohe Erwartungen an die neue Reihe &#8211; und wurde nicht entt\u00e4uscht.  Hier ist alles drin, was mein Leserherz begehrt: Historie, Liebe, Spannung und Intrigen.  <\/p>\n\n\n\n<p>_<\/p>\n\n\n\n<p class=\"has-small-font-size\"><strong><a href=\"https:\/\/buechertanz.de\/?p=2495\" target=\"_blank\" rel=\"noreferrer noopener\"> &#8222;Der Traumpalast &#8211; Im Bann der Bilder&#8220; von Peter Prange <\/a><\/strong><a href=\"https:\/\/buechertanz.de\/?p=2495\"><br><\/a><strong>Erschienen am 13. Oktober 2021 im Fischer-Scherz-Verlag<\/strong><br><strong>ISBN: 978-3-651-02578-3<\/strong> <br><br><strong>Klappentext:<br><\/strong><em>\u201eBerlin, Anfang der zwanziger Jahre: Ein neues Lebensgef\u00fchl bricht sich Bahn \u2013 Freiheit! Es ist die Vision von glanzvollen Stars, spektakul\u00e4ren Gro\u00dffilmen und glitzernden Kinopal\u00e4sten, die Tino, Bankier und Lebemann, an der gerade gegr\u00fcndeten Ufa begeistert. Er riskiert alles, um mit der deutschen Traumfabrik Hollywood Paroli zu bieten. Rahel will als Journalistin Wege gehen, die Frauen bisher verschlossen waren. Als die zwei einander begegnen, ahnen sie nicht, welche Wende ihr Leben dadurch nimmt. Denn bald stellt sich ihnen die alles entscheidende Frage: Wie weit darf Freiheit gehen? In der Politik, in der Kunst \u2013 und in der Liebe.\u201c<\/em> <br><br><strong>Meine Meinung:<\/strong><br>Spannend, emotional, ber\u00fchrend, lehrreich und kein bisschen langweilig. Ein filmreifes Buch und ein absolutes Highlight am Himmel des Historischen Romans. Die \u00fcber 800 Seiten flogen nur so dahin und ich freue mich schon so sehr auf den zweiten Teil, welcher im Herbst 2022 erscheint. <\/p>\n\n\n\n<p>_<\/p>\n\n\n\n<p class=\"has-small-font-size\"><strong><a href=\"https:\/\/buechertanz.de\/?p=2505\" target=\"_blank\" rel=\"noreferrer noopener\">&#8222;Fr\u00e4ulein Gold &#8211; Die Stunde der Frauen&#8220; von Anne Stern <\/a><\/strong><br><strong>Erschienen am 16. November 2021 im Rowohlt-Verlag<\/strong><br><strong>ISBN: 978-3-499-00652-4<\/strong> <br> <br><strong>Klappentext:<\/strong><br>\u201e<em>Berlin, 1925: Hulda Gold ist in der Frauenklinik in Berlin-Mitte zur leitenden Hebamme aufgestiegen. Gegen die \u00dcbermacht der m\u00e4nnlichen \u00c4rzte k\u00e4mpft sie f\u00fcr das Wohlergehen der Schwangeren. Nur zu dem jungen Arzt Johann Wenckow hat sie gro\u00dfes Vertrauen. Zwischen ihnen entsteht ein zartes Band \u2013 obwohl er aus der wohlhabenden Villengegend Frohnau stammt und seine Eltern nicht gerade begeistert sind von der Verbindung ihres vielversprechenden Sohns mit der unabh\u00e4ngigen, starrsinnigen Hebamme. Hulda selbst f\u00fchlt sich zwischen den Welten hin- und hergerissen. Zum einen ist da das quirlige Viertel in Sch\u00f6neberg, wo sie immer noch \u00abFr\u00e4ulein Hulda\u00bb ist, zum anderen die reiche Villenkolonie an der Havel mit all ihren Erwartungen und ihrer strengen Etikette. Aber wo Glanz ist, ist auch Schatten. Und schon bald merkt Hulda, dass ein Leben wenig z\u00e4hlt, wenn es darum geht, die Traditionen aufrechtzuerhalten.\u201c<\/em> <br><br><strong>Meine Meinung:<br><\/strong>\u201eFr\u00e4ulein Gold \u2013 Die St\u00e4rke der Frauen\u201c ist meiner Meinung nach der st\u00e4rkste und emotionalste Teil der Reihe um Hulda Gold. Mit einer spannenden Handlung, einer starken, doch innerlich zerrissenen Hauptfigur und einer wunderbar kraftvollen Sprache hat mich Anne Stern wieder restlos begeistert. <\/p>\n\n\n\n<p>_<\/p>\n\n\n\n<p class=\"has-small-font-size\"><strong><a href=\"https:\/\/buechertanz.de\/?p=2512\" target=\"_blank\" rel=\"noreferrer noopener\">&#8222;Dallmayr &#8211; Der Traum vom sch\u00f6nen Leben&#8220; von Lisa Graf <\/a><\/strong><a href=\"https:\/\/buechertanz.de\/?p=2512\"><br><\/a><strong>Erschienen am 09. November 2021 im Penguin-Verlag<\/strong><br><strong>ISBN: 978-3-328-60204-0<\/strong> <br><br><strong>Klappentext:<br><\/strong><em>\u201eM\u00fcnchen 1897. Anton und Therese Randlkofer f\u00fchren den beliebten Feinkostladen Dallmayr in der Dienerstra\u00dfe. W\u00e4hrend die Gutsituierten erlesene Pralinen, honigs\u00fc\u00dfe Fr\u00fcchte und exquisiten Kaffee probieren, tr\u00e4umen vor den prachtvoll dekorierten Schaufenstern die einfachen B\u00fcrger vom sch\u00f6nen Leben. Ein jeder m\u00f6chte Kunde im Dallmayr sein. Doch dem glanzvollen Aufstieg des Familienunternehmens droht ein j\u00e4hes Ende, als Patriarch Anton ganz unerwartet verstirbt. Schon wenige Tage sp\u00e4ter beginnt sein Bruder Max zu intrigieren, um das florierende Gesch\u00e4ft unrechtm\u00e4\u00dfig an sich zu rei\u00dfen. Entschlossen, ihm das Feld nicht kampflos zu \u00fcberlassen, setzt sich Therese an die Spitze des Unternehmens. Noch wei\u00df sie nicht, dass auch in den eigenen vier W\u00e4nden Geheimnisse lauern \u2026\u201c<\/em> <br><br><strong>Meine Meinung:<\/strong><br>Ein Buch, von dem ich einfach nur froh bin, dass ich es gelesen habe. Ein wundersch\u00f6ner, lesenswerter und stimmiger Auftakt zu einer Reihe, bei dem ich w\u00e4hrend des Lesens v\u00f6llig die Zeit und alles um mich herum vergessen habe und in dem ich mich rundum wohl gef\u00fchlt habe. Unbedingt lesen!<\/p>\n\n\n\n<p>_<\/p>\n\n\n\n<p class=\"has-small-font-size\"><strong><a href=\"https:\/\/buechertanz.de\/?p=2531\" target=\"_blank\" rel=\"noreferrer noopener\">&#8222;F\u00fcnf Minuten vor Mitternacht&#8220; von Celina Weithaas <\/a><\/strong><a href=\"https:\/\/buechertanz.de\/?p=2531\"><br><\/a><strong>Erschienen am 02. Juli 2020 im tredition-Verlag<\/strong><br><strong>ISBN: 978-3347090842<\/strong> <br> <br><strong>Klappentext:<br><\/strong>\u201c&nbsp;<em>\u201eChrona Elizabeth Josephine Hel Clark. Ich hatte mir mehr erwartet. Mit dir geht kein K\u00f6nigreich auf, keines unter.\u201c<\/em><br><em>Jeder kennt ihren Namen. Ihr Gesicht prangt auf jedem Titelblatt. Sie lebt f\u00fcr die n\u00e4chste Schlagzeile. Chrona Clark ist der Inbegriff von Perfektion. In der Nacht ihres 21. Geburtstags springt Chrona in das B\u00f6hmen des fr\u00fchen 17. Jahrhunderts. Statt des Applauses donnern Kanonen. Anstatt von ihrem Verlobten wird Chrona von einem Fremden empfangen. Schon bald droht Chrona zwischen den Epochen mehr zu entgleiten als nur ihr beispielloser Ruf.\u201c<\/em> <br><br><strong>Meine Meinung:<\/strong><br>Das Buch \u201eF\u00fcnf Minuten vor Mitternacht\u201c von Celina Weithaas bietet ein spannendes und eindr\u00fcckliches Lesevergn\u00fcgen, welches ich so schnell nicht mehr vergessen werde. Eine perfekte Verflechtung von Gegenwart und Vergangenheit und einem Schuss Fantasy.<br>Ja, Chrona hat es mir nicht leichtgemacht, sie zu m\u00f6gen. Doch ich habe mit ihr mitgelitten und m\u00f6chte jetzt unbedingt wissen, wie es mit ihr und Anton und Achim weitergeht. Deshalb werde ich auch ganz sicher den zweiten Teil der Reihe lesen, auf den richtig Lust habe und auf den ich mich schon sehr freue.<\/p>\n\n\n\n<p>_<\/p>\n\n\n\n<p class=\"has-small-font-size\"><strong><a href=\"https:\/\/buechertanz.de\/?p=2541\" target=\"_blank\" rel=\"noreferrer noopener\">&#8222;Die Mission des Kreuzritters&#8220; von Ulf Schiewe <\/a><\/strong><a href=\"https:\/\/buechertanz.de\/?p=2541\"><br><\/a><strong>Erschienen am 26. November 2021 im L\u00fcbbe-Verlag<\/strong><br><strong>ISBN: 978-3-7857-2759-1<\/strong> <br><br><strong>Klappentext:<br><\/strong>\u201e<em>Jerusalem, 1129. Als \u00e4lteste Tochter des K\u00f6nigs soll Melisende einst die Krone erben und \u00fcber das Heilige Land herrschen. Den von ihrem Vater ausgesuchten Br\u00e4utigam lehnt die eigenwillige junge Frau jedoch vehement ab. Heimlich verl\u00e4sst sie mit einer Eskorte die Stadt. Doch sie kommt nicht weit. Ihre Reisegruppe wird \u00fcberfallen, ihre Wache get\u00f6tet, sie selbst als Geisel verschleppt. Um sie zu retten, schickt K\u00f6nig Baudouin den Tempelritter Raol de Montalban aus. Bald merkt er: Gefahr droht von mehr als einer Seite \u2026\u201c<\/em> <br><br><strong>Meine Meinung:<\/strong><br>Ich war mir anfangs sehr unsicher, ob das Buch wirklich etwas f\u00fcr mich ist. Alles was mit den Kreuzz\u00fcgen zu tun hat, ist nicht so meins. Doch ich wurde sehr positiv \u00fcberrascht: <br>Es bietet ein opulentes, geniales, spannendes und unvergessliches Leseerlebnis.<br>Vor Spannung habe ich teilweise nicht mehr gemerkt, wie die Seiten dahin flogen. Eine ganz klare und gro\u00dfe Leseempfehlung! Wer historische Romane mag, wird dieses Buch lieben! <\/p>\n\n\n\n<p>_<\/p>\n\n\n<div class=\"wp-block-image\">\n<figure class=\"aligncenter is-resized\"><img loading=\"lazy\" decoding=\"async\" src=\"https:\/\/buechertanz.de\/wp-content\/uploads\/2019\/03\/Blume-2.png\" alt=\"\" class=\"wp-image-364\" width=\"215\" height=\"248\" srcset=\"https:\/\/buechertanz.de\/wp-content\/uploads\/2019\/03\/Blume-2.png 264w, https:\/\/buechertanz.de\/wp-content\/uploads\/2019\/03\/Blume-2-260x300.png 260w\" sizes=\"auto, (max-width: 215px) 100vw, 215px\" \/><\/figure><\/div>","protected":false},"excerpt":{"rendered":"<p>Hier findet ihr die B\u00fccher, die ich im November 2021 gelesen habe \u2013 insgesamt sind es sechs B\u00fccher \u2013 und ihr bekommt einen ersten Eindruck. Die ausf\u00fchrlichen Rezensionen findet ihr, indem ihr auf den Titel klickt. Viel Spa\u00df beim St\u00f6bern! Folgende B\u00fccher habe ich gelesen: &#8222;Die Bodensee-Saga &#8211; T\u00f6chter der Hoffnung&#8220;von Maria Nikolai &#8222;Der Traumpalast &hellip; <a href=\"https:\/\/buechertanz.de\/?page_id=2552\" class=\"more-link\"><span class=\"screen-reader-text\">Gelesen November 2021<\/span> weiterlesen<\/a><\/p>\n","protected":false},"author":2,"featured_media":0,"parent":0,"menu_order":0,"comment_status":"open","ping_status":"closed","template":"","meta":{"footnotes":""},"class_list":["post-2552","page","type-page","status-publish","hentry"],"_links":{"self":[{"href":"https:\/\/buechertanz.de\/index.php?rest_route=\/wp\/v2\/pages\/2552","targetHints":{"allow":["GET"]}}],"collection":[{"href":"https:\/\/buechertanz.de\/index.php?rest_route=\/wp\/v2\/pages"}],"about":[{"href":"https:\/\/buechertanz.de\/index.php?rest_route=\/wp\/v2\/types\/page"}],"author":[{"embeddable":true,"href":"https:\/\/buechertanz.de\/index.php?rest_route=\/wp\/v2\/users\/2"}],"replies":[{"embeddable":true,"href":"https:\/\/buechertanz.de\/index.php?rest_route=%2Fwp%2Fv2%2Fcomments&post=2552"}],"version-history":[{"count":9,"href":"https:\/\/buechertanz.de\/index.php?rest_route=\/wp\/v2\/pages\/2552\/revisions"}],"predecessor-version":[{"id":4312,"href":"https:\/\/buechertanz.de\/index.php?rest_route=\/wp\/v2\/pages\/2552\/revisions\/4312"}],"wp:attachment":[{"href":"https:\/\/buechertanz.de\/index.php?rest_route=%2Fwp%2Fv2%2Fmedia&parent=2552"}],"curies":[{"name":"wp","href":"https:\/\/api.w.org\/{rel}","templated":true}]}}