{"id":2553,"date":"2021-11-29T22:34:17","date_gmt":"2021-11-29T21:34:17","guid":{"rendered":"http:\/\/buechertanz.de\/?page_id=2553"},"modified":"2023-01-04T14:49:40","modified_gmt":"2023-01-04T13:49:40","slug":"neuzugaenge-november-2021","status":"publish","type":"page","link":"https:\/\/buechertanz.de\/?page_id=2553","title":{"rendered":"Neuzug\u00e4nge November 2021"},"content":{"rendered":"\n<p class=\"has-small-font-size\">Im <strong>November 2021<\/strong> sind insgesamt <strong>17 B\u00fccher<\/strong>&nbsp;hier eingezogen:<br>12 neue B\u00fccher, drei Rezensionsexemplare und zwei B\u00fccher aus \u00f6ffentlichen B\u00fccherschr\u00e4nken bzw. B\u00fccherkisten. <br>Falls es eine Rezension auf meinem Blog gibt, gelangt ihr mit einem Klick auf den Titel direkt bei der Rezension. <\/p>\n\n\n\n<div class=\"wp-block-media-text alignwide\"><figure class=\"wp-block-media-text__media\"><img loading=\"lazy\" decoding=\"async\" width=\"604\" height=\"602\" src=\"https:\/\/buechertanz.de\/wp-content\/uploads\/2021\/11\/11-neu.jpg\" alt=\"\" class=\"wp-image-2573 size-full\" srcset=\"https:\/\/buechertanz.de\/wp-content\/uploads\/2021\/11\/11-neu.jpg 604w, https:\/\/buechertanz.de\/wp-content\/uploads\/2021\/11\/11-neu-150x150.jpg 150w, https:\/\/buechertanz.de\/wp-content\/uploads\/2021\/11\/11-neu-300x300.jpg 300w\" sizes=\"auto, (max-width: 604px) 100vw, 604px\" \/><\/figure><div class=\"wp-block-media-text__content\">\n<p class=\"has-drop-cap has-small-font-size\"><strong>Neue, &#8218;frische&#8216; B\u00fccher:<\/strong><\/p>\n\n\n\n<p><\/p>\n\n\n\n<ul class=\"has-small-font-size wp-block-list\"><li>Christiane W\u00fcnsche: <em>&#8222;Aber T\u00f6chter sind wir f\u00fcr immer&#8220;<\/em><\/li><li>Catherine Bell: <em>&#8222;Jane Austen und die Kunst der Worte&#8220;<\/em><\/li><li>Janet Skeslien Charles :<em> &#8222;Eine Bibliothek in Paris&#8220;<\/em><\/li><li>Anne Jacobs: <em>&#8222;Sturm \u00fcber der Tuchvilla&#8220;<\/em><\/li><li>Jana Voosen: <em>&#8222;Unser Weg nach morgen&#8220;<\/em><\/li><li>Priska Lo Cascio:<em> &#8222;Die Stunde zwischen Nacht und Morgen&#8220;<\/em><\/li><li>Heidi Rehn: <em>&#8222;Die letzte Schuld&#8220;<\/em><\/li><li>Laetitia Colombani: <em>&#8222;Das Haus der Frauen&#8220;<\/em><\/li><li>Julia Kelly: <em>&#8222;Das Geheimnis des Wintergartens&#8220;<\/em><\/li><li>Sabine Wei\u00df: <em>&#8222;Gold und Ehre&#8220;<\/em><\/li><li>Eva V\u00f6ller: <em>&#8222;Die Dorfschullehrerin &#8211; Was die Hoffnung verspricht&#8220;<\/em><\/li><li>Julie Heiland: <em>&#8222;Diana &#8211; K\u00f6nigin der Herzen&#8220;<\/em><\/li><\/ul>\n<\/div><\/div>\n\n\n\n<p>_<\/p>\n\n\n\n<div class=\"wp-block-media-text alignwide has-media-on-the-right\"><figure class=\"wp-block-media-text__media\"><img loading=\"lazy\" decoding=\"async\" width=\"744\" height=\"742\" src=\"https:\/\/buechertanz.de\/wp-content\/uploads\/2021\/11\/11-Rezis.jpg\" alt=\"\" class=\"wp-image-2574 size-full\" srcset=\"https:\/\/buechertanz.de\/wp-content\/uploads\/2021\/11\/11-Rezis.jpg 744w, https:\/\/buechertanz.de\/wp-content\/uploads\/2021\/11\/11-Rezis-150x150.jpg 150w, https:\/\/buechertanz.de\/wp-content\/uploads\/2021\/11\/11-Rezis-300x300.jpg 300w\" sizes=\"auto, (max-width: 744px) 100vw, 744px\" \/><\/figure><div class=\"wp-block-media-text__content\">\n<p class=\"has-drop-cap has-small-font-size\"><strong>Rezensionsexemplare:<br><\/strong><\/p>\n\n\n\n<p><\/p>\n\n\n\n<ul class=\"has-small-font-size wp-block-list\"><li>Anne Stern:<br><em><a rel=\"noreferrer noopener\" href=\"https:\/\/buechertanz.de\/?p=2505\" target=\"_blank\">&#8222;Fr\u00e4ulein Gold &#8211; Die Stunde der Frauen&#8220;<\/a><\/em><\/li><li>Lisa Graf:<br><em><a rel=\"noreferrer noopener\" href=\"https:\/\/buechertanz.de\/?p=2512\" target=\"_blank\">&#8222;Dallmayr &#8211; Der Traum vom sch\u00f6nen Leben&#8220;<\/a><\/em><\/li><li>Ulf Schiewe:<br><a rel=\"noreferrer noopener\" href=\"https:\/\/buechertanz.de\/?p=2541\" target=\"_blank\"><em>&#8222;Die Mission des Kreuzritters&#8220;<\/em><\/a><\/li><\/ul>\n<\/div><\/div>\n\n\n\n<p>_<\/p>\n\n\n\n<div class=\"wp-block-media-text alignwide\"><figure class=\"wp-block-media-text__media\"><img loading=\"lazy\" decoding=\"async\" width=\"663\" height=\"663\" src=\"https:\/\/buechertanz.de\/wp-content\/uploads\/2021\/11\/11-B\u00fccherschrank-und-B\u00fccherkiste.jpg\" alt=\"\" class=\"wp-image-2578 size-full\" srcset=\"https:\/\/buechertanz.de\/wp-content\/uploads\/2021\/11\/11-B\u00fccherschrank-und-B\u00fccherkiste.jpg 663w, https:\/\/buechertanz.de\/wp-content\/uploads\/2021\/11\/11-B\u00fccherschrank-und-B\u00fccherkiste-150x150.jpg 150w, https:\/\/buechertanz.de\/wp-content\/uploads\/2021\/11\/11-B\u00fccherschrank-und-B\u00fccherkiste-300x300.jpg 300w\" sizes=\"auto, (max-width: 663px) 100vw, 663px\" \/><\/figure><div class=\"wp-block-media-text__content\">\n<p class=\"has-drop-cap has-small-font-size\"><strong>\u00d6ffentliche B\u00fccherschr\u00e4nke  bzw. B\u00fccherkisten:<\/strong><\/p>\n\n\n\n<p><\/p>\n\n\n\n<ul class=\"has-small-font-size wp-block-list\"><li>Karin Engel:<br><em>&#8222;Die Kaffeeprinzessin&#8220;<\/em><\/li><li>Agatha Christie:<br><em>&#8222;Kurz vor Mitternacht&#8220;<\/em><\/li><\/ul>\n<\/div><\/div>\n\n\n\n<p>_<\/p>\n\n\n<div class=\"wp-block-image\">\n<figure class=\"aligncenter is-resized\"><img loading=\"lazy\" decoding=\"async\" src=\"https:\/\/buechertanz.de\/wp-content\/uploads\/2019\/03\/Blume-5.png\" alt=\"\" class=\"wp-image-367\" width=\"198\" height=\"229\" srcset=\"https:\/\/buechertanz.de\/wp-content\/uploads\/2019\/03\/Blume-5.png 264w, https:\/\/buechertanz.de\/wp-content\/uploads\/2019\/03\/Blume-5-260x300.png 260w\" sizes=\"auto, (max-width: 198px) 100vw, 198px\" \/><\/figure><\/div>","protected":false},"excerpt":{"rendered":"<p>Im November 2021 sind insgesamt 17 B\u00fccher&nbsp;hier eingezogen:12 neue B\u00fccher, drei Rezensionsexemplare und zwei B\u00fccher aus \u00f6ffentlichen B\u00fccherschr\u00e4nken bzw. B\u00fccherkisten. Falls es eine Rezension auf meinem Blog gibt, gelangt ihr mit einem Klick auf den Titel direkt bei der Rezension. Neue, &#8218;frische&#8216; B\u00fccher: Christiane W\u00fcnsche: &#8222;Aber T\u00f6chter sind wir f\u00fcr immer&#8220; Catherine Bell: &#8222;Jane Austen &hellip; <a href=\"https:\/\/buechertanz.de\/?page_id=2553\" class=\"more-link\"><span class=\"screen-reader-text\">Neuzug\u00e4nge November 2021<\/span> weiterlesen<\/a><\/p>\n","protected":false},"author":2,"featured_media":0,"parent":0,"menu_order":0,"comment_status":"open","ping_status":"closed","template":"","meta":{"footnotes":""},"class_list":["post-2553","page","type-page","status-publish","hentry"],"_links":{"self":[{"href":"https:\/\/buechertanz.de\/index.php?rest_route=\/wp\/v2\/pages\/2553","targetHints":{"allow":["GET"]}}],"collection":[{"href":"https:\/\/buechertanz.de\/index.php?rest_route=\/wp\/v2\/pages"}],"about":[{"href":"https:\/\/buechertanz.de\/index.php?rest_route=\/wp\/v2\/types\/page"}],"author":[{"embeddable":true,"href":"https:\/\/buechertanz.de\/index.php?rest_route=\/wp\/v2\/users\/2"}],"replies":[{"embeddable":true,"href":"https:\/\/buechertanz.de\/index.php?rest_route=%2Fwp%2Fv2%2Fcomments&post=2553"}],"version-history":[{"count":6,"href":"https:\/\/buechertanz.de\/index.php?rest_route=\/wp\/v2\/pages\/2553\/revisions"}],"predecessor-version":[{"id":4272,"href":"https:\/\/buechertanz.de\/index.php?rest_route=\/wp\/v2\/pages\/2553\/revisions\/4272"}],"wp:attachment":[{"href":"https:\/\/buechertanz.de\/index.php?rest_route=%2Fwp%2Fv2%2Fmedia&parent=2553"}],"curies":[{"name":"wp","href":"https:\/\/api.w.org\/{rel}","templated":true}]}}