{"id":2589,"date":"2021-12-30T23:03:46","date_gmt":"2021-12-30T22:03:46","guid":{"rendered":"http:\/\/buechertanz.de\/?page_id=2589"},"modified":"2025-12-30T17:16:03","modified_gmt":"2025-12-30T16:16:03","slug":"lesetagebuch-2","status":"publish","type":"page","link":"https:\/\/buechertanz.de\/?page_id=2589","title":{"rendered":"Lesetageb\u00fccher"},"content":{"rendered":"\n<p class=\"has-drop-cap has-small-font-size\">Auf diesen Seiten erfahrt ihr, welches Buch ich gerade lese und wann ich welches Buch gelesen und beendet habe. Viel Spa\u00df beim St\u00f6bern.<br>Sollte es auf meinem Blog schon eine ausf\u00fchrliche Rezension geben, gelangt ihr mit einem Klick auf den Titel dorthin. <\/p>\n\n\n\n<ul class=\"wp-block-list\">\n<li><a href=\"https:\/\/buechertanz.de\/?page_id=10137\" target=\"_blank\" rel=\"noreferrer noopener\">Lesetagebuch 2026<\/a><\/li>\n\n\n\n<li><a href=\"https:\/\/buechertanz.de\/?page_id=8318\" target=\"_blank\" rel=\"noreferrer noopener\">Lesetagebuch 2025<\/a><\/li>\n\n\n\n<li><a href=\"https:\/\/buechertanz.de\/?page_id=6679\" target=\"_blank\" rel=\"noreferrer noopener\">Lesetagebuch 2024<\/a><\/li>\n\n\n\n<li><a href=\"https:\/\/buechertanz.de\/?page_id=4069\" target=\"_blank\" rel=\"noreferrer noopener\">Lesetagebuch 2023<\/a><\/li>\n\n\n\n<li><a href=\"https:\/\/buechertanz.de\/?page_id=2596\">Lesetagebuch 2022<\/a><\/li>\n\n\n\n<li><a href=\"https:\/\/buechertanz.de\/?page_id=1772\">Lesetagebuch 2021<\/a><\/li>\n<\/ul>\n\n\n\n<p class=\"has-small-font-size\">Liebe Gr\u00fc\u00dfe, <\/p>\n\n\n\n<figure class=\"wp-block-image size-large is-resized\"><img loading=\"lazy\" decoding=\"async\" width=\"1024\" height=\"404\" src=\"https:\/\/buechertanz.de\/wp-content\/uploads\/2022\/06\/Unterschrift-1024x404.jpg\" alt=\"\" class=\"wp-image-3355\" style=\"width:162px;height:auto\" srcset=\"https:\/\/buechertanz.de\/wp-content\/uploads\/2022\/06\/Unterschrift-1024x404.jpg 1024w, https:\/\/buechertanz.de\/wp-content\/uploads\/2022\/06\/Unterschrift-300x118.jpg 300w, https:\/\/buechertanz.de\/wp-content\/uploads\/2022\/06\/Unterschrift-768x303.jpg 768w, https:\/\/buechertanz.de\/wp-content\/uploads\/2022\/06\/Unterschrift.jpg 1500w\" sizes=\"auto, (max-width: 1024px) 100vw, 1024px\" \/><\/figure>\n\n\n<div class=\"wp-block-image is-resized is-style-rounded\">\n<figure class=\"aligncenter size-full\"><img loading=\"lazy\" decoding=\"async\" width=\"248\" height=\"248\" src=\"https:\/\/buechertanz.de\/wp-content\/uploads\/2019\/03\/cropped-Blume-1.png\" alt=\"\" class=\"wp-image-2847\" style=\"width:128px;height:auto\" srcset=\"https:\/\/buechertanz.de\/wp-content\/uploads\/2019\/03\/cropped-Blume-1.png 248w, https:\/\/buechertanz.de\/wp-content\/uploads\/2019\/03\/cropped-Blume-1-150x150.png 150w\" sizes=\"auto, (max-width: 248px) 100vw, 248px\" \/><\/figure><\/div>","protected":false},"excerpt":{"rendered":"<p>Auf diesen Seiten erfahrt ihr, welches Buch ich gerade lese und wann ich welches Buch gelesen und beendet habe. Viel Spa\u00df beim St\u00f6bern.Sollte es auf meinem Blog schon eine ausf\u00fchrliche Rezension geben, gelangt ihr mit einem Klick auf den Titel dorthin. Liebe Gr\u00fc\u00dfe,<\/p>\n","protected":false},"author":2,"featured_media":0,"parent":0,"menu_order":0,"comment_status":"open","ping_status":"closed","template":"","meta":{"footnotes":""},"class_list":["post-2589","page","type-page","status-publish","hentry"],"_links":{"self":[{"href":"https:\/\/buechertanz.de\/index.php?rest_route=\/wp\/v2\/pages\/2589","targetHints":{"allow":["GET"]}}],"collection":[{"href":"https:\/\/buechertanz.de\/index.php?rest_route=\/wp\/v2\/pages"}],"about":[{"href":"https:\/\/buechertanz.de\/index.php?rest_route=\/wp\/v2\/types\/page"}],"author":[{"embeddable":true,"href":"https:\/\/buechertanz.de\/index.php?rest_route=\/wp\/v2\/users\/2"}],"replies":[{"embeddable":true,"href":"https:\/\/buechertanz.de\/index.php?rest_route=%2Fwp%2Fv2%2Fcomments&post=2589"}],"version-history":[{"count":10,"href":"https:\/\/buechertanz.de\/index.php?rest_route=\/wp\/v2\/pages\/2589\/revisions"}],"predecessor-version":[{"id":10148,"href":"https:\/\/buechertanz.de\/index.php?rest_route=\/wp\/v2\/pages\/2589\/revisions\/10148"}],"wp:attachment":[{"href":"https:\/\/buechertanz.de\/index.php?rest_route=%2Fwp%2Fv2%2Fmedia&parent=2589"}],"curies":[{"name":"wp","href":"https:\/\/api.w.org\/{rel}","templated":true}]}}