{"id":2600,"date":"2021-12-31T00:35:48","date_gmt":"2021-12-30T23:35:48","guid":{"rendered":"http:\/\/buechertanz.de\/?page_id=2600"},"modified":"2023-01-04T14:56:40","modified_gmt":"2023-01-04T13:56:40","slug":"neuzugaenge-dezember-2021","status":"publish","type":"page","link":"https:\/\/buechertanz.de\/?page_id=2600","title":{"rendered":"Neuzug\u00e4nge Dezember 2021"},"content":{"rendered":"\n<p class=\"has-drop-cap has-small-font-size\">Im <strong>Dezember 2021<\/strong>&nbsp;sind insgesamt&nbsp;<strong>13 B\u00fccher<\/strong>&nbsp;hier eingezogen:<br>10 neue B\u00fccher, ein Buch aus einem B\u00fccher-Antiquariat, ein Rezensionsexemplare und ein Buch fand den Weg \u00fcber einen Gewinnspiel-Adventskalender zu mir.<br>Falls es eine Rezension auf meinem Blog gibt, gelangt ihr mit einem Klick auf den Titel direkt bei der Rezension. <\/p>\n\n\n\n<div class=\"wp-block-media-text alignwide\"><figure class=\"wp-block-media-text__media\"><img loading=\"lazy\" decoding=\"async\" width=\"1024\" height=\"1024\" src=\"https:\/\/buechertanz.de\/wp-content\/uploads\/2021\/12\/12-neu-1024x1024.jpg\" alt=\"\" class=\"wp-image-2626 size-full\" srcset=\"https:\/\/buechertanz.de\/wp-content\/uploads\/2021\/12\/12-neu-1024x1024.jpg 1024w, https:\/\/buechertanz.de\/wp-content\/uploads\/2021\/12\/12-neu-150x150.jpg 150w, https:\/\/buechertanz.de\/wp-content\/uploads\/2021\/12\/12-neu-300x300.jpg 300w, https:\/\/buechertanz.de\/wp-content\/uploads\/2021\/12\/12-neu-768x768.jpg 768w, https:\/\/buechertanz.de\/wp-content\/uploads\/2021\/12\/12-neu.jpg 1265w\" sizes=\"auto, (max-width: 1024px) 100vw, 1024px\" \/><\/figure><div class=\"wp-block-media-text__content\">\n<p class=\"has-drop-cap has-small-font-size\"><strong>Neue B\u00fccher:<\/strong><\/p>\n\n\n\n<p><\/p>\n\n\n\n<ul class=\"has-small-font-size wp-block-list\"><li>Daniela Ohms: <em>&#8222;Winterhonig&#8220;<\/em><\/li><li>Maxine Wildner:<em> &#8222;Hilde Knef und das Lied des Lebens&#8220;<\/em><\/li><li>Claudia Dahinden: <em>&#8222;Die Uhrmacherin &#8211; Im Sturm der Zeit&#8220;<\/em><\/li><li>Ann-Sophie Kaiser: <em>&#8222;Worte und Wunder&#8220;<\/em><\/li><li>Katherine Webb: <em>&#8222;Die Schuld jenes Sommers&#8220;<\/em><\/li><li>Corina Bomann: <em>&#8222;Sternstunde: Die Schwestern von Waldfriede&#8220; und &#8222;Winterengel&#8220;<\/em><\/li><li>Gabriele Sonnberger: <em>&#8222;Abschied von der Heimat&#8220;<\/em><\/li><li>Marie Brunntaler: <em>&#8222;Das einfache Leben&#8220;<\/em><\/li><li>Melanie Metzenthin: <em>&#8222;Mehr als die Finsternis&#8220;<\/em><br><\/li><\/ul>\n<\/div><\/div>\n\n\n\n<p>_<\/p>\n\n\n\n<div class=\"wp-block-media-text alignwide has-media-on-the-right\"><figure class=\"wp-block-media-text__media\"><img loading=\"lazy\" decoding=\"async\" width=\"993\" height=\"1024\" src=\"https:\/\/buechertanz.de\/wp-content\/uploads\/2021\/12\/12-Antiquariat-993x1024.jpg\" alt=\"\" class=\"wp-image-2627 size-full\" srcset=\"https:\/\/buechertanz.de\/wp-content\/uploads\/2021\/12\/12-Antiquariat-993x1024.jpg 993w, https:\/\/buechertanz.de\/wp-content\/uploads\/2021\/12\/12-Antiquariat-291x300.jpg 291w, https:\/\/buechertanz.de\/wp-content\/uploads\/2021\/12\/12-Antiquariat-768x792.jpg 768w, https:\/\/buechertanz.de\/wp-content\/uploads\/2021\/12\/12-Antiquariat.jpg 1426w\" sizes=\"auto, (max-width: 993px) 100vw, 993px\" \/><\/figure><div class=\"wp-block-media-text__content\">\n<p class=\"has-drop-cap has-small-font-size\"><strong>Antiquariat:<\/strong><\/p>\n\n\n\n<p><\/p>\n\n\n\n<ul class=\"has-small-font-size wp-block-list\"><li><strong>rororo Monobiograpgie:<\/strong><em> &#8222;Saint-Exup\u00e9ry&#8220;<\/em><\/li><\/ul>\n<\/div><\/div>\n\n\n\n<p>_<\/p>\n\n\n\n<div class=\"wp-block-media-text alignwide\"><figure class=\"wp-block-media-text__media\"><img loading=\"lazy\" decoding=\"async\" width=\"1000\" height=\"1002\" src=\"https:\/\/buechertanz.de\/wp-content\/uploads\/2021\/12\/12-Reziex.jpg\" alt=\"\" class=\"wp-image-2628 size-full\" srcset=\"https:\/\/buechertanz.de\/wp-content\/uploads\/2021\/12\/12-Reziex.jpg 1000w, https:\/\/buechertanz.de\/wp-content\/uploads\/2021\/12\/12-Reziex-150x150.jpg 150w, https:\/\/buechertanz.de\/wp-content\/uploads\/2021\/12\/12-Reziex-300x300.jpg 300w, https:\/\/buechertanz.de\/wp-content\/uploads\/2021\/12\/12-Reziex-768x770.jpg 768w\" sizes=\"auto, (max-width: 1000px) 100vw, 1000px\" \/><\/figure><div class=\"wp-block-media-text__content\">\n<p class=\"has-drop-cap has-small-font-size\"><strong>Rezensionsexemplar:<\/strong><\/p>\n\n\n\n<p><\/p>\n\n\n\n<ul class=\"has-small-font-size wp-block-list\"><li><strong>Celina Weithaas:<br><\/strong><em>&#8222;F\u00fcnf Sekunden vor Mitternacht&#8220;<\/em><\/li><\/ul>\n<\/div><\/div>\n\n\n\n<p>_<\/p>\n\n\n\n<div class=\"wp-block-media-text alignwide has-media-on-the-right\"><figure class=\"wp-block-media-text__media\"><img loading=\"lazy\" decoding=\"async\" width=\"1024\" height=\"1019\" src=\"https:\/\/buechertanz.de\/wp-content\/uploads\/2021\/12\/12-Gewinnspiel-Adventskalender-1024x1019.jpg\" alt=\"\" class=\"wp-image-2629 size-full\" srcset=\"https:\/\/buechertanz.de\/wp-content\/uploads\/2021\/12\/12-Gewinnspiel-Adventskalender-1024x1019.jpg 1024w, https:\/\/buechertanz.de\/wp-content\/uploads\/2021\/12\/12-Gewinnspiel-Adventskalender-150x150.jpg 150w, https:\/\/buechertanz.de\/wp-content\/uploads\/2021\/12\/12-Gewinnspiel-Adventskalender-300x300.jpg 300w, https:\/\/buechertanz.de\/wp-content\/uploads\/2021\/12\/12-Gewinnspiel-Adventskalender-768x764.jpg 768w, https:\/\/buechertanz.de\/wp-content\/uploads\/2021\/12\/12-Gewinnspiel-Adventskalender.jpg 1083w\" sizes=\"auto, (max-width: 1024px) 100vw, 1024px\" \/><\/figure><div class=\"wp-block-media-text__content\">\n<p class=\"has-drop-cap has-small-font-size\"><strong>Gewinnspiel-Adventskalender:<br><\/strong><\/p>\n\n\n\n<p><\/p>\n\n\n\n<ul class=\"has-small-font-size wp-block-list\"><li><strong>Christina Auerswald:<br><\/strong><em>&#8222;Die Mission des Stefano Cavallari&#8220;<\/em><\/li><\/ul>\n<\/div><\/div>\n\n\n\n<p>_<\/p>\n\n\n<div class=\"wp-block-image\">\n<figure class=\"aligncenter is-resized\"><img loading=\"lazy\" decoding=\"async\" src=\"https:\/\/buechertanz.de\/wp-content\/uploads\/2019\/03\/Blume-5.png\" alt=\"\" class=\"wp-image-367\" width=\"197\" height=\"228\" srcset=\"https:\/\/buechertanz.de\/wp-content\/uploads\/2019\/03\/Blume-5.png 264w, https:\/\/buechertanz.de\/wp-content\/uploads\/2019\/03\/Blume-5-260x300.png 260w\" sizes=\"auto, (max-width: 197px) 100vw, 197px\" \/><\/figure><\/div>","protected":false},"excerpt":{"rendered":"<p>Im Dezember 2021&nbsp;sind insgesamt&nbsp;13 B\u00fccher&nbsp;hier eingezogen:10 neue B\u00fccher, ein Buch aus einem B\u00fccher-Antiquariat, ein Rezensionsexemplare und ein Buch fand den Weg \u00fcber einen Gewinnspiel-Adventskalender zu mir.Falls es eine Rezension auf meinem Blog gibt, gelangt ihr mit einem Klick auf den Titel direkt bei der Rezension. Neue B\u00fccher: Daniela Ohms: &#8222;Winterhonig&#8220; Maxine Wildner: &#8222;Hilde Knef und &hellip; <a href=\"https:\/\/buechertanz.de\/?page_id=2600\" class=\"more-link\"><span class=\"screen-reader-text\">Neuzug\u00e4nge Dezember 2021<\/span> weiterlesen<\/a><\/p>\n","protected":false},"author":2,"featured_media":0,"parent":0,"menu_order":0,"comment_status":"open","ping_status":"closed","template":"","meta":{"footnotes":""},"class_list":["post-2600","page","type-page","status-publish","hentry"],"_links":{"self":[{"href":"https:\/\/buechertanz.de\/index.php?rest_route=\/wp\/v2\/pages\/2600","targetHints":{"allow":["GET"]}}],"collection":[{"href":"https:\/\/buechertanz.de\/index.php?rest_route=\/wp\/v2\/pages"}],"about":[{"href":"https:\/\/buechertanz.de\/index.php?rest_route=\/wp\/v2\/types\/page"}],"author":[{"embeddable":true,"href":"https:\/\/buechertanz.de\/index.php?rest_route=\/wp\/v2\/users\/2"}],"replies":[{"embeddable":true,"href":"https:\/\/buechertanz.de\/index.php?rest_route=%2Fwp%2Fv2%2Fcomments&post=2600"}],"version-history":[{"count":6,"href":"https:\/\/buechertanz.de\/index.php?rest_route=\/wp\/v2\/pages\/2600\/revisions"}],"predecessor-version":[{"id":4276,"href":"https:\/\/buechertanz.de\/index.php?rest_route=\/wp\/v2\/pages\/2600\/revisions\/4276"}],"wp:attachment":[{"href":"https:\/\/buechertanz.de\/index.php?rest_route=%2Fwp%2Fv2%2Fmedia&parent=2600"}],"curies":[{"name":"wp","href":"https:\/\/api.w.org\/{rel}","templated":true}]}}