{"id":2601,"date":"2021-12-30T23:10:48","date_gmt":"2021-12-30T22:10:48","guid":{"rendered":"http:\/\/buechertanz.de\/?page_id=2601"},"modified":"2023-05-09T19:37:59","modified_gmt":"2023-05-09T18:37:59","slug":"neuzugaenge-2022","status":"publish","type":"page","link":"https:\/\/buechertanz.de\/?page_id=2601","title":{"rendered":"Neuzug\u00e4nge 2022"},"content":{"rendered":"\n<p class=\"has-drop-cap has-small-font-size\">Hier findet ihr meine Neuzug\u00e4nge 2022 nach Monaten geordnet:<\/p>\n\n\n\n<p><\/p>\n\n\n\n<ul class=\"has-small-font-size wp-block-list\"><li><a rel=\"noreferrer noopener\" href=\"https:\/\/buechertanz.de\/?page_id=4057\" target=\"_blank\">Neuzug\u00e4nge Dezember 2022<\/a><\/li><li><a rel=\"noreferrer noopener\" href=\"https:\/\/buechertanz.de\/?page_id=3984\" target=\"_blank\">Neuzug\u00e4nge November 2022<\/a><\/li><li><a rel=\"noreferrer noopener\" href=\"https:\/\/buechertanz.de\/?page_id=3857\" target=\"_blank\">Neuzug\u00e4nge Oktober 2022<\/a><\/li><li><a rel=\"noreferrer noopener\" href=\"https:\/\/buechertanz.de\/?page_id=3755\" target=\"_blank\">Neuzug\u00e4nge September 2022<\/a><\/li><li><a rel=\"noreferrer noopener\" href=\"https:\/\/buechertanz.de\/?page_id=3687\" target=\"_blank\">Neuzug\u00e4nge August 2022<\/a><\/li><li><a rel=\"noreferrer noopener\" href=\"https:\/\/buechertanz.de\/?page_id=3548\" target=\"_blank\">Neuzug\u00e4nge Juli 2022<\/a><\/li><li><a rel=\"noreferrer noopener\" href=\"https:\/\/buechertanz.de\/?page_id=3409\" target=\"_blank\">Neuzug\u00e4nge Juni 2022<\/a><\/li><li><a rel=\"noreferrer noopener\" href=\"https:\/\/buechertanz.de\/?page_id=3319\" target=\"_blank\">Neuzug\u00e4nge Mai 2022<\/a><\/li><li><a rel=\"noreferrer noopener\" href=\"https:\/\/buechertanz.de\/?page_id=3234\" target=\"_blank\">Neuzug\u00e4nge April 2022<\/a><\/li><li><a rel=\"noreferrer noopener\" href=\"https:\/\/buechertanz.de\/?page_id=3129\" target=\"_blank\">Neuzug\u00e4nge M\u00e4rz 2022<\/a><\/li><li><a rel=\"noreferrer noopener\" href=\"https:\/\/buechertanz.de\/?page_id=2779\" target=\"_blank\">Neuzug\u00e4nge Februar 2022<\/a><\/li><li><a rel=\"noreferrer noopener\" href=\"https:\/\/buechertanz.de\/?page_id=2699\" target=\"_blank\">Neuzug\u00e4nge Januar 2022<\/a><\/li><\/ul>\n\n\n<div class=\"wp-block-image is-style-rounded\">\n<figure class=\"aligncenter size-full is-resized\"><img loading=\"lazy\" decoding=\"async\" src=\"https:\/\/buechertanz.de\/wp-content\/uploads\/2019\/03\/Blume-2.png\" alt=\"\" class=\"wp-image-364\" width=\"182\" height=\"210\" srcset=\"https:\/\/buechertanz.de\/wp-content\/uploads\/2019\/03\/Blume-2.png 264w, https:\/\/buechertanz.de\/wp-content\/uploads\/2019\/03\/Blume-2-260x300.png 260w\" sizes=\"auto, (max-width: 182px) 100vw, 182px\" \/><\/figure><\/div>","protected":false},"excerpt":{"rendered":"<p>Hier findet ihr meine Neuzug\u00e4nge 2022 nach Monaten geordnet: Neuzug\u00e4nge Dezember 2022 Neuzug\u00e4nge November 2022 Neuzug\u00e4nge Oktober 2022 Neuzug\u00e4nge September 2022 Neuzug\u00e4nge August 2022 Neuzug\u00e4nge Juli 2022 Neuzug\u00e4nge Juni 2022 Neuzug\u00e4nge Mai 2022 Neuzug\u00e4nge April 2022 Neuzug\u00e4nge M\u00e4rz 2022 Neuzug\u00e4nge Februar 2022 Neuzug\u00e4nge Januar 2022<\/p>\n","protected":false},"author":2,"featured_media":0,"parent":0,"menu_order":0,"comment_status":"open","ping_status":"closed","template":"","meta":{"footnotes":""},"class_list":["post-2601","page","type-page","status-publish","hentry"],"_links":{"self":[{"href":"https:\/\/buechertanz.de\/index.php?rest_route=\/wp\/v2\/pages\/2601","targetHints":{"allow":["GET"]}}],"collection":[{"href":"https:\/\/buechertanz.de\/index.php?rest_route=\/wp\/v2\/pages"}],"about":[{"href":"https:\/\/buechertanz.de\/index.php?rest_route=\/wp\/v2\/types\/page"}],"author":[{"embeddable":true,"href":"https:\/\/buechertanz.de\/index.php?rest_route=\/wp\/v2\/users\/2"}],"replies":[{"embeddable":true,"href":"https:\/\/buechertanz.de\/index.php?rest_route=%2Fwp%2Fv2%2Fcomments&post=2601"}],"version-history":[{"count":21,"href":"https:\/\/buechertanz.de\/index.php?rest_route=\/wp\/v2\/pages\/2601\/revisions"}],"predecessor-version":[{"id":5030,"href":"https:\/\/buechertanz.de\/index.php?rest_route=\/wp\/v2\/pages\/2601\/revisions\/5030"}],"wp:attachment":[{"href":"https:\/\/buechertanz.de\/index.php?rest_route=%2Fwp%2Fv2%2Fmedia&parent=2601"}],"curies":[{"name":"wp","href":"https:\/\/api.w.org\/{rel}","templated":true}]}}