{"id":2698,"date":"2022-02-01T09:01:18","date_gmt":"2022-02-01T08:01:18","guid":{"rendered":"http:\/\/buechertanz.de\/?page_id=2698"},"modified":"2023-01-04T16:11:50","modified_gmt":"2023-01-04T15:11:50","slug":"gelesen-januar-2022","status":"publish","type":"page","link":"https:\/\/buechertanz.de\/?page_id=2698","title":{"rendered":"Gelesen Januar 2022"},"content":{"rendered":"\n<p class=\"has-drop-cap has-small-font-size\">Hier findet ihr die B\u00fccher, die ich im <strong>Januar 2022<\/strong> gelesen habe \u2013 insgesamt sind es neun B\u00fccher \u2013 und ihr bekommt einen kleinen Lese-Eindruck. Viel Spa\u00df beim St\u00f6bern! <\/p>\n\n\n\n<div class=\"wp-block-media-text alignwide\"><figure class=\"wp-block-media-text__media\"><img loading=\"lazy\" decoding=\"async\" width=\"1024\" height=\"1024\" src=\"https:\/\/buechertanz.de\/wp-content\/uploads\/2022\/02\/01-Januar-1024x1024.jpg\" alt=\"\" class=\"wp-image-2711 size-full\" srcset=\"https:\/\/buechertanz.de\/wp-content\/uploads\/2022\/02\/01-Januar-1024x1024.jpg 1024w, https:\/\/buechertanz.de\/wp-content\/uploads\/2022\/02\/01-Januar-150x150.jpg 150w, https:\/\/buechertanz.de\/wp-content\/uploads\/2022\/02\/01-Januar-300x300.jpg 300w, https:\/\/buechertanz.de\/wp-content\/uploads\/2022\/02\/01-Januar-768x768.jpg 768w, https:\/\/buechertanz.de\/wp-content\/uploads\/2022\/02\/01-Januar.jpg 1195w\" sizes=\"auto, (max-width: 1024px) 100vw, 1024px\" \/><\/figure><div class=\"wp-block-media-text__content\">\n<p class=\"has-small-font-size\">Folgende B\u00fccher habe ich gelesen:<\/p>\n\n\n\n<ul class=\"has-small-font-size wp-block-list\"><li><em>&#8222;Gold und Ehre&#8220;<\/em> von Sabine Wei\u00df<\/li><li><em>&#8222;Die Ullsteinfrauen und das Haus der B\u00fccher&#8220;<br><\/em>von Beate Rygiert<\/li><li><em>&#8222;Zwischenfall in Lohwinckel&#8220;<\/em> von Vicki Baum<\/li><li><em>&#8222;Vor Frauen wird gewarnt<\/em>&#8220; von Heidi Rehn<\/li><li><em>&#8222;Mehr als die Finsternis&#8220;<\/em> von Melanie Metzenthin<\/li><li><a rel=\"noreferrer noopener\" href=\"https:\/\/buechertanz.de\/?p=2674\" target=\"_blank\"><em>&#8222;Das Haus der B\u00fccher&#8220;<\/em><\/a> von Michael Paul<\/li><li><a rel=\"noreferrer noopener\" href=\"https:\/\/buechertanz.de\/?p=2686\" target=\"_blank\"><em>&#8222;Die letzte Pille bringt den Tod&#8220;<\/em><\/a> von Romina Angeli <\/li><li><em>&#8222;Die Ungehorsame&#8220;<\/em> von Andrea Schacht<\/li><li><em>&#8222;Farm der Tiere&#8220;<\/em> von George Orwell<br><br>Insgesamt waren es <strong>3.813<\/strong> Seiten.<\/li><\/ul>\n<\/div><\/div>\n\n\n\n<p>_<\/p>\n\n\n\n<p class=\"has-small-font-size\"><strong>&#8222;Gold und Ehre&#8220; von Sabine Wei\u00df<\/strong><br><strong>Erschienen am 26. November 2021 im L\u00fcbbe-Verlag<br>ISBN: 978-3404184835 <\/strong><br><br><strong>Klappentext:<br><\/strong><em>\u201eEin gro\u00dfer Historischer Roman um den Bau des Hamburger Michels, Krieg und Frieden und die Freiheit, sein eigenes Gl\u00fcck zu suchen.<br>Nach einem verungl\u00fcckten Experiment wird Benjamin von seinem Vater nach Hamburg geschickt. Anfangs tut sich der junge Architekt schwer so fern der Heimat. Er wird belogen und betrogen, doch bald lernt er Menschen kennen, auf die er z\u00e4hlen kann \u2013 allen voran Lucia, die stehlen muss, um das \u00dcberleben ihrer Familie zu sichern. Sie fasziniert ihn, auch weil sie blitzgescheit ist. Als Benjamin von seinem Vater zur\u00fcck nach Amsterdam gerufen wird, bleibt sie zur\u00fcck. Kann dennoch mehr aus ihrer Verbindung werden?\u201c<\/em> <br><br><strong>Meine Meinung:<\/strong><br>Ein ganz gro\u00dfer Roman, der mich bestens unterhalten hat und einen spannenden geschichtlichen Hintergrund bietet. Dazu lebensechte Charaktere, welche ich so schnell nicht mehr vergessen werde. Absolute Leseempfehlung!<\/p>\n\n\n\n<p>_<\/p>\n\n\n\n<p class=\"has-small-font-size\"><strong>&#8222;Die Ullsteinfrauen und das Haus der B\u00fccher&#8220; von Beate Rygiert <\/strong><br><strong>Erschienen am 01. November 2021 im Ullstein-Verlag<br>ISBN: 978-3548064215<\/strong> <br><br><strong>Klappentext:<br><em>\u201e<\/em><\/strong><em>Berlin in den goldenen 20ern: Auf einem Bankett lernt die schillernde Rosalie Gr\u00e4fenberg den Generaldirektor des Ullsteinverlags Franz Ullstein kennen. Die junge Frau ist geschieden, erfolgreiche Journalistin und die beste Freundin von Verlagsredakteurin und Autorin Vicki Baum. Um Franz Ullstein ist es sofort geschehen. Er verliebt sich in Rosalie und macht ihr kurz darauf einen Antrag. Doch seinen vier Br\u00fcdern ist sie ein Dorn im Auge, zu unangepasst ist ihnen die junge Frau. Durch eine Intrige versuchen sie, Rosalie von Franz zu trennen. Aber Vicki Baum und ihr aufgewecktes Tippfr\u00e4ulein Lilli lassen nicht zu, dass nur die M\u00e4nner die Regeln diktieren und Rosalies Ruf ruinieren. Ab jetzt entscheiden die Frauen selbst, was Erfolg ist und wie jede von ihnen ihr Gl\u00fcck finden wird.\u201c<\/em> <br><br><strong>Meine Meinung:<\/strong><br>Es gibt B\u00fccher, von denen man sich w\u00fcnscht, dass sie niemals enden. Sie erz\u00e4hlen authentische Geschichten, in denen man direkt ankommt und bei denen sich Erheiterung und Emp\u00f6rung w\u00e4hrend des Lesens abwechseln. All das bietet das Buch &#8222;Die Ullsteinfrauen und das Haus der B\u00fccher&#8220; von Beate Rygiert. Ein sehr lesenswertes Buch, welches mir einige Figuren der Welt- und Literaturgeschichte so viel n\u00e4her gebracht hat.<br><\/p>\n\n\n\n<p>_<\/p>\n\n\n\n<p class=\"has-small-font-size\"><strong>&#8222;Zwischenfall in Lohwinckel&#8220; von Vicki Baum <\/strong><br><strong>Erschienen am 04. November 2021 im KiWi-Verlag<br>ISBN: 978-3462001365 <\/strong><br><br><strong>Klappentext:<br><em>\u201e<\/em><\/strong><em>Eine Autopanne mit Folgen: Drei mond\u00e4ne Berliner kommen auf der Landstra\u00dfe von der Fahrbahn ab und stranden im provinziellen Lohwinckel \u2013 der Auftakt eines vergn\u00fcglichen Reigens, der die Herzen der Lohwinckler in Wallung und die Ordnung der Stadt ins Wanken bringt. Zwischenfall in Lohwinckel ist ein meisterhaftes Beispiel f\u00fcr Vicki Baums erz\u00e4hlerisches K\u00f6nnen, das kluge Gesellschaftsanalyse mit bester Unterhaltung verbindet.\u201c<\/em> <br><br><strong>Meine Meinung:<\/strong><br>Mein erstes, und mit Sicherheit nicht letztes, Buch von Vicki Baum. Eine Meisterin des geschriebenen Wortes. Top!<\/p>\n\n\n\n<p>_<\/p>\n\n\n\n<p class=\"has-small-font-size\"><strong> &#8222;Vor Frauen wird gewarnt&#8220; von Heidi Rehn <\/strong><br><strong>Erschienen am 02. August 2021 im Droemer-Knaur-Verlag<\/strong><br><strong>ISBN: 978-3426526262 <\/strong><br><br><strong>Klappentext:<br><\/strong><em>\u201eSie war in den Zwanziger Jahren das, was man eine emanzipierte Frau nennt, und damit eine Pionierin ihrer Zeit. Ihr Roman \u201eMenschen im Hotel\u201c war ein Bestseller, der Vicki Baum schlagartig zum Star der Unterhaltungsliteratur machte.<br>Sie wurde zur Verk\u00f6rperung der Karrierefrau, ein Begriff, der damals durchaus positiv besetzt war, und von ihren Leserinnen verehrt und um ihre Eigenst\u00e4ndigkeit beneidet.<br>Doch wie sah die Frau hinter der gl\u00e4nzenden Fassade aus?\u201c<\/em> <br><br><strong>Meine Meinung:<br><\/strong>Dieses Buch ist eine ganz wunderbare Zeitreise und hat mir Vicki Baum sehr nahe gebracht. Ein Buch, welches mich sehr gl\u00fccklich gemacht hat.<\/p>\n\n\n\n<p>_<\/p>\n\n\n\n<p class=\"has-small-font-size\"><strong> &#8222;Mehr als die Finsternis&#8220; von Melanie Metzenthin <\/strong><br><strong>Erschienen am 21. Dezember 2021 im Tinte&amp;Feder-Verlag<br>ISBN: 978-2496706062 <\/strong><br><br><strong>Klappentext:<br><\/strong><em>\u201eGut Mohlenberg, 1923: Die Wirtschaftskrise hat Deutschland fest im Griff. Friederike von Aalen ist froh um jeden Patienten, der die Behandlung in ihrer Einrichtung f\u00fcr psychisch Kranke noch bezahlen kann. Als Neupatientin kommt die aufm\u00fcpfige Luise nach Gut Mohlenberg. Die Eltern der 17-J\u00e4hrigen m\u00f6chten sie vor allem weitab vom kriminellen Einfluss ihrer Freunde wissen. Unerwartet trifft eine weitere junge Frau ein: eine traumatisierte Schwangere, die hartn\u00e4ckig schweigt. Gelingt es Friederike, hinter ihr Geheimnis zu kommen, um ihr zu helfen? Schlie\u00dflich bringt die Unbekannte ein dunkelh\u00e4utiges Kind zur Welt. Ein Skandal im L\u00fcneburg der 1920er-Jahre.\u201c<\/em> <br><br><strong>Meine Meinung:<br><\/strong>Das Lesevergn\u00fcgen war viel zu schnell vorbei&#8230; Spannung von der ersten bis zur letzten Seite mit facettenreichen Charakteren, welche mich \u00fcberzeugen und teilweise komplett \u00fcberrascht haben. Unbedingt lesen.<\/p>\n\n\n\n<p>_<\/p>\n\n\n\n<p class=\"has-small-font-size\"><strong><a href=\"https:\/\/buechertanz.de\/?p=2674\" target=\"_blank\" rel=\"noreferrer noopener\">&#8222;Das Haus der B\u00fccher&#8220; von Michael Paul <\/a><\/strong><br><strong>Erschienen am 10. M\u00e4rz 2017 im Bunte-Hunde-Verlag<br>ISBN:  978-3947081004 <\/strong><br><br><strong>Klappentext:<br><em>\u201e<\/em><\/strong><em>K\u00f6nigsberg 1933 \u2013 Wilhelm Kirchner, der Inhaber der gr\u00f6\u00dften Buchhandlung Europas, wird von der geplanten B\u00fccherverbrennung der Nazis herausgefordert. Gemeinsam mit seiner Nichte Emma und den beiden Mitarbeitern Konrad und Otto versucht er, so viele indizierte B\u00fccher wie m\u00f6glich zu retten. Aber auch ein geheimer literarischer Schatz soll vor dem Zugriff der H\u00e4scher versteckt werden. Doch schon bald sind die Buchhandlung, er selbst und seine Kollegen in gr\u00f6\u00dfter Gefahr. Es beginnt ein Kampf auf Leben und Tod.\u201c<\/em> <br><br><strong>Meine Meinung:<br><\/strong>Was f\u00fcr eine ergreifende Geschichte, die mich noch immer gefangen h\u00e4lt. So spannend, so aufw\u00fchlend, so unvergesslich. Ein Buch, welches einfach gelesen werden muss. Die Geschichte dahinter darf nie vergessen werden.<br><a href=\"https:\/\/buechertanz.de\/?p=2674\">Hier<\/a> findet ihr meine ausf\u00fchrliche Rezension.<\/p>\n\n\n\n<p>_<\/p>\n\n\n\n<p class=\"has-small-font-size\"><strong><a href=\"https:\/\/buechertanz.de\/?p=2686\" target=\"_blank\" rel=\"noreferrer noopener\"> &#8222;Die letzte Pille bringt den Tod&#8220; von Romina Angeli  <\/a><\/strong><a href=\"https:\/\/buechertanz.de\/?p=2686\"><br><\/a><strong>Erschienen am 20. April 2021 im HarperCollins-Verlag<\/strong><br><strong>ISBN: 978-3749901401<\/strong><br><br><strong>Klappentext<\/strong>:<br><em>\u201eDer Fischlinger Ludwig ist tot! So viel Aufregung im sonst allzu beschaulichen Burglbach im Allg\u00e4u, das ist f\u00fcr Walli Schimmel eine willkommene Abwechslung. Also st\u00fcrzt sich die exzentrische Rentnerin in die Ermittlungen \u2013 sehr zum Missfallen von Wolfi, ihrem leicht phlegmatischen Polizistensohn. Der glaubt n\u00e4mlich zun\u00e4chst an einen ganz nat\u00fcrlichen Tod: zu viel Schweinshaxe, zu wenig Bewegung. Doch Walli bleibt hartn\u00e4ckig und st\u00f6\u00dft bald schon auf eine Spur. Wer hat den Apotheker auf dem Gewissen? War es die sch\u00f6ne Witwe? Oder hat der Fischlinger sich auf dubiose Gesch\u00e4fte eingelassen? Mit Hilfe ihrer Freundin Friedl, ein paar selbstgebrannten Stamperln Obstler und ein bisschen krimineller Energie wird sie den M\u00f6rdern schon auf die Spur kommen \u2026\u201c<\/em> <br><br><strong>Meine Meinung:<\/strong><br>Ein Buch mit einer diffusen Spannung und authentischen Charakteren. Anfangs hatte ich viele&#8230; viele Fragezeichen im Kopf&#8230; und jetzt bin ich so froh,  dass ich dieses Buch gelesen habe&#8230; aber auch so traurig, dass es vorbei ist. <br><a href=\"https:\/\/buechertanz.de\/?p=2686\">Hier <\/a>findet ihr meine ausf\u00fchrliche Rezension.<\/p>\n\n\n\n<p>_<\/p>\n\n\n\n<p class=\"has-small-font-size\"><strong> &#8222;Die Ungehorsame&#8220; von Andrea Schacht <\/strong><br><strong>Erschienen am 18. Juni 2018 im Blanvalet-Verlag<br>ISBN: 978-3734106002<\/strong><br> <br><strong>Klappentext:<br><\/strong><em>\u201eBonn, im Jahr 1842. Als die unscheinbare Leonie Gutermann und der Landvermesser Hendryk Mansel sich das Jawort geben, bebt die Erde. Niemand mag an ein Omen glauben, doch in der Zweckehe k\u00fcndigen sich schon bald Probleme an. Beide h\u00fcten Geheimnisse voreinander, und die Fassade bekommt erste Risse. Als auf Hendryk ein Anschlag ver\u00fcbt und auch Leonie bedroht wird, m\u00fcssen sie sich ihrer Vergangenheit stellen \u2013 und ihren Herzen \u2026\u201c<\/em> <br><br><strong>Meine Meinung:<\/strong> <br>Ein Buch mit einer diffusen Spannung und authentischen Charakteren. Anfangs hatte ich viele&#8230; viele Fragezeichen im Kopf&#8230; und jetzt bin ich so froh,  dass ich dieses Buch gelesen habe&#8230; aber auch so traurig, dass es vorbei ist. <\/p>\n\n\n\n<p>_<\/p>\n\n\n\n<p class=\"has-small-font-size\"><strong> &#8222;Farm der Tiere&#8220; von George Orwell <br>Erschienen am 18. Januar 2021 im Anaconda-Verlag<br>ISBN: 978-3730609774<\/strong><br><br> <strong>Klappentext:<br><\/strong><em>\u201eMan beraubt sie der Fr\u00fcchte ihrer Arbeit, sperrt sie ein, beutet sie aus. Die Tiere auf dem Gutshof haben genug und proben den Aufstand \u2013 f\u00fcr eine bessere Welt, in der alle Tiere gleich und frei sind. Doch bald zeigt sich: Gleich hei\u00dft nicht gleich, und Freiheit ist ein kurzer Traum \u2026 George Orwells ber\u00fchmte Allegorie \u00fcber den Aufstand der Tiere ist bis heute der vielleicht klarste literarische Weckruf vor dem korrumpierenden Effekt von Macht. Wie schnell sich unsere Visionen von einer besseren Welt in einen totalit\u00e4ren Albtraum verwandeln k\u00f6nnen, das ist die zeitlose Warnung dieser Fabel.\u201c<\/em> <br><br><strong>Meine Meinung:<\/strong><br>Das Buch hat nur 144 Seiten. Doch diese 144 Seiten haben es in sich. Ein Buch, welches ich nie wieder vergessen werde. Was f\u00fcr eine Geschichte. <\/p>\n\n\n\n<p><strong>_<\/strong><\/p>\n\n\n<div class=\"wp-block-image\">\n<figure class=\"aligncenter\"><img loading=\"lazy\" decoding=\"async\" width=\"264\" height=\"305\" src=\"https:\/\/buechertanz.de\/wp-content\/uploads\/2019\/03\/Blume-2.png\" alt=\"\" class=\"wp-image-364\" srcset=\"https:\/\/buechertanz.de\/wp-content\/uploads\/2019\/03\/Blume-2.png 264w, https:\/\/buechertanz.de\/wp-content\/uploads\/2019\/03\/Blume-2-260x300.png 260w\" sizes=\"auto, (max-width: 264px) 100vw, 264px\" \/><\/figure><\/div>\n\n\n<p><strong><br><\/strong><\/p>\n","protected":false},"excerpt":{"rendered":"<p>Hier findet ihr die B\u00fccher, die ich im Januar 2022 gelesen habe \u2013 insgesamt sind es neun B\u00fccher \u2013 und ihr bekommt einen kleinen Lese-Eindruck. Viel Spa\u00df beim St\u00f6bern! Folgende B\u00fccher habe ich gelesen: &#8222;Gold und Ehre&#8220; von Sabine Wei\u00df &#8222;Die Ullsteinfrauen und das Haus der B\u00fccher&#8220;von Beate Rygiert &#8222;Zwischenfall in Lohwinckel&#8220; von Vicki Baum &hellip; <a href=\"https:\/\/buechertanz.de\/?page_id=2698\" class=\"more-link\"><span class=\"screen-reader-text\">Gelesen Januar 2022<\/span> weiterlesen<\/a><\/p>\n","protected":false},"author":2,"featured_media":0,"parent":0,"menu_order":0,"comment_status":"open","ping_status":"closed","template":"","meta":{"footnotes":""},"class_list":["post-2698","page","type-page","status-publish","hentry"],"_links":{"self":[{"href":"https:\/\/buechertanz.de\/index.php?rest_route=\/wp\/v2\/pages\/2698","targetHints":{"allow":["GET"]}}],"collection":[{"href":"https:\/\/buechertanz.de\/index.php?rest_route=\/wp\/v2\/pages"}],"about":[{"href":"https:\/\/buechertanz.de\/index.php?rest_route=\/wp\/v2\/types\/page"}],"author":[{"embeddable":true,"href":"https:\/\/buechertanz.de\/index.php?rest_route=\/wp\/v2\/users\/2"}],"replies":[{"embeddable":true,"href":"https:\/\/buechertanz.de\/index.php?rest_route=%2Fwp%2Fv2%2Fcomments&post=2698"}],"version-history":[{"count":8,"href":"https:\/\/buechertanz.de\/index.php?rest_route=\/wp\/v2\/pages\/2698\/revisions"}],"predecessor-version":[{"id":4315,"href":"https:\/\/buechertanz.de\/index.php?rest_route=\/wp\/v2\/pages\/2698\/revisions\/4315"}],"wp:attachment":[{"href":"https:\/\/buechertanz.de\/index.php?rest_route=%2Fwp%2Fv2%2Fmedia&parent=2698"}],"curies":[{"name":"wp","href":"https:\/\/api.w.org\/{rel}","templated":true}]}}