{"id":2778,"date":"2022-03-01T13:07:46","date_gmt":"2022-03-01T12:07:46","guid":{"rendered":"http:\/\/buechertanz.de\/?page_id=2778"},"modified":"2023-01-04T16:14:29","modified_gmt":"2023-01-04T15:14:29","slug":"gelesen-februar-2022","status":"publish","type":"page","link":"https:\/\/buechertanz.de\/?page_id=2778","title":{"rendered":"Gelesen Februar 2022"},"content":{"rendered":"\n<p class=\"has-small-font-size\">Hier findet ihr die B\u00fccher, die ich im <strong>Februar 2022<\/strong> gelesen habe \u2013 insgesamt sind es acht B\u00fccher mit 3.007  Seiten.<br>Es war ein sehr sch\u00f6ner Lesemonat, auch wenn das Buch  <a href=\"https:\/\/buechertanz.de\/?p=2735\" target=\"_blank\" rel=\"noreferrer noopener\">&#8222;<strong>Als h\u00e4tte der Himmel mich vergessen&#8220;<\/strong><\/a><strong> <\/strong>von Amelie Sander mir einiges abverlangt hat. Ich kann es immer noch nicht fassen, was diese Frau durchmachen musste. <a href=\"https:\/\/buechertanz.de\/?p=2735\" target=\"_blank\" rel=\"noreferrer noopener\">Hier<\/a> findet ihr meine ausf\u00fchrliche Rezension.<br><strong>&#8222;Die Bl\u00fctent\u00f6chter&#8220;<\/strong> von Joel Tan hat mir sehr gefallen, es war eine tolle Reise ins Mittelalter. <strong>&#8222;Die Stra\u00dfe des Gl\u00fccks<\/strong>&#8220; von Bettina Pecha empfand ich als eine sehr ber\u00fchrende Geschichte. Die B\u00fccher &#8222;<strong>Der Winzerhof &#8211; Das Prickeln einer neuen Zeit<\/strong>&#8220; von Linda Winterberg und <strong>&#8222;Abschied von der Heimat &#8211; Eine b\u00f6hmische Familiengeschichte&#8220;<\/strong> von Gabriele Sonnberger sind wunderbare und mitrei\u00dfende Auftakte zu neuen Reihen, auf deren Fortsetzungen ich mich schon sehr freue. <br><strong>Mit <a href=\"https:\/\/buechertanz.de\/?p=2758\" target=\"_blank\" rel=\"noreferrer noopener\">&#8222;Totengefriss &#8211; Ein Fasnetkrimi&#8220;<\/a> <\/strong>von B. Engelreiter (<a href=\"https:\/\/buechertanz.de\/?p=2758\" target=\"_blank\" rel=\"noreferrer noopener\">hier<\/a> meine ausf\u00fchrliche Rezension) und <a href=\"https:\/\/buechertanz.de\/?p=2770\" target=\"_blank\" rel=\"noreferrer noopener\"> <strong>&#8222;Schatten in der Friedrichstadt- Ein Fall f\u00fcr Leo Wechsler&#8220;<\/strong><\/a><strong> <\/strong>(<a href=\"https:\/\/buechertanz.de\/?p=2770\" target=\"_blank\" rel=\"noreferrer noopener\">hier<\/a> meine ausf\u00fchrliche Rezension) stattete ich dem Krimi-Genre Besuche ab und war total begeistert. Ich habe nun Leo Wechsler f\u00fcr mich entdeckt&#8230; da werden die anderen Teile der Reihe auf jeden Fall demn\u00e4chst hier einziehen.<br>Und das Buch <strong>&#8222;Menschen im Hotel&#8220;<\/strong> von Vicki Baum war wieder ein absoluter Lesegenuss. <br><br><\/p>\n\n\n\n<div class=\"wp-block-media-text alignwide\" style=\"grid-template-columns:53% auto\"><figure class=\"wp-block-media-text__media\"><img loading=\"lazy\" decoding=\"async\" width=\"1012\" height=\"1024\" src=\"https:\/\/buechertanz.de\/wp-content\/uploads\/2022\/03\/02-Februar-1012x1024.jpg\" alt=\"\" class=\"wp-image-2790 size-full\" srcset=\"https:\/\/buechertanz.de\/wp-content\/uploads\/2022\/03\/02-Februar-1012x1024.jpg 1012w, https:\/\/buechertanz.de\/wp-content\/uploads\/2022\/03\/02-Februar-297x300.jpg 297w, https:\/\/buechertanz.de\/wp-content\/uploads\/2022\/03\/02-Februar-768x777.jpg 768w, https:\/\/buechertanz.de\/wp-content\/uploads\/2022\/03\/02-Februar.jpg 1386w\" sizes=\"auto, (max-width: 1012px) 100vw, 1012px\" \/><\/figure><div class=\"wp-block-media-text__content\">\n<p class=\"has-small-font-size\">Gelesene B\u00fccher im Februar 2022:<\/p>\n\n\n\n<ul class=\"has-small-font-size wp-block-list\"><li><em><a href=\"https:\/\/buechertanz.de\/?p=2735\">&#8222;<\/a><a rel=\"noreferrer noopener\" href=\"https:\/\/buechertanz.de\/?p=2735\" target=\"_blank\">Als h\u00e4tte der Himmel mich vergessen&#8220;<\/a><\/em> von Amelie Sander<\/li><li><em>&#8222;Die Bl\u00fctent\u00f6chter&#8220;<\/em> von Joel Tan<\/li><li><em>&#8222;Die Stra\u00dfe des Gl\u00fccks&#8220; <\/em> von Bettina Pecha<\/li><li><em>&#8222;Menschen im Hotel&#8220; <\/em> von Vicki Baum<\/li><li><em>&#8222;Der Winzerhof &#8211; Das Prickeln einer neuen Zeit&#8220;<\/em> von Linda Winterberg<\/li><li><em>&#8222;Abschied von der Heimat &#8211; Eine b\u00f6hmische Familiengeschichte&#8220;<\/em> von Gabriele Sonnberger&#8220;<\/li><li><em><a rel=\"noreferrer noopener\" href=\"https:\/\/buechertanz.de\/?p=2758\" target=\"_blank\">&#8222;Totengefriss &#8211; Ein Fasnetkrimi&#8220;<\/a><\/em> von B. Engelreiter<\/li><li><em><a rel=\"noreferrer noopener\" href=\"https:\/\/buechertanz.de\/?p=2770\" target=\"_blank\">&#8222;Schatten in der Friedrichstadt- Ein Fall f\u00fcr Leo Wechsler&#8220;<\/a><\/em> von Susanne Goga<br><br>Insgesamt waren es <strong>3.007<\/strong> Seiten.<\/li><\/ul>\n<\/div><\/div>\n\n\n<div class=\"wp-block-image\">\n<figure class=\"aligncenter is-resized\"><img loading=\"lazy\" decoding=\"async\" src=\"https:\/\/buechertanz.de\/wp-content\/uploads\/2019\/03\/Blume-4.png\" alt=\"\" class=\"wp-image-366\" width=\"171\" height=\"198\" srcset=\"https:\/\/buechertanz.de\/wp-content\/uploads\/2019\/03\/Blume-4.png 264w, https:\/\/buechertanz.de\/wp-content\/uploads\/2019\/03\/Blume-4-260x300.png 260w\" sizes=\"auto, (max-width: 171px) 100vw, 171px\" \/><\/figure><\/div>\n\n\n<p> <br><\/p>\n","protected":false},"excerpt":{"rendered":"<p>Hier findet ihr die B\u00fccher, die ich im Februar 2022 gelesen habe \u2013 insgesamt sind es acht B\u00fccher mit 3.007 Seiten.Es war ein sehr sch\u00f6ner Lesemonat, auch wenn das Buch &#8222;Als h\u00e4tte der Himmel mich vergessen&#8220; von Amelie Sander mir einiges abverlangt hat. Ich kann es immer noch nicht fassen, was diese Frau durchmachen musste. &hellip; <a href=\"https:\/\/buechertanz.de\/?page_id=2778\" class=\"more-link\"><span class=\"screen-reader-text\">Gelesen Februar 2022<\/span> weiterlesen<\/a><\/p>\n","protected":false},"author":2,"featured_media":0,"parent":0,"menu_order":0,"comment_status":"open","ping_status":"closed","template":"","meta":{"footnotes":""},"class_list":["post-2778","page","type-page","status-publish","hentry"],"_links":{"self":[{"href":"https:\/\/buechertanz.de\/index.php?rest_route=\/wp\/v2\/pages\/2778","targetHints":{"allow":["GET"]}}],"collection":[{"href":"https:\/\/buechertanz.de\/index.php?rest_route=\/wp\/v2\/pages"}],"about":[{"href":"https:\/\/buechertanz.de\/index.php?rest_route=\/wp\/v2\/types\/page"}],"author":[{"embeddable":true,"href":"https:\/\/buechertanz.de\/index.php?rest_route=\/wp\/v2\/users\/2"}],"replies":[{"embeddable":true,"href":"https:\/\/buechertanz.de\/index.php?rest_route=%2Fwp%2Fv2%2Fcomments&post=2778"}],"version-history":[{"count":6,"href":"https:\/\/buechertanz.de\/index.php?rest_route=\/wp\/v2\/pages\/2778\/revisions"}],"predecessor-version":[{"id":4317,"href":"https:\/\/buechertanz.de\/index.php?rest_route=\/wp\/v2\/pages\/2778\/revisions\/4317"}],"wp:attachment":[{"href":"https:\/\/buechertanz.de\/index.php?rest_route=%2Fwp%2Fv2%2Fmedia&parent=2778"}],"curies":[{"name":"wp","href":"https:\/\/api.w.org\/{rel}","templated":true}]}}