{"id":2931,"date":"2022-03-31T06:50:44","date_gmt":"2022-03-31T05:50:44","guid":{"rendered":"http:\/\/buechertanz.de\/?page_id=2931"},"modified":"2023-01-04T16:16:48","modified_gmt":"2023-01-04T15:16:48","slug":"gelesen-maerz-2022","status":"publish","type":"page","link":"https:\/\/buechertanz.de\/?page_id=2931","title":{"rendered":"Gelesen M\u00e4rz 2022"},"content":{"rendered":"\n<p class=\"has-drop-cap has-small-font-size\">Hier findet ihr die B\u00fccher, die ich im <strong>M\u00e4rz 2022<\/strong> gelesen habe \u2013 insgesamt sind es acht B\u00fccher mit <strong>3.310 Seiten<\/strong>. Falls es auf meinem Blog schon eine Rezension gibt, findet ihr diese, wenn ihr auf den Buchtitel klickt. Viel Spa\u00df beim Schm\u00f6kern.<br><br>Der Monat startete mit dem Schm\u00f6ker <a rel=\"noreferrer noopener\" href=\"https:\/\/buechertanz.de\/?p=2817\" target=\"_blank\">\u201eIn den Klauen der Macht\u201c<\/a> von Anna Pawlik. Dieses Buch hat mir richtig gut gefallen und ist ein wunderbares Beispiel daf\u00fcr, was ich an dem Genre \u201aHistorische Romane\u2018 so sehr sch\u00e4tze: Das v\u00f6llige abtauchen k\u00f6nnen in l\u00e4ngst vergangene Zeiten.<br>Es folgte der neuste Roman von Astrid Fritz <a rel=\"noreferrer noopener\" href=\"https:\/\/buechertanz.de\/?p=2881\" target=\"_blank\">\u201eDer dunkle Himmel\u201c<\/a>. Auch dieses Buch holte mich von der ersten Seite ab und \u00fcberzeugte mich mit glaubhaften Charakteren und einer eindrucksvollen Erz\u00e4hlweise.<br>Leo Wechsler durfte in diesem Monat in drei spannenden F\u00e4llen ermitteln: <a rel=\"noreferrer noopener\" href=\"https:\/\/buechertanz.de\/?p=2828\" target=\"_blank\">\u201eLeo Berlin\u201c<\/a>, <a rel=\"noreferrer noopener\" href=\"https:\/\/buechertanz.de\/?p=2895\" target=\"_blank\">\u201eTod in Blau\u201c<\/a>  und <a rel=\"noreferrer noopener\" href=\"https:\/\/buechertanz.de\/?p=2922\" target=\"_blank\">\u201eDie Tote von Charlottenburg\u201c<\/a>. Die Autorin Susanne Goga hat mit dieser Reihe um den charismatischen und empathischen Kommissar Leo Wechsler eine Reihe geschaffen, die mich v\u00f6llig mitnimmt und so schnell wohl nicht mehr loslassen wird.<br>Das Buch <a rel=\"noreferrer noopener\" href=\"https:\/\/buechertanz.de\/?p=2848\" target=\"_blank\">\u201eAjena und der Wasserperlenbaum\u201c<\/a> von Virginia Anemona war f\u00fcr mich ein Lesen au\u00dferhalb meiner Komfortzone. Es brachte sehr viel selbst Erlebtes in mir hoch und die Geschichte von Ajena besch\u00e4ftigt mich noch immer. Ein Buch, welches aber auch Mut macht und zeigt, dass man als Opfer nicht alleine ist.<br>Ein ganz besonderes Buch war der Roman von Klara Jahn <a rel=\"noreferrer noopener\" href=\"https:\/\/buechertanz.de\/?p=2870\" target=\"_blank\">\u201eDas Lied des Waldes\u201c<\/a> (Rezension hier). Die Autorin zeichnet die Lebenswege ihrer Protagonisten so lebendig und glaubhaft und beschreibt den Wald sehr atmosph\u00e4risch. Ein Buch, welches sich auf jeden Fall lohnt.<br>Hervorheben m\u00f6chte das Buch <a rel=\"noreferrer noopener\" href=\"https:\/\/buechertanz.de\/?p=2906\" target=\"_blank\">\u201eVersteckt im Schwarzwald\u201c<\/a> von Michael Paul. Ein Buch, welches ich bis sp\u00e4t in die Nacht gelesen habe und dann erst in den Schlaf fand. Eine atemberaubende Geschichte.<\/p>\n\n\n\n<p class=\"has-small-font-size\">W\u00e4hrend ich meinen Lesemonat so Revue passieren lasse, bemerke ich, dass ich diesen Monat nur Rezensionsexemplare gelesen habe. Das gab es wohl so auch noch nie bei mir.<br>Ich m\u00f6chte mich bei allen Verlagen und Autoren\/ Autorinnen f\u00fcr die Rezensionsexemplare bedanken, aber auch f\u00fcr die wunderbaren Lesestunden und die vielen neuen Eindr\u00fccke.<\/p>\n\n\n\n<p>_<\/p>\n\n\n\n<div class=\"wp-block-media-text alignwide is-vertically-aligned-top\"><figure class=\"wp-block-media-text__media\"><img loading=\"lazy\" decoding=\"async\" width=\"1024\" height=\"1024\" src=\"https:\/\/buechertanz.de\/wp-content\/uploads\/2022\/03\/03-Maerz-1024x1024.jpg\" alt=\"\" class=\"wp-image-2937 size-full\" srcset=\"https:\/\/buechertanz.de\/wp-content\/uploads\/2022\/03\/03-Maerz-1024x1024.jpg 1024w, https:\/\/buechertanz.de\/wp-content\/uploads\/2022\/03\/03-Maerz-300x300.jpg 300w, https:\/\/buechertanz.de\/wp-content\/uploads\/2022\/03\/03-Maerz-150x150.jpg 150w, https:\/\/buechertanz.de\/wp-content\/uploads\/2022\/03\/03-Maerz-768x768.jpg 768w, https:\/\/buechertanz.de\/wp-content\/uploads\/2022\/03\/03-Maerz.jpg 1404w\" sizes=\"auto, (max-width: 1024px) 100vw, 1024px\" \/><\/figure><div class=\"wp-block-media-text__content\">\n<p class=\"has-drop-cap has-small-font-size\"><strong>Gelesene B\u00fccher im M\u00e4rz 2022:<\/strong><br><\/p>\n\n\n\n<p class=\"has-drop-cap has-small-font-size\"><br><strong>Gedruckte B\u00fccher:<\/strong><\/p>\n\n\n\n<ul class=\"has-small-font-size wp-block-list\"><li><a rel=\"noreferrer noopener\" href=\"https:\/\/buechertanz.de\/?p=2817\" target=\"_blank\"><em>\u201eIn den Klauen der Macht\u201c<\/em><\/a> von Ana Pawlik<\/li><li><a rel=\"noreferrer noopener\" href=\"https:\/\/buechertanz.de\/?p=2881\" target=\"_blank\"><em>\u201eDer dunkle Himmel\u201c<\/em><\/a> von Astrid Fritz\u201c<\/li><li><em> <a rel=\"noreferrer noopener\" href=\"https:\/\/buechertanz.de\/?p=2828\" target=\"_blank\">\u201eLeo Berlin\u201c<\/a><\/em> von Susanne Goga<\/li><li><em><a rel=\"noreferrer noopener\" href=\"https:\/\/buechertanz.de\/?p=2848\" target=\"_blank\">\u201eAjena und der Wasserperlenbaum\u201c<\/a> <\/em>von Virginia Anemona<\/li><li> <a rel=\"noreferrer noopener\" href=\"https:\/\/buechertanz.de\/?p=2870\" target=\"_blank\"><em>\u201eDas Lied des Waldes\u201c<\/em><\/a> von Klara Jahn<br><br><strong>ebooks:<\/strong><\/li><li><a rel=\"noreferrer noopener\" href=\"https:\/\/buechertanz.de\/?p=2895\" target=\"_blank\"><em>\u201eTod in Blau\u201c<\/em><\/a> von Susanne Goga<\/li><li><a rel=\"noreferrer noopener\" href=\"https:\/\/buechertanz.de\/?p=2906\" target=\"_blank\"><em>\u201eVersteckt im Schwarzwald\u201c<\/em><\/a> von Michael Paul<\/li><li><a rel=\"noreferrer noopener\" href=\"https:\/\/buechertanz.de\/?p=2922\" target=\"_blank\"><em>\u201eDie Tote von Charlottenburg\u201c<\/em><\/a> von Susanne Goga<\/li><\/ul>\n<\/div><\/div>\n\n\n\n<p>_<\/p>\n\n\n<div class=\"wp-block-image\">\n<figure class=\"aligncenter size-full is-resized\"><img loading=\"lazy\" decoding=\"async\" src=\"https:\/\/buechertanz.de\/wp-content\/uploads\/2019\/03\/Blume-5.png\" alt=\"\" class=\"wp-image-367\" width=\"179\" height=\"207\" srcset=\"https:\/\/buechertanz.de\/wp-content\/uploads\/2019\/03\/Blume-5.png 264w, https:\/\/buechertanz.de\/wp-content\/uploads\/2019\/03\/Blume-5-260x300.png 260w\" sizes=\"auto, (max-width: 179px) 100vw, 179px\" \/><\/figure><\/div>","protected":false},"excerpt":{"rendered":"<p>Hier findet ihr die B\u00fccher, die ich im M\u00e4rz 2022 gelesen habe \u2013 insgesamt sind es acht B\u00fccher mit 3.310 Seiten. Falls es auf meinem Blog schon eine Rezension gibt, findet ihr diese, wenn ihr auf den Buchtitel klickt. Viel Spa\u00df beim Schm\u00f6kern. Der Monat startete mit dem Schm\u00f6ker \u201eIn den Klauen der Macht\u201c von &hellip; <a href=\"https:\/\/buechertanz.de\/?page_id=2931\" class=\"more-link\"><span class=\"screen-reader-text\">Gelesen M\u00e4rz 2022<\/span> weiterlesen<\/a><\/p>\n","protected":false},"author":2,"featured_media":0,"parent":0,"menu_order":0,"comment_status":"open","ping_status":"closed","template":"","meta":{"footnotes":""},"class_list":["post-2931","page","type-page","status-publish","hentry"],"_links":{"self":[{"href":"https:\/\/buechertanz.de\/index.php?rest_route=\/wp\/v2\/pages\/2931","targetHints":{"allow":["GET"]}}],"collection":[{"href":"https:\/\/buechertanz.de\/index.php?rest_route=\/wp\/v2\/pages"}],"about":[{"href":"https:\/\/buechertanz.de\/index.php?rest_route=\/wp\/v2\/types\/page"}],"author":[{"embeddable":true,"href":"https:\/\/buechertanz.de\/index.php?rest_route=\/wp\/v2\/users\/2"}],"replies":[{"embeddable":true,"href":"https:\/\/buechertanz.de\/index.php?rest_route=%2Fwp%2Fv2%2Fcomments&post=2931"}],"version-history":[{"count":5,"href":"https:\/\/buechertanz.de\/index.php?rest_route=\/wp\/v2\/pages\/2931\/revisions"}],"predecessor-version":[{"id":4319,"href":"https:\/\/buechertanz.de\/index.php?rest_route=\/wp\/v2\/pages\/2931\/revisions\/4319"}],"wp:attachment":[{"href":"https:\/\/buechertanz.de\/index.php?rest_route=%2Fwp%2Fv2%2Fmedia&parent=2931"}],"curies":[{"name":"wp","href":"https:\/\/api.w.org\/{rel}","templated":true}]}}